{"id":8399,"date":"2023-10-24T10:01:35","date_gmt":"2023-10-24T08:01:35","guid":{"rendered":"https:\/\/agora.xtec.cat\/ies-seros\/?page_id=8399"},"modified":"2025-09-18T12:24:50","modified_gmt":"2025-09-18T10:24:50","slug":"qui-som","status":"publish","type":"page","link":"https:\/\/agora.xtec.cat\/ies-seros\/linstitut\/qui-som\/","title":{"rendered":"Qui som?"},"content":{"rendered":"<p><strong>Centre<\/strong><\/p>\n<ul>\n<li>B\u00fastia General:\u00a0<a href=\"mailto:c5007529@xtec.cat\">c5007529@xtec.cat<\/a><\/li>\n<li>Directora: N\u00faria Pl\u00e0nell<\/li>\n<li>Cap d\u2019Estudis d\u2019ESO i Batxillerat: Jordi Vilanova<\/li>\n<li>Coordinadora Pedag\u00f2gica: Clara Alguer\u00f3<\/li>\n<li>Secretari: David Catal\u00e0<\/li>\n<\/ul>\n<p><strong>Tutors d\u2019ESO<\/strong><\/p>\n<ul>\n<li>Tutor 1r d\u2019ESO A: Elisabet Freixenet<\/li>\n<li>Tutor 1r d\u2019ESO B: Rosa Aixendri<\/li>\n<li>Tutor 1r d\u2019ESO C: Josep Oms<\/li>\n<li>Tutor 1r d&#8217;ESO D: Roser Farr\u00e9<\/li>\n<\/ul>\n<ul>\n<li>Tutor 2n d\u2019ESO A: Elisabet Poyo<\/li>\n<li>Tutor 2n d\u2019ESO B: Lluis Pedrol<\/li>\n<li>Tutor 2n d\u2019ESO C: Roger Arasanz<\/li>\n<\/ul>\n<ul>\n<li>Tutor 3r d\u2019ESO A: Ester Peris\u00e9<\/li>\n<li>Tutor 3r d\u2019ESO B: Alberto Iranzo<\/li>\n<li>Turor 3r d\u2019ESO C: Herm\u00ednia Mart\u00edn<\/li>\n<\/ul>\n<ul>\n<li>Tutor 4t d\u2019ESO A: Jaume Ribera<\/li>\n<li>Tutor 4t d\u2019ESO B: Alba Estrada<\/li>\n<li>Tutor 4t d\u2019ESO C: Oriol Arest\u00e9<\/li>\n<li>Tutor 4t d&#8217;ESO D: Gemma R\u00fabia<\/li>\n<\/ul>\n<p><strong>Coordinador d\u2019ESO<\/strong><\/p>\n<ul>\n<li>Coordinaci\u00f3 1r Cicle d\u2019ESO: Andrea Nicol\u00e1s<\/li>\n<li>Coordinaci\u00f3 2n Cicle d\u2019ESO: Nadia Hern\u00e1ndez<\/li>\n<\/ul>\n<p><strong>BATXILLERAT<\/strong><\/p>\n<ul>\n<li>Tutor 1r Batxillerat: Miquel \u00c0ngel Mart\u00ednez<\/li>\n<li>Tutor 2n de Batxillerat: Laia Sales<\/li>\n<\/ul>\n<p><strong>DEPARTAMENTS<\/strong><\/p>\n<ul>\n<li>Cap de departament Orientaci\u00f3: Albert Jaimejuan<\/li>\n<li>Cap de departament Catal\u00e0: Elisabet Freixenet<\/li>\n<li>Cap de departament Castella i lleng\u00fces Cl\u00e0ssiques: Carme Gair\u00ed<\/li>\n<li>Cap de departament Lleng\u00fces estrangeres: \u00d2scar Izcara<\/li>\n<li>Cap de departament Matem\u00e0tiques: Jordi Vilanova<\/li>\n<li>Cap de departament Ci\u00e8ncies: Octavi Pujol<\/li>\n<li>Cap de departament Socials: Miquel \u00c0ngel Mart\u00ednez<\/li>\n<li>Cap de departament Tecnologia: L\u00eddia Torrents<\/li>\n<li>Cap de departament Educaci\u00f3 F\u00edsica: Victor Cair\u00f3<\/li>\n<li>Cap de departament d\u2019Expressi\u00f3: Montse Remacha<\/li>\n<\/ul>\n<p><strong>ALTRES CONTACTES:<\/strong><\/p>\n<ul>\n<li>Coordinaci\u00f3 de Riscos laborals: Alicia Palau<\/li>\n<li>Coordinaci\u00f3 de Projecte voluntariat: Maria Batalla<\/li>\n<li>Coordinaci\u00f3 de Biblioteca: JM Corretger<\/li>\n<li>Coordinaci\u00f3 LIC: Anna Mu\u00f1oz<\/li>\n<li>Coordinaci\u00f3 de Web Centre: Alba Estrada<\/li>\n<li>Coordinaci\u00f3 de Promoci\u00f3 externa i audiovisuals: Laia Sales<\/li>\n<li>Coordinaci\u00f3 d\u2019Innovaci\u00f3: Nadia Hern\u00e1ndez<\/li>\n<li>Coordinaci\u00f3 de Xarxes socials: Alba Estrada<\/li>\n<li>Coordinaci\u00f3 d\u2019Escoles Verdes: Merc\u00e8 L\u00f3pez<\/li>\n<li>Coordinaci\u00f3 de TAC: N\u00faria Enrich<\/li>\n<li><strong>SUPORT EXTERN:<\/strong><\/li>\n<li>Responsables SIEI: Meritxell Quadrat i Carlos P\u00e9rez<\/li>\n<li>Responsables Aula d\u2019acollida: Jaume Capdevila i Anna Pi\u00f1ol<\/li>\n<li><span style=\"font-family: inherit; font-size: 1em;\">T\u00e8cnica d\u2019Integraci\u00f3 Social: &#8211;<\/span><\/li>\n<li><span style=\"font-family: inherit; font-size: 1em;\">Educadora salut: Merc\u00e8 Font<\/span><\/li>\n<li><span style=\"font-family: inherit; font-size: 1em;\">Psicopedagoga EAP:\u00a0<\/span><\/li>\n<li>Treballadora Social EAP: Natalia Jim\u00e9nez<\/li>\n<\/ul>\n","protected":false},"excerpt":{"rendered":"<p>Centre<\/p>\n<ul>\n<li>B\u00fastia General:\u00a0<a href=\"mailto:c5007529@xtec.cat\">c5007529@xtec.cat<\/a><\/li>\n<li>Directora: N\u00faria Pl\u00e0nell<\/li>\n<li>Cap d\u2019Estudis d\u2019ESO i Batxillerat: Jordi Vilanova<\/li>\n<li>Coordinadora Pedag\u00f2gica: Clara Alguer\u00f3<\/li>\n<li>Secretari: David Catal\u00e0<\/li>\n<\/ul>\n<p>Tutors d\u2019ESO<\/p>\n<ul>\n<li>Tutor 1r d\u2019ESO A: Elisabet Freixenet<\/li>\n<li>Tutor 1r d\u2019ESO B: Rosa Aixendri<\/li>\n<li>Tutor 1r d\u2019ESO C: Josep Oms<\/li>\n<li>Tutor 1r d&#8217;ESO D: Roser Farr\u00e9<\/li>\n<\/ul>\n<ul>\n<li>Tutor 2n d\u2019ESO A: Elisabet Poyo<\/li>\n<li>Tutor 2n d\u2019ESO B:&hellip;  <a href=\"https:\/\/agora.xtec.cat\/ies-seros\/linstitut\/qui-som\/\" title=\"Read Qui som?\">Llegeix m\u00e9s\u00bb<\/a><br \/>\n","protected":false},"author":1,"featured_media":0,"parent":19,"menu_order":0,"comment_status":"closed","ping_status":"closed","template":"","meta":{"_bbp_topic_count":0,"_bbp_reply_count":0,"_bbp_total_topic_count":0,"_bbp_total_reply_count":0,"_bbp_voice_count":0,"_bbp_anonymous_reply_count":0,"_bbp_topic_count_hidden":0,"_bbp_reply_count_hidden":0,"_bbp_forum_subforum_count":0,"footnotes":""},"class_list":["post-8399","page","type-page","status-publish","hentry"],"post_mailing_queue_ids":[],"_links":{"self":[{"href":"https:\/\/agora.xtec.cat\/ies-seros\/wp-json\/wp\/v2\/pages\/8399","targetHints":{"allow":["GET"]}}],"collection":[{"href":"https:\/\/agora.xtec.cat\/ies-seros\/wp-json\/wp\/v2\/pages"}],"about":[{"href":"https:\/\/agora.xtec.cat\/ies-seros\/wp-json\/wp\/v2\/types\/page"}],"author":[{"embeddable":true,"href":"https:\/\/agora.xtec.cat\/ies-seros\/wp-json\/wp\/v2\/users\/1"}],"replies":[{"embeddable":true,"href":"https:\/\/agora.xtec.cat\/ies-seros\/wp-json\/wp\/v2\/comments?post=8399"}],"version-history":[{"count":6,"href":"https:\/\/agora.xtec.cat\/ies-seros\/wp-json\/wp\/v2\/pages\/8399\/revisions"}],"predecessor-version":[{"id":11581,"href":"https:\/\/agora.xtec.cat\/ies-seros\/wp-json\/wp\/v2\/pages\/8399\/revisions\/11581"}],"up":[{"embeddable":true,"href":"https:\/\/agora.xtec.cat\/ies-seros\/wp-json\/wp\/v2\/pages\/19"}],"wp:attachment":[{"href":"https:\/\/agora.xtec.cat\/ies-seros\/wp-json\/wp\/v2\/media?parent=8399"}],"curies":[{"name":"wp","href":"https:\/\/api.w.org\/{rel}","templated":true}]}}