{"id":69,"date":"2014-09-18T10:15:07","date_gmt":"2014-09-18T09:15:07","guid":{"rendered":"http:\/\/agora.xtec.cat\/ies-seros\/?page_id=69"},"modified":"2019-03-14T08:49:51","modified_gmt":"2019-03-14T07:49:51","slug":"menjador-escolar","status":"publish","type":"page","link":"https:\/\/agora.xtec.cat\/ies-seros\/serveis\/menjador-escolar\/","title":{"rendered":"Escola verda"},"content":{"rendered":"<p style=\"text-align: justify;\">Durant el curs 2018-19 s\u2019han dut a terme nombroses actuacions d\u2019Escoles Verdes. Moltes<\/p>\n<p style=\"text-align: justify;\">d\u2019elles s\u00f3n activitats que estan consolidades des de fa anys, per\u00f2 algunes altres s\u2019han engegat<\/p>\n<p style=\"text-align: justify;\">enguany. En podem destacar les seg\u00fcents:<\/p>\n<p style=\"text-align: justify;\">\uf0b7 Recollida selectiva de residus<\/p>\n<p style=\"text-align: justify;\">\uf0b7 Revisi\u00f3 de les aules (llums, papereres,&#8230;) per disminuir el consum energ\u00e8tic i la brut\u00edcia<\/p>\n<p style=\"text-align: justify;\">\uf0b7 Creaci\u00f3 d\u2019un espai mural informatiu a gestionar per la Comissi\u00f3<\/p>\n<p style=\"text-align: justify;\">\uf0b7 Xerrades divulgatives sobre temes ecol\u00f2gics i mediambientals, realitzada pels Agents<\/p>\n<p style=\"text-align: justify;\">Rurals<\/p>\n<p style=\"text-align: justify;\">\uf0b7 Creaci\u00f3 de projectes integrats en el curr\u00edculum (construcci\u00f3 de cases niu, utilitzaci\u00f3<\/p>\n<p style=\"text-align: justify;\">dels residus etc..)<\/p>\n<p style=\"text-align: justify;\">\uf0b7 Inspeccions del Projecte Rius. Recollida de dades (par\u00e0metres fisicoqu\u00edmics, esp\u00e8cies,<\/p>\n<p style=\"text-align: justify;\">situaci\u00f3 de neteja,&#8230;) amb l\u2019alumnat del centre<\/p>\n<p style=\"text-align: justify;\">\uf0b7 Concurs fotogr\u00e0fic \u201cL\u2019hivern\u201d<\/p>\n<p style=\"text-align: justify;\">\uf0b7 Continuaci\u00f3 de l\u2019hort escolar ecol\u00f2gic, iniciat el curs passat<\/p>\n<p style=\"text-align: justify;\">A m\u00e9s, gr\u00e0cies a l\u2019alumnat de 1r de Batxillerat s\u2019ha recuperat la Gimcana del Dia mundial del<\/p>\n<p style=\"text-align: justify;\">Medi Ambient, que s\u2019ha celebrat el darrer dia de curs. Des del centre us volem agrair la<\/p>\n<p style=\"text-align: justify;\">vostra implicaci\u00f3 a la gimcana, per fer-vos c\u00e0rrec de les vostres tasques amb<\/p>\n<p style=\"text-align: justify;\">responsabilitat i serietat. L\u2019alumnat participant va passar el darrer dia d\u2019escola molt<\/p>\n<p style=\"text-align: justify;\">distret!!!<\/p>\n<p style=\"text-align: justify;\">Tamb\u00e9 tenim uns nous reptes pels cursos vinents, que us animem a descobrir i impulsar entre tota<\/p>\n<p style=\"text-align: justify;\">la comunitat educativa!!!<\/p>\n","protected":false},"excerpt":{"rendered":"<p>Durant el curs 2018-19 s\u2019han dut a terme nombroses actuacions d\u2019Escoles Verdes. Moltes<br \/>\nd\u2019elles s\u00f3n activitats que estan consolidades des de fa anys, per\u00f2 algunes altres s\u2019han engegat<br \/>\nenguany. En podem destacar les seg\u00fcents:<br \/>\n\uf0b7 Recollida selectiva de residus<br \/>\n\uf0b7 Revisi\u00f3 de les aules (llums, papereres,&#8230;) per disminuir el&hellip;  <a href=\"https:\/\/agora.xtec.cat\/ies-seros\/serveis\/menjador-escolar\/\" title=\"Read Escola verda\">Llegeix m\u00e9s\u00bb<\/a><\/p>\n","protected":false},"author":1,"featured_media":0,"parent":63,"menu_order":20,"comment_status":"closed","ping_status":"closed","template":"page-templates\/side-menu.php","meta":{"_bbp_topic_count":0,"_bbp_reply_count":0,"_bbp_total_topic_count":0,"_bbp_total_reply_count":0,"_bbp_voice_count":0,"_bbp_anonymous_reply_count":0,"_bbp_topic_count_hidden":0,"_bbp_reply_count_hidden":0,"_bbp_forum_subforum_count":0,"footnotes":""},"class_list":["post-69","page","type-page","status-publish","hentry"],"post_mailing_queue_ids":[],"_links":{"self":[{"href":"https:\/\/agora.xtec.cat\/ies-seros\/wp-json\/wp\/v2\/pages\/69","targetHints":{"allow":["GET"]}}],"collection":[{"href":"https:\/\/agora.xtec.cat\/ies-seros\/wp-json\/wp\/v2\/pages"}],"about":[{"href":"https:\/\/agora.xtec.cat\/ies-seros\/wp-json\/wp\/v2\/types\/page"}],"author":[{"embeddable":true,"href":"https:\/\/agora.xtec.cat\/ies-seros\/wp-json\/wp\/v2\/users\/1"}],"replies":[{"embeddable":true,"href":"https:\/\/agora.xtec.cat\/ies-seros\/wp-json\/wp\/v2\/comments?post=69"}],"version-history":[{"count":3,"href":"https:\/\/agora.xtec.cat\/ies-seros\/wp-json\/wp\/v2\/pages\/69\/revisions"}],"predecessor-version":[{"id":2883,"href":"https:\/\/agora.xtec.cat\/ies-seros\/wp-json\/wp\/v2\/pages\/69\/revisions\/2883"}],"up":[{"embeddable":true,"href":"https:\/\/agora.xtec.cat\/ies-seros\/wp-json\/wp\/v2\/pages\/63"}],"wp:attachment":[{"href":"https:\/\/agora.xtec.cat\/ies-seros\/wp-json\/wp\/v2\/media?parent=69"}],"curies":[{"name":"wp","href":"https:\/\/api.w.org\/{rel}","templated":true}]}}