{"id":4343,"date":"2021-03-01T10:10:55","date_gmt":"2021-03-01T09:10:55","guid":{"rendered":"https:\/\/agora.xtec.cat\/ies-seros\/?page_id=4343"},"modified":"2023-10-19T22:15:01","modified_gmt":"2023-10-19T20:15:01","slug":"llibres-curs","status":"publish","type":"page","link":"https:\/\/agora.xtec.cat\/ies-seros\/llibres-curs\/","title":{"rendered":"Llibres CURS 2023-2024"},"content":{"rendered":"<p>A continuaci\u00f3 teniu tota la informaci\u00f3 per comprar els llibres, materials i recursos digitals del centre pel proper curs 2023-2024, que podeu adquirir a trav\u00e9s de l\u2019empresa <strong><a href=\"https:\/\/microsites.iddink.es\/ca\/308_institut_seros\/\" target=\"_blank\" rel=\"noopener\">IDDINK<\/a><\/strong>\u00a0o pel vostre compte en una llibreria o lloc especialitzat.<br \/>\nAquest curs l\u2019AMPA, conjuntament amb la direcci\u00f3 del centre, com venim fent des de fa uns anys oferir\u00e0 el Projecte de Reutilitzaci\u00f3 de llibres de text amb l\u2019empresa IDDINK. En el seg\u00fcent document hi teniu les <a href=\"https:\/\/drive.google.com\/file\/d\/1SD0yZWyDsuUKWMLRY1G3EQ51zSsulTQB\/view?usp=sharing\" target=\"_blank\" rel=\"noopener\">instruccions<\/a> per fer la comanda.<\/p>\n<p><a href=\"https:\/\/drive.google.com\/file\/d\/1t7h7lBHjLK7GmxXzYUYOLFbvmlFUlKra\/view?usp=sharing\" target=\"_blank\" rel=\"noopener\">Llibres de 1r ESO A<\/a><\/p>\n<p><a href=\"https:\/\/drive.google.com\/file\/d\/1RieYMeHU747xZ9v5UiZUrVaaL-aLgU_5\/view?usp=sharing\" target=\"_blank\" rel=\"noopener noreferrer\">Llibres de 1r ESO<\/a><\/p>\n<p><a href=\"https:\/\/drive.google.com\/file\/d\/1SXR2WMFxjRQB2YgbVPe8rDAXfKof3Yjh\/view?usp=sharing\" target=\"_blank\" rel=\"noopener noreferrer\">Llibres de 2n ESO A<\/a><\/p>\n<p><a href=\"https:\/\/drive.google.com\/file\/d\/1Xocwm6lZeoJdiTcc4zBe558xrn_NF7IC\/view?usp=sharing\" target=\"_blank\" rel=\"noopener noreferrer\">Llibres de 2n ESO<\/a><\/p>\n<p><a href=\"https:\/\/drive.google.com\/file\/d\/1prD8XgCQo48J5XUFa-pqmlwh6VNCRq-m\/view?usp=sharing\" target=\"_blank\" rel=\"noopener noreferrer\">Llibres de 3r ESO A<\/a><\/p>\n<p><a href=\"https:\/\/drive.google.com\/file\/d\/1wJnpoZhBHd7LJPq6oYSJxIZQmowAr_6B\/view?usp=sharing\" target=\"_blank\" rel=\"noopener\">Llibres de 3r ESO<\/a><\/p>\n<p><a href=\"https:\/\/drive.google.com\/file\/d\/1v2BDfXzRQgpT7WD6xShmyuVAkLomC2JI\/view?usp=sharing\" target=\"_blank\" rel=\"noopener noreferrer\">Llibres de 4t ESO A<\/a><\/p>\n<p><a href=\"https:\/\/drive.google.com\/file\/d\/1G3IIJ8zY-oYgMPp9N9Fth3FD5oAWgjbM\/view?usp=sharing\" target=\"_blank\" rel=\"noopener\">Llibres de 4t ESO<\/a><\/p>\n<p><a href=\"https:\/\/drive.google.com\/file\/d\/1rULYcZ-fCXHlDjyb8ODb11V59EE3lzhB\/view?usp=drive_link\" target=\"_blank\" rel=\"noopener noreferrer\">Llibres de 1r BATXILLERAT<\/a><\/p>\n<p><a href=\"https:\/\/drive.google.com\/file\/d\/1NmcDDWjHraE86wyGxYTeB42K3_k4vhZF\/view?usp=sharing\" target=\"_blank\" rel=\"noopener noreferrer\">Llibres de 2n BATXILLERAT<\/a><\/p>\n","protected":false},"excerpt":{"rendered":"<p>A continuaci\u00f3 teniu tota la informaci\u00f3 per comprar els llibres, materials i recursos digitals del centre pel proper curs 2023-2024, que podeu adquirir a trav\u00e9s de l\u2019empresa <a href=\"https:\/\/microsites.iddink.es\/ca\/308_institut_seros\/\" target=\"_blank\" rel=\"noopener\">IDDINK<\/a>\u00a0o pel vostre compte en una llibreria o lloc especialitzat.<br \/>\nAquest curs l\u2019AMPA, conjuntament amb la&hellip;  <a href=\"https:\/\/agora.xtec.cat\/ies-seros\/llibres-curs\/\" title=\"Read Llibres CURS 2023-2024\">Llegeix m\u00e9s\u00bb<\/a><\/p>\n","protected":false},"author":1,"featured_media":0,"parent":0,"menu_order":0,"comment_status":"closed","ping_status":"closed","template":"","meta":{"_bbp_topic_count":0,"_bbp_reply_count":0,"_bbp_total_topic_count":0,"_bbp_total_reply_count":0,"_bbp_voice_count":0,"_bbp_anonymous_reply_count":0,"_bbp_topic_count_hidden":0,"_bbp_reply_count_hidden":0,"_bbp_forum_subforum_count":0,"footnotes":""},"class_list":["post-4343","page","type-page","status-publish","hentry"],"post_mailing_queue_ids":[],"_links":{"self":[{"href":"https:\/\/agora.xtec.cat\/ies-seros\/wp-json\/wp\/v2\/pages\/4343","targetHints":{"allow":["GET"]}}],"collection":[{"href":"https:\/\/agora.xtec.cat\/ies-seros\/wp-json\/wp\/v2\/pages"}],"about":[{"href":"https:\/\/agora.xtec.cat\/ies-seros\/wp-json\/wp\/v2\/types\/page"}],"author":[{"embeddable":true,"href":"https:\/\/agora.xtec.cat\/ies-seros\/wp-json\/wp\/v2\/users\/1"}],"replies":[{"embeddable":true,"href":"https:\/\/agora.xtec.cat\/ies-seros\/wp-json\/wp\/v2\/comments?post=4343"}],"version-history":[{"count":6,"href":"https:\/\/agora.xtec.cat\/ies-seros\/wp-json\/wp\/v2\/pages\/4343\/revisions"}],"predecessor-version":[{"id":8393,"href":"https:\/\/agora.xtec.cat\/ies-seros\/wp-json\/wp\/v2\/pages\/4343\/revisions\/8393"}],"wp:attachment":[{"href":"https:\/\/agora.xtec.cat\/ies-seros\/wp-json\/wp\/v2\/media?parent=4343"}],"curies":[{"name":"wp","href":"https:\/\/api.w.org\/{rel}","templated":true}]}}