{"id":2879,"date":"2019-03-12T16:25:52","date_gmt":"2019-03-12T15:25:52","guid":{"rendered":"http:\/\/agora.xtec.cat\/ies-seros\/?page_id=2879"},"modified":"2025-01-15T11:12:55","modified_gmt":"2025-01-15T10:12:55","slug":"servei-dorientacio-educativa","status":"publish","type":"page","link":"https:\/\/agora.xtec.cat\/ies-seros\/serveis\/servei-dorientacio-educativa\/","title":{"rendered":"Servei d&#8217;Orientaci\u00f3 Educativa: Des d&#8217;una mirada inclusiva, global i sensible de l&#8217;educaci\u00f3."},"content":{"rendered":"<p><span style=\"font-weight: 400;\">Benvingudes i benvinguts al Departament d\u2019Orientaci\u00f3 de l\u2019Ins Ser\u00f2s.<b><\/b><\/span><\/p>\n<p><b>Qui som?<a href=\"https:\/\/agora.xtec.cat\/ies-seros\/wp-content\/uploads\/usu323\/2022\/09\/logoDOEamb.png\"><img loading=\"lazy\" decoding=\"async\" class=\" wp-image-6465 alignright\" src=\"https:\/\/agora.xtec.cat\/ies-seros\/wp-content\/uploads\/usu323\/2022\/09\/logoDOEamb-150x150.png\" alt=\"\" width=\"160\" height=\"160\" srcset=\"https:\/\/agora.xtec.cat\/ies-seros\/wp-content\/uploads\/usu323\/2022\/09\/logoDOEamb-150x150.png 150w, https:\/\/agora.xtec.cat\/ies-seros\/wp-content\/uploads\/usu323\/2022\/09\/logoDOEamb-300x300.png 300w, https:\/\/agora.xtec.cat\/ies-seros\/wp-content\/uploads\/usu323\/2022\/09\/logoDOEamb-1024x1024.png 1024w, https:\/\/agora.xtec.cat\/ies-seros\/wp-content\/uploads\/usu323\/2022\/09\/logoDOEamb-768x768.png 768w, https:\/\/agora.xtec.cat\/ies-seros\/wp-content\/uploads\/usu323\/2022\/09\/logoDOEamb-1536x1536.png 1536w, https:\/\/agora.xtec.cat\/ies-seros\/wp-content\/uploads\/usu323\/2022\/09\/logoDOEamb-2048x2048.png 2048w\" sizes=\"auto, (max-width: 160px) 100vw, 160px\" \/><\/a><\/b><\/p>\n<ul style=\"list-style-type: disc;\">\n<li style=\"font-weight: 400;\" aria-level=\"1\"><span style=\"font-weight: 400;\">La Laura i la Mireia s\u00f3n les Orientadores Educatives.<\/span><\/li>\n<li style=\"font-weight: 400;\" aria-level=\"1\"><span style=\"font-weight: 400;\">El Carlos (Mestre de Pedagogia Terap\u00e8utica) i la Meritxell (Educadora d\u2019Educaci\u00f3 Especial) s\u00f3n els responsables del SIEI (Suport Intensiu a l\u2019Escola Inclusiva).<\/span><\/li>\n<li style=\"font-weight: 400;\" aria-level=\"1\"><span style=\"font-weight: 400;\">El Joan i l&#8217;Anna s\u00f3n els professors que s\u2019encarreguen d&#8217;atendre l&#8217;alumnat nouvingut a l\u2019Aula d\u2019Acollida.<\/span><\/li>\n<li style=\"font-weight: 400;\" aria-level=\"1\"><span style=\"font-weight: 400;\">La Mireia \u00e9s la T\u00e8cnica d\u2019Integraci\u00f3 Social (TIS).<\/span><\/li>\n<\/ul>\n<p><b>Qu\u00e8 fem?<\/b><\/p>\n<p><span style=\"font-weight: 400;\">La nostra tasca principal consisteix en <\/span><b>assessorar i acompanyar<\/b><span style=\"font-weight: 400;\"> en:\u00a0<\/span><\/p>\n<ul>\n<li style=\"font-weight: 400;\" aria-level=\"1\"><span style=\"font-weight: 400;\">L&#8217;evoluci\u00f3 i orientaci\u00f3 personal, acad\u00e8mica i professional de l\u2019alumnat.<\/span><\/li>\n<li style=\"font-weight: 400;\" aria-level=\"1\"><span style=\"font-weight: 400;\">El Pla d\u2019Acci\u00f3 Tutorial del centre.<\/span><\/li>\n<li style=\"font-weight: 400;\" aria-level=\"1\"><span style=\"font-weight: 400;\">L\u2019elecci\u00f3 de mesures i suports i, els criteris d\u2019avaluaci\u00f3 per atendre a la diversitat.\u00a0<\/span><\/li>\n<li style=\"font-weight: 400;\" aria-level=\"1\"><span style=\"font-weight: 400;\">La inclusi\u00f3, la resoluci\u00f3 de conflictes i la conviv\u00e8ncia dels grups.\u00a0<\/span><\/li>\n<\/ul>\n<p><b>Com ho fem?<\/b><\/p>\n<p><b>Alumnes:<\/b><\/p>\n<ul>\n<li style=\"font-weight: 400;\" aria-level=\"1\"><span style=\"font-weight: 400;\">Vetllem pel seu <\/span><b>benestar<\/b><span style=\"font-weight: 400;\"> emocional i el seu <\/span><b>creixement<\/b><span style=\"font-weight: 400;\"> personal i acad\u00e8mic.<\/span><\/li>\n<li style=\"font-weight: 400;\" aria-level=\"1\"><span style=\"font-weight: 400;\">Cuidem <\/span><b>l\u2019acollida i l\u2019adaptaci\u00f3<\/b><span style=\"font-weight: 400;\"> dels alumnes a primer d\u2019ESO, ja que el canvi d\u2019etapa suposa un proc\u00e9s complex.\u00a0<\/span><\/li>\n<li style=\"font-weight: 400;\" aria-level=\"1\"><span style=\"font-weight: 400;\">Donem suport oferint un espai poder compartir <\/span><b>inquietuds personals<\/b><span style=\"font-weight: 400;\"> i aprendre estrat\u00e8gies per resoldre conflictes.\u00a0<\/span><\/li>\n<li style=\"font-weight: 400;\" aria-level=\"1\"><span style=\"font-weight: 400;\">Fem un <\/span><b>seguiment individualitzat<\/b><span style=\"font-weight: 400;\"> als alumnes que ho requereixen per motius personals, socials i\/o acad\u00e8mics.<\/span><\/li>\n<li style=\"font-weight: 400;\" aria-level=\"1\"><span style=\"font-weight: 400;\">Acompanyem en la <\/span><b>presa de decisions<\/b><span style=\"font-weight: 400;\"> personals, acad\u00e8miques i\/o professionals.<\/span><span style=\"font-weight: 400;\">\u00a0<\/span><\/li>\n<\/ul>\n<p><b>Professorat:<\/b><\/p>\n<ul>\n<li style=\"font-weight: 400;\" aria-level=\"1\"><span style=\"font-weight: 400;\">Donem <\/span><b>suport dins l\u2019aula<\/b><span style=\"font-weight: 400;\"> per guiar en el proc\u00e9s d&#8217;aprenentatge.\u00a0<\/span><\/li>\n<li style=\"font-weight: 400;\" aria-level=\"1\"><span style=\"font-weight: 400;\">Treballem la mediaci\u00f3 i d\u2019altres t\u00e8cniques per tenir una visi\u00f3 global de la <\/span><b>resoluci\u00f3 dels conflictes<\/b><span style=\"font-weight: 400;\"> partint del di\u00e0leg i l\u2019escolta activa.<\/span><\/li>\n<li style=\"font-weight: 400;\" aria-level=\"1\"><span style=\"font-weight: 400;\">Col\u00b7laborem per treballar de manera transversal la <\/span><b>compet\u00e8ncia personal i social<\/b><span style=\"font-weight: 400;\"> de l\u2019alumnat.<\/span><\/li>\n<li style=\"font-weight: 400;\" aria-level=\"1\"><span style=\"font-weight: 400;\">Ajudem a <\/span><b>gestionar la diversitat<\/b><span style=\"font-weight: 400;\"> de les aules oferint recursos educatius i humans.<\/span><\/li>\n<\/ul>\n<p><b>Fam\u00edlies:<\/b><\/p>\n<ul>\n<li style=\"font-weight: 400;\" aria-level=\"1\"><span style=\"font-weight: 400;\">Compartim tutories per <\/span><b>establir una bona relaci\u00f3<\/b><span style=\"font-weight: 400;\"> entre el centre i les fam\u00edlies.<\/span><\/li>\n<li style=\"font-weight: 400;\" aria-level=\"1\"><span style=\"font-weight: 400;\">Acompanyem al llarg de l\u2019escolaritzaci\u00f3 per <\/span><b>ajudar a entendre <\/b><span style=\"font-weight: 400;\">als seus fills\/es.<\/span><\/li>\n<li style=\"font-weight: 400;\" aria-level=\"1\"><span style=\"font-weight: 400;\">Creem un <\/span><b>vincle de comprom\u00eds<\/b><span style=\"font-weight: 400;\"> per aconseguir l\u2019\u00e8xit educatiu.<\/span><\/li>\n<li style=\"font-weight: 400;\" aria-level=\"1\"><span style=\"font-weight: 400;\">Resolem <\/span><b>els dubtes, les inquietuds o els reptes<\/b><span style=\"font-weight: 400;\"> que sorgeixen en l&#8217;adolesc\u00e8ncia.<\/span><\/li>\n<\/ul>\n<p><span style=\"font-weight: 400;\">A m\u00e9s, <\/span><b>treballem en xarxa<\/b><span style=\"font-weight: 400;\"> coordinant-nos amb les <\/span><b>escoles adscrites de prim\u00e0ria<\/b><span style=\"font-weight: 400;\">, <\/span><b>l\u2019Equip d\u2019Assessorament i Orientaci\u00f3 Psicopedag\u00f2gica (EAP)<\/b><span style=\"font-weight: 400;\"> i la professional sanit\u00e0ria de refer\u00e8ncia del programa <\/span><b>Salut i Escola, <\/b><span style=\"font-weight: 400;\">entre d\u2019altres serveis externs de salut i educaci\u00f3.<\/span><\/p>\n<p><span style=\"font-weight: 400;\">Sempre tenint en ment que <\/span><b>treballem<\/b><span style=\"font-weight: 400;\"> amb i per a vosaltres, <\/span><b>caminant al vostre costat<\/b><span style=\"font-weight: 400;\"> perqu\u00e8 volem que els vostres fills i filles rebin la millor <\/span><b>atenci\u00f3 i recolzament<\/b><span style=\"font-weight: 400;\"> possible.<\/span><\/p>\n","protected":false},"excerpt":{"rendered":"<p>Benvingudes i benvinguts al Departament d\u2019Orientaci\u00f3 de l\u2019Ins Ser\u00f2s.<br \/>\nQui som?<a href=\"https:\/\/agora.xtec.cat\/ies-seros\/wp-content\/uploads\/usu323\/2022\/09\/logoDOEamb.png\"><\/a><\/p>\n<ul style=\"list-style-type: disc;\">\n<li style=\"font-weight: 400;\" aria-level=\"1\">La Laura i la Mireia s\u00f3n les Orientadores Educatives.<\/li>\n<li style=\"font-weight: 400;\" aria-level=\"1\">El Carlos (Mestre de Pedagogia Terap\u00e8utica) i la Meritxell (Educadora d\u2019Educaci\u00f3 Especial) s\u00f3n els responsables del SIEI (Suport Intensiu&hellip;  <a href=\"https:\/\/agora.xtec.cat\/ies-seros\/serveis\/servei-dorientacio-educativa\/\" title=\"Read Servei d&#8217;Orientaci\u00f3 Educativa: Des d&#8217;una mirada inclusiva, global i sensible de l&#8217;educaci\u00f3.\">Llegeix m\u00e9s\u00bb<\/a><br \/>\n","protected":false},"author":1,"featured_media":0,"parent":63,"menu_order":0,"comment_status":"closed","ping_status":"closed","template":"","meta":{"_bbp_topic_count":0,"_bbp_reply_count":0,"_bbp_total_topic_count":0,"_bbp_total_reply_count":0,"_bbp_voice_count":0,"_bbp_anonymous_reply_count":0,"_bbp_topic_count_hidden":0,"_bbp_reply_count_hidden":0,"_bbp_forum_subforum_count":0,"footnotes":""},"class_list":["post-2879","page","type-page","status-publish","hentry"],"post_mailing_queue_ids":[],"_links":{"self":[{"href":"https:\/\/agora.xtec.cat\/ies-seros\/wp-json\/wp\/v2\/pages\/2879","targetHints":{"allow":["GET"]}}],"collection":[{"href":"https:\/\/agora.xtec.cat\/ies-seros\/wp-json\/wp\/v2\/pages"}],"about":[{"href":"https:\/\/agora.xtec.cat\/ies-seros\/wp-json\/wp\/v2\/types\/page"}],"author":[{"embeddable":true,"href":"https:\/\/agora.xtec.cat\/ies-seros\/wp-json\/wp\/v2\/users\/1"}],"replies":[{"embeddable":true,"href":"https:\/\/agora.xtec.cat\/ies-seros\/wp-json\/wp\/v2\/comments?post=2879"}],"version-history":[{"count":5,"href":"https:\/\/agora.xtec.cat\/ies-seros\/wp-json\/wp\/v2\/pages\/2879\/revisions"}],"predecessor-version":[{"id":10668,"href":"https:\/\/agora.xtec.cat\/ies-seros\/wp-json\/wp\/v2\/pages\/2879\/revisions\/10668"}],"up":[{"embeddable":true,"href":"https:\/\/agora.xtec.cat\/ies-seros\/wp-json\/wp\/v2\/pages\/63"}],"wp:attachment":[{"href":"https:\/\/agora.xtec.cat\/ies-seros\/wp-json\/wp\/v2\/media?parent=2879"}],"curies":[{"name":"wp","href":"https:\/\/api.w.org\/{rel}","templated":true}]}}