{"id":2877,"date":"2019-03-12T16:24:45","date_gmt":"2019-03-12T15:24:45","guid":{"rendered":"http:\/\/agora.xtec.cat\/ies-seros\/?page_id=2877"},"modified":"2019-03-18T13:51:24","modified_gmt":"2019-03-18T12:51:24","slug":"servei-siei","status":"publish","type":"page","link":"https:\/\/agora.xtec.cat\/ies-seros\/serveis\/servei-siei\/","title":{"rendered":"SIEI"},"content":{"rendered":"<p><strong>El SIEI (Suport Intensiu per a l\u2019Escolaritzaci\u00f3 Inclusiva) <\/strong>\u00e9s un recurs compartit amb l\u2019escola Miquel Bar\u00f3 que se suma als suports universals i addicionals per a la <strong>inclusi\u00f3<\/strong> dels alumnes amb Necessitats Espec\u00edfiques de Suport Educatiu (NESE). A l\u2019Institut tenim una mestra de pedagogia terap\u00e8utica, una educadora i una t\u00e8cnica d\u2019educaci\u00f3 especial que conformen aquest recurs, oferint suport als alumnes i als professors en l\u2019atenci\u00f3 a l\u2019aula ordin\u00e0ria, suport en petits grups, assessorament i elaboraci\u00f3 de materials adaptats a les necessitats dels alumnes, acompanyament en altres activitats educatives dins i fora del centre, elaboraci\u00f3 i seguiment de l\u2019aplicaci\u00f3 dels Plans individualitzats i tutories personalitzades amb les fam\u00edlies.<\/p>\n","protected":false},"excerpt":{"rendered":"<p>El SIEI (Suport Intensiu per a l\u2019Escolaritzaci\u00f3 Inclusiva) \u00e9s un recurs compartit amb l\u2019escola Miquel Bar\u00f3 que se suma als suports universals i addicionals per a la inclusi\u00f3 dels alumnes amb Necessitats Espec\u00edfiques de Suport Educatiu (NESE). A l\u2019Institut tenim una mestra de pedagogia terap\u00e8utica,&hellip;  <a href=\"https:\/\/agora.xtec.cat\/ies-seros\/serveis\/servei-siei\/\" title=\"Read SIEI\">Llegeix m\u00e9s\u00bb<\/a><\/p>\n","protected":false},"author":1,"featured_media":0,"parent":63,"menu_order":0,"comment_status":"closed","ping_status":"closed","template":"","meta":{"_bbp_topic_count":0,"_bbp_reply_count":0,"_bbp_total_topic_count":0,"_bbp_total_reply_count":0,"_bbp_voice_count":0,"_bbp_anonymous_reply_count":0,"_bbp_topic_count_hidden":0,"_bbp_reply_count_hidden":0,"_bbp_forum_subforum_count":0,"footnotes":""},"class_list":["post-2877","page","type-page","status-publish","hentry"],"post_mailing_queue_ids":[],"_links":{"self":[{"href":"https:\/\/agora.xtec.cat\/ies-seros\/wp-json\/wp\/v2\/pages\/2877","targetHints":{"allow":["GET"]}}],"collection":[{"href":"https:\/\/agora.xtec.cat\/ies-seros\/wp-json\/wp\/v2\/pages"}],"about":[{"href":"https:\/\/agora.xtec.cat\/ies-seros\/wp-json\/wp\/v2\/types\/page"}],"author":[{"embeddable":true,"href":"https:\/\/agora.xtec.cat\/ies-seros\/wp-json\/wp\/v2\/users\/1"}],"replies":[{"embeddable":true,"href":"https:\/\/agora.xtec.cat\/ies-seros\/wp-json\/wp\/v2\/comments?post=2877"}],"version-history":[{"count":2,"href":"https:\/\/agora.xtec.cat\/ies-seros\/wp-json\/wp\/v2\/pages\/2877\/revisions"}],"predecessor-version":[{"id":2905,"href":"https:\/\/agora.xtec.cat\/ies-seros\/wp-json\/wp\/v2\/pages\/2877\/revisions\/2905"}],"up":[{"embeddable":true,"href":"https:\/\/agora.xtec.cat\/ies-seros\/wp-json\/wp\/v2\/pages\/63"}],"wp:attachment":[{"href":"https:\/\/agora.xtec.cat\/ies-seros\/wp-json\/wp\/v2\/media?parent=2877"}],"curies":[{"name":"wp","href":"https:\/\/api.w.org\/{rel}","templated":true}]}}