{"id":27,"date":"2014-09-17T16:24:03","date_gmt":"2014-09-17T16:24:03","guid":{"rendered":"http:\/\/agora.xtec.cat\/ies-seros\/?page_id=27"},"modified":"2023-10-26T09:26:09","modified_gmt":"2023-10-26T07:26:09","slug":"historia","status":"publish","type":"page","link":"https:\/\/agora.xtec.cat\/ies-seros\/linstitut\/historia\/","title":{"rendered":"Hist\u00f2ria"},"content":{"rendered":"<p>L\u2019Ins Ser\u00f2s \u00e9s un institut d\u2019educaci\u00f3 secund\u00e0ria creat fa vint-i-cinc anys. Tanmateix, quina \u00e9s la seva historia? En aquest apartat es tractar\u00e0 no nom\u00e9s la hist\u00f2ria de l\u2019edifici, sin\u00f3 tamb\u00e9 la de totes les persones que hi han format part.<\/p>\n<p><img loading=\"lazy\" decoding=\"async\" class=\" wp-image-8462 alignleft\" src=\"https:\/\/agora.xtec.cat\/ies-seros\/wp-content\/uploads\/usu323\/2023\/10\/institutu.png\" alt=\"\" width=\"458\" height=\"344\" srcset=\"https:\/\/agora.xtec.cat\/ies-seros\/wp-content\/uploads\/usu323\/2023\/10\/institutu.png 548w, https:\/\/agora.xtec.cat\/ies-seros\/wp-content\/uploads\/usu323\/2023\/10\/institutu-300x226.png 300w, https:\/\/agora.xtec.cat\/ies-seros\/wp-content\/uploads\/usu323\/2023\/10\/institutu-200x150.png 200w\" sizes=\"auto, (max-width: 458px) 100vw, 458px\" \/>L\u2019edifici de l\u2019Ins Ser\u00f2s va ser constru\u00eft durant els anys 30 del segle passat i inaugurat l\u2019any 1934. Aquest edifici va ser concebut com a escola infantil i prim\u00e0ria i va ser a partir de l\u2019any 1996 que l\u2019edifici va passar a ser la seu de l\u2019institut.<\/p>\n<p>L\u2019arquitecte que el va dissenyar fou el senyor Ignasi de Vilallonga, arquitecte de la Diputaci\u00f3 de Lleida i de la Generalitat, que va treballar intensament en el disseny d\u2019escoles a Catalunya en l\u2019\u00e8poca de la Segona Rep\u00fablica.<\/p>\n<p>La part original de l\u2019edifici \u00e9s la que compr\u00e8n la planta baixa i la primera planta i la segona, constru\u00efda posteriorment cap als anys 70, respon a la concentraci\u00f3 d\u2019alumnat de les escoles dels pobles del voltant.<\/p>\n<p>Aquesta segona planta est\u00e0 perfectament integrada a la resta de l\u2019edifici i a primera vista, sembla que l\u2019edifici s\u2019hagu\u00e9s constru\u00eft en el mateix moment.<\/p>\n<p>Pel que fa a les persones que han estat escrivint la seva hist\u00f2ria, voldriem tenir una record emotiu cap a totes elles i convidar-vos a disfrutar del present a trav\u00e9s d\u2019aquesta finestra \u2018viva\u2019.<\/p>\n<p>&nbsp;<\/p>\n","protected":false},"excerpt":{"rendered":"<p>L\u2019Ins Ser\u00f2s \u00e9s un institut d\u2019educaci\u00f3 secund\u00e0ria creat fa vint-i-cinc anys. Tanmateix, quina \u00e9s la seva historia? En aquest apartat es tractar\u00e0 no nom\u00e9s la hist\u00f2ria de l\u2019edifici, sin\u00f3 tamb\u00e9 la de totes les persones que hi han format part.<br \/>\nL\u2019edifici de l\u2019Ins Ser\u00f2s va ser&hellip;  <a href=\"https:\/\/agora.xtec.cat\/ies-seros\/linstitut\/historia\/\" title=\"Read Hist\u00f2ria\">Llegeix m\u00e9s\u00bb<\/a><\/p>\n","protected":false},"author":1,"featured_media":0,"parent":19,"menu_order":20,"comment_status":"closed","ping_status":"closed","template":"page-templates\/side-menu.php","meta":{"_bbp_topic_count":0,"_bbp_reply_count":0,"_bbp_total_topic_count":0,"_bbp_total_reply_count":0,"_bbp_voice_count":0,"_bbp_anonymous_reply_count":0,"_bbp_topic_count_hidden":0,"_bbp_reply_count_hidden":0,"_bbp_forum_subforum_count":0,"footnotes":""},"class_list":["post-27","page","type-page","status-publish","hentry"],"post_mailing_queue_ids":[],"_links":{"self":[{"href":"https:\/\/agora.xtec.cat\/ies-seros\/wp-json\/wp\/v2\/pages\/27","targetHints":{"allow":["GET"]}}],"collection":[{"href":"https:\/\/agora.xtec.cat\/ies-seros\/wp-json\/wp\/v2\/pages"}],"about":[{"href":"https:\/\/agora.xtec.cat\/ies-seros\/wp-json\/wp\/v2\/types\/page"}],"author":[{"embeddable":true,"href":"https:\/\/agora.xtec.cat\/ies-seros\/wp-json\/wp\/v2\/users\/1"}],"replies":[{"embeddable":true,"href":"https:\/\/agora.xtec.cat\/ies-seros\/wp-json\/wp\/v2\/comments?post=27"}],"version-history":[{"count":5,"href":"https:\/\/agora.xtec.cat\/ies-seros\/wp-json\/wp\/v2\/pages\/27\/revisions"}],"predecessor-version":[{"id":8464,"href":"https:\/\/agora.xtec.cat\/ies-seros\/wp-json\/wp\/v2\/pages\/27\/revisions\/8464"}],"up":[{"embeddable":true,"href":"https:\/\/agora.xtec.cat\/ies-seros\/wp-json\/wp\/v2\/pages\/19"}],"wp:attachment":[{"href":"https:\/\/agora.xtec.cat\/ies-seros\/wp-json\/wp\/v2\/media?parent=27"}],"curies":[{"name":"wp","href":"https:\/\/api.w.org\/{rel}","templated":true}]}}