{"id":2075,"date":"2017-06-15T12:34:45","date_gmt":"2017-06-15T10:34:45","guid":{"rendered":"http:\/\/agora.xtec.cat\/ies-seros\/?page_id=2075"},"modified":"2022-09-28T18:36:48","modified_gmt":"2022-09-28T16:36:48","slug":"salut-i-escola","status":"publish","type":"page","link":"https:\/\/agora.xtec.cat\/ies-seros\/salut-i-escola\/","title":{"rendered":"Salut i Escola"},"content":{"rendered":"<div><strong>CONSULTA OBERTA<\/strong><\/div>\n<div><\/div>\n<div>\n<p>&nbsp;<\/p>\n<p>Infermera: Merc\u00e8 Font<\/p>\n<div><\/div>\n<div><strong>Consultes<\/strong><\/div>\n<div>Aquest curs la <em><strong>consulta oberta<\/strong><\/em> encara no t\u00e9 horari assignat degut a les noves prioritats generades per la pand\u00e8mia. Tan aviat com disposem del recurs us informarem aqu\u00ed. De tota manera, l&#8217;infermera respondr\u00e0 totes les consultes que li feu arribar mitjan\u00e7ant el correu seg\u00fcent.<\/div>\n<\/div>\n<div><\/div>\n<div>\n<div><strong>Contacte<\/strong>: <a href=\"mailto:seros.salutiescola.lleida.ics@gencat.cat\" target=\"_blank\" rel=\"noopener\">seros.salutiescola.lleida.ics@<wbr \/>gencat.cat<\/a><\/div>\n<div><\/div>\n<\/div>\n","protected":false},"excerpt":{"rendered":"<p>CONSULTA OBERTA<\/p>\n<p>&nbsp;<br \/>\nInfermera: Merc\u00e8 Font<\/p>\n<p>Consultes<br \/>\nAquest curs la consulta oberta encara no t\u00e9 horari assignat degut a les noves prioritats generades per la pand\u00e8mia. Tan aviat com disposem del recurs us informarem aqu\u00ed. De tota manera, l&#8217;infermera respondr\u00e0 totes les consultes que li feu arribar mitjan\u00e7ant el&hellip;  <a href=\"https:\/\/agora.xtec.cat\/ies-seros\/salut-i-escola\/\" title=\"Read Salut i Escola\">Llegeix m\u00e9s\u00bb<\/a><\/p>\n","protected":false},"author":1,"featured_media":0,"parent":0,"menu_order":0,"comment_status":"closed","ping_status":"closed","template":"page-templates\/side-menu.php","meta":{"_bbp_topic_count":0,"_bbp_reply_count":0,"_bbp_total_topic_count":0,"_bbp_total_reply_count":0,"_bbp_voice_count":0,"_bbp_anonymous_reply_count":0,"_bbp_topic_count_hidden":0,"_bbp_reply_count_hidden":0,"_bbp_forum_subforum_count":0,"footnotes":""},"class_list":["post-2075","page","type-page","status-publish","hentry"],"post_mailing_queue_ids":[],"_links":{"self":[{"href":"https:\/\/agora.xtec.cat\/ies-seros\/wp-json\/wp\/v2\/pages\/2075","targetHints":{"allow":["GET"]}}],"collection":[{"href":"https:\/\/agora.xtec.cat\/ies-seros\/wp-json\/wp\/v2\/pages"}],"about":[{"href":"https:\/\/agora.xtec.cat\/ies-seros\/wp-json\/wp\/v2\/types\/page"}],"author":[{"embeddable":true,"href":"https:\/\/agora.xtec.cat\/ies-seros\/wp-json\/wp\/v2\/users\/1"}],"replies":[{"embeddable":true,"href":"https:\/\/agora.xtec.cat\/ies-seros\/wp-json\/wp\/v2\/comments?post=2075"}],"version-history":[{"count":4,"href":"https:\/\/agora.xtec.cat\/ies-seros\/wp-json\/wp\/v2\/pages\/2075\/revisions"}],"predecessor-version":[{"id":6531,"href":"https:\/\/agora.xtec.cat\/ies-seros\/wp-json\/wp\/v2\/pages\/2075\/revisions\/6531"}],"wp:attachment":[{"href":"https:\/\/agora.xtec.cat\/ies-seros\/wp-json\/wp\/v2\/media?parent=2075"}],"curies":[{"name":"wp","href":"https:\/\/api.w.org\/{rel}","templated":true}]}}