{"id":1101,"date":"2025-01-02T13:46:57","date_gmt":"2025-01-02T12:46:57","guid":{"rendered":"http:\/\/agora.xtec.cat\/ies-seros\/?page_id=1101"},"modified":"2025-06-02T09:34:08","modified_gmt":"2025-06-02T07:34:08","slug":"programa-orientacio-ins-seros","status":"publish","type":"page","link":"https:\/\/agora.xtec.cat\/ies-seros\/orientat-i-decideix\/programa-orientacio-ins-seros\/","title":{"rendered":"L&#8217;Orientaci\u00f3 Acad\u00e8mica i Professional a l&#8217;INS Ser\u00f2s"},"content":{"rendered":"<p>L<strong>&#8216;orientaci\u00f3 acad\u00e8mica i professional<\/strong> t\u00e9 l&#8217;objectiu d&#8217;ajudar a les persones a que trobin l&#8217;itinerari acad\u00e8mic i professional que m\u00e9s s&#8217;ajusta al seu perfil. \u00c9s el proc\u00e9s en el qual acompanyem als nostres alumnes en la tria del seu cam\u00ed cap a uns futurs estudis i la futura professi\u00f3.<\/p>\n<p>Per comen\u00e7ar tens un v\u00eddeo del Departament d&#8217;Educaci\u00f3 i Formaci\u00f3 Professional sobre estudiar a Catalunya que explica molt b\u00e9 la situaci\u00f3.<\/p>\n<p style=\"text-align: center;\"><iframe loading=\"lazy\" src=\"\/\/www.youtube.com\/embed\/eyTtVLgK_yU\" width=\"560\" height=\"314\" allowfullscreen=\"allowfullscreen\"><\/iframe><\/p>\n<p>Per prendre la decisi\u00f3 has de tenir presents<strong> 3 pilars<\/strong> molt importants:<\/p>\n<p><a href=\"https:\/\/agora.xtec.cat\/ies-seros\/wp-content\/uploads\/usu323\/2024\/12\/decisio.png\"><img loading=\"lazy\" decoding=\"async\" class=\"wp-image-10505 aligncenter\" src=\"https:\/\/agora.xtec.cat\/ies-seros\/wp-content\/uploads\/usu323\/2024\/12\/decisio.png\" alt=\"\" width=\"485\" height=\"225\" srcset=\"https:\/\/agora.xtec.cat\/ies-seros\/wp-content\/uploads\/usu323\/2024\/12\/decisio.png 550w, https:\/\/agora.xtec.cat\/ies-seros\/wp-content\/uploads\/usu323\/2024\/12\/decisio-300x139.png 300w\" sizes=\"auto, (max-width: 485px) 100vw, 485px\" \/><\/a><\/p>\n<p>El primer pas \u00e9s <a href=\"https:\/\/www.educaweb.cat\/continguts\/educatius\/per-on-comencar\/autoconeixement\/\"><strong>L&#8217;autoconeixement<\/strong><\/a> (o coneixement personal). Con\u00e8ixer b\u00e9 la pr\u00f2pia la personalitat, les habilitats i punts forts i febles, les compet\u00e8ncies, els valors i els interessos. Amb tot aix\u00f2 ben elaborat resultar\u00e0 m\u00e9s senzill ajustar els perfil personal al perfil professional.<\/p>\n<p><a href=\"https:\/\/www.educaweb.cat\/continguts\/educatius\/sistema-educatiu\/\"><strong>L&#8217;oferta acad\u00e8mica<\/strong><\/a> es refereix a tots els <strong><a href=\"https:\/\/www.educaweb.com\/estudios\/\">estudis\u00a0<\/a><\/strong>que existeixen i que pots realitzar. Has d&#8217;explorar totes les opcions possibles. La millor eina de consulta \u00e9s el web<a href=\"https:\/\/triaeducativa.gencat.cat\/ca\/inici\/index.html\"> https:\/\/triaeducativa.gencat.cat\/ca\/inici\/index.html<\/a><\/p>\n<p><a href=\"https:\/\/agora.xtec.cat\/ies-seros\/wp-content\/uploads\/usu323\/2024\/12\/tria.png\"><img loading=\"lazy\" decoding=\"async\" class=\"aligncenter wp-image-10508 \" src=\"https:\/\/agora.xtec.cat\/ies-seros\/wp-content\/uploads\/usu323\/2024\/12\/tria.png\" alt=\"\" width=\"526\" height=\"120\" srcset=\"https:\/\/agora.xtec.cat\/ies-seros\/wp-content\/uploads\/usu323\/2024\/12\/tria.png 1427w, https:\/\/agora.xtec.cat\/ies-seros\/wp-content\/uploads\/usu323\/2024\/12\/tria-300x69.png 300w, https:\/\/agora.xtec.cat\/ies-seros\/wp-content\/uploads\/usu323\/2024\/12\/tria-1024x234.png 1024w, https:\/\/agora.xtec.cat\/ies-seros\/wp-content\/uploads\/usu323\/2024\/12\/tria-768x175.png 768w\" sizes=\"auto, (max-width: 526px) 100vw, 526px\" \/><\/a><\/p>\n<p>Hi trobar\u00e0s informaci\u00f3 molt complerta i detallada de tot el sistema educatiu. Et podr\u00e0s descarregar els arxius en pdf sobre els programa dels estudis que t&#8217;interessin i aix\u00ed poder-ho comentar amb la fam\u00edlia. La teva fam\u00edlia \u00e9s molt important en aquest proc\u00e9s.<\/p>\n<p>Per \u00faltim, en el\u00a0<strong>mercat de treball<\/strong>\u00a0hi ha les diferents\u00a0<a href=\"https:\/\/www.educaweb.cat\/professions\/\">professions\u00a0<\/a>que podr\u00e0s realitzar. Necessites con\u00e8ixer a fons les caracter\u00edstiques d&#8217;aquestes i les tasques que realitzen els diversos professionals per poder escollir la professi\u00f3 que m\u00e9s s&#8217;ajusta al que busques.<br \/>\nDespr\u00e9s d&#8217;investigar a fons aquests tres eixos tindr\u00e0s m\u00e9s eines per poder <strong>escollir uns estudis i una professi\u00f3.\u00a0<\/strong><\/p>\n<ul>\n<li><strong>Descobreix la teva vocaci\u00f3<\/strong>: Comen\u00e7a a posar nom als teus somnis:\u00a0<a href=\"https:\/\/www.youtube.com\/watch?v=a9CC3fO71l0&amp;fbclid=IwAR3kj_8BVSCg6NeQQLCOexx5iAh8vGPaYxybI4ELJPfyxEZKgABlh5h_xHQ&amp;app=desktop\" target=\"_blank\" rel=\"noopener\">V\u00eddeo d\u2019autoconeixement<\/a>\u00a0(Com descobrir la teva vocaci\u00f3 amb un triangle)<\/li>\n<\/ul>\n<p><iframe loading=\"lazy\" title=\"YouTube video player\" src=\"https:\/\/www.youtube.com\/embed\/a9CC3fO71l0\" width=\"560\" height=\"315\" frameborder=\"0\" allowfullscreen=\"allowfullscreen\" data-mce-fragment=\"1\"><\/iframe><\/p>\n<ul>\n<li>Esbrina qu\u00e8 t\u2019agrada i qu\u00e8 et motiva:\u00a0<strong>recorregut pel m\u00f3n dels estudis i professions<\/strong>. Test\u00a0<a href=\"https:\/\/www.educaweb.cat\/orientacio\/interessos-professionals\/\" target=\"_blank\" rel=\"noopener\"><strong>El GR. L\u2019eina per arribar on vols<\/strong><\/a>\u00a0(EducaWeb) Amb el GR comen\u00e7a el teu Gran Recorregut pel m\u00f3n dels estudis i de les professions. No esperis que ning\u00fa decideixi per tu, a partir d\u2019ara, tu tries!<\/li>\n<\/ul>\n<p><a href=\"https:\/\/www.educaweb.cat\/orientacio\/interessos-professionals\/\" target=\"_blank\" rel=\"noopener\"><img loading=\"lazy\" decoding=\"async\" class=\"aligncenter size-full wp-image-6962\" src=\"https:\/\/agora.xtec.cat\/iesjoanbrudieu\/wp-content\/uploads\/usu1248\/2022\/02\/logo_GR_Educaweb.jpg\" sizes=\"auto, (max-width: 374px) 100vw, 374px\" srcset=\"https:\/\/agora.xtec.cat\/iesjoanbrudieu\/wp-content\/uploads\/usu1248\/2022\/02\/logo_GR_Educaweb.jpg 374w, https:\/\/agora.xtec.cat\/iesjoanbrudieu\/wp-content\/uploads\/usu1248\/2022\/02\/logo_GR_Educaweb-278x300.jpg 278w\" alt=\"\" width=\"374\" height=\"403\" \/><\/a><\/p>\n<ul>\n<li>Esbrina qu\u00e8 t\u2019agrada i qu\u00e8 et motiva:\u00a0<strong>recorregut pel m\u00f3n dels estudis i professions<\/strong>. Test\u00a0<a href=\"https:\/\/www.educaweb.cat\/orientacio\/interessos-professionals\/\" target=\"_blank\" rel=\"noopener\"><strong>El GR. L\u2019eina per arribar on vols<\/strong><\/a>\u00a0(EducaWeb) Amb el GR comen\u00e7a el teu Gran Recorregut pel m\u00f3n dels estudis i de les professions. No esperis que ning\u00fa decideixi per tu, a partir d\u2019ara, tu tries!<\/li>\n<\/ul>\n<p>&nbsp;<\/p>\n","protected":false},"excerpt":{"rendered":"<p>L&#8216;orientaci\u00f3 acad\u00e8mica i professional t\u00e9 l&#8217;objectiu d&#8217;ajudar a les persones a que trobin l&#8217;itinerari acad\u00e8mic i professional que m\u00e9s s&#8217;ajusta al seu perfil. \u00c9s el proc\u00e9s en el qual acompanyem als nostres alumnes en la tria del seu cam\u00ed cap a uns futurs estudis i&hellip;  <a href=\"https:\/\/agora.xtec.cat\/ies-seros\/orientat-i-decideix\/programa-orientacio-ins-seros\/\" title=\"Read L&#8217;Orientaci\u00f3 Acad\u00e8mica i Professional a l&#8217;INS Ser\u00f2s\">Llegeix m\u00e9s\u00bb<\/a><\/p>\n","protected":false},"author":7,"featured_media":0,"parent":1045,"menu_order":0,"comment_status":"closed","ping_status":"closed","template":"","meta":{"_bbp_topic_count":0,"_bbp_reply_count":0,"_bbp_total_topic_count":0,"_bbp_total_reply_count":0,"_bbp_voice_count":0,"_bbp_anonymous_reply_count":0,"_bbp_topic_count_hidden":0,"_bbp_reply_count_hidden":0,"_bbp_forum_subforum_count":0,"footnotes":""},"class_list":["post-1101","page","type-page","status-publish","hentry"],"post_mailing_queue_ids":[],"_links":{"self":[{"href":"https:\/\/agora.xtec.cat\/ies-seros\/wp-json\/wp\/v2\/pages\/1101","targetHints":{"allow":["GET"]}}],"collection":[{"href":"https:\/\/agora.xtec.cat\/ies-seros\/wp-json\/wp\/v2\/pages"}],"about":[{"href":"https:\/\/agora.xtec.cat\/ies-seros\/wp-json\/wp\/v2\/types\/page"}],"author":[{"embeddable":true,"href":"https:\/\/agora.xtec.cat\/ies-seros\/wp-json\/wp\/v2\/users\/7"}],"replies":[{"embeddable":true,"href":"https:\/\/agora.xtec.cat\/ies-seros\/wp-json\/wp\/v2\/comments?post=1101"}],"version-history":[{"count":7,"href":"https:\/\/agora.xtec.cat\/ies-seros\/wp-json\/wp\/v2\/pages\/1101\/revisions"}],"predecessor-version":[{"id":10504,"href":"https:\/\/agora.xtec.cat\/ies-seros\/wp-json\/wp\/v2\/pages\/1101\/revisions\/10504"}],"up":[{"embeddable":true,"href":"https:\/\/agora.xtec.cat\/ies-seros\/wp-json\/wp\/v2\/pages\/1045"}],"wp:attachment":[{"href":"https:\/\/agora.xtec.cat\/ies-seros\/wp-json\/wp\/v2\/media?parent=1101"}],"curies":[{"name":"wp","href":"https:\/\/api.w.org\/{rel}","templated":true}]}}