{"id":1097,"date":"2016-11-10T13:43:02","date_gmt":"2016-11-10T12:43:02","guid":{"rendered":"http:\/\/agora.xtec.cat\/ies-seros\/?page_id=1097"},"modified":"2020-02-11T12:43:18","modified_gmt":"2020-02-11T11:43:18","slug":"la-universitat","status":"publish","type":"page","link":"https:\/\/agora.xtec.cat\/ies-seros\/la-universitat\/","title":{"rendered":"LA UNIVERSITAT"},"content":{"rendered":"<div class=\"post-header\"><\/div>\n<div id=\"post-body-7555991150281570617\" class=\"post-body entry-content\">\n<div class=\"separator\"><a href=\"http:\/\/2.bp.blogspot.com\/-byoxC-9fEIA\/Ur3YsqMXwJI\/AAAAAAAAAF0\/J7MGYzk9zJE\/s1600\/pau_editora_11_108_1.gif\"><img loading=\"lazy\" decoding=\"async\" src=\"http:\/\/2.bp.blogspot.com\/-byoxC-9fEIA\/Ur3YsqMXwJI\/AAAAAAAAAF0\/J7MGYzk9zJE\/s320\/pau_editora_11_108_1.gif\" width=\"320\" height=\"161\" border=\"0\" \/><\/a><\/div>\n<p>1- <a href=\"http:\/\/www14.gencat.cat\/qpq\/AppJava\/real\/iniciar.do\" target=\"_blank\" rel=\"noopener noreferrer\">Portal del Comissionat per a universitats i recerca<\/a>. Entre d\u2019altres informacions en aquest enlla\u00e7 podr\u00e0s consultar tot all\u00f2 relatiu a:<\/p>\n<p>&#8211; <a href=\"http:\/\/www14.gencat.cat\/qpq\/AppJava\/real\/llistarGrauPerBranca.do?partMenuId=15\" target=\"_blank\" rel=\"noopener noreferrer\">Estudis de Grau<\/a><br \/>\n&#8211; <a href=\"http:\/\/www14.gencat.cat\/qpq\/AppJava\/real\/llistarMasterPerUniversitat.do?partMenuId=21\" target=\"_blank\" rel=\"noopener noreferrer\">Masters universitaris<\/a><a href=\"http:\/\/www.google.es\/url?sa=t&amp;rct=j&amp;q=&amp;esrc=s&amp;source=web&amp;cd=1&amp;ved=0CCAQFjAA&amp;url=http%3A%2F%2Funiversitatsirecerca.gencat.cat%2Fweb%2Fca%2F03_ambits_dactuacio%2Facces_i_admissio_a_la_universitat%2F.content%2Facces_i_admissio_a_la_universitat%2Fpreinscripcio_per_a_les_universitats_publiques__i_universitat_de_vic%2Finformacio_general%2Fdocuments%2Fquadre_de_ponderacions_2015.pdf&amp;ei=KzxaVbTdGMi9Ud31gJAJ&amp;usg=AFQjCNFqC2hmPKP5_4-9jQP-YSXLi7GpHg&amp;sig2=7pzYuoFwpfM0WnUmiThYlQ&amp;bvm=bv.93564037,d.d24\" target=\"_blank\" rel=\"noopener noreferrer\"><br \/>\n<\/a><br \/>\n&#8211; <a href=\"http:\/\/universitatsirecerca.gencat.cat\/web\/ca\/03_ambits_dactuacio\/acces_i_admissio_a_la_universitat\/.content\/acces_i_admissio_a_la_universitat\/preinscripcio_per_a_les_universitats_publiques__i_universitat_de_vic\/informacio_general\/documents\/Ponderacions_Catalunya.pdf\" target=\"_blank\" rel=\"noopener noreferrer\">Taula de Ponderacions 2020<\/a><\/p>\n<p>&#8211; <a href=\"http:\/\/universitats.gencat.cat\/ca\/preinscripcio\/llistes_i_notes\/\" target=\"_blank\" rel=\"noopener noreferrer\">Notes de tall 2019<\/a><\/p>\n<p>&nbsp;<\/p>\n<div class=\"separator\"><a href=\"http:\/\/universitatsirecerca.gencat.cat\/web\/ca\/03_ambits_dactuacio\/acces_i_admissio_a_la_universitat\/.content\/acces_i_admissio_a_la_universitat\/preinscripcio_per_a_les_universitats_publiques__i_universitat_de_vic\/llistes_de_notes_de_tall_i_de_places_universitaries\/documents\/Quadre-comparatiu-nota-de-tall-1a-assignacio-amb-la-de-lultima-assignacio.-Juny-2016.pdf\" target=\"_blank\" rel=\"noopener noreferrer\"><img loading=\"lazy\" decoding=\"async\" class=\"alignnone\" src=\"http:\/\/1.bp.blogspot.com\/-p9U1SnfyVVM\/Ur3Juc_pRVI\/AAAAAAAAAFU\/Y29EC9Gwxc0\/s320\/Notes-de-Tall-2012.jpg\" alt=\"www20.gencat.cat\/docs\/...\/notes_tall_juny_2013_1a%20assignaci\u00f3.pdf\u200e\" width=\"320\" height=\"160\" border=\"0\" \/><\/a><\/div>\n<p>2- Les universitats a Catalunya<\/p>\n<p>Universitats p\u00fabliques:<\/p>\n<ul>\n<li><a class=\"normal\" href=\"http:\/\/www.ub.edu\/web\/ub\/ca\/\" target=\"_blank\" rel=\"noopener noreferrer\">Universitat de Barcelona (UB)<\/a><\/li>\n<li><a class=\"normal\" href=\"http:\/\/www.uab.cat\/\" target=\"_blank\" rel=\"noopener noreferrer\">Universitat Aut\u00f2noma de Barcelona (UAB)<\/a><\/li>\n<li><a class=\"normal\" href=\"http:\/\/www.upc.edu\/?set_language=ca\" target=\"_blank\" rel=\"noopener noreferrer\">Universitat Polit\u00e8cnica de Catalunya (UPC)<\/a><\/li>\n<li><a class=\"normal\" href=\"http:\/\/www.upf.edu\/\" target=\"_blank\" rel=\"noopener noreferrer\">Universitat Pompeu Fabra (UPF)<\/a><\/li>\n<li><a class=\"normal\" href=\"http:\/\/www.udl.cat\/\" target=\"_blank\" rel=\"noopener noreferrer\">Universitat de Lleida (UdL)<\/a><\/li>\n<li><a class=\"normal\" href=\"http:\/\/www.udg.edu\/Noticiesiagenda\/tabid\/36\/language\/en-US\/Default.aspx\">Universi<\/a><a class=\"normal\" href=\"http:\/\/www.udg.edu\/Noticiesiagenda\/tabid\/36\/language\/en-US\/Default.aspx\" target=\"_blank\" rel=\"noopener noreferrer\">tat de Girona (UdG)<\/a><\/li>\n<li><a class=\"normal\" href=\"http:\/\/www.urv.cat\/\" target=\"_blank\" rel=\"noopener noreferrer\">Universitat Rovira i Virgili (URV)<\/a><\/li>\n<\/ul>\n<p>Universitats privades:<\/p>\n<ul>\n<li><a class=\"normal\" href=\"http:\/\/www.url.edu\/\" target=\"_blank\" rel=\"noopener noreferrer\">Universitat Ramon Llull (URL)<\/a><\/li>\n<li><a class=\"normal\" href=\"http:\/\/www.uvic.cat\/\" target=\"_blank\" rel=\"noopener noreferrer\">Universitat de Vic (UVic)<\/a><\/li>\n<li><a class=\"normal\" href=\"http:\/\/www.uic.es\/\" target=\"_blank\" rel=\"noopener noreferrer\">Universitat Internacional de Catalunya (UIC)<\/a><\/li>\n<li><a class=\"normal\" href=\"http:\/\/manage.uao.es\/?set_language=ca\" target=\"_blank\" rel=\"noopener noreferrer\">Universitat Abat Oliba CEU (UAO)<\/a><\/li>\n<\/ul>\n<p>No presencials:<\/p>\n<p><a class=\"normal\" href=\"http:\/\/www.uoc.edu\/portal\/ca\/index.html\" target=\"_blank\" rel=\"noopener noreferrer\">Universitat Oberta de Catalunya (UOC)<\/a><\/p>\n<p>3- Estudis de Grau de la Universitat de Lleida<\/p>\n<div class=\"separator\"><a href=\"http:\/\/www.udl.es\/estudis\/estudis_ambits.html\" target=\"_blank\" rel=\"noopener noreferrer\"><img loading=\"lazy\" decoding=\"async\" src=\"http:\/\/3.bp.blogspot.com\/-8rsszk1ZdU4\/Ur3KgKL-GzI\/AAAAAAAAAFc\/0ga_gFji0fc\/s320\/getCustomProfile.pscp.jpg\" alt=\"http:\/\/www.udl.es\/estudis\/estudis_centres.html\" width=\"320\" height=\"111\" border=\"0\" \/><\/a><\/div>\n<p>4- Una altra web que inclou molta informaci\u00f3 sobre les titulacions universit\u00e0ries i permet fer comparatives entre els diferents Graus \u00e9s <a href=\"http:\/\/www.unportal.net\/wb\/unportal\/ca\/cercador\/index.html\" target=\"_blank\" rel=\"noopener noreferrer\">Unportal.cat.<\/a><\/p>\n<div><\/div>\n<\/div>\n","protected":false},"excerpt":{"rendered":"<p><a href=\"http:\/\/2.bp.blogspot.com\/-byoxC-9fEIA\/Ur3YsqMXwJI\/AAAAAAAAAF0\/J7MGYzk9zJE\/s1600\/pau_editora_11_108_1.gif\"><\/a><br \/>\n1- <a href=\"http:\/\/www14.gencat.cat\/qpq\/AppJava\/real\/iniciar.do\" target=\"_blank\" rel=\"noopener noreferrer\">Portal del Comissionat per a universitats i recerca<\/a>. Entre d\u2019altres informacions en aquest enlla\u00e7 podr\u00e0s consultar tot all\u00f2 relatiu a:<br \/>\n&#8211; <a href=\"http:\/\/www14.gencat.cat\/qpq\/AppJava\/real\/llistarGrauPerBranca.do?partMenuId=15\" target=\"_blank\" rel=\"noopener noreferrer\">Estudis de Grau<\/a><br \/>\n&#8211; <a href=\"http:\/\/www14.gencat.cat\/qpq\/AppJava\/real\/llistarMasterPerUniversitat.do?partMenuId=21\" target=\"_blank\" rel=\"noopener noreferrer\">Masters universitaris<\/a><a href=\"http:\/\/www.google.es\/url?sa=t&amp;rct=j&amp;q=&amp;esrc=s&amp;source=web&amp;cd=1&amp;ved=0CCAQFjAA&amp;url=http%3A%2F%2Funiversitatsirecerca.gencat.cat%2Fweb%2Fca%2F03_ambits_dactuacio%2Facces_i_admissio_a_la_universitat%2F.content%2Facces_i_admissio_a_la_universitat%2Fpreinscripcio_per_a_les_universitats_publiques__i_universitat_de_vic%2Finformacio_general%2Fdocuments%2Fquadre_de_ponderacions_2015.pdf&amp;ei=KzxaVbTdGMi9Ud31gJAJ&amp;usg=AFQjCNFqC2hmPKP5_4-9jQP-YSXLi7GpHg&amp;sig2=7pzYuoFwpfM0WnUmiThYlQ&amp;bvm=bv.93564037,d.d24\" target=\"_blank\" rel=\"noopener noreferrer\"><br \/>\n<\/a><br \/>\n&#8211; <a href=\"http:\/\/universitatsirecerca.gencat.cat\/web\/ca\/03_ambits_dactuacio\/acces_i_admissio_a_la_universitat\/.content\/acces_i_admissio_a_la_universitat\/preinscripcio_per_a_les_universitats_publiques__i_universitat_de_vic\/informacio_general\/documents\/Ponderacions_Catalunya.pdf\"&hellip;  <a href=\"https:\/\/agora.xtec.cat\/ies-seros\/la-universitat\/\" title=\"Read LA UNIVERSITAT\">Llegeix m\u00e9s\u00bb<\/a><\/p>\n","protected":false},"author":7,"featured_media":0,"parent":0,"menu_order":0,"comment_status":"closed","ping_status":"closed","template":"","meta":{"_bbp_topic_count":0,"_bbp_reply_count":0,"_bbp_total_topic_count":0,"_bbp_total_reply_count":0,"_bbp_voice_count":0,"_bbp_anonymous_reply_count":0,"_bbp_topic_count_hidden":0,"_bbp_reply_count_hidden":0,"_bbp_forum_subforum_count":0,"footnotes":""},"class_list":["post-1097","page","type-page","status-publish","hentry"],"post_mailing_queue_ids":[],"_links":{"self":[{"href":"https:\/\/agora.xtec.cat\/ies-seros\/wp-json\/wp\/v2\/pages\/1097","targetHints":{"allow":["GET"]}}],"collection":[{"href":"https:\/\/agora.xtec.cat\/ies-seros\/wp-json\/wp\/v2\/pages"}],"about":[{"href":"https:\/\/agora.xtec.cat\/ies-seros\/wp-json\/wp\/v2\/types\/page"}],"author":[{"embeddable":true,"href":"https:\/\/agora.xtec.cat\/ies-seros\/wp-json\/wp\/v2\/users\/7"}],"replies":[{"embeddable":true,"href":"https:\/\/agora.xtec.cat\/ies-seros\/wp-json\/wp\/v2\/comments?post=1097"}],"version-history":[{"count":3,"href":"https:\/\/agora.xtec.cat\/ies-seros\/wp-json\/wp\/v2\/pages\/1097\/revisions"}],"predecessor-version":[{"id":3391,"href":"https:\/\/agora.xtec.cat\/ies-seros\/wp-json\/wp\/v2\/pages\/1097\/revisions\/3391"}],"wp:attachment":[{"href":"https:\/\/agora.xtec.cat\/ies-seros\/wp-json\/wp\/v2\/media?parent=1097"}],"curies":[{"name":"wp","href":"https:\/\/api.w.org\/{rel}","templated":true}]}}