{"id":1094,"date":"2016-11-10T13:39:10","date_gmt":"2016-11-10T12:39:10","guid":{"rendered":"http:\/\/agora.xtec.cat\/ies-seros\/?page_id=1094"},"modified":"2022-02-10T16:26:57","modified_gmt":"2022-02-10T15:26:57","slug":"pau","status":"publish","type":"page","link":"https:\/\/agora.xtec.cat\/ies-seros\/pau\/","title":{"rendered":"PAU"},"content":{"rendered":"<div class=\"post-header\"><\/div>\n<div id=\"post-body-8613657703510089364\" class=\"post-body entry-content\">\n<p>Proves d&#8217;acc\u00e9s a la Univesitat <a href=\"https:\/\/universitats.gencat.cat\/ca\/proves-acces-PAU-PAP\/\" target=\"_blank\" rel=\"noopener noreferrer\">(PAU)<\/a>:<\/p>\n<div class=\"separator\"><a href=\"https:\/\/1.bp.blogspot.com\/-o_XGmPyUDEs\/VrjQ2GWDu0I\/AAAAAAAAAN0\/vl1-q15w3NE\/s1600\/121312_2016_Elmeumodeld1.gif\"><img loading=\"lazy\" decoding=\"async\" src=\"https:\/\/1.bp.blogspot.com\/-o_XGmPyUDEs\/VrjQ2GWDu0I\/AAAAAAAAAN0\/vl1-q15w3NE\/s320\/121312_2016_Elmeumodeld1.gif\" width=\"320\" height=\"222\" border=\"0\" \/><\/a><\/div>\n<p>&nbsp;<\/p>\n<p>&#8211; <a href=\"https:\/\/universitats.gencat.cat\/ca\/preguntes-frequents-contacte\/dubtes-preguntes-temes\/proves-resultats\/\" target=\"_blank\" rel=\"noopener noreferrer\">Preguntes freq\u00fcents sobre les PAU<\/a><\/p>\n<p>&#8211; Posa&#8217;t a prova<\/p>\n<div class=\"separator\"><a href=\"http:\/\/aplicacions.universitats.gencat.cat\/posat\/AppJava\/frontoffice\/?0\" target=\"_blank\" rel=\"noopener noreferrer\"><img loading=\"lazy\" decoding=\"async\" src=\"https:\/\/4.bp.blogspot.com\/-UaHcXtKphuA\/Ur3YMlhs0GI\/AAAAAAAAAFs\/gfPmFMQEaVU\/s320\/logoPosat.png\" alt=\"http:\/\/www14.gencat.cat\/posat\/AppJava\/frontoffice\/?0\" width=\"320\" height=\"85\" border=\"0\" \/><\/a><\/div>\n<p>&nbsp;<\/p>\n<p>&#8211; <a href=\"http:\/\/www.selecat.cat\/\" target=\"_blank\" rel=\"noopener noreferrer\">Selecat<\/a>.<br \/>\n<span class=\"titg1\"><span class=\"Estilo2\">Ex\u00e0mens i informaci\u00f3 de les mat\u00e8ries dels anys 2000-2015<\/span><\/span><\/p>\n<\/div>\n","protected":false},"excerpt":{"rendered":"<p>Proves d&#8217;acc\u00e9s a la Univesitat <a href=\"https:\/\/universitats.gencat.cat\/ca\/proves-acces-PAU-PAP\/\" target=\"_blank\" rel=\"noopener noreferrer\">(PAU)<\/a>:<br \/>\n<a href=\"https:\/\/1.bp.blogspot.com\/-o_XGmPyUDEs\/VrjQ2GWDu0I\/AAAAAAAAAN0\/vl1-q15w3NE\/s1600\/121312_2016_Elmeumodeld1.gif\"><\/a><br \/>\n&nbsp;<br \/>\n&#8211; <a href=\"https:\/\/universitats.gencat.cat\/ca\/preguntes-frequents-contacte\/dubtes-preguntes-temes\/proves-resultats\/\" target=\"_blank\" rel=\"noopener noreferrer\">Preguntes freq\u00fcents sobre les PAU<\/a><br \/>\n&#8211; Posa&#8217;t a prova<br \/>\n<a href=\"http:\/\/aplicacions.universitats.gencat.cat\/posat\/AppJava\/frontoffice\/?0\" target=\"_blank\" rel=\"noopener noreferrer\"><\/a><br \/>\n&nbsp;<br \/>\n&#8211; <a href=\"http:\/\/www.selecat.cat\/\" target=\"_blank\" rel=\"noopener noreferrer\">Selecat<\/a>.<br \/>\nEx\u00e0mens i informaci\u00f3 de les mat\u00e8ries dels anys 2000-2015<\/p>\n","protected":false},"author":7,"featured_media":0,"parent":0,"menu_order":0,"comment_status":"closed","ping_status":"closed","template":"","meta":{"_bbp_topic_count":0,"_bbp_reply_count":0,"_bbp_total_topic_count":0,"_bbp_total_reply_count":0,"_bbp_voice_count":0,"_bbp_anonymous_reply_count":0,"_bbp_topic_count_hidden":0,"_bbp_reply_count_hidden":0,"_bbp_forum_subforum_count":0,"footnotes":""},"class_list":["post-1094","page","type-page","status-publish","hentry"],"post_mailing_queue_ids":[],"_links":{"self":[{"href":"https:\/\/agora.xtec.cat\/ies-seros\/wp-json\/wp\/v2\/pages\/1094","targetHints":{"allow":["GET"]}}],"collection":[{"href":"https:\/\/agora.xtec.cat\/ies-seros\/wp-json\/wp\/v2\/pages"}],"about":[{"href":"https:\/\/agora.xtec.cat\/ies-seros\/wp-json\/wp\/v2\/types\/page"}],"author":[{"embeddable":true,"href":"https:\/\/agora.xtec.cat\/ies-seros\/wp-json\/wp\/v2\/users\/7"}],"replies":[{"embeddable":true,"href":"https:\/\/agora.xtec.cat\/ies-seros\/wp-json\/wp\/v2\/comments?post=1094"}],"version-history":[{"count":4,"href":"https:\/\/agora.xtec.cat\/ies-seros\/wp-json\/wp\/v2\/pages\/1094\/revisions"}],"predecessor-version":[{"id":5721,"href":"https:\/\/agora.xtec.cat\/ies-seros\/wp-json\/wp\/v2\/pages\/1094\/revisions\/5721"}],"wp:attachment":[{"href":"https:\/\/agora.xtec.cat\/ies-seros\/wp-json\/wp\/v2\/media?parent=1094"}],"curies":[{"name":"wp","href":"https:\/\/api.w.org\/{rel}","templated":true}]}}