{"id":1072,"date":"2016-11-10T12:00:31","date_gmt":"2016-11-10T11:00:31","guid":{"rendered":"http:\/\/agora.xtec.cat\/ies-seros\/?page_id=1072"},"modified":"2022-02-10T09:21:57","modified_gmt":"2022-02-10T08:21:57","slug":"http-queestudiar-gencat-cat-ca-orientacio","status":"publish","type":"page","link":"https:\/\/agora.xtec.cat\/ies-seros\/http-queestudiar-gencat-cat-ca-orientacio\/","title":{"rendered":"Itineraris"},"content":{"rendered":"<div id=\"post-body-7445920869976919140\" class=\"post-body entry-content\">\n<h4>\u00a0Itineraris. Estudiar a Catalunya.<\/h4>\n<p>Aquest curs els diferents itineraris s&#8217;han recondu\u00eft en una \u00fanica web des d&#8217;on podeu arribar a les diferents propostes de formaci\u00f3.<\/p>\n<p>A continuaci\u00f3 accediu al portal Tria educativa de la Generalitat.<\/p>\n<p><a href=\"https:\/\/triaeducativa.gencat.cat\/ca\/orientacio\/\" target=\"_blank\" rel=\"noopener\"><img loading=\"lazy\" decoding=\"async\" class=\"alignnone wp-image-5707 size-medium\" src=\"https:\/\/agora.xtec.cat\/ies-seros\/wp-content\/uploads\/usu323\/2022\/02\/Captura-300x153.jpg\" alt=\"\" width=\"300\" height=\"153\" srcset=\"https:\/\/agora.xtec.cat\/ies-seros\/wp-content\/uploads\/usu323\/2022\/02\/Captura-300x153.jpg 300w, https:\/\/agora.xtec.cat\/ies-seros\/wp-content\/uploads\/usu323\/2022\/02\/Captura-1024x522.jpg 1024w, https:\/\/agora.xtec.cat\/ies-seros\/wp-content\/uploads\/usu323\/2022\/02\/Captura-768x392.jpg 768w, https:\/\/agora.xtec.cat\/ies-seros\/wp-content\/uploads\/usu323\/2022\/02\/Captura.jpg 1204w\" sizes=\"auto, (max-width: 300px) 100vw, 300px\" \/><\/a><\/p>\n<div><\/div>\n<\/div>\n<div class=\"post-footer\"><\/div>\n","protected":false},"excerpt":{"rendered":"<p>\u00a0Itineraris. Estudiar a Catalunya.<br \/>\nAquest curs els diferents itineraris s&#8217;han recondu\u00eft en una \u00fanica web des d&#8217;on podeu arribar a les diferents propostes de formaci\u00f3.<br \/>\nA continuaci\u00f3 accediu al portal Tria educativa de la Generalitat.<br \/>\n<a href=\"https:\/\/triaeducativa.gencat.cat\/ca\/orientacio\/\" target=\"_blank\" rel=\"noopener\"><\/a><\/p>\n","protected":false},"author":7,"featured_media":0,"parent":0,"menu_order":0,"comment_status":"closed","ping_status":"closed","template":"","meta":{"_bbp_topic_count":0,"_bbp_reply_count":0,"_bbp_total_topic_count":0,"_bbp_total_reply_count":0,"_bbp_voice_count":0,"_bbp_anonymous_reply_count":0,"_bbp_topic_count_hidden":0,"_bbp_reply_count_hidden":0,"_bbp_forum_subforum_count":0,"footnotes":""},"class_list":["post-1072","page","type-page","status-publish","hentry"],"post_mailing_queue_ids":[],"_links":{"self":[{"href":"https:\/\/agora.xtec.cat\/ies-seros\/wp-json\/wp\/v2\/pages\/1072","targetHints":{"allow":["GET"]}}],"collection":[{"href":"https:\/\/agora.xtec.cat\/ies-seros\/wp-json\/wp\/v2\/pages"}],"about":[{"href":"https:\/\/agora.xtec.cat\/ies-seros\/wp-json\/wp\/v2\/types\/page"}],"author":[{"embeddable":true,"href":"https:\/\/agora.xtec.cat\/ies-seros\/wp-json\/wp\/v2\/users\/7"}],"replies":[{"embeddable":true,"href":"https:\/\/agora.xtec.cat\/ies-seros\/wp-json\/wp\/v2\/comments?post=1072"}],"version-history":[{"count":3,"href":"https:\/\/agora.xtec.cat\/ies-seros\/wp-json\/wp\/v2\/pages\/1072\/revisions"}],"predecessor-version":[{"id":5712,"href":"https:\/\/agora.xtec.cat\/ies-seros\/wp-json\/wp\/v2\/pages\/1072\/revisions\/5712"}],"wp:attachment":[{"href":"https:\/\/agora.xtec.cat\/ies-seros\/wp-json\/wp\/v2\/media?parent=1072"}],"curies":[{"name":"wp","href":"https:\/\/api.w.org\/{rel}","templated":true}]}}