{"id":1066,"date":"2016-11-10T11:16:52","date_gmt":"2016-11-10T10:16:52","guid":{"rendered":"http:\/\/agora.xtec.cat\/ies-seros\/?page_id=1066"},"modified":"2021-02-18T18:30:13","modified_gmt":"2021-02-18T17:30:13","slug":"questionaris","status":"publish","type":"page","link":"https:\/\/agora.xtec.cat\/ies-seros\/orientat-i-decideix\/questionaris\/","title":{"rendered":"Q\u00dcESTIONARIS"},"content":{"rendered":"<div class=\"post-header\"><\/div>\n<div id=\"post-body-9081279880418035182\" class=\"post-body entry-content\">\n<p>1- Q\u00fcestionari <a href=\"http:\/\/w28.bcn.cat\/___ch___\/_pit\/_app.php?gAppId=pit&amp;gInterfaceLanguage=ct&amp;gEnvironment=singleWeb\">TEST D&#8217;INTERESSOS PROFESSIONALS<\/a>: El Test d\u2019Interessos Professionals t\u2019ajudar\u00e0 a identificar les ocupacions m\u00e9s afins als teus interessos professionals.<\/p>\n<p id=\"m_-7936973809497230625gmail-h.p_St-S7zra93iO\">Quan acabis podr\u00e0s veure el teu perfil d&#8217;afinitats relacionades amb les professions m\u00e9s adequades per tu. De cada professi\u00f3 podr\u00e0s obtenir informaci\u00f3 per saber en qu\u00e8 consisteix, quins estudis necessites, les condicions laborals m\u00e9s freq\u00fcents, etc.<\/p>\n<p id=\"m_-7936973809497230625gmail-h.p_8qVGk6bT93iP\">A m\u00e9s et podr\u00e0s descarregar l&#8217;informe final!<\/p>\n<p><img loading=\"lazy\" decoding=\"async\" class=\"alignnone size-full wp-image-4276\" src=\"https:\/\/agora.xtec.cat\/ies-seros\/wp-content\/uploads\/usu323\/2021\/02\/image-1.png\" alt=\"\" width=\"566\" height=\"350\" srcset=\"https:\/\/agora.xtec.cat\/ies-seros\/wp-content\/uploads\/usu323\/2021\/02\/image-1.png 566w, https:\/\/agora.xtec.cat\/ies-seros\/wp-content\/uploads\/usu323\/2021\/02\/image-1-300x186.png 300w\" sizes=\"auto, (max-width: 566px) 100vw, 566px\" \/><\/p>\n<p>2- ORIENTA&#8217;T:<\/p>\n<p>Q\u00fcestionari <a href=\"http:\/\/queestudiar.gencat.cat\/ca\/orientacio\/joves\/conec-interessos\/questionari-autoconeixement\/\">D&#8217;AUTOCONEIXEMENT<\/a>:\u00a0que et permet fer una avaluaci\u00f3 de la teva personalitat, interessos i capacitats en relaci\u00f3 als entorns professionals.<\/p>\n<p id=\"m_-7936973809497230625gmail-h.p_HYBHRPZwQ2cl\">Quan facis aquest test has de procurar indicar valors de &#8220;alt&#8221; o &#8220;baix&#8221; (evitant els valors intermitjos). Aix\u00ed a l&#8217;acabar el test et sortir\u00e0 una explicaci\u00f3 detallada dels sectors professionals que t&#8217;aconsellen.<\/p>\n<p><a href=\"http:\/\/queestudiar.gencat.cat\/ca\/orientacio\/autoconeixement\/acces_questionari\" target=\"_blank\" rel=\"noopener noreferrer\">\u00a0<\/a><a href=\"http:\/\/queestudiar.gencat.cat\/ca\/orientacio\/joves\/conec-interessos\/questionari-autoconeixement\/\" target=\"_blank\" rel=\"noopener noreferrer\"><img loading=\"lazy\" decoding=\"async\" class=\"alignnone\" src=\"http:\/\/1.bp.blogspot.com\/-PsXd1JzSzaA\/Ur13YIYRsMI\/AAAAAAAAACI\/1ljEFCDywFs\/s1600\/orienta%27t.png\" alt=\"http:\/\/queestudiar.gencat.cat\/ca\/orientacio\/questionari-autoconeixement\/\" width=\"285\" height=\"190\" border=\"0\" \/><\/a><\/p>\n<p>3- EDUCAWEB<br \/>\nTEST <a href=\"https:\/\/www.google.com\/url?q=https%3A%2F%2Fwww.educaweb.cat%2Forientacio%2Finteressos-professionals%2F&amp;sa=D&amp;sntz=1&amp;usg=AFQjCNHm5ICj3eUBGwfAgTJaZqGPGX5lBg\" target=\"_blank\" rel=\"noopener noreferrer\" data-saferedirecturl=\"https:\/\/www.google.com\/url?q=https:\/\/www.google.com\/url?q%3Dhttps%253A%252F%252Fwww.educaweb.cat%252Forientacio%252Finteressos-professionals%252F%26sa%3DD%26sntz%3D1%26usg%3DAFQjCNHm5ICj3eUBGwfAgTJaZqGPGX5lBg&amp;source=gmail&amp;ust=1613736738632000&amp;usg=AFQjCNHZbjBUZqfXDd-j6cTUB7XrF95Dtg\">GR<\/a>\u00a0: El GR \u00e9s un test que t\u00e9 com a finalitat ajudar-te a aprofundir en l\u2019autoconeixement, a entendre millor com ets i a fer-te reflexionar sobre el que vols. Anir\u00e0s expressant els teus gustos, prefer\u00e8ncies i interessos respecte una s\u00e8rie de caracter\u00edstiques personals que cal tenir en compte en la selecci\u00f3 dels futurs estudis o professi\u00f3.<\/p>\n<p><a href=\"http:\/\/www.educaweb.cat\/orientacio\/interessos-professionals\/\" target=\"_blank\" rel=\"noopener noreferrer\"><img loading=\"lazy\" decoding=\"async\" class=\"alignnone\" src=\"http:\/\/3.bp.blogspot.com\/-lnwzlP62tGQ\/Ur187Zm_f1I\/AAAAAAAAAC0\/w-GqJT9MC7c\/s400\/header-home-cat.jpg\" alt=\"http:\/\/www.educaweb.cat\/orientacio\/interessos-professionals\/\" width=\"400\" height=\"110\" border=\"0\" \/><\/a><\/p>\n<p>4- Q\u00fcestionari d&#8217;orientaci\u00f3 del <a href=\"https:\/\/www.oficinadetreball.gencat.cat\/cloe\/ST\">SERVEI CATAL\u00c0 D&#8217;OCUPACI\u00d3<\/a>.<\/p>\n<p>El <a href=\"https:\/\/www.google.com\/url?q=https%3A%2F%2Fwww.oficinadetreball.gencat.cat%2Fcloe%2FST&amp;sa=D&amp;sntz=1&amp;usg=AFQjCNF11rGCd_SiFT61UDFudQ3N4pl9qA\" target=\"_blank\" rel=\"noopener noreferrer\" data-saferedirecturl=\"https:\/\/www.google.com\/url?q=https:\/\/www.google.com\/url?q%3Dhttps%253A%252F%252Fwww.oficinadetreball.gencat.cat%252Fcloe%252FST%26sa%3DD%26sntz%3D1%26usg%3DAFQjCNF11rGCd_SiFT61UDFudQ3N4pl9qA&amp;source=gmail&amp;ust=1613736738632000&amp;usg=AFQjCNFeP3CPpIkuhZy4FSql9HhN5gVT8g\">Q\u00fcestionari CLOE<\/a> t&#8217;ajudar\u00e0 a definir el teu objectiu professional. Haur\u00e0s de respondre preguntes relacionades amb el que t&#8217;agrada, com ets i el que saps fer.<\/p>\n<p>Es necessita for\u00e7a temps perqu\u00e8 \u00e9s llarg i complet. Es poden guardar les parts del q\u00fcestionari que s\u2019han anat fent.<\/p>\n<p><a href=\"https:\/\/www.oficinadetreball.gencat.cat\/socweb\/opencms\/socweb_ca\/ciutadans\/orientacioTrobarFeina\/cloe.html\" target=\"_blank\" rel=\"noopener noreferrer\"><img loading=\"lazy\" decoding=\"async\" class=\"alignnone\" src=\"http:\/\/1.bp.blogspot.com\/-umdpiMGS1aM\/Ur15ORY5OXI\/AAAAAAAAACc\/v7Z7qI-2yFg\/s400\/logoSOC.jpg\" alt=\"https:\/\/www.oficinadetreball.gencat.cat\/socweb\/opencms\/socweb_ca\/ciutadans\/orientacioTrobarFeina\/cloe.html\" width=\"400\" height=\"78\" border=\"0\" \/><\/a><\/p>\n<\/div>\n","protected":false},"excerpt":{"rendered":"<p>1- Q\u00fcestionari <a href=\"http:\/\/w28.bcn.cat\/___ch___\/_pit\/_app.php?gAppId=pit&amp;gInterfaceLanguage=ct&amp;gEnvironment=singleWeb\">TEST D&#8217;INTERESSOS PROFESSIONALS<\/a>: El Test d\u2019Interessos Professionals t\u2019ajudar\u00e0 a identificar les ocupacions m\u00e9s afins als teus interessos professionals.<br \/>\nQuan acabis podr\u00e0s veure el teu perfil d&#8217;afinitats relacionades amb les professions m\u00e9s adequades per tu. De cada professi\u00f3 podr\u00e0s obtenir informaci\u00f3 per saber en&hellip;  <a href=\"https:\/\/agora.xtec.cat\/ies-seros\/orientat-i-decideix\/questionaris\/\" title=\"Read Q\u00dcESTIONARIS\">Llegeix m\u00e9s\u00bb<\/a><\/p>\n","protected":false},"author":7,"featured_media":0,"parent":1045,"menu_order":0,"comment_status":"closed","ping_status":"closed","template":"","meta":{"_bbp_topic_count":0,"_bbp_reply_count":0,"_bbp_total_topic_count":0,"_bbp_total_reply_count":0,"_bbp_voice_count":0,"_bbp_anonymous_reply_count":0,"_bbp_topic_count_hidden":0,"_bbp_reply_count_hidden":0,"_bbp_forum_subforum_count":0,"footnotes":""},"class_list":["post-1066","page","type-page","status-publish","hentry"],"post_mailing_queue_ids":[],"_links":{"self":[{"href":"https:\/\/agora.xtec.cat\/ies-seros\/wp-json\/wp\/v2\/pages\/1066","targetHints":{"allow":["GET"]}}],"collection":[{"href":"https:\/\/agora.xtec.cat\/ies-seros\/wp-json\/wp\/v2\/pages"}],"about":[{"href":"https:\/\/agora.xtec.cat\/ies-seros\/wp-json\/wp\/v2\/types\/page"}],"author":[{"embeddable":true,"href":"https:\/\/agora.xtec.cat\/ies-seros\/wp-json\/wp\/v2\/users\/7"}],"replies":[{"embeddable":true,"href":"https:\/\/agora.xtec.cat\/ies-seros\/wp-json\/wp\/v2\/comments?post=1066"}],"version-history":[{"count":4,"href":"https:\/\/agora.xtec.cat\/ies-seros\/wp-json\/wp\/v2\/pages\/1066\/revisions"}],"predecessor-version":[{"id":4280,"href":"https:\/\/agora.xtec.cat\/ies-seros\/wp-json\/wp\/v2\/pages\/1066\/revisions\/4280"}],"up":[{"embeddable":true,"href":"https:\/\/agora.xtec.cat\/ies-seros\/wp-json\/wp\/v2\/pages\/1045"}],"wp:attachment":[{"href":"https:\/\/agora.xtec.cat\/ies-seros\/wp-json\/wp\/v2\/media?parent=1066"}],"curies":[{"name":"wp","href":"https:\/\/api.w.org\/{rel}","templated":true}]}}