{"id":1045,"date":"2016-11-10T09:58:57","date_gmt":"2016-11-10T08:58:57","guid":{"rendered":"http:\/\/agora.xtec.cat\/ies-seros\/?page_id=1045"},"modified":"2016-11-23T11:26:53","modified_gmt":"2016-11-23T10:26:53","slug":"orientat-i-decideix","status":"publish","type":"page","link":"https:\/\/agora.xtec.cat\/ies-seros\/orientat-i-decideix\/","title":{"rendered":"Orienta&#8217;t i decideix"},"content":{"rendered":"<p style=\"text-align: center;\"><strong>P\u00c0GINA D&#8217;ORIENTACI\u00d3 ACAD\u00c8MICA I PROFESSIONAL DE L&#8217;INSTITUT DE SER\u00d2S<\/strong><\/p>\n<p style=\"text-align: center;\"><img decoding=\"async\" src=\"http:\/\/1.bp.blogspot.com\/-zgFgl4TGcMQ\/VpKU7OWUxhI\/AAAAAAAAANc\/_PRaXCfi9Mw\/s1600\/Logo_VJornada_petit.jpg\" alt=\"Resultat d'imatges de orienta't i decideix\" \/><\/p>\n","protected":false},"excerpt":{"rendered":"<p>P\u00c0GINA D&#8217;ORIENTACI\u00d3 ACAD\u00c8MICA I PROFESSIONAL DE L&#8217;INSTITUT DE SER\u00d2S<\/p>\n","protected":false},"author":7,"featured_media":0,"parent":0,"menu_order":0,"comment_status":"closed","ping_status":"closed","template":"","meta":{"_bbp_topic_count":0,"_bbp_reply_count":0,"_bbp_total_topic_count":0,"_bbp_total_reply_count":0,"_bbp_voice_count":0,"_bbp_anonymous_reply_count":0,"_bbp_topic_count_hidden":0,"_bbp_reply_count_hidden":0,"_bbp_forum_subforum_count":0,"footnotes":""},"class_list":["post-1045","page","type-page","status-publish","hentry"],"post_mailing_queue_ids":[],"_links":{"self":[{"href":"https:\/\/agora.xtec.cat\/ies-seros\/wp-json\/wp\/v2\/pages\/1045","targetHints":{"allow":["GET"]}}],"collection":[{"href":"https:\/\/agora.xtec.cat\/ies-seros\/wp-json\/wp\/v2\/pages"}],"about":[{"href":"https:\/\/agora.xtec.cat\/ies-seros\/wp-json\/wp\/v2\/types\/page"}],"author":[{"embeddable":true,"href":"https:\/\/agora.xtec.cat\/ies-seros\/wp-json\/wp\/v2\/users\/7"}],"replies":[{"embeddable":true,"href":"https:\/\/agora.xtec.cat\/ies-seros\/wp-json\/wp\/v2\/comments?post=1045"}],"version-history":[{"count":4,"href":"https:\/\/agora.xtec.cat\/ies-seros\/wp-json\/wp\/v2\/pages\/1045\/revisions"}],"predecessor-version":[{"id":1147,"href":"https:\/\/agora.xtec.cat\/ies-seros\/wp-json\/wp\/v2\/pages\/1045\/revisions\/1147"}],"wp:attachment":[{"href":"https:\/\/agora.xtec.cat\/ies-seros\/wp-json\/wp\/v2\/media?parent=1045"}],"curies":[{"name":"wp","href":"https:\/\/api.w.org\/{rel}","templated":true}]}}