{"id":3934,"date":"2024-04-22T13:21:53","date_gmt":"2024-04-22T11:21:53","guid":{"rendered":"https:\/\/agora.xtec.cat\/ies-santelm\/?page_id=3934"},"modified":"2026-03-26T19:54:43","modified_gmt":"2026-03-26T18:54:43","slug":"titols-academics-eso-batx","status":"publish","type":"page","link":"https:\/\/agora.xtec.cat\/ies-santelm\/secretaria\/titols-academics-eso-batx\/","title":{"rendered":"T\u00edtols acad\u00e8mics ESO \/ BATX"},"content":{"rendered":"<p>En aquesta p\u00e0gina trobareu els documents i les sol\u00b7licituds pertinents als t\u00edtols acad\u00e8mics d&#8217;ESO i batxillerat.<\/p>\n<p>Actualitzaci\u00f3 o duplicat d&#8217;un t\u00edtol ja expedit i lliurat a l&#8217;alumne\/a:<\/p>\n<p>Amb aquest tr\u00e0mit pots demanar un duplicat o una actualitzaci\u00f3 d&#8217;un t\u00edtol.<\/p>\n<p>Un duplicat de t\u00edtol \u00e9s un t\u00edtol exactament igual al t\u00edtol que se&#8217;t va lliurar inicialment.<\/p>\n<p>Una actualitzaci\u00f3 de t\u00edtol \u00e9s una c\u00f2pia del t\u00edtol expedit inicialment per\u00f2 amb modificaci\u00f3 d&#8217;una o m\u00e9s dades personals.<br \/>\nPer poder reflectir una modificaci\u00f3 de les teves dades personals en un t\u00edtol acad\u00e8mic, cal que aquestes noves dades constin al teu document d&#8217;identitat.<\/p>\n<p>Informaci\u00f3 del tr\u00e0mit:<\/p>\n<p><a href=\"https:\/\/educacio.gencat.cat\/ca\/tramits\/tramits-temes\/titols-academics-no-universitaris\">https:\/\/educacio.gencat.cat\/ca\/tramits\/tramits-temes\/titols-academics-no-universitaris<\/a><\/p>\n<div>Instruccions per sol\u00b7licitar el t\u00edtol per 1a vegada:<\/div>\n<div><\/div>\n<div><span class=\"gmail_signature_prefix\"><a href=\"https:\/\/tramits.gencat.cat\/web\/shared\/OVT\/Departaments\/ENS\/TramitOVT\/tramitacio-titols\/sollicitud-primera-expedicio.pdf\" target=\"_blank\" rel=\"noopener\" data-saferedirecturl=\"https:\/\/www.google.com\/url?q=https:\/\/tramits.gencat.cat\/web\/shared\/OVT\/Departaments\/ENS\/TramitOVT\/tramitacio-titols\/sollicitud-primera-expedicio.pdf&amp;source=gmail&amp;ust=1774636578385000&amp;usg=AOvVaw10YxPWCZx6NT1odk7CkU4J\">https:\/\/tramits.gencat.cat\/<wbr \/>web\/shared\/OVT\/Departaments\/<wbr \/>ENS\/TramitOVT\/tramitacio-<wbr \/>titols\/sollicitud-primera-<wbr \/>expedicio.pdf<\/a><\/span><\/div>\n<div><span class=\"gmail_signature_prefix\">\u00a0<\/span><\/div>\n<div><span class=\"gmail_signature_prefix\">Instruccions per demanar un duplicat:<\/span><\/div>\n<div><span class=\"gmail_signature_prefix\">\u00a0<\/span><\/div>\n<div><span class=\"gmail_signature_prefix\"><a href=\"https:\/\/tramits.gencat.cat\/web\/shared\/OVT\/Departaments\/ENS\/TramitOVT\/tramitacio-titols\/duplicat-actualitzacio.pdf\" target=\"_blank\" rel=\"noopener\" data-saferedirecturl=\"https:\/\/www.google.com\/url?q=https:\/\/tramits.gencat.cat\/web\/shared\/OVT\/Departaments\/ENS\/TramitOVT\/tramitacio-titols\/duplicat-actualitzacio.pdf&amp;source=gmail&amp;ust=1774636578385000&amp;usg=AOvVaw3vV6mVGLz-AtbMAgUtn4-3\">https:\/\/tramits.gencat.cat\/<wbr \/>web\/shared\/OVT\/Departaments\/<wbr \/>ENS\/TramitOVT\/tramitacio-<wbr \/>titols\/duplicat-actualitzacio.<wbr \/>pdf<\/a><\/span><\/div>\n<div><\/div>\n<div class=\"h5p-iframe-wrapper\"><iframe id=\"h5p-iframe-12\" class=\"h5p-iframe\" data-content-id=\"12\" style=\"height:1px\" src=\"about:blank\" frameBorder=\"0\" scrolling=\"no\" title=\"T\u00edtols acad\u00e8mics ESO \/ BATX\"><\/iframe><\/div>\n","protected":false},"excerpt":{"rendered":"<p>En aquesta p\u00e0gina trobareu els documents i les sol\u00b7licituds pertinents als t\u00edtols acad\u00e8mics d&#8217;ESO i batxillerat. Actualitzaci\u00f3 o duplicat d&#8217;un t\u00edtol ja expedit i lliurat a l&#8217;alumne\/a: Amb aquest tr\u00e0mit pots demanar un duplicat o una actualitzaci\u00f3 d&#8217;un t\u00edtol. Un duplicat de t\u00edtol \u00e9s un t\u00edtol exactament igual al t\u00edtol que se&#8217;t va lliurar inicialment. [&hellip;]<\/p>\n","protected":false},"author":42,"featured_media":0,"parent":81,"menu_order":7,"comment_status":"closed","ping_status":"closed","template":"","meta":{"_bbp_topic_count":0,"_bbp_reply_count":0,"_bbp_total_topic_count":0,"_bbp_total_reply_count":0,"_bbp_voice_count":0,"_bbp_anonymous_reply_count":0,"_bbp_topic_count_hidden":0,"_bbp_reply_count_hidden":0,"_bbp_forum_subforum_count":0,"site-sidebar-layout":"default","site-content-layout":"","ast-site-content-layout":"default","site-content-style":"default","site-sidebar-style":"default","ast-global-header-display":"","ast-banner-title-visibility":"","ast-main-header-display":"","ast-hfb-above-header-display":"","ast-hfb-below-header-display":"","ast-hfb-mobile-header-display":"","site-post-title":"","ast-breadcrumbs-content":"","ast-featured-img":"","footer-sml-layout":"","theme-transparent-header-meta":"default","adv-header-id-meta":"","stick-header-meta":"","header-above-stick-meta":"","header-main-stick-meta":"","header-below-stick-meta":"","astra-migrate-meta-layouts":"set","ast-page-background-enabled":"default","ast-page-background-meta":{"desktop":{"background-color":"var(--ast-global-color-4)","background-image":"","background-repeat":"repeat","background-position":"center center","background-size":"auto","background-attachment":"scroll","background-type":"","background-media":"","overlay-type":"","overlay-color":"","overlay-opacity":"","overlay-gradient":""},"tablet":{"background-color":"","background-image":"","background-repeat":"repeat","background-position":"center center","background-size":"auto","background-attachment":"scroll","background-type":"","background-media":"","overlay-type":"","overlay-color":"","overlay-opacity":"","overlay-gradient":""},"mobile":{"background-color":"","background-image":"","background-repeat":"repeat","background-position":"center center","background-size":"auto","background-attachment":"scroll","background-type":"","background-media":"","overlay-type":"","overlay-color":"","overlay-opacity":"","overlay-gradient":""}},"ast-content-background-meta":{"desktop":{"background-color":"var(--ast-global-color-5)","background-image":"","background-repeat":"repeat","background-position":"center center","background-size":"auto","background-attachment":"scroll","background-type":"","background-media":"","overlay-type":"","overlay-color":"","overlay-opacity":"","overlay-gradient":""},"tablet":{"background-color":"var(--ast-global-color-5)","background-image":"","background-repeat":"repeat","background-position":"center center","background-size":"auto","background-attachment":"scroll","background-type":"","background-media":"","overlay-type":"","overlay-color":"","overlay-opacity":"","overlay-gradient":""},"mobile":{"background-color":"var(--ast-global-color-5)","background-image":"","background-repeat":"repeat","background-position":"center center","background-size":"auto","background-attachment":"scroll","background-type":"","background-media":"","overlay-type":"","overlay-color":"","overlay-opacity":"","overlay-gradient":""}},"footnotes":""},"class_list":["post-3934","page","type-page","status-publish","hentry"],"post_mailing_queue_ids":[],"_links":{"self":[{"href":"https:\/\/agora.xtec.cat\/ies-santelm\/wp-json\/wp\/v2\/pages\/3934","targetHints":{"allow":["GET"]}}],"collection":[{"href":"https:\/\/agora.xtec.cat\/ies-santelm\/wp-json\/wp\/v2\/pages"}],"about":[{"href":"https:\/\/agora.xtec.cat\/ies-santelm\/wp-json\/wp\/v2\/types\/page"}],"author":[{"embeddable":true,"href":"https:\/\/agora.xtec.cat\/ies-santelm\/wp-json\/wp\/v2\/users\/42"}],"replies":[{"embeddable":true,"href":"https:\/\/agora.xtec.cat\/ies-santelm\/wp-json\/wp\/v2\/comments?post=3934"}],"version-history":[{"count":3,"href":"https:\/\/agora.xtec.cat\/ies-santelm\/wp-json\/wp\/v2\/pages\/3934\/revisions"}],"predecessor-version":[{"id":4947,"href":"https:\/\/agora.xtec.cat\/ies-santelm\/wp-json\/wp\/v2\/pages\/3934\/revisions\/4947"}],"up":[{"embeddable":true,"href":"https:\/\/agora.xtec.cat\/ies-santelm\/wp-json\/wp\/v2\/pages\/81"}],"wp:attachment":[{"href":"https:\/\/agora.xtec.cat\/ies-santelm\/wp-json\/wp\/v2\/media?parent=3934"}],"curies":[{"name":"wp","href":"https:\/\/api.w.org\/{rel}","templated":true}]}}