{"id":3417,"date":"2024-02-28T13:08:56","date_gmt":"2024-02-28T12:08:56","guid":{"rendered":"https:\/\/agora.xtec.cat\/ies-santelm\/?page_id=3417"},"modified":"2026-04-29T22:08:25","modified_gmt":"2026-04-29T20:08:25","slug":"preinscripcio-eso","status":"publish","type":"page","link":"https:\/\/agora.xtec.cat\/ies-santelm\/secretaria\/preinscripcions-i-matricules\/preinscripciomatricula-eso\/preinscripcio-eso\/","title":{"rendered":"Preinscripci\u00f3 ESO 26\/27"},"content":{"rendered":"<p style=\"text-align: justify;\">Les preinscripcions d&#8217;ESO pel curs 26\/27 estan a punt de comen\u00e7ar. \u00a0El <strong>per\u00edode de presentaci\u00f3 de sol\u00b7licituds ser\u00e0 del 6 al 18 de Mar\u00e7 del 2026.<\/strong><\/p>\n<p>Tan bon punt es vagin publicant els documents (oferta inicial de places i llistats) anirem actualitzant aquest apartat.<\/p>\n<p style=\"text-align: justify;\">Per tal de poder realitzar la sol\u00b7licitud i\/o consultar informaci\u00f3 rellevant al proc\u00e9s de preinscripci\u00f3, heu d&#8217;accedir al seg\u00fcent enlla\u00e7:<\/p>\n<p><a href=\"https:\/\/preinscripcio.gencat.cat\/ca\/estudis\/eso\/inici\">https:\/\/preinscripcio.gencat.cat\/ca\/estudis\/eso\/inici<\/a><\/p>\n<p>&nbsp;<\/p>\n<p><span style=\"text-decoration: underline;\"><strong>INFORMACI\u00d3 D&#8217;INTER\u00c8S PER LES PREINSCRIPCIONS D&#8217;ESO 26\/27<\/strong><\/span><\/p>\n<p>&nbsp;<\/p>\n<p><b>Publicaci\u00f3 oferta inicial de places: <\/b><span style=\"font-weight: 400;\">3 de mar\u00e7 de 2026<\/span><\/p>\n<p><a href=\"https:\/\/agora.xtec.cat\/ies-santelm\/wp-content\/uploads\/usu1365\/2026\/03\/INFORME_OFERTA_OME_INFORME_OFERTA-1.pdf\">INFORME_OFERTA_OME_INFORME_OFERTA (1)<\/a><\/p>\n<p><b>Per\u00edode presentaci\u00f3 de sol\u00b7licituds:<\/b><b>\u00a0<\/b>del 6\u00a0al\u00a018\u00a0de\u00a0mar\u00e7\u00a0de\u00a02026<\/p>\n<p><b>Publicaci\u00f3 de la llista de sol\u00b7licituds de preinscripci\u00f3 al centre amb la puntuaci\u00f3 provisional:<\/b>\u00a015 d\u2019abril de 2026<\/p>\n<p><a href=\"https:\/\/agora.xtec.cat\/ies-santelm\/wp-content\/uploads\/usu1365\/2026\/04\/INFORME_BAREM_PROVISIONAL_BAREM.pdf\">INFORME_BAREM_PROVISIONAL_BAREM<\/a><\/p>\n<p><b>Termini de reclamaci\u00f3 de la puntuaci\u00f3 provisional:<\/b>\u00a0del 15 al 20 d\u2019abril de 2026 (de forma electr\u00f2nica)<\/p>\n<p><b>Publicaci\u00f3 de la llista de sol\u00b7licituds de preinscripci\u00f3 al centre amb la puntuaci\u00f3, un cop<\/b><\/p>\n<p><b>resoltes les reclamacions:\u00a0<\/b>23 d\u2019abril de 2026<\/p>\n<p><a href=\"https:\/\/agora.xtec.cat\/ies-santelm\/wp-content\/uploads\/usu1365\/2026\/04\/INFORME_BAREM_RESOLTES_BAREM.pdf\">INFORME_BAREM_RESOLTES_BAREM<\/a><\/p>\n<p><b>Publicaci\u00f3 llista ordenada:\u00a0<\/b>29 d\u2019abril de 2026<\/p>\n<p><a href=\"https:\/\/agora.xtec.cat\/ies-santelm\/wp-content\/uploads\/usu1365\/2026\/04\/INFORME_BAREM_DEFINITIU_BAREM.pdf\">INFORME_BAREM_DEFINITIU_BAREM<\/a><\/p>\n<p><b>Publicaci\u00f3 de l\u2019oferta final:<\/b>\u00a010 de juny de 2026<\/p>\n<p><b>Publicaci\u00f3 de les llistes d\u2019alumnes amb pla\u00e7a assignada i, si es cau, de la llista d\u2019espera:<\/b>\u00a010 de juny de 2026<\/p>\n<p><b>Per\u00edode de matricula:<\/b>\u00a0del 22 de juny al 30 de juny de 2026, ambd\u00f3s inclosos.<\/p>\n<p><b>Sol\u00b7licitud i informaci\u00f3 del proc\u00e9s de preinscripci\u00f3:<\/b><\/p>\n<p><span style=\"color: #0000ff;\"><u><a href=\"https:\/\/preinscripcio.gencat.cat\/ca\/estudis\/eso\/inici\/\" target=\"_blank\" rel=\"noopener\" data-saferedirecturl=\"https:\/\/www.google.com\/url?q=https:\/\/preinscripcio.gencat.cat\/ca\/estudis\/eso\/inici\/&amp;source=gmail&amp;ust=1771957539621000&amp;usg=AOvVaw2v8iXMwajB9J95WBFdIlzx\">https:\/\/preinscripcio.gencat.<wbr \/>cat\/ca\/estudis\/eso\/inici\/<\/a><\/u><\/span><\/p>\n<p>&nbsp;<\/p>\n<ul>\n<li>Hi\u00a0ha\u00a0dos\u00a0tipus\u00a0de\u00a0sol\u00b7licitud:\n<ul>\n<li><u><b>Electr\u00f2nica\u00a0<\/b><\/u><b>(la m\u00e9s recomanable)<\/b><\/li>\n<li><u><b>Suport<\/b><\/u><u><b>\u00a0<\/b><\/u><u><b>inform\u00e0tic<\/b><\/u><\/li>\n<\/ul>\n<\/li>\n<\/ul>\n<ul>\n<li><u><b>No<\/b><\/u><u><b>\u00a0<\/b><\/u><u><b>hi<\/b><\/u><u><b>\u00a0<\/b><\/u><u><b>ha<\/b><\/u><u><b>\u00a0<\/b><\/u><u><b>la\u00a0<\/b><\/u><b><\/b><u><b>possibilitat de<\/b><\/u><u><b>\u00a0<\/b><\/u><u><b>full de<\/b><\/u><u><b>\u00a0<\/b><\/u><u><b>preinscripci\u00f3<\/b><\/u><u><b>\u00a0<\/b><\/u><u><b>en<\/b><\/u><u><b>\u00a0<\/b><\/u><u><b>paper<\/b><\/u><b>.<\/b><\/li>\n<li>No\u00a0cal\u00a0lliurar\u00a0cap\u00a0documentaci\u00f3\u00a0<u>presencialment<\/u>\u00a0al\u00a0centre\u00a0educatiu\u00a0que\u00a0indiqueu\u00a0en\u00a0primera\u00a0opci\u00f3.<\/li>\n<\/ul>\n","protected":false},"excerpt":{"rendered":"<p>Les preinscripcions d&#8217;ESO pel curs 26\/27 estan a punt de comen\u00e7ar. \u00a0El per\u00edode de presentaci\u00f3 de sol\u00b7licituds ser\u00e0 del 6 al 18 de Mar\u00e7 del 2026. Tan bon punt es vagin publicant els documents (oferta inicial de places i llistats) anirem actualitzant aquest apartat. Per tal de poder realitzar la sol\u00b7licitud i\/o consultar informaci\u00f3 rellevant [&hellip;]<\/p>\n","protected":false},"author":42,"featured_media":0,"parent":2191,"menu_order":0,"comment_status":"closed","ping_status":"closed","template":"","meta":{"_bbp_topic_count":0,"_bbp_reply_count":0,"_bbp_total_topic_count":0,"_bbp_total_reply_count":0,"_bbp_voice_count":0,"_bbp_anonymous_reply_count":0,"_bbp_topic_count_hidden":0,"_bbp_reply_count_hidden":0,"_bbp_forum_subforum_count":0,"site-sidebar-layout":"default","site-content-layout":"","ast-site-content-layout":"default","site-content-style":"default","site-sidebar-style":"default","ast-global-header-display":"","ast-banner-title-visibility":"","ast-main-header-display":"","ast-hfb-above-header-display":"","ast-hfb-below-header-display":"","ast-hfb-mobile-header-display":"","site-post-title":"","ast-breadcrumbs-content":"","ast-featured-img":"","footer-sml-layout":"","theme-transparent-header-meta":"default","adv-header-id-meta":"","stick-header-meta":"","header-above-stick-meta":"","header-main-stick-meta":"","header-below-stick-meta":"","astra-migrate-meta-layouts":"set","ast-page-background-enabled":"default","ast-page-background-meta":{"desktop":{"background-color":"var(--ast-global-color-4)","background-image":"","background-repeat":"repeat","background-position":"center center","background-size":"auto","background-attachment":"scroll","background-type":"","background-media":"","overlay-type":"","overlay-color":"","overlay-opacity":"","overlay-gradient":""},"tablet":{"background-color":"","background-image":"","background-repeat":"repeat","background-position":"center center","background-size":"auto","background-attachment":"scroll","background-type":"","background-media":"","overlay-type":"","overlay-color":"","overlay-opacity":"","overlay-gradient":""},"mobile":{"background-color":"","background-image":"","background-repeat":"repeat","background-position":"center center","background-size":"auto","background-attachment":"scroll","background-type":"","background-media":"","overlay-type":"","overlay-color":"","overlay-opacity":"","overlay-gradient":""}},"ast-content-background-meta":{"desktop":{"background-color":"var(--ast-global-color-5)","background-image":"","background-repeat":"repeat","background-position":"center center","background-size":"auto","background-attachment":"scroll","background-type":"","background-media":"","overlay-type":"","overlay-color":"","overlay-opacity":"","overlay-gradient":""},"tablet":{"background-color":"var(--ast-global-color-5)","background-image":"","background-repeat":"repeat","background-position":"center center","background-size":"auto","background-attachment":"scroll","background-type":"","background-media":"","overlay-type":"","overlay-color":"","overlay-opacity":"","overlay-gradient":""},"mobile":{"background-color":"var(--ast-global-color-5)","background-image":"","background-repeat":"repeat","background-position":"center center","background-size":"auto","background-attachment":"scroll","background-type":"","background-media":"","overlay-type":"","overlay-color":"","overlay-opacity":"","overlay-gradient":""}},"footnotes":""},"class_list":["post-3417","page","type-page","status-publish","hentry"],"post_mailing_queue_ids":[],"_links":{"self":[{"href":"https:\/\/agora.xtec.cat\/ies-santelm\/wp-json\/wp\/v2\/pages\/3417","targetHints":{"allow":["GET"]}}],"collection":[{"href":"https:\/\/agora.xtec.cat\/ies-santelm\/wp-json\/wp\/v2\/pages"}],"about":[{"href":"https:\/\/agora.xtec.cat\/ies-santelm\/wp-json\/wp\/v2\/types\/page"}],"author":[{"embeddable":true,"href":"https:\/\/agora.xtec.cat\/ies-santelm\/wp-json\/wp\/v2\/users\/42"}],"replies":[{"embeddable":true,"href":"https:\/\/agora.xtec.cat\/ies-santelm\/wp-json\/wp\/v2\/comments?post=3417"}],"version-history":[{"count":9,"href":"https:\/\/agora.xtec.cat\/ies-santelm\/wp-json\/wp\/v2\/pages\/3417\/revisions"}],"predecessor-version":[{"id":4985,"href":"https:\/\/agora.xtec.cat\/ies-santelm\/wp-json\/wp\/v2\/pages\/3417\/revisions\/4985"}],"up":[{"embeddable":true,"href":"https:\/\/agora.xtec.cat\/ies-santelm\/wp-json\/wp\/v2\/pages\/2191"}],"wp:attachment":[{"href":"https:\/\/agora.xtec.cat\/ies-santelm\/wp-json\/wp\/v2\/media?parent=3417"}],"curies":[{"name":"wp","href":"https:\/\/api.w.org\/{rel}","templated":true}]}}