{"id":3402,"date":"2023-06-19T13:18:42","date_gmt":"2023-06-19T11:18:42","guid":{"rendered":"https:\/\/agora.xtec.cat\/ies-santelm\/?page_id=3402"},"modified":"2026-04-08T19:15:26","modified_gmt":"2026-04-08T17:15:26","slug":"preinscripcio-batxillerat-25-26","status":"publish","type":"page","link":"https:\/\/agora.xtec.cat\/ies-santelm\/secretaria\/preinscripcions-i-matricules\/preinscripciomatricula-batxillerat\/preinscripcio-batxillerat-25-26\/","title":{"rendered":"Preinscripci\u00f3 batxillerat 26\/27"},"content":{"rendered":"<p style=\"text-align: justify;\">Les preinscripcions de Batxillerat pel curs 26\/27 estan a punt de comen\u00e7ar. El per\u00edode de presentaci\u00f3 de <strong>sol\u00b7licituds<\/strong> ser\u00e0 del <strong>9 al 16 d&#8217;abril del 2026<\/strong>.<\/p>\n<p>Tan bon punt es vagin publicant els documents ( oferta inicial de places i llistats) anirem actualitzant aquest apartat.<\/p>\n<p style=\"text-align: justify;\">Per tal de poder realitzar la sol\u00b7licitud i\/o consultar informaci\u00f3 rellevant al proc\u00e9s de preinscripci\u00f3, heu d&#8217;accedir al seg\u00fcent enlla\u00e7:<\/p>\n<p><a href=\"https:\/\/preinscripcio.gencat.cat\/ca\/estudis\/batxillerat\/inici\/\">https:\/\/preinscripcio.gencat.cat\/ca\/estudis\/batxillerat\/inici\/<\/a><\/p>\n<p style=\"text-align: justify;\"><span style=\"text-decoration: underline;\"><strong>INFORMACI\u00d3 D\u2019INTER\u00c8S PER A LES PREINSCRIPCIONS DE BATXILLERAT 26\/27<\/strong><\/span><\/p>\n<p><strong>\u00a0Publicaci\u00f3 oferta inicial de places:\u00a0<\/strong>8 d\u2019abril de 2026.<\/p>\n<p><a href=\"https:\/\/agora.xtec.cat\/ies-santelm\/wp-content\/uploads\/usu1365\/2026\/04\/INFORME_OFERTA_OME_INFORME_OFERTA.pdf\"><u>Publicaci\u00f3 de l&#8217;oferta inicial de batxillerat<\/u><\/a><\/p>\n<p><strong>Per\u00edode de presentaci\u00f3 de sol\u00b7licituds:\u00a0<\/strong>del 9 al 16 d\u2019abril de\u00a02026, ambd\u00f3s inclosos.<\/p>\n<p><strong>Publicaci\u00f3 de la llista de sol\u00b7licituds de preinscripci\u00f3 al centre amb la puntuaci\u00f3 provisional:<\/strong>\u00a014 de maig de 2026.<\/p>\n<p><strong>Termini per presentar una reclamaci\u00f3 a la puntuaci\u00f3 provisional:<\/strong>\u00a0del 14 al 20 de maig de 2026 (de forma electr\u00f2nica).<\/p>\n<p><strong>Publicaci\u00f3 de la llista de sol\u00b7licituds de preinscripci\u00f3 al centre amb la puntuaci\u00f3, un cop resoltes les reclamacions:<\/strong>\u00a026 de maig de 2026.<\/p>\n<p><strong>Publicaci\u00f3 de la llista ordenada:<\/strong>\u00a029 de maig de 2026.<\/p>\n<p><strong>Publicaci\u00f3 de l\u2019oferta final:<\/strong>\u00a017 de juny de 2026.<\/p>\n<p><strong>Publicaci\u00f3 de les llistes d\u2019alumnes admesos i, si escau, de la llista d\u2019espera:<\/strong>\u00a017 de juny de 2026.<\/p>\n<p><strong>Per\u00edode de matricula:<\/strong>\u00a0del 18 al 30 de juny de 2026, ambd\u00f3s inclosos.<\/p>\n<p>&nbsp;<\/p>\n<p><strong>Sol\u00b7licitud:\u00a0<\/strong><a href=\"https:\/\/preinscripcio.gencat.cat\/ca\/estudis\/batxillerat\/inici\/\" data-saferedirecturl=\"https:\/\/www.google.com\/url?q=https:\/\/preinscripcio.gencat.cat\/ca\/estudis\/batxillerat\/inici\/&amp;source=gmail&amp;ust=1775754499399000&amp;usg=AOvVaw1QUdEzPTag5mpuBmLSQbn-\"><strong>https:\/\/preinscripcio.gencat.cat\/ca\/estudis\/batxillerat\/inici\/<\/strong><\/a><\/p>\n","protected":false},"excerpt":{"rendered":"<p>Les preinscripcions de Batxillerat pel curs 26\/27 estan a punt de comen\u00e7ar. El per\u00edode de presentaci\u00f3 de sol\u00b7licituds ser\u00e0 del 9 al 16 d&#8217;abril del 2026. Tan bon punt es vagin publicant els documents ( oferta inicial de places i llistats) anirem actualitzant aquest apartat. Per tal de poder realitzar la sol\u00b7licitud i\/o consultar informaci\u00f3 [&hellip;]<\/p>\n","protected":false},"author":42,"featured_media":0,"parent":2257,"menu_order":0,"comment_status":"closed","ping_status":"closed","template":"","meta":{"_bbp_topic_count":0,"_bbp_reply_count":0,"_bbp_total_topic_count":0,"_bbp_total_reply_count":0,"_bbp_voice_count":0,"_bbp_anonymous_reply_count":0,"_bbp_topic_count_hidden":0,"_bbp_reply_count_hidden":0,"_bbp_forum_subforum_count":0,"site-sidebar-layout":"default","site-content-layout":"","ast-site-content-layout":"default","site-content-style":"default","site-sidebar-style":"default","ast-global-header-display":"","ast-banner-title-visibility":"","ast-main-header-display":"","ast-hfb-above-header-display":"","ast-hfb-below-header-display":"","ast-hfb-mobile-header-display":"","site-post-title":"","ast-breadcrumbs-content":"","ast-featured-img":"","footer-sml-layout":"","theme-transparent-header-meta":"default","adv-header-id-meta":"","stick-header-meta":"","header-above-stick-meta":"","header-main-stick-meta":"","header-below-stick-meta":"","astra-migrate-meta-layouts":"set","ast-page-background-enabled":"default","ast-page-background-meta":{"desktop":{"background-color":"var(--ast-global-color-4)","background-image":"","background-repeat":"repeat","background-position":"center center","background-size":"auto","background-attachment":"scroll","background-type":"","background-media":"","overlay-type":"","overlay-color":"","overlay-opacity":"","overlay-gradient":""},"tablet":{"background-color":"","background-image":"","background-repeat":"repeat","background-position":"center center","background-size":"auto","background-attachment":"scroll","background-type":"","background-media":"","overlay-type":"","overlay-color":"","overlay-opacity":"","overlay-gradient":""},"mobile":{"background-color":"","background-image":"","background-repeat":"repeat","background-position":"center center","background-size":"auto","background-attachment":"scroll","background-type":"","background-media":"","overlay-type":"","overlay-color":"","overlay-opacity":"","overlay-gradient":""}},"ast-content-background-meta":{"desktop":{"background-color":"var(--ast-global-color-5)","background-image":"","background-repeat":"repeat","background-position":"center center","background-size":"auto","background-attachment":"scroll","background-type":"","background-media":"","overlay-type":"","overlay-color":"","overlay-opacity":"","overlay-gradient":""},"tablet":{"background-color":"var(--ast-global-color-5)","background-image":"","background-repeat":"repeat","background-position":"center center","background-size":"auto","background-attachment":"scroll","background-type":"","background-media":"","overlay-type":"","overlay-color":"","overlay-opacity":"","overlay-gradient":""},"mobile":{"background-color":"var(--ast-global-color-5)","background-image":"","background-repeat":"repeat","background-position":"center center","background-size":"auto","background-attachment":"scroll","background-type":"","background-media":"","overlay-type":"","overlay-color":"","overlay-opacity":"","overlay-gradient":""}},"footnotes":""},"class_list":["post-3402","page","type-page","status-publish","hentry"],"post_mailing_queue_ids":[],"_links":{"self":[{"href":"https:\/\/agora.xtec.cat\/ies-santelm\/wp-json\/wp\/v2\/pages\/3402","targetHints":{"allow":["GET"]}}],"collection":[{"href":"https:\/\/agora.xtec.cat\/ies-santelm\/wp-json\/wp\/v2\/pages"}],"about":[{"href":"https:\/\/agora.xtec.cat\/ies-santelm\/wp-json\/wp\/v2\/types\/page"}],"author":[{"embeddable":true,"href":"https:\/\/agora.xtec.cat\/ies-santelm\/wp-json\/wp\/v2\/users\/42"}],"replies":[{"embeddable":true,"href":"https:\/\/agora.xtec.cat\/ies-santelm\/wp-json\/wp\/v2\/comments?post=3402"}],"version-history":[{"count":8,"href":"https:\/\/agora.xtec.cat\/ies-santelm\/wp-json\/wp\/v2\/pages\/3402\/revisions"}],"predecessor-version":[{"id":4964,"href":"https:\/\/agora.xtec.cat\/ies-santelm\/wp-json\/wp\/v2\/pages\/3402\/revisions\/4964"}],"up":[{"embeddable":true,"href":"https:\/\/agora.xtec.cat\/ies-santelm\/wp-json\/wp\/v2\/pages\/2257"}],"wp:attachment":[{"href":"https:\/\/agora.xtec.cat\/ies-santelm\/wp-json\/wp\/v2\/media?parent=3402"}],"curies":[{"name":"wp","href":"https:\/\/api.w.org\/{rel}","templated":true}]}}