{"id":2478,"date":"2021-04-20T11:56:08","date_gmt":"2021-04-20T09:56:08","guid":{"rendered":"http:\/\/agora.xtec.cat\/ies-santelm\/?page_id=2478"},"modified":"2025-06-02T13:48:33","modified_gmt":"2025-06-02T11:48:33","slug":"matricula-eso-23-24","status":"publish","type":"page","link":"https:\/\/agora.xtec.cat\/ies-santelm\/secretaria\/preinscripcions-i-matricules\/preinscripciomatricula-eso\/matricula-eso-23-24\/","title":{"rendered":"Matr\u00edcula ESO 25\/26"},"content":{"rendered":"<p style=\"text-align: justify;\">El per\u00edode de matriculaci\u00f3 de l&#8217;ESO \u00e9s del <strong>25 de juny al 3 de juliol de 2025.<\/strong><\/p>\n<p style=\"text-align: justify;\">L&#8217;alumnat assignat a l&#8217;institut Sant Elm per al curs 2025\/2026 podreu formalitzar la matr\u00edcula mitjan\u00e7ant un formulari que rebreu en el correu electr\u00f2nic que heu informat a la sol\u00b7licitud de preinscripci\u00f3.<\/p>\n<p style=\"text-align: justify;\">Tamb\u00e9 per totes aquelles fam\u00edlies que desitgin ampliar la informaci\u00f3 proporcionada a la matr\u00edcula o tinguin algun dubte respecte a l&#8217;atenci\u00f3 de l&#8217;alumnat el curs 2025-26, podran demanar hora per parlar amb coordinaci\u00f3 pedag\u00f2gica i orientaci\u00f3 educativa la primera setmana de juliol entre les 9 i les 13 h mitjan\u00e7ant un correu electr\u00f2nic a: <span style=\"color: #ff3257;\">soraya.abia@ins-santelm.com<\/span><\/p>\n<p>Per formalitzar la matr\u00edcula cal accedir al <strong>formulari de matr\u00edcula<\/strong>. Tan bon punt el formulari estigui actiu, el compartirem a trav\u00e9s d&#8217;aquest espai.<\/p>\n<p>\ud83d\udce2 Properament, en aquest espai,\u00a0anirem <strong>ampliant informaci\u00f3<\/strong> (reunions inici de curs, llistat de llibres, pagament material i sortides, horaris, etc&#8230;).\ud83d\udce2<\/p>\n","protected":false},"excerpt":{"rendered":"<p>El per\u00edode de matriculaci\u00f3 de l&#8217;ESO \u00e9s del 25 de juny al 3 de juliol de 2025. L&#8217;alumnat assignat a l&#8217;institut Sant Elm per al curs 2025\/2026 podreu formalitzar la matr\u00edcula mitjan\u00e7ant un formulari que rebreu en el correu electr\u00f2nic que heu informat a la sol\u00b7licitud de preinscripci\u00f3. Tamb\u00e9 per totes aquelles fam\u00edlies que desitgin [&hellip;]<\/p>\n","protected":false},"author":1,"featured_media":0,"parent":2191,"menu_order":0,"comment_status":"closed","ping_status":"closed","template":"page-templates\/side-menu.php","meta":{"_bbp_topic_count":0,"_bbp_reply_count":0,"_bbp_total_topic_count":0,"_bbp_total_reply_count":0,"_bbp_voice_count":0,"_bbp_anonymous_reply_count":0,"_bbp_topic_count_hidden":0,"_bbp_reply_count_hidden":0,"_bbp_forum_subforum_count":0,"site-sidebar-layout":"default","site-content-layout":"","ast-site-content-layout":"","site-content-style":"default","site-sidebar-style":"default","ast-global-header-display":"","ast-banner-title-visibility":"","ast-main-header-display":"","ast-hfb-above-header-display":"","ast-hfb-below-header-display":"","ast-hfb-mobile-header-display":"","site-post-title":"","ast-breadcrumbs-content":"","ast-featured-img":"","footer-sml-layout":"","theme-transparent-header-meta":"","adv-header-id-meta":"","stick-header-meta":"","header-above-stick-meta":"","header-main-stick-meta":"","header-below-stick-meta":"","astra-migrate-meta-layouts":"default","ast-page-background-enabled":"default","ast-page-background-meta":{"desktop":{"background-color":"var(--ast-global-color-4)","background-image":"","background-repeat":"repeat","background-position":"center center","background-size":"auto","background-attachment":"scroll","background-type":"","background-media":"","overlay-type":"","overlay-color":"","overlay-opacity":"","overlay-gradient":""},"tablet":{"background-color":"","background-image":"","background-repeat":"repeat","background-position":"center center","background-size":"auto","background-attachment":"scroll","background-type":"","background-media":"","overlay-type":"","overlay-color":"","overlay-opacity":"","overlay-gradient":""},"mobile":{"background-color":"","background-image":"","background-repeat":"repeat","background-position":"center center","background-size":"auto","background-attachment":"scroll","background-type":"","background-media":"","overlay-type":"","overlay-color":"","overlay-opacity":"","overlay-gradient":""}},"ast-content-background-meta":{"desktop":{"background-color":"var(--ast-global-color-5)","background-image":"","background-repeat":"repeat","background-position":"center center","background-size":"auto","background-attachment":"scroll","background-type":"","background-media":"","overlay-type":"","overlay-color":"","overlay-opacity":"","overlay-gradient":""},"tablet":{"background-color":"var(--ast-global-color-5)","background-image":"","background-repeat":"repeat","background-position":"center center","background-size":"auto","background-attachment":"scroll","background-type":"","background-media":"","overlay-type":"","overlay-color":"","overlay-opacity":"","overlay-gradient":""},"mobile":{"background-color":"var(--ast-global-color-5)","background-image":"","background-repeat":"repeat","background-position":"center center","background-size":"auto","background-attachment":"scroll","background-type":"","background-media":"","overlay-type":"","overlay-color":"","overlay-opacity":"","overlay-gradient":""}},"footnotes":""},"class_list":["post-2478","page","type-page","status-publish","hentry"],"post_mailing_queue_ids":[],"_links":{"self":[{"href":"https:\/\/agora.xtec.cat\/ies-santelm\/wp-json\/wp\/v2\/pages\/2478","targetHints":{"allow":["GET"]}}],"collection":[{"href":"https:\/\/agora.xtec.cat\/ies-santelm\/wp-json\/wp\/v2\/pages"}],"about":[{"href":"https:\/\/agora.xtec.cat\/ies-santelm\/wp-json\/wp\/v2\/types\/page"}],"author":[{"embeddable":true,"href":"https:\/\/agora.xtec.cat\/ies-santelm\/wp-json\/wp\/v2\/users\/1"}],"replies":[{"embeddable":true,"href":"https:\/\/agora.xtec.cat\/ies-santelm\/wp-json\/wp\/v2\/comments?post=2478"}],"version-history":[{"count":8,"href":"https:\/\/agora.xtec.cat\/ies-santelm\/wp-json\/wp\/v2\/pages\/2478\/revisions"}],"predecessor-version":[{"id":4462,"href":"https:\/\/agora.xtec.cat\/ies-santelm\/wp-json\/wp\/v2\/pages\/2478\/revisions\/4462"}],"up":[{"embeddable":true,"href":"https:\/\/agora.xtec.cat\/ies-santelm\/wp-json\/wp\/v2\/pages\/2191"}],"wp:attachment":[{"href":"https:\/\/agora.xtec.cat\/ies-santelm\/wp-json\/wp\/v2\/media?parent=2478"}],"curies":[{"name":"wp","href":"https:\/\/api.w.org\/{rel}","templated":true}]}}