{"id":9324,"date":"2025-02-22T18:58:05","date_gmt":"2025-02-22T17:58:05","guid":{"rendered":"https:\/\/agora.xtec.cat\/ies-santaeulalia\/?page_id=9324"},"modified":"2025-02-22T19:07:19","modified_gmt":"2025-02-22T18:07:19","slug":"aprenentatge-i-servei","status":"publish","type":"page","link":"https:\/\/agora.xtec.cat\/ies-santaeulalia\/serveis\/aprenentatge-i-servei\/","title":{"rendered":"Aprenentatge i Servei"},"content":{"rendered":"<p>Tot i la pluralitat d\u2019experi\u00e8ncies d\u2019APS, amb accents i sensibilitats diferents, hi ha un cert grau d\u2019unanimitat en definir-lo com una activitat complexa que integra el servei a la comunitat amb l\u2019aprenentatge de continguts, compet\u00e8ncies, habilitats o valors. En l\u2019APS es fonen intencionalitat pedag\u00f2gica i intencionalitat solid\u00e0ria. \u00c9s una proposta innovadora que parteix d\u2019elements tan coneguts com el servei voluntari a la comunitat i l\u2019adquisici\u00f3 d\u2019aprenentatges.<\/p>\n<p>L\u2019aprenentatge servei \u00e9s una proposta educativa que combina processos d\u2019aprenentatge i de servei a la comunitat en un sol projecte ben articulat en el<\/p>\n<p>qual els participants es formen tot treballant sobre necessitats reals de l\u2019entorn amb l\u2019objectiu de millorar-lo.<\/p>\n<p><img loading=\"lazy\" decoding=\"async\" class=\"alignleft wp-image-8201 size-medium\" src=\"https:\/\/agora.xtec.cat\/ies-santaeulalia\/wp-content\/uploads\/usu44\/2024\/02\/WhatsApp-Image-2024-02-14-at-11.10.12-225x300.jpeg\" alt=\"\" width=\"225\" height=\"300\" srcset=\"https:\/\/agora.xtec.cat\/ies-santaeulalia\/wp-content\/uploads\/usu44\/2024\/02\/WhatsApp-Image-2024-02-14-at-11.10.12-225x300.jpeg 225w, https:\/\/agora.xtec.cat\/ies-santaeulalia\/wp-content\/uploads\/usu44\/2024\/02\/WhatsApp-Image-2024-02-14-at-11.10.12-768x1024.jpeg 768w, https:\/\/agora.xtec.cat\/ies-santaeulalia\/wp-content\/uploads\/usu44\/2024\/02\/WhatsApp-Image-2024-02-14-at-11.10.12-1152x1536.jpeg 1152w, https:\/\/agora.xtec.cat\/ies-santaeulalia\/wp-content\/uploads\/usu44\/2024\/02\/WhatsApp-Image-2024-02-14-at-11.10.12.jpeg 1200w\" sizes=\"auto, (max-width: 225px) 100vw, 225px\" \/><\/p>\n<p>L\u2019aprenentatge servei \u00e9s, doncs, un projecte educatiu amb utilitat social.<\/p>\n<p>La relaci\u00f3 circular que s\u2019estableix entre l\u2019aprenentatge i el servei genera una nova realitat que intensifica els efectes de cada un per separat. L\u2019aprenentatge millora el servei a la comunitat, perqu\u00e8 aquest guanya en qualitat, i el servei d\u00f3na sentit a l\u2019aprenentatge, perqu\u00e8 all\u00f2 que s\u2019apr\u00e8n es pot transferir a la realitat en forma d\u2019acci\u00f3.<\/p>\n<p>A l&#8217;institut Santa Eul\u00e0lia, aquests projectes APS s&#8217;han consolidat com un punt fort de l&#8217;aprenentatge de l&#8217;alumnat i la millora de la seva relaci\u00f3 amb l&#8217;entorn i a la pr\u00f2pia autoestima.<\/p>\n<p>Font:<a href=\"https:\/\/aprenentatgeservei.cat\/que-es-laps\/\" target=\"_blank\" rel=\"noopener\"> aprenentatgeservei.cat<\/a><\/p>\n","protected":false},"excerpt":{"rendered":"<p>Tot i la pluralitat d\u2019experi\u00e8ncies d\u2019APS, amb accents i sensibilitats diferents, hi ha un cert grau d\u2019unanimitat en definir-lo com una activitat complexa que integra el servei a la comunitat amb l\u2019aprenentatge de continguts, compet\u00e8ncies, habilitats o valors. En l\u2019APS es fonen intencionalitat pedag\u00f2gica i intencionalitat solid\u00e0ria. \u00c9s una proposta innovadora que parteix d\u2019elements tan [&hellip;]<\/p>\n","protected":false},"author":1,"featured_media":0,"parent":63,"menu_order":0,"comment_status":"closed","ping_status":"closed","template":"","meta":{"_bbp_topic_count":0,"_bbp_reply_count":0,"_bbp_total_topic_count":0,"_bbp_total_reply_count":0,"_bbp_voice_count":0,"_bbp_anonymous_reply_count":0,"_bbp_topic_count_hidden":0,"_bbp_reply_count_hidden":0,"_bbp_forum_subforum_count":0,"site-sidebar-layout":"default","site-content-layout":"","ast-site-content-layout":"","site-content-style":"default","site-sidebar-style":"default","ast-global-header-display":"","ast-banner-title-visibility":"","ast-main-header-display":"","ast-hfb-above-header-display":"","ast-hfb-below-header-display":"","ast-hfb-mobile-header-display":"","site-post-title":"","ast-breadcrumbs-content":"","ast-featured-img":"","footer-sml-layout":"","theme-transparent-header-meta":"","adv-header-id-meta":"","stick-header-meta":"","header-above-stick-meta":"","header-main-stick-meta":"","header-below-stick-meta":"","astra-migrate-meta-layouts":"default","ast-page-background-enabled":"default","ast-page-background-meta":{"desktop":{"background-color":"var(--ast-global-color-4)","background-image":"","background-repeat":"repeat","background-position":"center center","background-size":"auto","background-attachment":"scroll","background-type":"","background-media":"","overlay-type":"","overlay-color":"","overlay-opacity":"","overlay-gradient":""},"tablet":{"background-color":"","background-image":"","background-repeat":"repeat","background-position":"center center","background-size":"auto","background-attachment":"scroll","background-type":"","background-media":"","overlay-type":"","overlay-color":"","overlay-opacity":"","overlay-gradient":""},"mobile":{"background-color":"","background-image":"","background-repeat":"repeat","background-position":"center center","background-size":"auto","background-attachment":"scroll","background-type":"","background-media":"","overlay-type":"","overlay-color":"","overlay-opacity":"","overlay-gradient":""}},"ast-content-background-meta":{"desktop":{"background-color":"var(--ast-global-color-5)","background-image":"","background-repeat":"repeat","background-position":"center center","background-size":"auto","background-attachment":"scroll","background-type":"","background-media":"","overlay-type":"","overlay-color":"","overlay-opacity":"","overlay-gradient":""},"tablet":{"background-color":"var(--ast-global-color-5)","background-image":"","background-repeat":"repeat","background-position":"center center","background-size":"auto","background-attachment":"scroll","background-type":"","background-media":"","overlay-type":"","overlay-color":"","overlay-opacity":"","overlay-gradient":""},"mobile":{"background-color":"var(--ast-global-color-5)","background-image":"","background-repeat":"repeat","background-position":"center center","background-size":"auto","background-attachment":"scroll","background-type":"","background-media":"","overlay-type":"","overlay-color":"","overlay-opacity":"","overlay-gradient":""}},"footnotes":""},"class_list":["post-9324","page","type-page","status-publish","hentry"],"post_mailing_queue_ids":[],"_links":{"self":[{"href":"https:\/\/agora.xtec.cat\/ies-santaeulalia\/wp-json\/wp\/v2\/pages\/9324","targetHints":{"allow":["GET"]}}],"collection":[{"href":"https:\/\/agora.xtec.cat\/ies-santaeulalia\/wp-json\/wp\/v2\/pages"}],"about":[{"href":"https:\/\/agora.xtec.cat\/ies-santaeulalia\/wp-json\/wp\/v2\/types\/page"}],"author":[{"embeddable":true,"href":"https:\/\/agora.xtec.cat\/ies-santaeulalia\/wp-json\/wp\/v2\/users\/1"}],"replies":[{"embeddable":true,"href":"https:\/\/agora.xtec.cat\/ies-santaeulalia\/wp-json\/wp\/v2\/comments?post=9324"}],"version-history":[{"count":1,"href":"https:\/\/agora.xtec.cat\/ies-santaeulalia\/wp-json\/wp\/v2\/pages\/9324\/revisions"}],"predecessor-version":[{"id":9325,"href":"https:\/\/agora.xtec.cat\/ies-santaeulalia\/wp-json\/wp\/v2\/pages\/9324\/revisions\/9325"}],"up":[{"embeddable":true,"href":"https:\/\/agora.xtec.cat\/ies-santaeulalia\/wp-json\/wp\/v2\/pages\/63"}],"wp:attachment":[{"href":"https:\/\/agora.xtec.cat\/ies-santaeulalia\/wp-json\/wp\/v2\/media?parent=9324"}],"curies":[{"name":"wp","href":"https:\/\/api.w.org\/{rel}","templated":true}]}}