{"id":8301,"date":"2024-03-08T17:24:18","date_gmt":"2024-03-08T16:24:18","guid":{"rendered":"https:\/\/agora.xtec.cat\/ies-santaeulalia\/?page_id=8301"},"modified":"2025-09-25T12:42:23","modified_gmt":"2025-09-25T10:42:23","slug":"mapa-de-processos","status":"publish","type":"page","link":"https:\/\/agora.xtec.cat\/ies-santaeulalia\/qualitat-i-millora\/mapa-de-processos\/","title":{"rendered":"Mapa de processos QiMC"},"content":{"rendered":"\n<p class=\"has-text-align-center\"><span style=\"color: #ff0000;\"><strong><mark>Intranet<\/mark><\/strong><\/span><\/p>\n\n\n\n<h5 class=\"wp-block-heading\"><strong><a href=\"https:\/\/agora.xtec.cat\/ies-santaeulalia\/wp-content\/uploads\/usu44\/2024\/08\/NOU-MAPA-DE-PROCESSOS.pdf\" target=\"_blank\" rel=\"noopener\">Mapa de processos QiMC<\/a><\/strong><\/h5>\n\n\n\n<p class=\"has-text-align-left\"><em>*Aquests processos es troben en &#8216;revisi\u00f3&#8221; per part de QiMC<\/em><\/p>\n\n\n\n<figure class=\"wp-block-table\"><table class=\"has-fixed-layout\"><tbody><tr><td><h5 style=\"text-align: center;\"><a href=\"https:\/\/drive.google.com\/file\/d\/1ia0i1Suh7pJkrlRAE3jYIMgB86i9ZNxu\/view?usp=drive_link\" target=\"_blank\" rel=\"noopener\">PS-01 Realitzar la gesti\u00f3 acad\u00e8mica*<\/a><\/h5><\/td><td><h5 style=\"text-align: center;\"><a href=\"https:\/\/drive.google.com\/file\/d\/1wlky1sWMMzW6MkGMW_RhUw_qFdVIQYPW\/view?usp=drive_link\" target=\"_blank\" rel=\"noopener\">PS-02 Col\u00b7laborar amb empreses i facilitar la transici\u00f3 al treball*<\/a><\/h5><\/td><td><h5 style=\"text-align: center;\"><a href=\"https:\/\/drive.google.com\/file\/d\/1mxcPfZebGcgAQbjpn37tAeqjALX0yFOU\/view?usp=drive_link\" target=\"_blank\" rel=\"noopener\">PS-03 Gestionar i formar l\u2019equip hum\u00e0 del centre*<\/a><\/h5><\/td><\/tr><tr><td><h5 style=\"text-align: center;\"><a href=\"https:\/\/drive.google.com\/file\/d\/1a9DhyTcvlCmBba7570D-RhBpukaUw6Z4\/view?usp=drive_link\" target=\"_blank\" rel=\"noopener\">PS-04 Gestionar els recursos econ\u00f2mics*<\/a><\/h5><\/td><td><h5 style=\"text-align: center;\"><a href=\"https:\/\/drive.google.com\/file\/d\/1cszzgOtkmr2BnDkyvfiW9ISj69AxNvLz\/view?usp=drive_link\" target=\"_blank\" rel=\"noopener\">PE-01 Planificar i organitzar el centre*<\/a><\/h5><\/td><td><h5 style=\"text-align: center;\"><a href=\"https:\/\/drive.google.com\/file\/d\/1_aUdkT0TcpXWciTL2z0A7DMIa35kLFWT\/view?usp=drive_link\" target=\"_blank\" rel=\"noopener\">PE-02 Desenvolupar i revisar el sistema de gesti\u00f3*<\/a><\/h5><\/td><\/tr><tr><td><h5 style=\"text-align: center;\"><a href=\"https:\/\/drive.google.com\/file\/d\/1mxcPfZebGcgAQbjpn37tAeqjALX0yFOU\/view?usp=sharing\" target=\"_blank\" rel=\"noopener\">PE-03 Gestionar la comunicaci\u00f3, promoci\u00f3 i relacions*<\/a><\/h5><\/td><td><h5 style=\"text-align: center;\"><a href=\"https:\/\/drive.google.com\/file\/d\/1smGhLcQ-zWahnTLl_hnpzXeaFFey1_M6\/view?usp=drive_link\" target=\"_blank\" rel=\"noopener\">PC-O1 Gestionar la informaci\u00f3 i l\u2019admissi\u00f3 de l\u2019alumnat*<\/a><\/h5><\/td><td><h5 style=\"text-align: center;\"><a href=\"https:\/\/drive.google.com\/file\/d\/1EudddWsZiIpbETw82DPnlSwUFTUE1UVx\/view?usp=drive_link\" target=\"_blank\" rel=\"noopener\">PC-02 Desenvolupar l\u2019ensenyament-aprenentatge als Cicles Formatius*<\/a><\/h5><\/td><\/tr><\/tbody><\/table><\/figure>\n","protected":false},"excerpt":{"rendered":"<p>Intranet Mapa de processos QiMC *Aquests processos es troben en &#8216;revisi\u00f3&#8221; per part de QiMC PS-01 Realitzar la gesti\u00f3 acad\u00e8mica* PS-02 Col\u00b7laborar amb empreses i facilitar la transici\u00f3 al treball* PS-03 Gestionar i formar l\u2019equip hum\u00e0 del centre* PS-04 Gestionar els recursos econ\u00f2mics* PE-01 Planificar i organitzar el centre* PE-02 Desenvolupar i revisar el sistema [&hellip;]<\/p>\n","protected":false},"author":1,"featured_media":0,"parent":8292,"menu_order":0,"comment_status":"closed","ping_status":"closed","template":"","meta":{"_bbp_topic_count":0,"_bbp_reply_count":0,"_bbp_total_topic_count":0,"_bbp_total_reply_count":0,"_bbp_voice_count":0,"_bbp_anonymous_reply_count":0,"_bbp_topic_count_hidden":0,"_bbp_reply_count_hidden":0,"_bbp_forum_subforum_count":0,"site-sidebar-layout":"default","site-content-layout":"","ast-site-content-layout":"default","site-content-style":"default","site-sidebar-style":"default","ast-global-header-display":"","ast-banner-title-visibility":"","ast-main-header-display":"","ast-hfb-above-header-display":"","ast-hfb-below-header-display":"","ast-hfb-mobile-header-display":"","site-post-title":"","ast-breadcrumbs-content":"","ast-featured-img":"","footer-sml-layout":"","theme-transparent-header-meta":"","adv-header-id-meta":"","stick-header-meta":"","header-above-stick-meta":"","header-main-stick-meta":"","header-below-stick-meta":"","astra-migrate-meta-layouts":"set","ast-page-background-enabled":"default","ast-page-background-meta":{"desktop":{"background-color":"var(--ast-global-color-4)","background-image":"","background-repeat":"repeat","background-position":"center center","background-size":"auto","background-attachment":"scroll","background-type":"","background-media":"","overlay-type":"","overlay-color":"","overlay-opacity":"","overlay-gradient":""},"tablet":{"background-color":"","background-image":"","background-repeat":"repeat","background-position":"center center","background-size":"auto","background-attachment":"scroll","background-type":"","background-media":"","overlay-type":"","overlay-color":"","overlay-opacity":"","overlay-gradient":""},"mobile":{"background-color":"","background-image":"","background-repeat":"repeat","background-position":"center center","background-size":"auto","background-attachment":"scroll","background-type":"","background-media":"","overlay-type":"","overlay-color":"","overlay-opacity":"","overlay-gradient":""}},"ast-content-background-meta":{"desktop":{"background-color":"var(--ast-global-color-5)","background-image":"","background-repeat":"repeat","background-position":"center center","background-size":"auto","background-attachment":"scroll","background-type":"","background-media":"","overlay-type":"","overlay-color":"","overlay-opacity":"","overlay-gradient":""},"tablet":{"background-color":"var(--ast-global-color-5)","background-image":"","background-repeat":"repeat","background-position":"center center","background-size":"auto","background-attachment":"scroll","background-type":"","background-media":"","overlay-type":"","overlay-color":"","overlay-opacity":"","overlay-gradient":""},"mobile":{"background-color":"var(--ast-global-color-5)","background-image":"","background-repeat":"repeat","background-position":"center center","background-size":"auto","background-attachment":"scroll","background-type":"","background-media":"","overlay-type":"","overlay-color":"","overlay-opacity":"","overlay-gradient":""}},"footnotes":""},"class_list":["post-8301","page","type-page","status-publish","hentry"],"post_mailing_queue_ids":[],"_links":{"self":[{"href":"https:\/\/agora.xtec.cat\/ies-santaeulalia\/wp-json\/wp\/v2\/pages\/8301","targetHints":{"allow":["GET"]}}],"collection":[{"href":"https:\/\/agora.xtec.cat\/ies-santaeulalia\/wp-json\/wp\/v2\/pages"}],"about":[{"href":"https:\/\/agora.xtec.cat\/ies-santaeulalia\/wp-json\/wp\/v2\/types\/page"}],"author":[{"embeddable":true,"href":"https:\/\/agora.xtec.cat\/ies-santaeulalia\/wp-json\/wp\/v2\/users\/1"}],"replies":[{"embeddable":true,"href":"https:\/\/agora.xtec.cat\/ies-santaeulalia\/wp-json\/wp\/v2\/comments?post=8301"}],"version-history":[{"count":5,"href":"https:\/\/agora.xtec.cat\/ies-santaeulalia\/wp-json\/wp\/v2\/pages\/8301\/revisions"}],"predecessor-version":[{"id":10014,"href":"https:\/\/agora.xtec.cat\/ies-santaeulalia\/wp-json\/wp\/v2\/pages\/8301\/revisions\/10014"}],"up":[{"embeddable":true,"href":"https:\/\/agora.xtec.cat\/ies-santaeulalia\/wp-json\/wp\/v2\/pages\/8292"}],"wp:attachment":[{"href":"https:\/\/agora.xtec.cat\/ies-santaeulalia\/wp-json\/wp\/v2\/media?parent=8301"}],"curies":[{"name":"wp","href":"https:\/\/api.w.org\/{rel}","templated":true}]}}