{"id":823,"date":"2017-12-04T13:11:20","date_gmt":"2017-12-04T12:11:20","guid":{"rendered":"http:\/\/agora.xtec.cat\/ies-santaeulalia\/?page_id=823"},"modified":"2025-11-07T15:24:52","modified_gmt":"2025-11-07T14:24:52","slug":"tutors-de-practiques","status":"publish","type":"page","link":"https:\/\/agora.xtec.cat\/ies-santaeulalia\/linstitut\/tutors-de-practiques\/","title":{"rendered":"Tutories Pr\u00e0ctiques d&#8217;empresa FP"},"content":{"rendered":"\n<h4 class=\"wp-block-heading\">COORDINADORA ERASMUS:<\/h4>\n\n\n\n<p>Anna Mohedano (<a href=\"mailto:erasmus@santaeulalia.cat\" target=\"_blank\" rel=\"noopener\">erasmus<span style=\"color: #1155cc;\">@<\/span>santaeulalia<span style=\"color: #1155cc;\">.cat<\/span><\/a>)<\/p>\n\n\n\n<h4 class=\"wp-block-heading\">COORDINADOR FPDUAL: 93 731 40 80<\/h4>\n\n\n\n<p>Francisco Rico (<a href=\"mailto:frico@santaeulalia.cat\">frico@santaeulalia.cat<\/a>)<\/p>\n\n\n\n<p><\/p>\n\n\n\n<h4 class=\"wp-block-heading\">&nbsp;<\/h4>\n\n\n\n<h4 class=\"wp-block-heading\">COORDINADORA FCT &#8211; <strong>93 731 40 80<\/strong><\/h4>\n\n\n\n<p>Marta Mart\u00ednez (<a href=\"mmartinez@santaeulalia.cat\">mmartinez@santaeulalia.cat<\/a>)<\/p>\n\n\n\n<figure class=\"wp-block-image alignleft\"><a href=\"https:\/\/empresa.santaeulalia.cat\/\" target=\"_blank\" rel=\"noopener\"><img loading=\"lazy\" decoding=\"async\" width=\"300\" height=\"150\" src=\"https:\/\/agora.xtec.cat\/ies-santaeulalia\/wp-content\/uploads\/usu44\/2021\/06\/borsa-300x150.png\" alt=\"Borsa de treball\" class=\"wp-image-4398\" srcset=\"https:\/\/agora.xtec.cat\/ies-santaeulalia\/wp-content\/uploads\/usu44\/2021\/06\/borsa-300x150.png 300w, https:\/\/agora.xtec.cat\/ies-santaeulalia\/wp-content\/uploads\/usu44\/2021\/06\/borsa.png 600w\" sizes=\"auto, (max-width: 300px) 100vw, 300px\" \/><\/a><\/figure>\n\n\n\n<figure class=\"wp-block-image alignleft\"><img loading=\"lazy\" decoding=\"async\" width=\"300\" height=\"150\" src=\"https:\/\/agora.xtec.cat\/ies-santaeulalia\/wp-content\/uploads\/usu44\/2021\/06\/pr\u00e0ctiques-300x150.png\" alt=\"\" class=\"wp-image-4399\" srcset=\"https:\/\/agora.xtec.cat\/ies-santaeulalia\/wp-content\/uploads\/usu44\/2021\/06\/pr\u00e0ctiques-300x150.png 300w, https:\/\/agora.xtec.cat\/ies-santaeulalia\/wp-content\/uploads\/usu44\/2021\/06\/pr\u00e0ctiques.png 600w\" sizes=\"auto, (max-width: 300px) 100vw, 300px\" \/><\/figure>\n\n\n\n<p><a href=\"https:\/\/empresa.santaeulalia.cat\/\" target=\"_blank\" rel=\"noopener\"> <\/a><\/p>\n\n\n\n<p>&nbsp;<\/p>\n\n\n\n<p>&nbsp;<\/p>\n\n\n\n<hr class=\"wp-block-separator has-alpha-channel-opacity\"\/>\n\n\n\n<h4 class=\"wp-block-heading\">ADMINISTRACI\u00d3 I GESTI\u00d3 &#8211; <strong>93 731 40 89<\/strong><\/h4>\n\n\n\n<ul class=\"wp-block-list\">\n<li><strong>GM Gesti\u00f3 Administrativa:\u00a0<\/strong>PABLO\u00a0MOLINER<\/li>\n\n\n\n<li><strong>GM Gesti\u00f3 Administrativa <strong>(\u00e0mbit sanitari)<\/strong>:<\/strong> CARLES MORANTE<\/li>\n\n\n\n<li><strong>GS Administraci\u00f3 i finances:<\/strong> ROSA M\u00aa ARCOS<\/li>\n<\/ul>\n\n\n\n<hr class=\"wp-block-separator has-alpha-channel-opacity\"\/>\n\n\n\n<h4 class=\"wp-block-heading\">INSTAL\u00b7LACI\u00d3 I MANTENIMENT &#8211;<strong>&nbsp;93 731 40 80<\/strong><\/h4>\n\n\n\n<ul class=\"wp-block-list\">\n<li><strong>GM Manteniment electromec\u00e0nic:&nbsp;&nbsp;<\/strong>ANTONIO MANUEL LEYVA<\/li>\n\n\n\n<li><strong>GM Instal\u00b7lacions frigor\u00edfiques i de climatitzaci\u00f3:&nbsp;<\/strong>AUGUSTO GORRES<\/li>\n\n\n\n<li><strong>GM Instal\u00b7lacions producci\u00f3 de calor:&nbsp;<\/strong> JOSE MARIA BERBEL<\/li>\n\n\n\n<li><strong>GS Manteniment d&#8217;instal\u00b7lacions t\u00e8rmiques i de fluids:&nbsp;<\/strong> JORDI VIVES<\/li>\n\n\n\n<li><strong>GS Mecatr\u00f2nica industrial:&nbsp;<\/strong>JOSEP LLU\u00cdS C\u00c0NOVAS<\/li>\n\n\n\n<li><strong>GS Manteniment electr\u00f2nic:&nbsp;<\/strong>ALFONS PAGAN<\/li>\n<\/ul>\n\n\n\n<hr class=\"wp-block-separator has-alpha-channel-opacity\"\/>\n\n\n\n<h4 class=\"wp-block-heading\">ENERGIA I AIGUA &#8211; <strong>93 731 40 80<\/strong><\/h4>\n\n\n\n<ul class=\"wp-block-list\">\n<li><strong>GS Energies renovables:&nbsp;<\/strong>JOSE ANTONIO QUILES<\/li>\n<\/ul>\n\n\n\n<hr class=\"wp-block-separator has-alpha-channel-opacity\"\/>\n\n\n\n<h4 class=\"wp-block-heading\"><strong>&nbsp;ELECTRICITAT I ELECTR\u00d2NICA &#8211; 93 731 40 80<\/strong><\/h4>\n\n\n\n<ul class=\"wp-block-list\">\n<li><strong>GM Instal\u00b7lacions el\u00e8ctriques i autom\u00e0tiques:&nbsp;<\/strong>TONI ACEVEDO<\/li>\n\n\n\n<li><strong>GS Sistemes electrot\u00e8cnics i automatitzats:&nbsp;<\/strong> MANUEL MEIXIDE<\/li>\n<\/ul>\n\n\n\n<hr class=\"wp-block-separator has-alpha-channel-opacity\"\/>\n\n\n\n<h4 class=\"wp-block-heading\">ACTIVITATS F\u00cdSIQUES I ESPORTIVES &#8211; <strong style=\"font-family: inherit;\">93 731 40 80<\/strong><\/h4>\n\n\n\n<ul class=\"wp-block-list\">\n<li><strong>GM Guia en el Medi Natural i de Temps de Lleure<\/strong>: ALICIA SALVADOR \/ RICARD MIQUEL<\/li>\n\n\n\n<li><strong>GS Ensenyament i animaci\u00f3 socioesportiva<\/strong>: FRANCESC SANCHEZ<\/li>\n\n\n\n<li><strong>GS Condicionament f\u00edsic<\/strong>: ANNA MOHEDANO<\/li>\n<\/ul>\n\n\n\n<hr class=\"wp-block-separator has-alpha-channel-opacity\"\/>\n\n\n\n<h4 class=\"wp-block-heading\">IMATGE I SO &#8211;&nbsp;<strong>93 783 68 68<\/strong><\/h4>\n\n\n\n<p><strong>Edifici d&#8217;Imatge i So <\/strong>(C\/ Badalona, 1 Bis &#8211; Campus Professional Vallparad\u00eds)<\/p>\n\n\n\n<ul class=\"wp-block-list\">\n<li><strong>GM V\u00eddeo discj\u00f2quei i so:<\/strong> MARGARITA BORRULL (MATI) \/ ELENA ZAPATA (TARDA)<\/li>\n\n\n\n<li><strong>GS Il\u00b7luminaci\u00f3, captaci\u00f3 i tractament d\u2019imatge: <\/strong>M\u00aa JOSEP PEREZ<\/li>\n\n\n\n<li><strong>GS Realitzaci\u00f3 de projectes d\u2019audiovisuals i espectacles: <\/strong> FRANCESC VILA<\/li>\n\n\n\n<li><strong>GS Producci\u00f3 d&#8217;audiovisuals i espectacles: <\/strong>ALVARO SCARPINO<\/li>\n<\/ul>\n\n\n\n<hr class=\"wp-block-separator has-alpha-channel-opacity\"\/>\n\n\n\n<h4 class=\"wp-block-heading\">PFI &#8211;&nbsp;<strong>93 731 40 80<\/strong><\/h4>\n\n\n\n<ul class=\"wp-block-list\">\n<li><strong>Auxiliar d&#8217;activitats d&#8217;oficina i en serveis administratius generals: <\/strong>CARMEN LLOREN\u00c7<\/li>\n\n\n\n<li><strong>Auxiliar de vendes, oficina i atenci\u00f3 al p\u00fablic:<\/strong> JUAN MANUEL GONZ\u00c1LEZ VIC<\/li>\n<\/ul>\n\n\n\n<p>&nbsp;<\/p>\n\n\n\n<p><em>NOTA:  SETEMBRE &#8211; 2025-26. <\/em><\/p>\n","protected":false},"excerpt":{"rendered":"<p>COORDINADORA ERASMUS: Anna Mohedano (erasmus@santaeulalia.cat) COORDINADOR FPDUAL: 93 731 40 80 Francisco Rico (frico@santaeulalia.cat) &nbsp; COORDINADORA FCT &#8211; 93 731 40 80 Marta Mart\u00ednez (mmartinez@santaeulalia.cat) &nbsp; &nbsp; ADMINISTRACI\u00d3 I GESTI\u00d3 &#8211; 93 731 40 89 INSTAL\u00b7LACI\u00d3 I MANTENIMENT &#8211;&nbsp;93 731 40 80 ENERGIA I AIGUA &#8211; 93 731 40 80 &nbsp;ELECTRICITAT I ELECTR\u00d2NICA &#8211; 93 [&hellip;]<\/p>\n","protected":false},"author":1,"featured_media":0,"parent":19,"menu_order":13,"comment_status":"closed","ping_status":"closed","template":"","meta":{"_bbp_topic_count":0,"_bbp_reply_count":0,"_bbp_total_topic_count":0,"_bbp_total_reply_count":0,"_bbp_voice_count":0,"_bbp_anonymous_reply_count":0,"_bbp_topic_count_hidden":0,"_bbp_reply_count_hidden":0,"_bbp_forum_subforum_count":0,"site-sidebar-layout":"default","site-content-layout":"","ast-site-content-layout":"default","site-content-style":"default","site-sidebar-style":"default","ast-global-header-display":"","ast-banner-title-visibility":"","ast-main-header-display":"","ast-hfb-above-header-display":"","ast-hfb-below-header-display":"","ast-hfb-mobile-header-display":"","site-post-title":"","ast-breadcrumbs-content":"","ast-featured-img":"","footer-sml-layout":"","theme-transparent-header-meta":"","adv-header-id-meta":"","stick-header-meta":"","header-above-stick-meta":"","header-main-stick-meta":"","header-below-stick-meta":"","astra-migrate-meta-layouts":"set","ast-page-background-enabled":"default","ast-page-background-meta":{"desktop":{"background-color":"var(--ast-global-color-4)","background-image":"","background-repeat":"repeat","background-position":"center center","background-size":"auto","background-attachment":"scroll","background-type":"","background-media":"","overlay-type":"","overlay-color":"","overlay-opacity":"","overlay-gradient":""},"tablet":{"background-color":"","background-image":"","background-repeat":"repeat","background-position":"center center","background-size":"auto","background-attachment":"scroll","background-type":"","background-media":"","overlay-type":"","overlay-color":"","overlay-opacity":"","overlay-gradient":""},"mobile":{"background-color":"","background-image":"","background-repeat":"repeat","background-position":"center center","background-size":"auto","background-attachment":"scroll","background-type":"","background-media":"","overlay-type":"","overlay-color":"","overlay-opacity":"","overlay-gradient":""}},"ast-content-background-meta":{"desktop":{"background-color":"var(--ast-global-color-5)","background-image":"","background-repeat":"repeat","background-position":"center center","background-size":"auto","background-attachment":"scroll","background-type":"","background-media":"","overlay-type":"","overlay-color":"","overlay-opacity":"","overlay-gradient":""},"tablet":{"background-color":"var(--ast-global-color-5)","background-image":"","background-repeat":"repeat","background-position":"center center","background-size":"auto","background-attachment":"scroll","background-type":"","background-media":"","overlay-type":"","overlay-color":"","overlay-opacity":"","overlay-gradient":""},"mobile":{"background-color":"var(--ast-global-color-5)","background-image":"","background-repeat":"repeat","background-position":"center center","background-size":"auto","background-attachment":"scroll","background-type":"","background-media":"","overlay-type":"","overlay-color":"","overlay-opacity":"","overlay-gradient":""}},"footnotes":""},"class_list":["post-823","page","type-page","status-publish","hentry"],"post_mailing_queue_ids":[],"_links":{"self":[{"href":"https:\/\/agora.xtec.cat\/ies-santaeulalia\/wp-json\/wp\/v2\/pages\/823","targetHints":{"allow":["GET"]}}],"collection":[{"href":"https:\/\/agora.xtec.cat\/ies-santaeulalia\/wp-json\/wp\/v2\/pages"}],"about":[{"href":"https:\/\/agora.xtec.cat\/ies-santaeulalia\/wp-json\/wp\/v2\/types\/page"}],"author":[{"embeddable":true,"href":"https:\/\/agora.xtec.cat\/ies-santaeulalia\/wp-json\/wp\/v2\/users\/1"}],"replies":[{"embeddable":true,"href":"https:\/\/agora.xtec.cat\/ies-santaeulalia\/wp-json\/wp\/v2\/comments?post=823"}],"version-history":[{"count":6,"href":"https:\/\/agora.xtec.cat\/ies-santaeulalia\/wp-json\/wp\/v2\/pages\/823\/revisions"}],"predecessor-version":[{"id":10183,"href":"https:\/\/agora.xtec.cat\/ies-santaeulalia\/wp-json\/wp\/v2\/pages\/823\/revisions\/10183"}],"up":[{"embeddable":true,"href":"https:\/\/agora.xtec.cat\/ies-santaeulalia\/wp-json\/wp\/v2\/pages\/19"}],"wp:attachment":[{"href":"https:\/\/agora.xtec.cat\/ies-santaeulalia\/wp-json\/wp\/v2\/media?parent=823"}],"curies":[{"name":"wp","href":"https:\/\/api.w.org\/{rel}","templated":true}]}}