{"id":81,"date":"2014-09-18T10:38:05","date_gmt":"2014-09-18T08:38:05","guid":{"rendered":"http:\/\/agora.xtec.cat\/ies-santaeulalia\/?page_id=81"},"modified":"2025-07-10T10:42:33","modified_gmt":"2025-07-10T08:42:33","slug":"secretaria","status":"publish","type":"page","link":"https:\/\/agora.xtec.cat\/ies-santaeulalia\/secretaria\/","title":{"rendered":"Secretaria"},"content":{"rendered":"<p>La Secretaria de l\u2019institut s\u2019ocupa de tots els aspectes de la gesti\u00f3 administrativa del centre. Dirigiu-vos a Secretaria tant per a efectuar els diferents tr\u00e0mits administratius que desitgeu (preinscripci\u00f3, matriculaci\u00f3, beques) com per a obtenir informacions addicionals sobre terminis o la documentaci\u00f3 necess\u00e0ria per a les diferents gestions.<\/p>\n<ul style=\"list-style-type: circle;\">\n<li><a href=\"https:\/\/agora.xtec.cat\/ies-santaeulalia\/secretaria\/impresos\/\">Impresos sol\u00b7licitud<\/a><\/li>\n<li><a href=\"https:\/\/agora.xtec.cat\/ies-santaeulalia\/secretaria\/preinscripcio-i-matricula\/\">Preinscripci\u00f3 i matr\u00edcula<\/a><\/li>\n<li><a href=\"https:\/\/agora.xtec.cat\/ies-santaeulalia\/secretaria\/requisits-acces-cf\/\">Requisits acc\u00e9s cicles formatius<\/a><\/li>\n<li><a href=\"https:\/\/agora.xtec.cat\/ies-santaeulalia\/secretaria\/convalidacions-cf\/\">Convalidacions entre cicles formatius<\/a><\/li>\n<li><a href=\"https:\/\/agora.xtec.cat\/ies-santaeulalia\/secretaria\/atencio-personalitzada\/\">Horari i atenci\u00f3 personalitzada<\/a><\/li>\n<\/ul>\n<p><a href=\"https:\/\/agora.xtec.cat\/ies-santaeulalia\/wp-content\/uploads\/usu44\/2024\/06\/secretaria.jpg\"><img loading=\"lazy\" decoding=\"async\" class=\"alignnone wp-image-8642\" src=\"https:\/\/agora.xtec.cat\/ies-santaeulalia\/wp-content\/uploads\/usu44\/2024\/06\/secretaria-1024x781.jpg\" alt=\"\" width=\"411\" height=\"314\" srcset=\"https:\/\/agora.xtec.cat\/ies-santaeulalia\/wp-content\/uploads\/usu44\/2024\/06\/secretaria-1024x781.jpg 1024w, https:\/\/agora.xtec.cat\/ies-santaeulalia\/wp-content\/uploads\/usu44\/2024\/06\/secretaria-300x229.jpg 300w, https:\/\/agora.xtec.cat\/ies-santaeulalia\/wp-content\/uploads\/usu44\/2024\/06\/secretaria-768x586.jpg 768w, https:\/\/agora.xtec.cat\/ies-santaeulalia\/wp-content\/uploads\/usu44\/2024\/06\/secretaria.jpg 1072w\" sizes=\"auto, (max-width: 411px) 100vw, 411px\" \/><\/a><\/p>\n","protected":false},"excerpt":{"rendered":"<p>La Secretaria de l\u2019institut s\u2019ocupa de tots els aspectes de la gesti\u00f3 administrativa del centre. Dirigiu-vos a Secretaria tant per a efectuar els diferents tr\u00e0mits administratius que desitgeu (preinscripci\u00f3, matriculaci\u00f3, beques) com per a obtenir informacions addicionals sobre terminis o la documentaci\u00f3 necess\u00e0ria per a les diferents gestions. Impresos sol\u00b7licitud Preinscripci\u00f3 i matr\u00edcula Requisits acc\u00e9s [&hellip;]<\/p>\n","protected":false},"author":1,"featured_media":0,"parent":0,"menu_order":12,"comment_status":"closed","ping_status":"closed","template":"","meta":{"_bbp_topic_count":0,"_bbp_reply_count":0,"_bbp_total_topic_count":0,"_bbp_total_reply_count":0,"_bbp_voice_count":0,"_bbp_anonymous_reply_count":0,"_bbp_topic_count_hidden":0,"_bbp_reply_count_hidden":0,"_bbp_forum_subforum_count":0,"site-sidebar-layout":"default","site-content-layout":"","ast-site-content-layout":"default","site-content-style":"default","site-sidebar-style":"default","ast-global-header-display":"","ast-banner-title-visibility":"","ast-main-header-display":"","ast-hfb-above-header-display":"","ast-hfb-below-header-display":"","ast-hfb-mobile-header-display":"","site-post-title":"","ast-breadcrumbs-content":"","ast-featured-img":"","footer-sml-layout":"","theme-transparent-header-meta":"","adv-header-id-meta":"","stick-header-meta":"","header-above-stick-meta":"","header-main-stick-meta":"","header-below-stick-meta":"","astra-migrate-meta-layouts":"set","ast-page-background-enabled":"default","ast-page-background-meta":{"desktop":{"background-color":"var(--ast-global-color-4)","background-image":"","background-repeat":"repeat","background-position":"center center","background-size":"auto","background-attachment":"scroll","background-type":"","background-media":"","overlay-type":"","overlay-color":"","overlay-opacity":"","overlay-gradient":""},"tablet":{"background-color":"","background-image":"","background-repeat":"repeat","background-position":"center center","background-size":"auto","background-attachment":"scroll","background-type":"","background-media":"","overlay-type":"","overlay-color":"","overlay-opacity":"","overlay-gradient":""},"mobile":{"background-color":"","background-image":"","background-repeat":"repeat","background-position":"center center","background-size":"auto","background-attachment":"scroll","background-type":"","background-media":"","overlay-type":"","overlay-color":"","overlay-opacity":"","overlay-gradient":""}},"ast-content-background-meta":{"desktop":{"background-color":"var(--ast-global-color-5)","background-image":"","background-repeat":"repeat","background-position":"center center","background-size":"auto","background-attachment":"scroll","background-type":"","background-media":"","overlay-type":"","overlay-color":"","overlay-opacity":"","overlay-gradient":""},"tablet":{"background-color":"var(--ast-global-color-5)","background-image":"","background-repeat":"repeat","background-position":"center center","background-size":"auto","background-attachment":"scroll","background-type":"","background-media":"","overlay-type":"","overlay-color":"","overlay-opacity":"","overlay-gradient":""},"mobile":{"background-color":"var(--ast-global-color-5)","background-image":"","background-repeat":"repeat","background-position":"center center","background-size":"auto","background-attachment":"scroll","background-type":"","background-media":"","overlay-type":"","overlay-color":"","overlay-opacity":"","overlay-gradient":""}},"footnotes":""},"class_list":["post-81","page","type-page","status-publish","hentry"],"post_mailing_queue_ids":[],"_links":{"self":[{"href":"https:\/\/agora.xtec.cat\/ies-santaeulalia\/wp-json\/wp\/v2\/pages\/81","targetHints":{"allow":["GET"]}}],"collection":[{"href":"https:\/\/agora.xtec.cat\/ies-santaeulalia\/wp-json\/wp\/v2\/pages"}],"about":[{"href":"https:\/\/agora.xtec.cat\/ies-santaeulalia\/wp-json\/wp\/v2\/types\/page"}],"author":[{"embeddable":true,"href":"https:\/\/agora.xtec.cat\/ies-santaeulalia\/wp-json\/wp\/v2\/users\/1"}],"replies":[{"embeddable":true,"href":"https:\/\/agora.xtec.cat\/ies-santaeulalia\/wp-json\/wp\/v2\/comments?post=81"}],"version-history":[{"count":6,"href":"https:\/\/agora.xtec.cat\/ies-santaeulalia\/wp-json\/wp\/v2\/pages\/81\/revisions"}],"predecessor-version":[{"id":9802,"href":"https:\/\/agora.xtec.cat\/ies-santaeulalia\/wp-json\/wp\/v2\/pages\/81\/revisions\/9802"}],"wp:attachment":[{"href":"https:\/\/agora.xtec.cat\/ies-santaeulalia\/wp-json\/wp\/v2\/media?parent=81"}],"curies":[{"name":"wp","href":"https:\/\/api.w.org\/{rel}","templated":true}]}}