{"id":762,"date":"2017-09-07T18:59:25","date_gmt":"2017-09-07T16:59:25","guid":{"rendered":"http:\/\/agora.xtec.cat\/ies-santaeulalia\/?page_id=762"},"modified":"2026-01-07T22:36:23","modified_gmt":"2026-01-07T21:36:23","slug":"hemeroteca","status":"publish","type":"page","link":"https:\/\/agora.xtec.cat\/ies-santaeulalia\/linstitut\/hemeroteca\/","title":{"rendered":"Hemeroteca"},"content":{"rendered":"<p style=\"text-align: center;\"><span style=\"color: #333333;\"><strong>Hemeroteca amb les aparicions del centre a la premsa:<\/strong><\/span><\/p>\n<p>2025<\/p>\n<ul>\n<li><a href=\"https:\/\/youtu.be\/jRJpmV8t1lE\">Projecte contra la bretxa de g\u00e8nere<\/a><\/li>\n<li><a href=\"https:\/\/monterrassa.cat\/societat\/educacio\/ins-santa-eulalia-estrena-tecnologia-ultima-generacio-imatge-so-488155\/\">Aula Ateca d&#8217;imatge i so (Monterrassa.cat)<\/a><\/li>\n<li><a href=\"https:\/\/serveiseducatius.xtec.cat\/vallesoccidental2\/general\/linstitut-santa-eulalia-de-terrassa-estrena-laula-ateca-un-espai-tecnologic-dultima-generacio-per-a-imatge-i-so\/\">Inauguraci\u00f3 AULA ATECA d&#8217;imatge i so (CRP Vall\u00e8s OCC II)<\/a><\/li>\n<li><a href=\"https:\/\/terrassadigital.cat\/linstitut-santa-eulalia-inaugura-nova-aula-atec\/\">Inauguraci\u00f3 AULA ATECA del departament d&#8217;imatge i so (terrasssadigital.cat)<\/a><\/li>\n<li><a href=\"https:\/\/www.jornal.cat\/noticia\/39263\/5-iniciatives-centres-educatius\">Jornat.cat econ\u00f2mia social i cooperativisme<\/a><\/li>\n<li><a href=\"https:\/\/monterrassa.cat\/societat\/educacio\/institut-santa-eulalia-sera-primer-centre-integrat-fp-terrassa-466105\/\" target=\"_blank\" rel=\"noopener\">L\u2019Institut Santa Eul\u00e0lia ser\u00e0 el primer centre integrat d\u2019FP de Terrassa<\/a><\/li>\n<li><a href=\"https:\/\/www.diarideterrassa.com\/terrassa\/700-noves-places-de-formacio-professional-al-valles.html\" target=\"_blank\" rel=\"noopener\">Visita Director General FP (700 noves places de Formaci\u00f3 Professional al Vall\u00e8s)<\/a><\/li>\n<li><a href=\"https:\/\/youtu.be\/Ga_GJDNRKak\">Enquesta de la ciutat (Matem\u00e0tiques ESO)<\/a><\/li>\n<li><a href=\"https:\/\/youtu.be\/XK0z-9S-x4k?si=JILcxVBdID8TLIsL\">AVIBES jornades t\u00e8cniques d&#8217;imatge i so<\/a><\/li>\n<\/ul>\n<p><strong>2024<\/strong><\/p>\n<ul>\n<li><a href=\"https:\/\/terrassadigital.cat\/lins-santa-eulalia-presenta-lenquesta-sobre-gent-gran\/\">L\u2019INS Santa Eul\u00e0lia presenta l\u2019enquesta sobre gent gran<\/a><\/li>\n<li><a href=\"https:\/\/youtu.be\/RSt6Q6BAuFM?si=EQbSFk-_b7XLD0vy\">Ins Santa eul\u00e0lia guanya el premi escolar al millor curt (One Shot 2024)<\/a><\/li>\n<li><a href=\"https:\/\/terrassadigital.cat\/mes-de-200-abonaments-venuts-per-les-12-hores-fantastiques\/\">&#8220;El dibujante&#8221;, curt d&#8217;alumnat del centre, projectat a les 12h fant\u00e0stiques de Terrassa<\/a><\/li>\n<li><a href=\"https:\/\/terrassadigital.cat\/murder-camp-el-musical-arribara-al-nou-espai-artistic-lasala\/\">El musical &#8220;Murder camp&#8221; (exalumnat) arriba a LaSala<\/a><\/li>\n<li><a href=\"https:\/\/youtu.be\/z1KA9vK5taY\">Terrassa \u00e9s un dels 8 municipis catalans que dissenyen un nou model d\u2019orientaci\u00f3 educativa<\/a><\/li>\n<\/ul>\n<p><strong>2023<\/strong><\/p>\n<ul>\n<li><a href=\"https:\/\/www.diarideterrassa.com\/terrassa\/2023\/10\/30\/visita-sud-coreana-a-linstitut-santa-eulalia-de-terrassa\/\" target=\"_blank\" rel=\"noopener\">https:\/\/www.diarideterrassa.com\/terrassa\/2023\/10\/30\/visita-sud-coreana-a-linstitut-santa-eulalia-de-terrassa\/<\/a><\/li>\n<li><a href=\"https:\/\/cst.cat\/el-consorci-sanitari-de-terrassa-participa-en-el-projecte-rescat-de-records-de-linstitut-santa-eulalia\/\">Projecte &#8220;Rescat de Records<\/a>&#8220;.<\/li>\n<li><a href=\"https:\/\/www.diarideterrassa.com\/terrassa\/2023\/09\/29\/visita-finlandesa-a-terrassa-de-la-ma-de-lins-santa-eulalia\/\" target=\"_blank\" rel=\"noopener\">https:\/\/www.diarideterrassa.com\/terrassa\/2023\/09\/29\/visita-finlandesa-a-terrassa-de-la-ma-de-lins-santa-eulalia\/<\/a><\/li>\n<li><a href=\"https:\/\/terrassadigital.cat\/professorat-del-helsinki-vocational-college-and-adult-institute-visita-lins-santa-eulalia\/\" target=\"_blank\" rel=\"noopener\">https:\/\/terrassadigital.cat\/professorat-del-helsinki-vocational-college-and-adult-institute-visita-lins-santa-eulalia\/<\/a><\/li>\n<li><a href=\"https:\/\/www.diarideterrassa.com\/fotografia\/2023\/06\/02\/fotos-alumnes-del-ins-santa-eulalia-de-terrassa-recaten-records-de-la-gent-gran\/\" target=\"_blank\" rel=\"noopener\">https:\/\/www.diarideterrassa.com\/fotografia\/2023\/06\/02\/fotos-alumnes-del-ins-santa-eulalia-de-terrassa-recaten-records-de-la-gent-gran\/<\/a><\/li>\n<li><a href=\"https:\/\/www.diarideterrassa.com\/terrassa\/2023\/03\/13\/rodatges-alumnes-ins-santa-eulalia-terrassa\/\" target=\"_blank\" rel=\"noopener\">https:\/\/www.diarideterrassa.com\/terrassa\/2023\/03\/13\/rodatges-alumnes-ins-santa-eulalia-terrassa\/<\/a><\/li>\n<\/ul>\n<p><strong>2022<\/strong><\/p>\n<ul>\n<li><a href=\"https:\/\/terrassadigital.cat\/lliurats-els-premis-als-guanyadors-del-programa-cultural-del-consell-esportiu\/\">Lliurats els premis als guanyadors del Programa Cultural del Consell Esportiu<\/a><\/li>\n<li><a href=\"https:\/\/terrassadigital.cat\/samplia-loferta-de-formacio-professional-amb-9-nous-cicles-i-programes-per-al-curs-2022-2023\/\">S\u2019amplia l\u2019oferta de formaci\u00f3 professional amb 9 nous cicles i programes per al curs 2022-2023<\/a><\/li>\n<li><\/li>\n<\/ul>\n<p style=\"text-align: left;\"><strong>2021<\/strong><\/p>\n<ul>\n<li><a href=\"https:\/\/www.instagram.com\/p\/CNsDgS7r3wM\/?igshid=1lhgjl2ht6tx5\" target=\"_blank\" rel=\"noopener noreferrer\">https:\/\/www.instagram.com\/p\/CNsDgS7r3wM\/?igshid=1lhgjl2ht6tx5<\/a><\/li>\n<li><a href=\"https:\/\/elmon.cat\/monterrassa\/societat\/institut-terrassa-prova-pilot-dimmersio-fabricacio-digital\">https:\/\/elmon.cat\/monterrassa\/societat\/institut-terrassa-prova-pilot-dimmersio-fabricacio-digital<\/a><\/li>\n<li><a href=\"https:\/\/www.diarideterrassa.com\/terrassa\/2021\/11\/19\/terrassa-fp-fonseuropeus\/\" target=\"_blank\" rel=\"noopener\">https:\/\/www.diarideterrassa.com\/terrassa\/2021\/11\/19\/terrassa-fp-fonseuropeus\/<\/a><\/li>\n<li><a href=\"https:\/\/www.naciodigital.cat\/latorredelpalau\/noticia\/77453\/estudiant-ins-santa-eulalia-guanya-concurs-amb-metode-reutilitzar-objectes-quotidians\" target=\"_blank\" rel=\"noopener\">https:\/\/www.naciodigital.cat\/latorredelpalau\/noticia\/77453\/estudiant-ins-santa-eulalia-guanya-concurs-amb-metode-reutilitzar-objectes-quotidians<\/a><\/li>\n<\/ul>\n<p><strong>2020<\/strong><\/p>\n<ul>\n<li><a href=\"https:\/\/www.naciodigital.cat\/latorredelpalau\/noticia\/72496\/bullying\/teus\/ulls\/projecte\/alumnes\/ins\/santa\/eulalia\/combina\/assetjament\/escolar\/realitat\/virtual\">https:\/\/www.naciodigital.cat\/latorredelpalau\/noticia\/72496\/bullying\/teus\/ulls\/projecte\/alumnes\/ins\/santa\/eulalia\/combina\/assetjament\/escolar\/realitat\/virtual<\/a><\/li>\n<li><a href=\"https:\/\/www.elperiodico.com\/es\/terrassa\/20200302\/roger-danes-y-erika-sanchez-protagonistas-en-las-jornadas-tecnicas-del-ins-santa-eulalia-de-terrassa-7871622\">https:\/\/www.elperiodico.com\/es\/terrassa\/20200302\/roger-danes-y-erika-sanchez-protagonistas-en-las-jornadas-tecnicas-del-ins-santa-eulalia-de-terrassa-7871622<\/a><\/li>\n<li><a href=\"https:\/\/elmon.cat\/monterrassa\/societat\/nou-projecte-lins-santa-eulalia-prevenir-trastorns-emocionals\">https:\/\/elmon.cat\/monterrassa\/societat\/nou-projecte-lins-santa-eulalia-prevenir-trastorns-emocionals<\/a><\/li>\n<li><a href=\"http:\/\/www.diarideterrassa.es\/terrassa\/2020\/01\/08\/lins-santa-eulalia-signa-practiques\/128761.html\">http:\/\/www.diarideterrassa.es\/terrassa\/2020\/01\/08\/lins-santa-eulalia-signa-practiques\/128761.html<\/a><\/li>\n<li><a href=\"http:\/\/www.diarideterrassa.es\/terrassa\/2020\/01\/30\/lins-santa-eulalia-celebra-seva\/130705.html\">http:\/\/www.diarideterrassa.es\/terrassa\/2020\/01\/30\/lins-santa-eulalia-celebra-seva\/130705.html<\/a><\/li>\n<li><a href=\"http:\/\/www.diarideterrassa.es\/terrassa\/2020\/02\/18\/projecte-lins-santa-eulaliabulling-els\/132385.html\">http:\/\/www.diarideterrassa.es\/terrassa\/2020\/02\/18\/projecte-lins-santa-eulaliabulling-els\/132385.html<\/a><\/li>\n<li><a href=\"https:\/\/www.naciodigital.cat\/latorredelpalau\/noticia\/72496\/bullying\/teus\/ulls\/projecte\/alumnes\/ins\/santa\/eulalia\/combina\/assetjament\/escolar\/realitat\/virtual\">https:\/\/www.naciodigital.cat\/latorredelpalau\/noticia\/72496\/bullying\/teus\/ulls\/projecte\/alumnes\/ins\/santa\/eulalia\/combina\/assetjament\/escolar\/realitat\/virtual<\/a><\/li>\n<\/ul>\n<p><strong>2019<\/strong><\/p>\n<ul>\n<li><a href=\"http:\/\/www.diarideterrassa.es\/terrassa\/2019\/03\/29\/visita-ins-santa-eulalia-munich\/107631.html\">http:\/\/www.diarideterrassa.es\/terrassa\/2019\/03\/29\/visita-ins-santa-eulalia-munich\/107631.html<\/a><\/li>\n<li><a href=\"http:\/\/www.diarideterrassa.es\/deportes\/2019\/02\/07\/son-finalistas-nit-lesportista\/103319.html\">http:\/\/www.diarideterrassa.es\/deportes\/2019\/02\/07\/son-finalistas-nit-lesportista\/103319.html<\/a><\/li>\n<li><a href=\"http:\/\/www.diarideterrassa.es\/terrassa\/2019\/10\/07\/campanya-per-fomentar-fp-dual\/121348.html\">http:\/\/www.diarideterrassa.es\/terrassa\/2019\/10\/07\/campanya-per-fomentar-fp-dual\/121348.html<\/a><\/li>\n<\/ul>\n<p><strong>2018<\/strong><\/p>\n<ul>\n<li><a href=\"http:\/\/www.lavanguardia.com\/local\/terrassa\/20180603\/443973670064\/estudiantes-tour-virtual-patrimonio-terrassa.html?utm_campaign=botones_sociales&amp;utm_source=facebook&amp;utm_medium=social\">Patrimoni arquitect\u00f2nic de Terrassa en 360\u00ba (La Vanguardia)<\/a><\/li>\n<li><a style=\"font-family: inherit; font-size: 1em;\" href=\"http:\/\/elmon.cat\/monterrassa\/societat\/lins-santa-eulalia-grava-360-patrimoni-arquitectonic-terrassa\">Patrimoni arquitect\u00f2nic de Terrassa en 360\u00ba (M\u00f3n Terrassa)<\/a><\/li>\n<\/ul>\n<ul>\n<li><a href=\"http:\/\/elmon.cat\/monterrassa\/societat\/curs-conductes-linstitut-santa-eulalia-terrassa\">Curs de conductes per part de M.A.T.(Materials A\u00efllants Tarrag\u00f3) i Isover (fabricant d\u2019a\u00efllaments t\u00e8rmics i ac\u00fastics).<\/a><\/li>\n<\/ul>\n<p><strong>2017<\/strong><\/p>\n<ul>\n<li><a href=\"http:\/\/elmon.cat\/monterrassa\/societat\/karaoke-lies-santa-eulalia-terrassa-millorar-langles\">Sing Along Projecte proposa als estudiants una manera divertida de perfeccionar l&#8217;idioma<\/a><\/li>\n<li><a style=\"font-family: inherit; font-size: 1em;\" href=\"http:\/\/elmon.cat\/monterrassa\/noticia\/16453\/ins-santa-eulalia-terrassa-commemora-el-dia-de-la-dona\">L&#8217;IES Santa Eul\u00e0lia amb el dia internacional de la dona. Font: Diari web M\u00f3nTERRASSA.<\/a><\/li>\n<\/ul>\n<p><strong>2016<\/strong><\/p>\n<ul>\n<li><a href=\"http:\/\/www.diarideterrassa.es\/terrassa\/2016\/12\/04\/cuina-on-mexpresso-millor\/43998.html\">Pol Ruiz (ex-alumne) ha rebut el premi a la imaginaci\u00f3 i la creativitat en el concurs de cuina m\u00e9s antic de Catalunya<\/a><\/li>\n<li><a href=\"http:\/\/www.naciodigital.cat\/latorredelpalau\/noticia\/50682\/ins\/sant\/eulalia\/terrassa\/omple\/activitats\/sant\/jordi\">Sant Jordi 2016, Font: Diari Torre del Palau.<\/a><\/li>\n<li><a href=\"http:\/\/elmon.cat\/monterrassa\/noticia\/2027\/lins-santa-eullia-impartir-el-nou-cicle-superior-de-mecatrnica\">L&#8217;INS Santa Eul\u00e0lia impartir\u00e0 el nou cicle superior de Mecatr\u00f2nica. Font: Diari web M\u00f3nTERRASSA<\/a><\/li>\n<\/ul>\n<p><strong>2015<\/strong><\/p>\n<ul>\n<li><a href=\"http:\/\/www.naciodigital.cat\/latorredelpalau\/noticia\/40972\/ies\/santa\/eulalia\/vol\/millorar\/habilitats\/comunicatives\/dels\/alumnes\">L&#8217;IES Santa Eul\u00e0lia vol millorar les habilitats comunicatives dels alumnes.<\/a><\/li>\n<li><a href=\"http:\/\/www.naciodigital.cat\/latorredelpalau\/noticia\/39331\/xerrada\/sobre\/diversitat\/linguistica\/comunicacio\/ins\/santa\/eulalia\">Xerrada sobre diversitat ling\u00fc\u00edstica i comunicaci\u00f3 a l&#8217;INS Santa Eul\u00e0lia.<\/a><\/li>\n<\/ul>\n<p><strong>2014<\/strong><\/p>\n<ul>\n<li><a href=\"http:\/\/www.naciodigital.cat\/latorredelpalau\/noticia\/33286\/ies\/santa\/eulalia\/inicia\/fp\/dual\/al\/sincroto\/alba\">L&#8217;IES Santa Eul\u00e0lia inicia la FP dual al sincrot\u00f3 Alba<\/a><\/li>\n<\/ul>\n<p><strong>2013<\/strong><\/p>\n<ul>\n<li><a href=\"http:\/\/www.naciodigital.cat\/latorredelpalau\/noticia\/24622\/institut\/santa\/eulalia\/compleix\/25\/anys\">L&#8217;Institut Santa Eul\u00e0lia compleix 25 anys (font: Torre del palau)<\/a><\/li>\n<\/ul>\n","protected":false},"excerpt":{"rendered":"<p>Hemeroteca amb les aparicions del centre a la premsa: 2025 Projecte contra la bretxa de g\u00e8nere Aula Ateca d&#8217;imatge i so (Monterrassa.cat) Inauguraci\u00f3 AULA ATECA d&#8217;imatge i so (CRP Vall\u00e8s OCC II) Inauguraci\u00f3 AULA ATECA del departament d&#8217;imatge i so (terrasssadigital.cat) Jornat.cat econ\u00f2mia social i cooperativisme L\u2019Institut Santa Eul\u00e0lia ser\u00e0 el primer centre integrat d\u2019FP [&hellip;]<\/p>\n","protected":false},"author":1,"featured_media":0,"parent":19,"menu_order":14,"comment_status":"closed","ping_status":"closed","template":"","meta":{"_bbp_topic_count":0,"_bbp_reply_count":0,"_bbp_total_topic_count":0,"_bbp_total_reply_count":0,"_bbp_voice_count":0,"_bbp_anonymous_reply_count":0,"_bbp_topic_count_hidden":0,"_bbp_reply_count_hidden":0,"_bbp_forum_subforum_count":0,"site-sidebar-layout":"default","site-content-layout":"","ast-site-content-layout":"default","site-content-style":"default","site-sidebar-style":"default","ast-global-header-display":"","ast-banner-title-visibility":"","ast-main-header-display":"","ast-hfb-above-header-display":"","ast-hfb-below-header-display":"","ast-hfb-mobile-header-display":"","site-post-title":"","ast-breadcrumbs-content":"","ast-featured-img":"","footer-sml-layout":"","theme-transparent-header-meta":"","adv-header-id-meta":"","stick-header-meta":"","header-above-stick-meta":"","header-main-stick-meta":"","header-below-stick-meta":"","astra-migrate-meta-layouts":"set","ast-page-background-enabled":"default","ast-page-background-meta":{"desktop":{"background-color":"var(--ast-global-color-4)","background-image":"","background-repeat":"repeat","background-position":"center center","background-size":"auto","background-attachment":"scroll","background-type":"","background-media":"","overlay-type":"","overlay-color":"","overlay-opacity":"","overlay-gradient":""},"tablet":{"background-color":"","background-image":"","background-repeat":"repeat","background-position":"center center","background-size":"auto","background-attachment":"scroll","background-type":"","background-media":"","overlay-type":"","overlay-color":"","overlay-opacity":"","overlay-gradient":""},"mobile":{"background-color":"","background-image":"","background-repeat":"repeat","background-position":"center center","background-size":"auto","background-attachment":"scroll","background-type":"","background-media":"","overlay-type":"","overlay-color":"","overlay-opacity":"","overlay-gradient":""}},"ast-content-background-meta":{"desktop":{"background-color":"var(--ast-global-color-5)","background-image":"","background-repeat":"repeat","background-position":"center center","background-size":"auto","background-attachment":"scroll","background-type":"","background-media":"","overlay-type":"","overlay-color":"","overlay-opacity":"","overlay-gradient":""},"tablet":{"background-color":"var(--ast-global-color-5)","background-image":"","background-repeat":"repeat","background-position":"center center","background-size":"auto","background-attachment":"scroll","background-type":"","background-media":"","overlay-type":"","overlay-color":"","overlay-opacity":"","overlay-gradient":""},"mobile":{"background-color":"var(--ast-global-color-5)","background-image":"","background-repeat":"repeat","background-position":"center center","background-size":"auto","background-attachment":"scroll","background-type":"","background-media":"","overlay-type":"","overlay-color":"","overlay-opacity":"","overlay-gradient":""}},"footnotes":""},"class_list":["post-762","page","type-page","status-publish","hentry"],"post_mailing_queue_ids":[],"_links":{"self":[{"href":"https:\/\/agora.xtec.cat\/ies-santaeulalia\/wp-json\/wp\/v2\/pages\/762","targetHints":{"allow":["GET"]}}],"collection":[{"href":"https:\/\/agora.xtec.cat\/ies-santaeulalia\/wp-json\/wp\/v2\/pages"}],"about":[{"href":"https:\/\/agora.xtec.cat\/ies-santaeulalia\/wp-json\/wp\/v2\/types\/page"}],"author":[{"embeddable":true,"href":"https:\/\/agora.xtec.cat\/ies-santaeulalia\/wp-json\/wp\/v2\/users\/1"}],"replies":[{"embeddable":true,"href":"https:\/\/agora.xtec.cat\/ies-santaeulalia\/wp-json\/wp\/v2\/comments?post=762"}],"version-history":[{"count":6,"href":"https:\/\/agora.xtec.cat\/ies-santaeulalia\/wp-json\/wp\/v2\/pages\/762\/revisions"}],"predecessor-version":[{"id":10373,"href":"https:\/\/agora.xtec.cat\/ies-santaeulalia\/wp-json\/wp\/v2\/pages\/762\/revisions\/10373"}],"up":[{"embeddable":true,"href":"https:\/\/agora.xtec.cat\/ies-santaeulalia\/wp-json\/wp\/v2\/pages\/19"}],"wp:attachment":[{"href":"https:\/\/agora.xtec.cat\/ies-santaeulalia\/wp-json\/wp\/v2\/media?parent=762"}],"curies":[{"name":"wp","href":"https:\/\/api.w.org\/{rel}","templated":true}]}}