{"id":734,"date":"2017-09-07T17:47:16","date_gmt":"2017-09-07T15:47:16","guid":{"rendered":"http:\/\/agora.xtec.cat\/ies-santaeulalia\/?page_id=734"},"modified":"2024-06-19T10:37:20","modified_gmt":"2024-06-19T08:37:20","slug":"criteris-de-selecccio","status":"publish","type":"page","link":"https:\/\/agora.xtec.cat\/ies-santaeulalia\/eramus\/criteris-de-selecccio\/","title":{"rendered":"Criteris de selecci\u00f3"},"content":{"rendered":"<p><strong>Procediment d&#8217;assignaci\u00f3 de places<\/strong>:<\/p>\n<p style=\"font-weight: 400;\">L&#8217;oferta de les places de mobilitat del programa s&#8217;ofereix a tots els\/les estudiants de <strong>2n curs de Cicles formatius de Grau Superio<\/strong>r, sense difer\u00e8ncies entre sexes, origen social, \u00e8tnic o religi\u00f3s. Qualsevol estudiant t\u00e9 acc\u00e9s al programa, sense restriccions ni quotes.<\/p>\n<p style=\"font-weight: 400;\">Els criteris que actualment s&#8217;utilitzen per a seleccionar els\/les candidats\/es s\u00f3n:<\/p>\n<ul>\n<li style=\"font-weight: 400;\">Qualificacions acad\u00e8miques (expedient)<\/li>\n<li style=\"font-weight: 400;\">Coneixements de llengua anglesa i valoraci\u00f3 del coneixement d&#8217;alguna altra llengua<\/li>\n<li style=\"font-weight: 400;\">Actitud, comprom\u00eds, dedicaci\u00f3 i predisposici\u00f3 (capacitats clau).<\/li>\n<li style=\"font-weight: 400;\">Grau de maduresa (motivacio\u0301, iniciativa, autonomia i habilitats de comunicacio\u0301, entre d&#8217;altres)<\/li>\n<\/ul>\n<p style=\"font-weight: 400;\">Els\/les estudiants s\u00f3n valorats a trav\u00e9s d&#8217;un informe em\u00e8s per un grup de professorat que tenen contacte directe amb cada candidat i que pertanyen a l&#8217;\u00e0rea de coneixement dels estudis que cursa.<\/p>\n<p style=\"font-weight: 400;\">La direcci\u00f3 del centre i la coordinaci\u00f3 d&#8217;Erasmus conformen la comissi\u00f3 de valoraci\u00f3 encarregada d&#8217;avaluar els informes i crear la llista de candidats\/es. Si algun dels\/les aspirants forma part d&#8217;un grup socioecon\u00f2micament desfavorit, la comissi\u00f3 de valoraci\u00f3 pot sol\u00b7licitar una ajuda econ\u00f2mica per a aquells\/es estudiants que ho necessitin.<\/p>\n<p style=\"font-weight: 400;\">El centre es posa en contacte amb empreses que puguin acollir els\/les estudiants per a realitzar les pr\u00e0ctiques en les seves instal\u00b7lacions.<\/p>\n<p><strong>Requisits de seleccio\u0301:<\/strong><\/p>\n<div class=\"page\" title=\"Page 1\">\n<div class=\"layoutArea\">\n<div class=\"column\">\n<ul>\n<li>Ser estudiant de <strong>2n curs d\u2019un Cicle Formatiu de Grau Superior<\/strong> de l&#8217;Institut Santa Eula\u0300lia.<\/li>\n<li>No haver realitzat\/finalitzat les practiques obligato\u0300ries.<\/li>\n<li>Tenir disponibilitat per realitzar l\u2019estada en les dates indicades.<\/li>\n<\/ul>\n<p><strong>Observacions:<\/strong><\/p>\n<\/div>\n<\/div>\n<div class=\"layoutArea\">\n<div class=\"column\">\n<ul>\n<li>Tindr\u00e0 prioritat l&#8217;alumnat amb tots els mo\u0300duls que s\u2019hagin impartit fins el moment de la seleccio\u0301 aprovats.<\/li>\n<li>S\u2019escollira\u0300 els 3 alumnes amb millor puntuaci\u00f3 del barem i la resta quedar\u00e0 en llista d&#8217;espera.<\/li>\n<\/ul>\n<\/div>\n<p>revisi\u00f3 19.06.2024<\/p>\n<\/div>\n<\/div>\n","protected":false},"excerpt":{"rendered":"<p>Procediment d&#8217;assignaci\u00f3 de places: L&#8217;oferta de les places de mobilitat del programa s&#8217;ofereix a tots els\/les estudiants de 2n curs de Cicles formatius de Grau Superior, sense difer\u00e8ncies entre sexes, origen social, \u00e8tnic o religi\u00f3s. Qualsevol estudiant t\u00e9 acc\u00e9s al programa, sense restriccions ni quotes. Els criteris que actualment s&#8217;utilitzen per a seleccionar els\/les candidats\/es [&hellip;]<\/p>\n","protected":false},"author":1,"featured_media":0,"parent":2678,"menu_order":5,"comment_status":"closed","ping_status":"closed","template":"","meta":{"_bbp_topic_count":0,"_bbp_reply_count":0,"_bbp_total_topic_count":0,"_bbp_total_reply_count":0,"_bbp_voice_count":0,"_bbp_anonymous_reply_count":0,"_bbp_topic_count_hidden":0,"_bbp_reply_count_hidden":0,"_bbp_forum_subforum_count":0,"site-sidebar-layout":"default","site-content-layout":"","ast-site-content-layout":"","site-content-style":"default","site-sidebar-style":"default","ast-global-header-display":"","ast-banner-title-visibility":"","ast-main-header-display":"","ast-hfb-above-header-display":"","ast-hfb-below-header-display":"","ast-hfb-mobile-header-display":"","site-post-title":"","ast-breadcrumbs-content":"","ast-featured-img":"","footer-sml-layout":"","theme-transparent-header-meta":"","adv-header-id-meta":"","stick-header-meta":"","header-above-stick-meta":"","header-main-stick-meta":"","header-below-stick-meta":"","astra-migrate-meta-layouts":"default","ast-page-background-enabled":"default","ast-page-background-meta":{"desktop":{"background-color":"var(--ast-global-color-4)","background-image":"","background-repeat":"repeat","background-position":"center center","background-size":"auto","background-attachment":"scroll","background-type":"","background-media":"","overlay-type":"","overlay-color":"","overlay-opacity":"","overlay-gradient":""},"tablet":{"background-color":"","background-image":"","background-repeat":"repeat","background-position":"center center","background-size":"auto","background-attachment":"scroll","background-type":"","background-media":"","overlay-type":"","overlay-color":"","overlay-opacity":"","overlay-gradient":""},"mobile":{"background-color":"","background-image":"","background-repeat":"repeat","background-position":"center center","background-size":"auto","background-attachment":"scroll","background-type":"","background-media":"","overlay-type":"","overlay-color":"","overlay-opacity":"","overlay-gradient":""}},"ast-content-background-meta":{"desktop":{"background-color":"var(--ast-global-color-5)","background-image":"","background-repeat":"repeat","background-position":"center center","background-size":"auto","background-attachment":"scroll","background-type":"","background-media":"","overlay-type":"","overlay-color":"","overlay-opacity":"","overlay-gradient":""},"tablet":{"background-color":"var(--ast-global-color-5)","background-image":"","background-repeat":"repeat","background-position":"center center","background-size":"auto","background-attachment":"scroll","background-type":"","background-media":"","overlay-type":"","overlay-color":"","overlay-opacity":"","overlay-gradient":""},"mobile":{"background-color":"var(--ast-global-color-5)","background-image":"","background-repeat":"repeat","background-position":"center center","background-size":"auto","background-attachment":"scroll","background-type":"","background-media":"","overlay-type":"","overlay-color":"","overlay-opacity":"","overlay-gradient":""}},"footnotes":""},"class_list":["post-734","page","type-page","status-publish","hentry"],"post_mailing_queue_ids":[],"_links":{"self":[{"href":"https:\/\/agora.xtec.cat\/ies-santaeulalia\/wp-json\/wp\/v2\/pages\/734","targetHints":{"allow":["GET"]}}],"collection":[{"href":"https:\/\/agora.xtec.cat\/ies-santaeulalia\/wp-json\/wp\/v2\/pages"}],"about":[{"href":"https:\/\/agora.xtec.cat\/ies-santaeulalia\/wp-json\/wp\/v2\/types\/page"}],"author":[{"embeddable":true,"href":"https:\/\/agora.xtec.cat\/ies-santaeulalia\/wp-json\/wp\/v2\/users\/1"}],"replies":[{"embeddable":true,"href":"https:\/\/agora.xtec.cat\/ies-santaeulalia\/wp-json\/wp\/v2\/comments?post=734"}],"version-history":[{"count":6,"href":"https:\/\/agora.xtec.cat\/ies-santaeulalia\/wp-json\/wp\/v2\/pages\/734\/revisions"}],"predecessor-version":[{"id":8673,"href":"https:\/\/agora.xtec.cat\/ies-santaeulalia\/wp-json\/wp\/v2\/pages\/734\/revisions\/8673"}],"up":[{"embeddable":true,"href":"https:\/\/agora.xtec.cat\/ies-santaeulalia\/wp-json\/wp\/v2\/pages\/2678"}],"wp:attachment":[{"href":"https:\/\/agora.xtec.cat\/ies-santaeulalia\/wp-json\/wp\/v2\/media?parent=734"}],"curies":[{"name":"wp","href":"https:\/\/api.w.org\/{rel}","templated":true}]}}