{"id":7237,"date":"2023-06-01T13:55:52","date_gmt":"2023-06-01T11:55:52","guid":{"rendered":"https:\/\/agora.xtec.cat\/ies-santaeulalia\/?page_id=7237"},"modified":"2025-11-02T18:39:21","modified_gmt":"2025-11-02T17:39:21","slug":"aps-biblioteca-humana","status":"publish","type":"page","link":"https:\/\/agora.xtec.cat\/ies-santaeulalia\/serveis\/aprenentatge-i-servei\/aps-biblioteca-humana\/","title":{"rendered":"ApS Biblioteca humana"},"content":{"rendered":"<p>El projecte de Biblioteca Humana es fa dins la mat\u00e8ria de Servei Comunitari i seguint la metodologia d&#8217;APS (Aprenentatge i Servei). Aquesta metodologia permet aprenentatges m\u00e9s significatius i basats en les necessitats que hi ha a l&#8217;entorn de l&#8217;alumnat.<\/p>\n<p>Gr\u00e0cies a la proposta de l&#8217;entitat de just\u00edcia global, Unipau, hem pogut implementar aquest Servei Comunitari durant 10 setmanes amb tot l&#8217;alumnat de 4rt d&#8217;ESO. Les sessions inicials es van basar en la sensibilitzaci\u00f3 i detecci\u00f3 i les darreres sessions van ser d&#8217;organitzaci\u00f3 de l&#8217;esdeveniment de la Biblioteca Humana on van poder con\u00e8ixer les 6 persones llibre que explicarien el seu relat de vida.<\/p>\n<p>El dia de l&#8217;esdeveniment va ser el 28 d&#8217;abril on l&#8217;alumnat de 4rt d&#8217;ESO va poder culminar aquest acompanyament amb les persones llibre i dinamitzar la sessi\u00f3. Els participants (lectors) va ser alumnat del mateix centre de 3r d&#8217;ESO i de 1r de Batxillerat i els bibliotecaris i bibliotec\u00e0ries van ser alguns profes de l&#8217;equip docent implicats en el projecte.<\/p>\n<p>Amb aquest v\u00eddeo del dia de l&#8217;esdeveniment es pot veure millor en qu\u00e8 va consistir i els testimoni de les educadores i persones llibre que van participar.<\/p>\n<div class=\"ast-oembed-container \" style=\"height: 100%;\"><iframe loading=\"lazy\" title=\"Projecte Biblioteca humana (2023)\" width=\"500\" height=\"281\" src=\"https:\/\/www.youtube.com\/embed\/Tcepvt067CM?feature=oembed\" frameborder=\"0\" allow=\"accelerometer; autoplay; clipboard-write; encrypted-media; gyroscope; picture-in-picture; web-share\" referrerpolicy=\"strict-origin-when-cross-origin\" allowfullscreen><\/iframe><\/div>\n","protected":false},"excerpt":{"rendered":"<p>El projecte de Biblioteca Humana es fa dins la mat\u00e8ria de Servei Comunitari i seguint la metodologia d&#8217;APS (Aprenentatge i Servei). Aquesta metodologia permet aprenentatges m\u00e9s significatius i basats en les necessitats que hi ha a l&#8217;entorn de l&#8217;alumnat. Gr\u00e0cies a la proposta de l&#8217;entitat de just\u00edcia global, Unipau, hem pogut implementar aquest Servei Comunitari [&hellip;]<\/p>\n","protected":false},"author":1,"featured_media":0,"parent":9324,"menu_order":0,"comment_status":"closed","ping_status":"closed","template":"","meta":{"_bbp_topic_count":0,"_bbp_reply_count":0,"_bbp_total_topic_count":0,"_bbp_total_reply_count":0,"_bbp_voice_count":0,"_bbp_anonymous_reply_count":0,"_bbp_topic_count_hidden":0,"_bbp_reply_count_hidden":0,"_bbp_forum_subforum_count":0,"site-sidebar-layout":"default","site-content-layout":"","ast-site-content-layout":"default","site-content-style":"default","site-sidebar-style":"default","ast-global-header-display":"","ast-banner-title-visibility":"","ast-main-header-display":"","ast-hfb-above-header-display":"","ast-hfb-below-header-display":"","ast-hfb-mobile-header-display":"","site-post-title":"","ast-breadcrumbs-content":"","ast-featured-img":"","footer-sml-layout":"","theme-transparent-header-meta":"","adv-header-id-meta":"","stick-header-meta":"","header-above-stick-meta":"","header-main-stick-meta":"","header-below-stick-meta":"","astra-migrate-meta-layouts":"set","ast-page-background-enabled":"default","ast-page-background-meta":{"desktop":{"background-color":"var(--ast-global-color-4)","background-image":"","background-repeat":"repeat","background-position":"center center","background-size":"auto","background-attachment":"scroll","background-type":"","background-media":"","overlay-type":"","overlay-color":"","overlay-opacity":"","overlay-gradient":""},"tablet":{"background-color":"","background-image":"","background-repeat":"repeat","background-position":"center center","background-size":"auto","background-attachment":"scroll","background-type":"","background-media":"","overlay-type":"","overlay-color":"","overlay-opacity":"","overlay-gradient":""},"mobile":{"background-color":"","background-image":"","background-repeat":"repeat","background-position":"center center","background-size":"auto","background-attachment":"scroll","background-type":"","background-media":"","overlay-type":"","overlay-color":"","overlay-opacity":"","overlay-gradient":""}},"ast-content-background-meta":{"desktop":{"background-color":"var(--ast-global-color-5)","background-image":"","background-repeat":"repeat","background-position":"center center","background-size":"auto","background-attachment":"scroll","background-type":"","background-media":"","overlay-type":"","overlay-color":"","overlay-opacity":"","overlay-gradient":""},"tablet":{"background-color":"var(--ast-global-color-5)","background-image":"","background-repeat":"repeat","background-position":"center center","background-size":"auto","background-attachment":"scroll","background-type":"","background-media":"","overlay-type":"","overlay-color":"","overlay-opacity":"","overlay-gradient":""},"mobile":{"background-color":"var(--ast-global-color-5)","background-image":"","background-repeat":"repeat","background-position":"center center","background-size":"auto","background-attachment":"scroll","background-type":"","background-media":"","overlay-type":"","overlay-color":"","overlay-opacity":"","overlay-gradient":""}},"footnotes":""},"class_list":["post-7237","page","type-page","status-publish","hentry"],"post_mailing_queue_ids":[],"_links":{"self":[{"href":"https:\/\/agora.xtec.cat\/ies-santaeulalia\/wp-json\/wp\/v2\/pages\/7237","targetHints":{"allow":["GET"]}}],"collection":[{"href":"https:\/\/agora.xtec.cat\/ies-santaeulalia\/wp-json\/wp\/v2\/pages"}],"about":[{"href":"https:\/\/agora.xtec.cat\/ies-santaeulalia\/wp-json\/wp\/v2\/types\/page"}],"author":[{"embeddable":true,"href":"https:\/\/agora.xtec.cat\/ies-santaeulalia\/wp-json\/wp\/v2\/users\/1"}],"replies":[{"embeddable":true,"href":"https:\/\/agora.xtec.cat\/ies-santaeulalia\/wp-json\/wp\/v2\/comments?post=7237"}],"version-history":[{"count":3,"href":"https:\/\/agora.xtec.cat\/ies-santaeulalia\/wp-json\/wp\/v2\/pages\/7237\/revisions"}],"predecessor-version":[{"id":10136,"href":"https:\/\/agora.xtec.cat\/ies-santaeulalia\/wp-json\/wp\/v2\/pages\/7237\/revisions\/10136"}],"up":[{"embeddable":true,"href":"https:\/\/agora.xtec.cat\/ies-santaeulalia\/wp-json\/wp\/v2\/pages\/9324"}],"wp:attachment":[{"href":"https:\/\/agora.xtec.cat\/ies-santaeulalia\/wp-json\/wp\/v2\/media?parent=7237"}],"curies":[{"name":"wp","href":"https:\/\/api.w.org\/{rel}","templated":true}]}}