{"id":7021,"date":"2023-04-21T12:26:15","date_gmt":"2023-04-21T10:26:15","guid":{"rendered":"https:\/\/agora.xtec.cat\/ies-santaeulalia\/?page_id=7021"},"modified":"2025-09-11T15:54:13","modified_gmt":"2025-09-11T13:54:13","slug":"projecte-aps-rescat-de-records","status":"publish","type":"page","link":"https:\/\/agora.xtec.cat\/ies-santaeulalia\/serveis\/aprenentatge-i-servei\/projecte-aps-rescat-de-records\/","title":{"rendered":"ApS Rescat de records (FP)"},"content":{"rendered":"\n<p>El projecte &#8220;Rescat de records&#8221; porta 4 cursos fent-se. L&#8217;alumnat del CFGS Il.luminaci\u00f3, captaci\u00f3 i tractament d&#8217;imatge restaura les fotos malmeses pel pas del temps amb eines digitals dins del projecte #rescatderecords, un miniprojecte #ABP i #Aps #aprenentatgeserveiTRS @activafp<\/p>\n\n\n\n<div class=\"wp-block-media-text is-stacked-on-mobile\"><figure class=\"wp-block-media-text__media\"><img loading=\"lazy\" decoding=\"async\" width=\"707\" height=\"715\" src=\"https:\/\/agora.xtec.cat\/ies-santaeulalia\/wp-content\/uploads\/usu44\/2025\/09\/2025-09-11rescat5.png\" alt=\"\" class=\"wp-image-9951 size-full\" srcset=\"https:\/\/agora.xtec.cat\/ies-santaeulalia\/wp-content\/uploads\/usu44\/2025\/09\/2025-09-11rescat5.png 707w, https:\/\/agora.xtec.cat\/ies-santaeulalia\/wp-content\/uploads\/usu44\/2025\/09\/2025-09-11rescat5-297x300.png 297w\" sizes=\"auto, (max-width: 707px) 100vw, 707px\" \/><\/figure><div class=\"wp-block-media-text__content\">\n<p class=\"has-white-color has-ast-global-color-0-background-color has-text-color has-background has-link-color has-medium-font-size wp-elements-b2f19e07a3b0ac764f80f2452c063809\">Rescat de Records es un projecte APS amb la col\u00b7laboraci\u00f3 de CST Hospital Sant Ll\u00e0tzer<\/p>\n<\/div><\/div>\n\n\n\n<p>&nbsp;<\/p>\n\n\n\n<p>Es tracta d&#8217;una col.laboraci\u00f3 amb la Llar Residencial Sant Ll\u00e0tzer i el Consorci Sanitari de Terrassa que posa de rellev\u00e0ncia la import\u00e0ncia de les relacions intergeneracionals mentre els estudiants fan tasques de resturaci\u00f3 de fotografies antigues que poseeixen un valor hist\u00f2ric i, sobretot, sentimental.<\/p>\n\n\n\n<p>Podem veure com la Maria ens va rebre molt il\u00b7lusionada per veure les fotografies que els alumnes d&#8217;imatge i so havien restaurat amb #Photoshop. La primera foto estava molt deteriorada, presentava esquerdes i datava del 1944. La segona imatge, feta a la pla\u00e7a vella de #Terrassa al novembre del 52, presentava una taca. Va ser una trobada molt emocionant, com sempre que fem al projecte #rescatderecords. Agra\u00efments: @merceramonedavoltal<\/p>\n\n\n\n<figure class=\"wp-block-embed is-type-wp-embed is-provider-cst wp-block-embed-cst\"><div class=\"wp-block-embed__wrapper\">\n<blockquote class=\"wp-embedded-content\" data-secret=\"u1Opsjd8Py\"><a href=\"https:\/\/cst.cat\/el-consorci-sanitari-de-terrassa-participa-en-el-projecte-rescat-de-records-de-linstitut-santa-eulalia\/\">El Consorci Sanitari de Terrassa participa en el projecte \u2018Rescat de records\u2019 de l\u2019institut Santa Eul\u00e0lia<\/a><\/blockquote><iframe loading=\"lazy\" class=\"wp-embedded-content\" sandbox=\"allow-scripts\" security=\"restricted\" style=\"position: absolute; visibility: hidden;\" title=\"&#8220;El Consorci Sanitari de Terrassa participa en el projecte \u2018Rescat de records\u2019 de l\u2019institut Santa Eul\u00e0lia&#8221; &#8212; CST\" src=\"https:\/\/cst.cat\/el-consorci-sanitari-de-terrassa-participa-en-el-projecte-rescat-de-records-de-linstitut-santa-eulalia\/embed\/#?secret=HSqZFLde9E#?secret=u1Opsjd8Py\" data-secret=\"u1Opsjd8Py\" width=\"500\" height=\"282\" frameborder=\"0\" marginwidth=\"0\" marginheight=\"0\" scrolling=\"no\"><\/iframe>\n<\/div><\/figure>\n\n\n\n<p>&nbsp;<\/p>\n\n\n\n<p>El projecte tamb\u00e9 va ser incl\u00f3s al documental &#8220;Hospitales Humanos&#8221; de la Funcaci\u00f3 Roche.<br><iframe loading=\"lazy\" title=\"YouTube video player\" src=\"https:\/\/www.youtube.com\/embed\/FyyowLCqn64\" width=\"560\" height=\"315\" frameborder=\"0\" allowfullscreen=\"allowfullscreen\"><\/iframe><br>Esperem seguir col\u00b7laborant amb @cst_<wbr>consorcisanitarideterrassa i la Llar Residencial Sant Ll\u00e0tzer molt de temps en projectes tan enriquidors com aquest.<\/p>\n\n\n\n<figure class=\"wp-block-embed is-type-video is-provider-youtube wp-block-embed-youtube wp-embed-aspect-16-9 wp-has-aspect-ratio\"><div class=\"wp-block-embed__wrapper\">\n<div class=\"ast-oembed-container \" style=\"height: 100%;\"><iframe loading=\"lazy\" title=\"APS Projecte &quot;Rescat de records&quot;\" width=\"500\" height=\"281\" src=\"https:\/\/www.youtube.com\/embed\/O20DlRb322o?feature=oembed\" frameborder=\"0\" allow=\"accelerometer; autoplay; clipboard-write; encrypted-media; gyroscope; picture-in-picture; web-share\" referrerpolicy=\"strict-origin-when-cross-origin\" allowfullscreen><\/iframe><\/div>\n<\/div><\/figure>\n\n\n\n<p>&nbsp;<\/p>\n\n\n\n<p><strong>Fotos 2a edici\u00f3 (2021)<\/strong><\/p>\n\n\n\n<figure class=\"wp-block-gallery has-nested-images columns-default is-cropped wp-block-gallery-1 is-layout-flex wp-block-gallery-is-layout-flex\">\n<figure class=\"wp-block-image size-large\"><a href=\"https:\/\/agora.xtec.cat\/ies-santaeulalia\/wp-content\/uploads\/usu44\/2021\/06\/IMG-20210616-WA0009.jpg\"><img loading=\"lazy\" decoding=\"async\" width=\"768\" height=\"1024\" data-id=\"4448\" src=\"https:\/\/agora.xtec.cat\/ies-santaeulalia\/wp-content\/uploads\/usu44\/2021\/06\/IMG-20210616-WA0009-768x1024.jpg\" alt=\"\" class=\"wp-image-4448\" srcset=\"https:\/\/agora.xtec.cat\/ies-santaeulalia\/wp-content\/uploads\/usu44\/2021\/06\/IMG-20210616-WA0009-768x1024.jpg 768w, https:\/\/agora.xtec.cat\/ies-santaeulalia\/wp-content\/uploads\/usu44\/2021\/06\/IMG-20210616-WA0009-225x300.jpg 225w, https:\/\/agora.xtec.cat\/ies-santaeulalia\/wp-content\/uploads\/usu44\/2021\/06\/IMG-20210616-WA0009.jpg 1200w\" sizes=\"auto, (max-width: 768px) 100vw, 768px\" \/><\/a><\/figure>\n\n\n\n<figure class=\"wp-block-image size-large\"><a href=\"https:\/\/agora.xtec.cat\/ies-santaeulalia\/wp-content\/uploads\/usu44\/2021\/06\/IMG20210616113908-1.jpg\"><img loading=\"lazy\" decoding=\"async\" width=\"1024\" height=\"576\" data-id=\"4447\" src=\"https:\/\/agora.xtec.cat\/ies-santaeulalia\/wp-content\/uploads\/usu44\/2021\/06\/IMG20210616113908-1-1024x576.jpg\" alt=\"\" class=\"wp-image-4447\" srcset=\"https:\/\/agora.xtec.cat\/ies-santaeulalia\/wp-content\/uploads\/usu44\/2021\/06\/IMG20210616113908-1-1024x576.jpg 1024w, https:\/\/agora.xtec.cat\/ies-santaeulalia\/wp-content\/uploads\/usu44\/2021\/06\/IMG20210616113908-1-300x169.jpg 300w, https:\/\/agora.xtec.cat\/ies-santaeulalia\/wp-content\/uploads\/usu44\/2021\/06\/IMG20210616113908-1-768x432.jpg 768w, https:\/\/agora.xtec.cat\/ies-santaeulalia\/wp-content\/uploads\/usu44\/2021\/06\/IMG20210616113908-1.jpg 1280w\" sizes=\"auto, (max-width: 1024px) 100vw, 1024px\" \/><\/a><\/figure>\n\n\n\n<figure class=\"wp-block-image size-large\"><a href=\"https:\/\/agora.xtec.cat\/ies-santaeulalia\/wp-content\/uploads\/usu44\/2021\/06\/IMG-20210616-WA0011.jpg\"><img loading=\"lazy\" decoding=\"async\" width=\"768\" height=\"1024\" data-id=\"4446\" src=\"https:\/\/agora.xtec.cat\/ies-santaeulalia\/wp-content\/uploads\/usu44\/2021\/06\/IMG-20210616-WA0011-768x1024.jpg\" alt=\"\" class=\"wp-image-4446\" srcset=\"https:\/\/agora.xtec.cat\/ies-santaeulalia\/wp-content\/uploads\/usu44\/2021\/06\/IMG-20210616-WA0011-768x1024.jpg 768w, https:\/\/agora.xtec.cat\/ies-santaeulalia\/wp-content\/uploads\/usu44\/2021\/06\/IMG-20210616-WA0011-225x300.jpg 225w, https:\/\/agora.xtec.cat\/ies-santaeulalia\/wp-content\/uploads\/usu44\/2021\/06\/IMG-20210616-WA0011.jpg 1200w\" sizes=\"auto, (max-width: 768px) 100vw, 768px\" \/><\/a><\/figure>\n<\/figure>\n\n\n\n<hr class=\"wp-block-separator has-alpha-channel-opacity is-style-wide\"\/>\n\n\n\n<p><strong>Fotos 5a. edici\u00f3 (2024)<\/strong>\u00a0<\/p>\n\n\n\n<figure class=\"wp-block-gallery has-nested-images columns-3 is-cropped wp-block-gallery-2 is-layout-flex wp-block-gallery-is-layout-flex\">\n<figure class=\"wp-block-image size-large\"><img loading=\"lazy\" decoding=\"async\" width=\"800\" height=\"600\" data-id=\"9241\" src=\"https:\/\/agora.xtec.cat\/ies-santaeulalia\/wp-content\/uploads\/usu44\/2025\/02\/IMG-20240515-WA0007.jpg\" alt=\"\" class=\"wp-image-9241\" srcset=\"https:\/\/agora.xtec.cat\/ies-santaeulalia\/wp-content\/uploads\/usu44\/2025\/02\/IMG-20240515-WA0007.jpg 800w, https:\/\/agora.xtec.cat\/ies-santaeulalia\/wp-content\/uploads\/usu44\/2025\/02\/IMG-20240515-WA0007-300x225.jpg 300w, https:\/\/agora.xtec.cat\/ies-santaeulalia\/wp-content\/uploads\/usu44\/2025\/02\/IMG-20240515-WA0007-768x576.jpg 768w, https:\/\/agora.xtec.cat\/ies-santaeulalia\/wp-content\/uploads\/usu44\/2025\/02\/IMG-20240515-WA0007-200x150.jpg 200w\" sizes=\"auto, (max-width: 800px) 100vw, 800px\" \/><\/figure>\n\n\n\n<figure class=\"wp-block-image size-large\"><img loading=\"lazy\" decoding=\"async\" width=\"800\" height=\"600\" data-id=\"9242\" src=\"https:\/\/agora.xtec.cat\/ies-santaeulalia\/wp-content\/uploads\/usu44\/2025\/02\/IMG-20240515-WA0010.jpg\" alt=\"\" class=\"wp-image-9242\" srcset=\"https:\/\/agora.xtec.cat\/ies-santaeulalia\/wp-content\/uploads\/usu44\/2025\/02\/IMG-20240515-WA0010.jpg 800w, https:\/\/agora.xtec.cat\/ies-santaeulalia\/wp-content\/uploads\/usu44\/2025\/02\/IMG-20240515-WA0010-300x225.jpg 300w, https:\/\/agora.xtec.cat\/ies-santaeulalia\/wp-content\/uploads\/usu44\/2025\/02\/IMG-20240515-WA0010-768x576.jpg 768w, https:\/\/agora.xtec.cat\/ies-santaeulalia\/wp-content\/uploads\/usu44\/2025\/02\/IMG-20240515-WA0010-200x150.jpg 200w\" sizes=\"auto, (max-width: 800px) 100vw, 800px\" \/><\/figure>\n\n\n\n<figure class=\"wp-block-image size-large\"><img loading=\"lazy\" decoding=\"async\" width=\"800\" height=\"600\" data-id=\"9243\" src=\"https:\/\/agora.xtec.cat\/ies-santaeulalia\/wp-content\/uploads\/usu44\/2025\/02\/IMG-20240515-WA00111.jpg\" alt=\"\" class=\"wp-image-9243\" srcset=\"https:\/\/agora.xtec.cat\/ies-santaeulalia\/wp-content\/uploads\/usu44\/2025\/02\/IMG-20240515-WA00111.jpg 800w, https:\/\/agora.xtec.cat\/ies-santaeulalia\/wp-content\/uploads\/usu44\/2025\/02\/IMG-20240515-WA00111-300x225.jpg 300w, https:\/\/agora.xtec.cat\/ies-santaeulalia\/wp-content\/uploads\/usu44\/2025\/02\/IMG-20240515-WA00111-768x576.jpg 768w, https:\/\/agora.xtec.cat\/ies-santaeulalia\/wp-content\/uploads\/usu44\/2025\/02\/IMG-20240515-WA00111-200x150.jpg 200w\" sizes=\"auto, (max-width: 800px) 100vw, 800px\" \/><\/figure>\n\n\n\n<figure class=\"wp-block-image size-large\"><img loading=\"lazy\" decoding=\"async\" width=\"600\" height=\"800\" data-id=\"9244\" src=\"https:\/\/agora.xtec.cat\/ies-santaeulalia\/wp-content\/uploads\/usu44\/2025\/02\/IMG-20240515-WA0015.jpg\" alt=\"\" class=\"wp-image-9244\" srcset=\"https:\/\/agora.xtec.cat\/ies-santaeulalia\/wp-content\/uploads\/usu44\/2025\/02\/IMG-20240515-WA0015.jpg 600w, https:\/\/agora.xtec.cat\/ies-santaeulalia\/wp-content\/uploads\/usu44\/2025\/02\/IMG-20240515-WA0015-225x300.jpg 225w\" sizes=\"auto, (max-width: 600px) 100vw, 600px\" \/><\/figure>\n\n\n\n<figure class=\"wp-block-image size-large\"><img loading=\"lazy\" decoding=\"async\" width=\"800\" height=\"600\" data-id=\"9245\" src=\"https:\/\/agora.xtec.cat\/ies-santaeulalia\/wp-content\/uploads\/usu44\/2025\/02\/IMG-20240515-WA0021.jpg\" alt=\"\" class=\"wp-image-9245\" srcset=\"https:\/\/agora.xtec.cat\/ies-santaeulalia\/wp-content\/uploads\/usu44\/2025\/02\/IMG-20240515-WA0021.jpg 800w, https:\/\/agora.xtec.cat\/ies-santaeulalia\/wp-content\/uploads\/usu44\/2025\/02\/IMG-20240515-WA0021-300x225.jpg 300w, https:\/\/agora.xtec.cat\/ies-santaeulalia\/wp-content\/uploads\/usu44\/2025\/02\/IMG-20240515-WA0021-768x576.jpg 768w, https:\/\/agora.xtec.cat\/ies-santaeulalia\/wp-content\/uploads\/usu44\/2025\/02\/IMG-20240515-WA0021-200x150.jpg 200w\" sizes=\"auto, (max-width: 800px) 100vw, 800px\" \/><\/figure>\n\n\n\n<figure class=\"wp-block-image size-large\"><img loading=\"lazy\" decoding=\"async\" width=\"1024\" height=\"473\" data-id=\"9246\" src=\"https:\/\/agora.xtec.cat\/ies-santaeulalia\/wp-content\/uploads\/usu44\/2025\/02\/IMG20240515103911-1024x473.jpg\" alt=\"\" class=\"wp-image-9246\" srcset=\"https:\/\/agora.xtec.cat\/ies-santaeulalia\/wp-content\/uploads\/usu44\/2025\/02\/IMG20240515103911-1024x473.jpg 1024w, https:\/\/agora.xtec.cat\/ies-santaeulalia\/wp-content\/uploads\/usu44\/2025\/02\/IMG20240515103911-300x139.jpg 300w, https:\/\/agora.xtec.cat\/ies-santaeulalia\/wp-content\/uploads\/usu44\/2025\/02\/IMG20240515103911-768x355.jpg 768w, https:\/\/agora.xtec.cat\/ies-santaeulalia\/wp-content\/uploads\/usu44\/2025\/02\/IMG20240515103911-1536x709.jpg 1536w, https:\/\/agora.xtec.cat\/ies-santaeulalia\/wp-content\/uploads\/usu44\/2025\/02\/IMG20240515103911-2048x946.jpg 2048w\" sizes=\"auto, (max-width: 1024px) 100vw, 1024px\" \/><\/figure>\n<\/figure>\n\n\n\n<hr class=\"wp-block-separator has-alpha-channel-opacity is-style-wide\"\/>\n\n\n\n<p><strong>Fotos 6a. edici\u00f3 (2025)<\/strong><\/p>\n\n\n\n<figure class=\"wp-block-gallery has-nested-images columns-default is-cropped wp-block-gallery-3 is-layout-flex wp-block-gallery-is-layout-flex\">\n<figure class=\"wp-block-image size-large\"><a href=\"https:\/\/agora.xtec.cat\/ies-santaeulalia\/wp-content\/uploads\/usu44\/2025\/09\/2025-09-11rescat5.png\"><img loading=\"lazy\" decoding=\"async\" width=\"707\" height=\"715\" data-id=\"9951\" src=\"https:\/\/agora.xtec.cat\/ies-santaeulalia\/wp-content\/uploads\/usu44\/2025\/09\/2025-09-11rescat5.png\" alt=\"\" class=\"wp-image-9951\" srcset=\"https:\/\/agora.xtec.cat\/ies-santaeulalia\/wp-content\/uploads\/usu44\/2025\/09\/2025-09-11rescat5.png 707w, https:\/\/agora.xtec.cat\/ies-santaeulalia\/wp-content\/uploads\/usu44\/2025\/09\/2025-09-11rescat5-297x300.png 297w\" sizes=\"auto, (max-width: 707px) 100vw, 707px\" \/><\/a><\/figure>\n\n\n\n<figure class=\"wp-block-image size-large\"><a href=\"https:\/\/agora.xtec.cat\/ies-santaeulalia\/wp-content\/uploads\/usu44\/2025\/09\/2025-09-11rescatrecords.png\"><img loading=\"lazy\" decoding=\"async\" width=\"647\" height=\"756\" data-id=\"9953\" src=\"https:\/\/agora.xtec.cat\/ies-santaeulalia\/wp-content\/uploads\/usu44\/2025\/09\/2025-09-11rescatrecords.png\" alt=\"\" class=\"wp-image-9953\" srcset=\"https:\/\/agora.xtec.cat\/ies-santaeulalia\/wp-content\/uploads\/usu44\/2025\/09\/2025-09-11rescatrecords.png 647w, https:\/\/agora.xtec.cat\/ies-santaeulalia\/wp-content\/uploads\/usu44\/2025\/09\/2025-09-11rescatrecords-257x300.png 257w\" sizes=\"auto, (max-width: 647px) 100vw, 647px\" \/><\/a><\/figure>\n\n\n\n<figure class=\"wp-block-image size-large\"><a href=\"https:\/\/agora.xtec.cat\/ies-santaeulalia\/wp-content\/uploads\/usu44\/2025\/09\/2025-09-11rescatrecords2.png\"><img loading=\"lazy\" decoding=\"async\" width=\"687\" height=\"700\" data-id=\"9952\" src=\"https:\/\/agora.xtec.cat\/ies-santaeulalia\/wp-content\/uploads\/usu44\/2025\/09\/2025-09-11rescatrecords2.png\" alt=\"\" class=\"wp-image-9952\" srcset=\"https:\/\/agora.xtec.cat\/ies-santaeulalia\/wp-content\/uploads\/usu44\/2025\/09\/2025-09-11rescatrecords2.png 687w, https:\/\/agora.xtec.cat\/ies-santaeulalia\/wp-content\/uploads\/usu44\/2025\/09\/2025-09-11rescatrecords2-294x300.png 294w\" sizes=\"auto, (max-width: 687px) 100vw, 687px\" \/><\/a><\/figure>\n\n\n\n<figure class=\"wp-block-image size-large\"><a href=\"https:\/\/agora.xtec.cat\/ies-santaeulalia\/wp-content\/uploads\/usu44\/2025\/09\/2025-09-11rescatrecords3.png\"><img loading=\"lazy\" decoding=\"async\" width=\"712\" height=\"703\" data-id=\"9955\" src=\"https:\/\/agora.xtec.cat\/ies-santaeulalia\/wp-content\/uploads\/usu44\/2025\/09\/2025-09-11rescatrecords3.png\" alt=\"\" class=\"wp-image-9955\" srcset=\"https:\/\/agora.xtec.cat\/ies-santaeulalia\/wp-content\/uploads\/usu44\/2025\/09\/2025-09-11rescatrecords3.png 712w, https:\/\/agora.xtec.cat\/ies-santaeulalia\/wp-content\/uploads\/usu44\/2025\/09\/2025-09-11rescatrecords3-300x296.png 300w\" sizes=\"auto, (max-width: 712px) 100vw, 712px\" \/><\/a><\/figure>\n\n\n\n<figure class=\"wp-block-image size-large\"><a href=\"https:\/\/agora.xtec.cat\/ies-santaeulalia\/wp-content\/uploads\/usu44\/2025\/09\/2025-09-11rescatrecords4.png\"><img loading=\"lazy\" decoding=\"async\" width=\"707\" height=\"535\" data-id=\"9954\" src=\"https:\/\/agora.xtec.cat\/ies-santaeulalia\/wp-content\/uploads\/usu44\/2025\/09\/2025-09-11rescatrecords4.png\" alt=\"\" class=\"wp-image-9954\" srcset=\"https:\/\/agora.xtec.cat\/ies-santaeulalia\/wp-content\/uploads\/usu44\/2025\/09\/2025-09-11rescatrecords4.png 707w, https:\/\/agora.xtec.cat\/ies-santaeulalia\/wp-content\/uploads\/usu44\/2025\/09\/2025-09-11rescatrecords4-300x227.png 300w\" sizes=\"auto, (max-width: 707px) 100vw, 707px\" \/><\/a><\/figure>\n<\/figure>\n","protected":false},"excerpt":{"rendered":"<p>El projecte &#8220;Rescat de records&#8221; porta 4 cursos fent-se. L&#8217;alumnat del CFGS Il.luminaci\u00f3, captaci\u00f3 i tractament d&#8217;imatge restaura les fotos malmeses pel pas del temps amb eines digitals dins del projecte #rescatderecords, un miniprojecte #ABP i #Aps #aprenentatgeserveiTRS @activafp Rescat de Records es un projecte APS amb la col\u00b7laboraci\u00f3 de CST Hospital Sant Ll\u00e0tzer &nbsp; [&hellip;]<\/p>\n","protected":false},"author":1,"featured_media":0,"parent":9324,"menu_order":0,"comment_status":"closed","ping_status":"closed","template":"","meta":{"_bbp_topic_count":0,"_bbp_reply_count":0,"_bbp_total_topic_count":0,"_bbp_total_reply_count":0,"_bbp_voice_count":0,"_bbp_anonymous_reply_count":0,"_bbp_topic_count_hidden":0,"_bbp_reply_count_hidden":0,"_bbp_forum_subforum_count":0,"site-sidebar-layout":"default","site-content-layout":"","ast-site-content-layout":"default","site-content-style":"default","site-sidebar-style":"default","ast-global-header-display":"","ast-banner-title-visibility":"","ast-main-header-display":"","ast-hfb-above-header-display":"","ast-hfb-below-header-display":"","ast-hfb-mobile-header-display":"","site-post-title":"","ast-breadcrumbs-content":"","ast-featured-img":"","footer-sml-layout":"","theme-transparent-header-meta":"","adv-header-id-meta":"","stick-header-meta":"","header-above-stick-meta":"","header-main-stick-meta":"","header-below-stick-meta":"","astra-migrate-meta-layouts":"set","ast-page-background-enabled":"default","ast-page-background-meta":{"desktop":{"background-color":"var(--ast-global-color-4)","background-image":"","background-repeat":"repeat","background-position":"center center","background-size":"auto","background-attachment":"scroll","background-type":"","background-media":"","overlay-type":"","overlay-color":"","overlay-opacity":"","overlay-gradient":""},"tablet":{"background-color":"","background-image":"","background-repeat":"repeat","background-position":"center center","background-size":"auto","background-attachment":"scroll","background-type":"","background-media":"","overlay-type":"","overlay-color":"","overlay-opacity":"","overlay-gradient":""},"mobile":{"background-color":"","background-image":"","background-repeat":"repeat","background-position":"center center","background-size":"auto","background-attachment":"scroll","background-type":"","background-media":"","overlay-type":"","overlay-color":"","overlay-opacity":"","overlay-gradient":""}},"ast-content-background-meta":{"desktop":{"background-color":"var(--ast-global-color-5)","background-image":"","background-repeat":"repeat","background-position":"center center","background-size":"auto","background-attachment":"scroll","background-type":"","background-media":"","overlay-type":"","overlay-color":"","overlay-opacity":"","overlay-gradient":""},"tablet":{"background-color":"var(--ast-global-color-5)","background-image":"","background-repeat":"repeat","background-position":"center center","background-size":"auto","background-attachment":"scroll","background-type":"","background-media":"","overlay-type":"","overlay-color":"","overlay-opacity":"","overlay-gradient":""},"mobile":{"background-color":"var(--ast-global-color-5)","background-image":"","background-repeat":"repeat","background-position":"center center","background-size":"auto","background-attachment":"scroll","background-type":"","background-media":"","overlay-type":"","overlay-color":"","overlay-opacity":"","overlay-gradient":""}},"footnotes":""},"class_list":["post-7021","page","type-page","status-publish","hentry"],"post_mailing_queue_ids":[],"_links":{"self":[{"href":"https:\/\/agora.xtec.cat\/ies-santaeulalia\/wp-json\/wp\/v2\/pages\/7021","targetHints":{"allow":["GET"]}}],"collection":[{"href":"https:\/\/agora.xtec.cat\/ies-santaeulalia\/wp-json\/wp\/v2\/pages"}],"about":[{"href":"https:\/\/agora.xtec.cat\/ies-santaeulalia\/wp-json\/wp\/v2\/types\/page"}],"author":[{"embeddable":true,"href":"https:\/\/agora.xtec.cat\/ies-santaeulalia\/wp-json\/wp\/v2\/users\/1"}],"replies":[{"embeddable":true,"href":"https:\/\/agora.xtec.cat\/ies-santaeulalia\/wp-json\/wp\/v2\/comments?post=7021"}],"version-history":[{"count":6,"href":"https:\/\/agora.xtec.cat\/ies-santaeulalia\/wp-json\/wp\/v2\/pages\/7021\/revisions"}],"predecessor-version":[{"id":9960,"href":"https:\/\/agora.xtec.cat\/ies-santaeulalia\/wp-json\/wp\/v2\/pages\/7021\/revisions\/9960"}],"up":[{"embeddable":true,"href":"https:\/\/agora.xtec.cat\/ies-santaeulalia\/wp-json\/wp\/v2\/pages\/9324"}],"wp:attachment":[{"href":"https:\/\/agora.xtec.cat\/ies-santaeulalia\/wp-json\/wp\/v2\/media?parent=7021"}],"curies":[{"name":"wp","href":"https:\/\/api.w.org\/{rel}","templated":true}]}}