{"id":69,"date":"2014-09-18T10:15:07","date_gmt":"2014-09-18T09:15:07","guid":{"rendered":"http:\/\/agora.xtec.cat\/ies-santaeulalia\/?page_id=69"},"modified":"2025-02-22T18:46:23","modified_gmt":"2025-02-22T17:46:23","slug":"mediacio-escolar","status":"publish","type":"page","link":"https:\/\/agora.xtec.cat\/ies-santaeulalia\/serveis\/mediacio-escolar\/","title":{"rendered":"Mediaci\u00f3 escolar"},"content":{"rendered":"<h5 class=\"lightbulb-jck\"><strong><em><a href=\"http:\/\/agora.xtec.cat\/ies-santaeulalia\/wp-content\/uploads\/usu44\/2014\/09\/mediacio.jpg\"><img loading=\"lazy\" decoding=\"async\" class=\" wp-image-672 alignnone\" src=\"http:\/\/agora.xtec.cat\/ies-santaeulalia\/wp-content\/uploads\/usu44\/2014\/09\/mediacio.jpg\" alt=\"\" width=\"298\" height=\"200\" srcset=\"https:\/\/agora.xtec.cat\/ies-santaeulalia\/wp-content\/uploads\/usu44\/2014\/09\/mediacio.jpg 423w, https:\/\/agora.xtec.cat\/ies-santaeulalia\/wp-content\/uploads\/usu44\/2014\/09\/mediacio-300x201.jpg 300w\" sizes=\"auto, (max-width: 298px) 100vw, 298px\" \/><\/a><\/em><\/strong><\/h5>\n<h5 class=\"lightbulb-jck\"><\/h5>\n<h5 class=\"lightbulb-jck\"><strong><em>Qu\u00e8 entenem per mediaci\u00f3 escolar ?<\/em><\/strong><\/h5>\n<p>La mediaci\u00f3 \u00e9s una manera de resoldre els problemes nosaltres mateixos parlant i fent pactes.<\/p>\n<p>&nbsp;<\/p>\n<h5 class=\"comment-jck\"><strong><em>Caracter\u00edstiques<\/em><\/strong><\/h5>\n<p>Proposa una acci\u00f3 educativa que actua de manera preventiva abans que els conflictes no evolucionin negativament.Treballa en un entorn de valors presents en la vida dels centres:<\/p>\n<ul>\n<li>Responsabilitat.<\/li>\n<li>Voluntarietat.<\/li>\n<li>Assertivitat.<\/li>\n<li>Empatia.<\/li>\n<li>Cooperaci\u00f3.<\/li>\n<li>Lliure decisi\u00f3.<\/li>\n<\/ul>\n<p>&nbsp;<\/p>\n<h5 class=\"accessible-jck\"><strong><em>Objectius<\/em><\/strong><\/h5>\n<ul>\n<li>Resoldre els conflictes de manera preventiva.<\/li>\n<li>Construir entre tots i totes una comunitat educativa cohesionada.<\/li>\n<li>Educar integralment .<\/li>\n<li>Crear un clima de centre i aula positius.<\/li>\n<li>Gaudir dels avantatges que comporta els programes de mediaci\u00f3.<\/li>\n<\/ul>\n<p>&nbsp;<\/p>\n<h5 class=\"next-jck\"><strong><em>Rol de la persona mediadora<\/em><\/strong><\/h5>\n<p>Formen part de l\u2019equip mediador professors i alumnes ( 1r cicle ESO ). Qu\u00e8 fan ?<\/p>\n<ul>\n<li>Facilita la trobada .<\/li>\n<li>Crear un clima de di\u00e0leg.<\/li>\n<li>Generar confian\u00e7a mitjan\u00e7ant la seva actitud personal.<\/li>\n<li>Fomenta el pensament creatiu.<\/li>\n<li>No influeix en les decisions.<\/li>\n<li>Equilibra l\u2019intercanvi comunicatiu.<\/li>\n<\/ul>\n<p>&nbsp;<\/p>\n<h5 class=\"pin-jck\"><strong><em>Conflictes mediables Quina tipologia de conflictes creiem que podem mediar?<\/em><\/strong><\/h5>\n<ul>\n<li>Conflictes entre alumnes.<\/li>\n<li>Conflictes entre alumnes i professors.<\/li>\n<li>Conflictes de la comunitat educativa.<\/li>\n<\/ul>\n<p>&nbsp;<\/p>\n<h5><strong><em>En quins conflictes pensem que no haur\u00edem d\u2019 intervenir ?<\/em><\/strong><\/h5>\n<p>Extraescolars. Conflictes per motius delictius o de tipus personal que necessiten altres tipus de tractament o ajuts de tipus psicol\u00f2gic.<\/p>\n<p>&nbsp;<\/p>\n<h5 class=\"attachment-jck\"><strong>Servei de mediaci\u00f3 del centre\u00a0 <\/strong><\/h5>\n<h6><strong><em>Composici\u00f3 de l\u2019equip de mediadors i mediadores.<\/em><\/strong><\/h6>\n<p>Persones que actualment integren l\u2019equip i parelles mediadores: en un primer moment s\u2019han format parelles professor-alumne per\u00f2 m\u00e9s endavant pensem arribar a la mediaci\u00f3 entre iguals.<\/p>\n<h6><strong><em>Horaris i condicions.Hora de realitzaci\u00f3 de les mediacions, durada i nombre de sessions.<\/em><\/strong><\/h6>\n<p>Actualment fem servir les hores del pati ( \u00bd hora) . El nombre de sessions s\u00f3n 2 com a mitjana.<\/p>\n<h6><strong><em>Condicions d\u2019acc\u00e9s.<\/em><\/strong><\/h6>\n<p>Procediment de demanda, adjudicaci\u00f3 de mediadors i dia de trobada:<\/p>\n<ul>\n<li>Alumnes: s\u2019adrecen normalment a algun professor que tinguin confian\u00e7a o al tutor i aquests el deriven al coordinador.<\/li>\n<li>La resta de professionals de la comunitat educativa s\u2019adrecen al coordinador directament.<\/li>\n<\/ul>\n","protected":false},"excerpt":{"rendered":"<p>Qu\u00e8 entenem per mediaci\u00f3 escolar ? La mediaci\u00f3 \u00e9s una manera de resoldre els problemes nosaltres mateixos parlant i fent pactes. &nbsp; Caracter\u00edstiques Proposa una acci\u00f3 educativa que actua de manera preventiva abans que els conflictes no evolucionin negativament.Treballa en un entorn de valors presents en la vida dels centres: Responsabilitat. Voluntarietat. Assertivitat. Empatia. Cooperaci\u00f3. [&hellip;]<\/p>\n","protected":false},"author":1,"featured_media":0,"parent":63,"menu_order":7,"comment_status":"closed","ping_status":"closed","template":"page-templates\/side-menu.php","meta":{"_bbp_topic_count":0,"_bbp_reply_count":0,"_bbp_total_topic_count":0,"_bbp_total_reply_count":0,"_bbp_voice_count":0,"_bbp_anonymous_reply_count":0,"_bbp_topic_count_hidden":0,"_bbp_reply_count_hidden":0,"_bbp_forum_subforum_count":0,"site-sidebar-layout":"default","site-content-layout":"","ast-site-content-layout":"","site-content-style":"default","site-sidebar-style":"default","ast-global-header-display":"","ast-banner-title-visibility":"","ast-main-header-display":"","ast-hfb-above-header-display":"","ast-hfb-below-header-display":"","ast-hfb-mobile-header-display":"","site-post-title":"","ast-breadcrumbs-content":"","ast-featured-img":"","footer-sml-layout":"","theme-transparent-header-meta":"","adv-header-id-meta":"","stick-header-meta":"","header-above-stick-meta":"","header-main-stick-meta":"","header-below-stick-meta":"","astra-migrate-meta-layouts":"default","ast-page-background-enabled":"default","ast-page-background-meta":{"desktop":{"background-color":"var(--ast-global-color-4)","background-image":"","background-repeat":"repeat","background-position":"center center","background-size":"auto","background-attachment":"scroll","background-type":"","background-media":"","overlay-type":"","overlay-color":"","overlay-opacity":"","overlay-gradient":""},"tablet":{"background-color":"","background-image":"","background-repeat":"repeat","background-position":"center center","background-size":"auto","background-attachment":"scroll","background-type":"","background-media":"","overlay-type":"","overlay-color":"","overlay-opacity":"","overlay-gradient":""},"mobile":{"background-color":"","background-image":"","background-repeat":"repeat","background-position":"center center","background-size":"auto","background-attachment":"scroll","background-type":"","background-media":"","overlay-type":"","overlay-color":"","overlay-opacity":"","overlay-gradient":""}},"ast-content-background-meta":{"desktop":{"background-color":"var(--ast-global-color-5)","background-image":"","background-repeat":"repeat","background-position":"center center","background-size":"auto","background-attachment":"scroll","background-type":"","background-media":"","overlay-type":"","overlay-color":"","overlay-opacity":"","overlay-gradient":""},"tablet":{"background-color":"var(--ast-global-color-5)","background-image":"","background-repeat":"repeat","background-position":"center center","background-size":"auto","background-attachment":"scroll","background-type":"","background-media":"","overlay-type":"","overlay-color":"","overlay-opacity":"","overlay-gradient":""},"mobile":{"background-color":"var(--ast-global-color-5)","background-image":"","background-repeat":"repeat","background-position":"center center","background-size":"auto","background-attachment":"scroll","background-type":"","background-media":"","overlay-type":"","overlay-color":"","overlay-opacity":"","overlay-gradient":""}},"footnotes":""},"class_list":["post-69","page","type-page","status-publish","hentry"],"post_mailing_queue_ids":[],"_links":{"self":[{"href":"https:\/\/agora.xtec.cat\/ies-santaeulalia\/wp-json\/wp\/v2\/pages\/69","targetHints":{"allow":["GET"]}}],"collection":[{"href":"https:\/\/agora.xtec.cat\/ies-santaeulalia\/wp-json\/wp\/v2\/pages"}],"about":[{"href":"https:\/\/agora.xtec.cat\/ies-santaeulalia\/wp-json\/wp\/v2\/types\/page"}],"author":[{"embeddable":true,"href":"https:\/\/agora.xtec.cat\/ies-santaeulalia\/wp-json\/wp\/v2\/users\/1"}],"replies":[{"embeddable":true,"href":"https:\/\/agora.xtec.cat\/ies-santaeulalia\/wp-json\/wp\/v2\/comments?post=69"}],"version-history":[{"count":4,"href":"https:\/\/agora.xtec.cat\/ies-santaeulalia\/wp-json\/wp\/v2\/pages\/69\/revisions"}],"predecessor-version":[{"id":9322,"href":"https:\/\/agora.xtec.cat\/ies-santaeulalia\/wp-json\/wp\/v2\/pages\/69\/revisions\/9322"}],"up":[{"embeddable":true,"href":"https:\/\/agora.xtec.cat\/ies-santaeulalia\/wp-json\/wp\/v2\/pages\/63"}],"wp:attachment":[{"href":"https:\/\/agora.xtec.cat\/ies-santaeulalia\/wp-json\/wp\/v2\/media?parent=69"}],"curies":[{"name":"wp","href":"https:\/\/api.w.org\/{rel}","templated":true}]}}