{"id":684,"date":"2017-07-27T15:03:33","date_gmt":"2017-07-27T13:03:33","guid":{"rendered":"http:\/\/agora.xtec.cat\/ies-santaeulalia\/?page_id=684"},"modified":"2022-05-09T13:13:26","modified_gmt":"2022-05-09T11:13:26","slug":"aula-oberta","status":"publish","type":"page","link":"https:\/\/agora.xtec.cat\/ies-santaeulalia\/serveis\/aula-oberta\/","title":{"rendered":"Aula d&#8217;Acollida"},"content":{"rendered":"\r\n\t<div class=\"slideshow_container slideshow_container_style-light\" style=\"height: 300px; \" data-slideshow-id=\"1011\" data-style-name=\"style-light\" data-style-version=\"2.3.1\" >\r\n\r\n\t\t\t\t\t<div class=\"slideshow_loading_icon\"><\/div>\r\n\t\t\r\n\t\t<div class=\"slideshow_content\" style=\"display: none;\">\r\n\r\n\t\t\t<div class=\"slideshow_view\">\r\n\t\t\t\t<div class=\"slideshow_slide slideshow_slide_image\">\r\n\t\t\t\t\t\t\t\t\t\t\t<img src=\"https:\/\/agora.xtec.cat\/ies-santaeulalia\/wp-content\/uploads\/usu44\/2018\/01\/2018_acollida7.jpg\" alt=\"Aula d&#039;acollida\" width=\"2000\" height=\"1386\" \/>\r\n\t\t\t\t\t\t\t\t\t\t<div class=\"slideshow_description_box slideshow_transparent\">\r\n\t\t\t\t\t\t<div class=\"slideshow_title\">Aula d&#039;acollida<\/div>\t\t\t\t\t\t\t\t\t\t\t<\/div>\r\n\t\t\t\t<\/div>\r\n\r\n\t\t\t\t\t\t<div style=\"clear: both;\"><\/div><\/div><div class=\"slideshow_view\">\r\n\t\t\t\t<div class=\"slideshow_slide slideshow_slide_image\">\r\n\t\t\t\t\t\t\t\t\t\t\t<img src=\"https:\/\/agora.xtec.cat\/ies-santaeulalia\/wp-content\/uploads\/usu44\/2018\/01\/2018_acollida6.jpg\" alt=\"TIC\" width=\"2000\" height=\"1333\" \/>\r\n\t\t\t\t\t\t\t\t\t\t<div class=\"slideshow_description_box slideshow_transparent\">\r\n\t\t\t\t\t\t<div class=\"slideshow_title\">TIC<\/div>\t\t\t\t\t\t\t\t\t\t\t<\/div>\r\n\t\t\t\t<\/div>\r\n\r\n\t\t\t\t\t\t<div style=\"clear: both;\"><\/div><\/div><div class=\"slideshow_view\">\r\n\t\t\t\t<div class=\"slideshow_slide slideshow_slide_image\">\r\n\t\t\t\t\t\t\t\t\t\t\t<img src=\"https:\/\/agora.xtec.cat\/ies-santaeulalia\/wp-content\/uploads\/usu44\/2018\/01\/2018_acollida5.jpg\" alt=\"Aula d&#039;acollida\" width=\"2000\" height=\"1333\" \/>\r\n\t\t\t\t\t\t\t\t\t\t<div class=\"slideshow_description_box slideshow_transparent\">\r\n\t\t\t\t\t\t<div class=\"slideshow_title\">Aula d&#039;acollida<\/div>\t\t\t\t\t\t\t\t\t\t\t<\/div>\r\n\t\t\t\t<\/div>\r\n\r\n\t\t\t\t\t\t<div style=\"clear: both;\"><\/div><\/div><div class=\"slideshow_view\">\r\n\t\t\t\t<div class=\"slideshow_slide slideshow_slide_image\">\r\n\t\t\t\t\t\t\t\t\t\t\t<img src=\"https:\/\/agora.xtec.cat\/ies-santaeulalia\/wp-content\/uploads\/usu44\/2018\/01\/2018_acollida4.jpg\" alt=\"Integraci\u00f3\" width=\"2000\" height=\"1333\" \/>\r\n\t\t\t\t\t\t\t\t\t\t<div class=\"slideshow_description_box slideshow_transparent\">\r\n\t\t\t\t\t\t<div class=\"slideshow_title\">Integraci\u00f3<\/div>\t\t\t\t\t\t\t\t\t\t\t<\/div>\r\n\t\t\t\t<\/div>\r\n\r\n\t\t\t\t\t\t<div style=\"clear: both;\"><\/div><\/div><div class=\"slideshow_view\">\r\n\t\t\t\t<div class=\"slideshow_slide slideshow_slide_image\">\r\n\t\t\t\t\t\t\t\t\t\t\t<img src=\"https:\/\/agora.xtec.cat\/ies-santaeulalia\/wp-content\/uploads\/usu44\/2018\/01\/2018_acollida3.jpg\" alt=\"Treballant valors\" width=\"2000\" height=\"1152\" \/>\r\n\t\t\t\t\t\t\t\t\t\t<div class=\"slideshow_description_box slideshow_transparent\">\r\n\t\t\t\t\t\t<div class=\"slideshow_title\">Treballant valors<\/div>\t\t\t\t\t\t\t\t\t\t\t<\/div>\r\n\t\t\t\t<\/div>\r\n\r\n\t\t\t\t\t\t<div style=\"clear: both;\"><\/div><\/div><div class=\"slideshow_view\">\r\n\t\t\t\t<div class=\"slideshow_slide slideshow_slide_image\">\r\n\t\t\t\t\t\t\t\t\t\t\t<img src=\"https:\/\/agora.xtec.cat\/ies-santaeulalia\/wp-content\/uploads\/usu44\/2018\/01\/2018_acollida2.jpg\" alt=\"Tutories\" width=\"2000\" height=\"817\" \/>\r\n\t\t\t\t\t\t\t\t\t\t<div class=\"slideshow_description_box slideshow_transparent\">\r\n\t\t\t\t\t\t<div class=\"slideshow_title\">Tutories<\/div>\t\t\t\t\t\t\t\t\t\t\t<\/div>\r\n\t\t\t\t<\/div>\r\n\r\n\t\t\t\t\t\t<div style=\"clear: both;\"><\/div><\/div><div class=\"slideshow_view\">\r\n\t\t\t\t<div class=\"slideshow_slide slideshow_slide_image\">\r\n\t\t\t\t\t\t\t\t\t\t\t<img src=\"https:\/\/agora.xtec.cat\/ies-santaeulalia\/wp-content\/uploads\/usu44\/2017\/07\/2018_acollida.jpg\" alt=\"Suport psicopedag\u00f2gic\" width=\"2000\" height=\"1333\" \/>\r\n\t\t\t\t\t\t\t\t\t\t<div class=\"slideshow_description_box slideshow_transparent\">\r\n\t\t\t\t\t\t<div class=\"slideshow_title\">Suport psicopedag\u00f2gic<\/div>\t\t\t\t\t\t\t\t\t\t\t<\/div>\r\n\t\t\t\t<\/div>\r\n\r\n\t\t\t\t\t\t<div style=\"clear: both;\"><\/div><\/div>\r\n\t\t<\/div>\r\n\r\n\t\t<div class=\"slideshow_controlPanel slideshow_transparent\" style=\"display: none;\"><ul><li class=\"slideshow_togglePlay\" data-play-text=\"Visualitza\" data-pause-text=\"Pausa\"><\/li><\/ul><\/div>\r\n\r\n\t\t<div class=\"slideshow_button slideshow_previous slideshow_transparent\" role=\"button\" data-previous-text=\"Anterior\" style=\"display: none;\"><\/div>\r\n\t\t<div class=\"slideshow_button slideshow_next slideshow_transparent\" role=\"button\" data-next-text=\"Seg\u00fcent\" style=\"display: none;\"><\/div>\r\n\r\n\t\t<div class=\"slideshow_pagination\" style=\"display: none;\" data-go-to-text=\"V\u00e9s a la diapositiva\"><div class=\"slideshow_pagination_center\"><\/div><\/div>\r\n\r\n\t\t<!-- WordPress Slideshow Version 2.3.1 -->\r\n\r\n\t\t\t<\/div>\r\n\r\n\n<p dir=\"ltr\">Fa anys que l\u2019institut est\u00e0 dotat amb l\u2019Aula d\u2019Acollida, que \u00e9s un suport espec\u00edfic d\u2019atenci\u00f3 a la diversitat destinat a aquell alumnat nouvingut que acaba d\u2019arribar o fa poc temps que viu a Catalunya. Aquest recurs busca facilitar l\u2019arribada i l\u2019adaptaci\u00f3 de l\u2019alumnat al nou entorn i hi assisteix durant alguns espais dins el seu horari lectiu al centre. Durant tot el curs, a l\u2019Aula d\u2019Acollida es va incorporant nous nois i noies que aporten molta singularitat a aquest espai de l\u2019institut. Tots ells formen part d\u2019un grup ordinari entre 1r i 4rt d\u2019ESO on passen la majoria del seu horari lectiu setmanal.<\/p>\n<p dir=\"ltr\"><a href=\"http:\/\/agora.xtec.cat\/ies-santaeulalia\/wp-content\/uploads\/usu44\/2017\/07\/aulaoberta2.jpg\"><img loading=\"lazy\" decoding=\"async\" class=\"size-medium wp-image-685 alignleft\" src=\"http:\/\/agora.xtec.cat\/ies-santaeulalia\/wp-content\/uploads\/usu44\/2017\/07\/aulaoberta2-300x225.jpg\" alt=\"\" width=\"300\" height=\"225\" srcset=\"https:\/\/agora.xtec.cat\/ies-santaeulalia\/wp-content\/uploads\/usu44\/2017\/07\/aulaoberta2-300x225.jpg 300w, https:\/\/agora.xtec.cat\/ies-santaeulalia\/wp-content\/uploads\/usu44\/2017\/07\/aulaoberta2-768x576.jpg 768w, https:\/\/agora.xtec.cat\/ies-santaeulalia\/wp-content\/uploads\/usu44\/2017\/07\/aulaoberta2-1024x768.jpg 1024w, https:\/\/agora.xtec.cat\/ies-santaeulalia\/wp-content\/uploads\/usu44\/2017\/07\/aulaoberta2-200x150.jpg 200w, https:\/\/agora.xtec.cat\/ies-santaeulalia\/wp-content\/uploads\/usu44\/2017\/07\/aulaoberta2.jpg 2048w\" sizes=\"auto, (max-width: 300px) 100vw, 300px\" \/><\/a>Pel que fa a l\u2019organitzaci\u00f3 d\u2019aquest espai, cal fer \u00e8mfasi que es treballa en grups redu\u00efts fet que facilita l\u2019acolliment de les persones nouvingudes i un millor suport en l\u2019aprenentatge. Les necessitats de cada cas poden ser ben diverses i aix\u00f2 requereix una planificaci\u00f3 amb uns objectius espec\u00edfics per a cada alumne\/a del grup. Aquestes adaptacions es recullen en un pla individualitzat que \u00e9s el que es t\u00e9 en compte per a l\u2019avaluaci\u00f3 de cada trimestre.<\/p>\n<p dir=\"ltr\">La metodologia de l\u2019aula es basa en \u00a0l\u2019aprenentatge funcional i significatiu on l\u2019alumnat \u00e9s el protagonista del seu aprenentatge. Es busca crear espais on l\u2019alumnat pugui sentir-se acollit i valoritzat. Per aix\u00f2, no nom\u00e9s es fa un treball en l\u2019\u00e0mbit ling\u00fc\u00edstic de \u00a0llengua catalana sin\u00f3, tamb\u00e9, dels aspectes m\u00e9s socioemocionals de la persona. A partir d\u2019eixos tem\u00e0tics propers a ells i tenint molt en compte els aspectes interculturals, es van introdu\u00efnt els continguts de formes ben diverses. Tenint en compte que a l\u2019institut est\u00e0 implantat en sistema educat 2.0, des d\u2019aquest espai tamb\u00e9 es tenen molt en compte el treball transversal de l\u2019\u00e0mbit digital. Moltes de les tasques es fan mitjan\u00e7ant l\u2019entorn virtual Classroom de Google com tamb\u00e9 hi ha activitats penjades al Moodle. A part, es crea molt material audiovisual fruit de les activitats di\u00e0ries a l\u2019aula.<\/p>\n<p dir=\"ltr\"><a href=\"http:\/\/agora.xtec.cat\/ies-santaeulalia\/wp-content\/uploads\/usu44\/2017\/07\/aulaoberta.jpg\"><img loading=\"lazy\" decoding=\"async\" class=\"size-medium wp-image-686 alignleft\" src=\"http:\/\/agora.xtec.cat\/ies-santaeulalia\/wp-content\/uploads\/usu44\/2017\/07\/aulaoberta-300x225.jpg\" alt=\"\" width=\"300\" height=\"225\" srcset=\"https:\/\/agora.xtec.cat\/ies-santaeulalia\/wp-content\/uploads\/usu44\/2017\/07\/aulaoberta-300x225.jpg 300w, https:\/\/agora.xtec.cat\/ies-santaeulalia\/wp-content\/uploads\/usu44\/2017\/07\/aulaoberta-768x576.jpg 768w, https:\/\/agora.xtec.cat\/ies-santaeulalia\/wp-content\/uploads\/usu44\/2017\/07\/aulaoberta-1024x768.jpg 1024w, https:\/\/agora.xtec.cat\/ies-santaeulalia\/wp-content\/uploads\/usu44\/2017\/07\/aulaoberta-200x150.jpg 200w, https:\/\/agora.xtec.cat\/ies-santaeulalia\/wp-content\/uploads\/usu44\/2017\/07\/aulaoberta.jpg 2048w\" sizes=\"auto, (max-width: 300px) 100vw, 300px\" \/><\/a>Des de l\u2019Aula d\u2019Acollida tamb\u00e9 s\u2019intenten fer moltes sortides fora del centre les quals complementen clarament les activitats curriculars di\u00e0ries. Algunes es centren en con\u00e8ixer el barri i la ciutat on viuen i les altres s\u00f3n de caire m\u00e9s cultural com s\u00f3n les visites a Museus fora de Terrassa (Museu Nacional d\u2019Art de Catalunya, Museu Picasso, etc).<\/p>\n<p>&nbsp;<\/p>\n<h2><a href=\"https:\/\/agora.xtec.cat\/ies-santaeulalia\/categoria\/blocs\/blogacollida\/\" target=\"_blank\" rel=\"noopener noreferrer\">Blog de l&#8217;Aula d&#8217;acollida<\/a><\/h2>\n","protected":false},"excerpt":{"rendered":"<p>Fa anys que l\u2019institut est\u00e0 dotat amb l\u2019Aula d\u2019Acollida, que \u00e9s un suport espec\u00edfic d\u2019atenci\u00f3 a la diversitat destinat a aquell alumnat nouvingut que acaba d\u2019arribar o fa poc temps que viu a Catalunya. Aquest recurs busca facilitar l\u2019arribada i l\u2019adaptaci\u00f3 de l\u2019alumnat al nou entorn i hi assisteix durant alguns espais dins el seu [&hellip;]<\/p>\n","protected":false},"author":1,"featured_media":0,"parent":63,"menu_order":5,"comment_status":"closed","ping_status":"closed","template":"page-templates\/side-menu.php","meta":{"_bbp_topic_count":0,"_bbp_reply_count":0,"_bbp_total_topic_count":0,"_bbp_total_reply_count":0,"_bbp_voice_count":0,"_bbp_anonymous_reply_count":0,"_bbp_topic_count_hidden":0,"_bbp_reply_count_hidden":0,"_bbp_forum_subforum_count":0,"site-sidebar-layout":"default","site-content-layout":"","ast-site-content-layout":"","site-content-style":"default","site-sidebar-style":"default","ast-global-header-display":"","ast-banner-title-visibility":"","ast-main-header-display":"","ast-hfb-above-header-display":"","ast-hfb-below-header-display":"","ast-hfb-mobile-header-display":"","site-post-title":"","ast-breadcrumbs-content":"","ast-featured-img":"","footer-sml-layout":"","theme-transparent-header-meta":"","adv-header-id-meta":"","stick-header-meta":"","header-above-stick-meta":"","header-main-stick-meta":"","header-below-stick-meta":"","astra-migrate-meta-layouts":"default","ast-page-background-enabled":"default","ast-page-background-meta":{"desktop":{"background-color":"var(--ast-global-color-4)","background-image":"","background-repeat":"repeat","background-position":"center center","background-size":"auto","background-attachment":"scroll","background-type":"","background-media":"","overlay-type":"","overlay-color":"","overlay-opacity":"","overlay-gradient":""},"tablet":{"background-color":"","background-image":"","background-repeat":"repeat","background-position":"center center","background-size":"auto","background-attachment":"scroll","background-type":"","background-media":"","overlay-type":"","overlay-color":"","overlay-opacity":"","overlay-gradient":""},"mobile":{"background-color":"","background-image":"","background-repeat":"repeat","background-position":"center center","background-size":"auto","background-attachment":"scroll","background-type":"","background-media":"","overlay-type":"","overlay-color":"","overlay-opacity":"","overlay-gradient":""}},"ast-content-background-meta":{"desktop":{"background-color":"var(--ast-global-color-5)","background-image":"","background-repeat":"repeat","background-position":"center center","background-size":"auto","background-attachment":"scroll","background-type":"","background-media":"","overlay-type":"","overlay-color":"","overlay-opacity":"","overlay-gradient":""},"tablet":{"background-color":"var(--ast-global-color-5)","background-image":"","background-repeat":"repeat","background-position":"center center","background-size":"auto","background-attachment":"scroll","background-type":"","background-media":"","overlay-type":"","overlay-color":"","overlay-opacity":"","overlay-gradient":""},"mobile":{"background-color":"var(--ast-global-color-5)","background-image":"","background-repeat":"repeat","background-position":"center center","background-size":"auto","background-attachment":"scroll","background-type":"","background-media":"","overlay-type":"","overlay-color":"","overlay-opacity":"","overlay-gradient":""}},"footnotes":""},"class_list":["post-684","page","type-page","status-publish","hentry"],"post_mailing_queue_ids":[],"_links":{"self":[{"href":"https:\/\/agora.xtec.cat\/ies-santaeulalia\/wp-json\/wp\/v2\/pages\/684","targetHints":{"allow":["GET"]}}],"collection":[{"href":"https:\/\/agora.xtec.cat\/ies-santaeulalia\/wp-json\/wp\/v2\/pages"}],"about":[{"href":"https:\/\/agora.xtec.cat\/ies-santaeulalia\/wp-json\/wp\/v2\/types\/page"}],"author":[{"embeddable":true,"href":"https:\/\/agora.xtec.cat\/ies-santaeulalia\/wp-json\/wp\/v2\/users\/1"}],"replies":[{"embeddable":true,"href":"https:\/\/agora.xtec.cat\/ies-santaeulalia\/wp-json\/wp\/v2\/comments?post=684"}],"version-history":[{"count":3,"href":"https:\/\/agora.xtec.cat\/ies-santaeulalia\/wp-json\/wp\/v2\/pages\/684\/revisions"}],"predecessor-version":[{"id":5743,"href":"https:\/\/agora.xtec.cat\/ies-santaeulalia\/wp-json\/wp\/v2\/pages\/684\/revisions\/5743"}],"up":[{"embeddable":true,"href":"https:\/\/agora.xtec.cat\/ies-santaeulalia\/wp-json\/wp\/v2\/pages\/63"}],"wp:attachment":[{"href":"https:\/\/agora.xtec.cat\/ies-santaeulalia\/wp-json\/wp\/v2\/media?parent=684"}],"curies":[{"name":"wp","href":"https:\/\/api.w.org\/{rel}","templated":true}]}}