{"id":67,"date":"2014-09-18T10:14:18","date_gmt":"2014-09-18T09:14:18","guid":{"rendered":"http:\/\/agora.xtec.cat\/ies-santaeulalia\/?page_id=67"},"modified":"2021-02-04T16:55:50","modified_gmt":"2021-02-04T15:55:50","slug":"acollida","status":"publish","type":"page","link":"https:\/\/agora.xtec.cat\/ies-santaeulalia\/serveis\/acollida\/","title":{"rendered":"Integrador\/a social"},"content":{"rendered":"<p>Des del curs 2006-2007, l&#8217;INS Santa Eul\u00e0lia disposa d&#8217;una T\u00e8cnica en Integraci\u00f3 Social (TIS). Aquesta figura t\u00e9 la finalitat de treballar amb l&#8217;alumnat de l&#8217;IES amb dificultats d&#8217;integraci\u00f3 social, amb alumnat amb necessitats especials (necessitats educatives, desmotivaci\u00f3, desorientaci\u00f3, desarrelament&#8230;) i\/o fomentar el bon clima i la conviv\u00e8ncia escolar. La seva tasca es centra en dos \u00e0mbits: el treball directament amb l&#8217;alumnat i la tasca al costat de les seves fam\u00edlies.<\/p>\n<p>La seva feina s&#8217;insereix en la tasca que duen a terme el departament d&#8217;orientaci\u00f3 del centre (psicopedagogs) i amb altres figures externes que realitzen tasques similars (EAP, serveis socials, etc.).<\/p>\n<p><a href=\"http:\/\/agora.xtec.cat\/ies-santaeulalia\/wp-content\/uploads\/usu44\/2014\/09\/tis2.jpg\"><img loading=\"lazy\" decoding=\"async\" class=\"size-full wp-image-668 aligncenter\" src=\"http:\/\/agora.xtec.cat\/ies-santaeulalia\/wp-content\/uploads\/usu44\/2014\/09\/tis2.jpg\" alt=\"\" width=\"700\" height=\"417\" srcset=\"https:\/\/agora.xtec.cat\/ies-santaeulalia\/wp-content\/uploads\/usu44\/2014\/09\/tis2.jpg 700w, https:\/\/agora.xtec.cat\/ies-santaeulalia\/wp-content\/uploads\/usu44\/2014\/09\/tis2-300x179.jpg 300w\" sizes=\"auto, (max-width: 700px) 100vw, 700px\" \/><\/a><\/p>\n<p>&nbsp;<\/p>\n<p>&nbsp;<\/p>\n","protected":false},"excerpt":{"rendered":"<p>Des del curs 2006-2007, l&#8217;INS Santa Eul\u00e0lia disposa d&#8217;una T\u00e8cnica en Integraci\u00f3 Social (TIS). Aquesta figura t\u00e9 la finalitat de treballar amb l&#8217;alumnat de l&#8217;IES amb dificultats d&#8217;integraci\u00f3 social, amb alumnat amb necessitats especials (necessitats educatives, desmotivaci\u00f3, desorientaci\u00f3, desarrelament&#8230;) i\/o fomentar el bon clima i la conviv\u00e8ncia escolar. La seva tasca es centra en dos [&hellip;]<\/p>\n","protected":false},"author":1,"featured_media":0,"parent":63,"menu_order":4,"comment_status":"closed","ping_status":"closed","template":"page-templates\/side-menu.php","meta":{"_bbp_topic_count":0,"_bbp_reply_count":0,"_bbp_total_topic_count":0,"_bbp_total_reply_count":0,"_bbp_voice_count":0,"_bbp_anonymous_reply_count":0,"_bbp_topic_count_hidden":0,"_bbp_reply_count_hidden":0,"_bbp_forum_subforum_count":0,"site-sidebar-layout":"default","site-content-layout":"","ast-site-content-layout":"","site-content-style":"default","site-sidebar-style":"default","ast-global-header-display":"","ast-banner-title-visibility":"","ast-main-header-display":"","ast-hfb-above-header-display":"","ast-hfb-below-header-display":"","ast-hfb-mobile-header-display":"","site-post-title":"","ast-breadcrumbs-content":"","ast-featured-img":"","footer-sml-layout":"","theme-transparent-header-meta":"","adv-header-id-meta":"","stick-header-meta":"","header-above-stick-meta":"","header-main-stick-meta":"","header-below-stick-meta":"","astra-migrate-meta-layouts":"default","ast-page-background-enabled":"default","ast-page-background-meta":{"desktop":{"background-color":"var(--ast-global-color-4)","background-image":"","background-repeat":"repeat","background-position":"center center","background-size":"auto","background-attachment":"scroll","background-type":"","background-media":"","overlay-type":"","overlay-color":"","overlay-opacity":"","overlay-gradient":""},"tablet":{"background-color":"","background-image":"","background-repeat":"repeat","background-position":"center center","background-size":"auto","background-attachment":"scroll","background-type":"","background-media":"","overlay-type":"","overlay-color":"","overlay-opacity":"","overlay-gradient":""},"mobile":{"background-color":"","background-image":"","background-repeat":"repeat","background-position":"center center","background-size":"auto","background-attachment":"scroll","background-type":"","background-media":"","overlay-type":"","overlay-color":"","overlay-opacity":"","overlay-gradient":""}},"ast-content-background-meta":{"desktop":{"background-color":"var(--ast-global-color-5)","background-image":"","background-repeat":"repeat","background-position":"center center","background-size":"auto","background-attachment":"scroll","background-type":"","background-media":"","overlay-type":"","overlay-color":"","overlay-opacity":"","overlay-gradient":""},"tablet":{"background-color":"var(--ast-global-color-5)","background-image":"","background-repeat":"repeat","background-position":"center center","background-size":"auto","background-attachment":"scroll","background-type":"","background-media":"","overlay-type":"","overlay-color":"","overlay-opacity":"","overlay-gradient":""},"mobile":{"background-color":"var(--ast-global-color-5)","background-image":"","background-repeat":"repeat","background-position":"center center","background-size":"auto","background-attachment":"scroll","background-type":"","background-media":"","overlay-type":"","overlay-color":"","overlay-opacity":"","overlay-gradient":""}},"footnotes":""},"class_list":["post-67","page","type-page","status-publish","hentry"],"post_mailing_queue_ids":[],"_links":{"self":[{"href":"https:\/\/agora.xtec.cat\/ies-santaeulalia\/wp-json\/wp\/v2\/pages\/67","targetHints":{"allow":["GET"]}}],"collection":[{"href":"https:\/\/agora.xtec.cat\/ies-santaeulalia\/wp-json\/wp\/v2\/pages"}],"about":[{"href":"https:\/\/agora.xtec.cat\/ies-santaeulalia\/wp-json\/wp\/v2\/types\/page"}],"author":[{"embeddable":true,"href":"https:\/\/agora.xtec.cat\/ies-santaeulalia\/wp-json\/wp\/v2\/users\/1"}],"replies":[{"embeddable":true,"href":"https:\/\/agora.xtec.cat\/ies-santaeulalia\/wp-json\/wp\/v2\/comments?post=67"}],"version-history":[{"count":3,"href":"https:\/\/agora.xtec.cat\/ies-santaeulalia\/wp-json\/wp\/v2\/pages\/67\/revisions"}],"predecessor-version":[{"id":4032,"href":"https:\/\/agora.xtec.cat\/ies-santaeulalia\/wp-json\/wp\/v2\/pages\/67\/revisions\/4032"}],"up":[{"embeddable":true,"href":"https:\/\/agora.xtec.cat\/ies-santaeulalia\/wp-json\/wp\/v2\/pages\/63"}],"wp:attachment":[{"href":"https:\/\/agora.xtec.cat\/ies-santaeulalia\/wp-json\/wp\/v2\/media?parent=67"}],"curies":[{"name":"wp","href":"https:\/\/api.w.org\/{rel}","templated":true}]}}