{"id":652,"date":"2017-07-10T17:34:08","date_gmt":"2017-07-10T15:34:08","guid":{"rendered":"http:\/\/agora.xtec.cat\/ies-santaeulalia\/?page_id=652"},"modified":"2024-07-25T13:24:47","modified_gmt":"2024-07-25T11:24:47","slug":"historia","status":"publish","type":"page","link":"https:\/\/agora.xtec.cat\/ies-santaeulalia\/linstitut\/historia\/","title":{"rendered":"Hist\u00f2ria"},"content":{"rendered":"\n<p><span style=\"font-family: inherit; font-size: 1em; text-align: justify;\">Amb m\u00e9s de trenta anys d&#8217;hist\u00f2ria, l\u2019Institut Santa Eul\u00e0lia ha passat per diferents etapes.<\/span><\/p>\n<p><img loading=\"lazy\" decoding=\"async\" class=\"size-full wp-image-647 aligncenter\" src=\"https:\/\/agora.xtec.cat\/ies-santaeulalia\/wp-content\/uploads\/usu44\/2017\/07\/1987-11IESSE012.jpg\" alt=\"\" width=\"600\" height=\"300\" srcset=\"https:\/\/agora.xtec.cat\/ies-santaeulalia\/wp-content\/uploads\/usu44\/2017\/07\/1987-11IESSE012.jpg 600w, https:\/\/agora.xtec.cat\/ies-santaeulalia\/wp-content\/uploads\/usu44\/2017\/07\/1987-11IESSE012-300x150.jpg 300w\" sizes=\"auto, (max-width: 600px) 100vw, 600px\" \/><\/p>\n<p>&nbsp;<\/p>\n<p style=\"text-align: justify;\">Al 1986, l\u2019institut es deia Can Jofresa i tenia una secci\u00f3 de formaci\u00f3 professional, l\u2019antiga FP.<\/p>\n<p><img loading=\"lazy\" decoding=\"async\" class=\"size-large wp-image-648 aligncenter\" src=\"https:\/\/agora.xtec.cat\/ies-santaeulalia\/wp-content\/uploads\/usu44\/2017\/07\/1987-10castanyada007.jpg\" alt=\"\" width=\"600\" height=\"300\" srcset=\"https:\/\/agora.xtec.cat\/ies-santaeulalia\/wp-content\/uploads\/usu44\/2017\/07\/1987-10castanyada007.jpg 600w, https:\/\/agora.xtec.cat\/ies-santaeulalia\/wp-content\/uploads\/usu44\/2017\/07\/1987-10castanyada007-300x150.jpg 300w\" sizes=\"auto, (max-width: 600px) 100vw, 600px\" \/><\/p>\n<p><img loading=\"lazy\" decoding=\"async\" class=\"size-full wp-image-644 aligncenter\" src=\"https:\/\/agora.xtec.cat\/ies-santaeulalia\/wp-content\/uploads\/usu44\/2017\/07\/1998-02IESSE078.jpg\" alt=\"\" width=\"600\" height=\"300\" srcset=\"https:\/\/agora.xtec.cat\/ies-santaeulalia\/wp-content\/uploads\/usu44\/2017\/07\/1998-02IESSE078.jpg 600w, https:\/\/agora.xtec.cat\/ies-santaeulalia\/wp-content\/uploads\/usu44\/2017\/07\/1998-02IESSE078-300x150.jpg 300w\" sizes=\"auto, (max-width: 600px) 100vw, 600px\" \/><\/p>\n<p style=\"text-align: justify;\">Amb els pas dels anys, i fent front a l\u2019alt \u00edndex de creixement de la poblaci\u00f3 en edat escolar, es va ampliar l\u2019espai creant l\u2019Institut de Formaci\u00f3 Professional Can Jofresa, per tenir entitat pr\u00f2pia com Institut d&#8217;FP.<\/p>\n<p><img loading=\"lazy\" decoding=\"async\" class=\"size-full wp-image-643 aligncenter\" src=\"https:\/\/agora.xtec.cat\/ies-santaeulalia\/wp-content\/uploads\/usu44\/2017\/07\/1998-04IESSE084.jpg\" alt=\"\" width=\"600\" height=\"300\" srcset=\"https:\/\/agora.xtec.cat\/ies-santaeulalia\/wp-content\/uploads\/usu44\/2017\/07\/1998-04IESSE084.jpg 600w, https:\/\/agora.xtec.cat\/ies-santaeulalia\/wp-content\/uploads\/usu44\/2017\/07\/1998-04IESSE084-300x150.jpg 300w\" sizes=\"auto, (max-width: 600px) 100vw, 600px\" \/><\/p>\n<p style=\"text-align: justify;\">Al 1987, comencen les obres del nou edifici que es construir\u00e0 a l\u2019Avinguda Santa Eul\u00e0lia i que va acollir tot el pes de la FP (especialitats d\u2019electricitat, mec\u00e0nica i d\u2019administraci\u00f3 i comer\u00e7), quedant l\u2019Institut Can Jofresa \u00fanicament amb alumnes de secund\u00e0ria. Aquest edifici acabar\u00e0 sent la seu principal del futur INS SANTA EUL\u00c0LIA i es va posar en funcionalment al 1988.<\/p>\n<p><img loading=\"lazy\" decoding=\"async\" class=\"size-full wp-image-647 aligncenter\" src=\"https:\/\/agora.xtec.cat\/ies-santaeulalia\/wp-content\/uploads\/usu44\/2017\/07\/1987-11IESSE012.jpg\" alt=\"\" width=\"600\" height=\"300\" srcset=\"https:\/\/agora.xtec.cat\/ies-santaeulalia\/wp-content\/uploads\/usu44\/2017\/07\/1987-11IESSE012.jpg 600w, https:\/\/agora.xtec.cat\/ies-santaeulalia\/wp-content\/uploads\/usu44\/2017\/07\/1987-11IESSE012-300x150.jpg 300w\" sizes=\"auto, (max-width: 600px) 100vw, 600px\" \/><\/p>\n<p><img loading=\"lazy\" decoding=\"async\" class=\"size-large wp-image-646 aligncenter\" src=\"https:\/\/agora.xtec.cat\/ies-santaeulalia\/wp-content\/uploads\/usu44\/2017\/07\/1990-04IESSE017.jpg\" alt=\"\" width=\"600\" height=\"300\" srcset=\"https:\/\/agora.xtec.cat\/ies-santaeulalia\/wp-content\/uploads\/usu44\/2017\/07\/1990-04IESSE017.jpg 600w, https:\/\/agora.xtec.cat\/ies-santaeulalia\/wp-content\/uploads\/usu44\/2017\/07\/1990-04IESSE017-300x150.jpg 300w\" sizes=\"auto, (max-width: 600px) 100vw, 600px\" \/><\/p>\n<p style=\"text-align: justify;\">Fins al curs 1995-96, era un Institut de Formaci\u00f3 Professional on s&#8217;impartien les especialitats d&#8217;electricitat, mec\u00e0nica i d&#8217;administraci\u00f3 i comer\u00e7. Amb la introducci\u00f3 de la reforma educativa, van comen\u00e7ar a impartir-se cicles formatius de grau mitj\u00e0 i grau superior d&#8217;electricitat, mecanitzaci\u00f3 i administratiu, ESO i Batxillerats.<\/p>\n<p><img loading=\"lazy\" decoding=\"async\" class=\"size-large wp-image-649 aligncenter\" src=\"https:\/\/agora.xtec.cat\/ies-santaeulalia\/wp-content\/uploads\/usu44\/2017\/07\/1998-04IESSE085.jpg\" alt=\"\" width=\"600\" height=\"300\" srcset=\"https:\/\/agora.xtec.cat\/ies-santaeulalia\/wp-content\/uploads\/usu44\/2017\/07\/1998-04IESSE085.jpg 600w, https:\/\/agora.xtec.cat\/ies-santaeulalia\/wp-content\/uploads\/usu44\/2017\/07\/1998-04IESSE085-300x150.jpg 300w\" sizes=\"auto, (max-width: 600px) 100vw, 600px\" \/><\/p>\n<p><img loading=\"lazy\" decoding=\"async\" class=\"size-full wp-image-642 aligncenter\" src=\"https:\/\/agora.xtec.cat\/ies-santaeulalia\/wp-content\/uploads\/usu44\/2017\/07\/1998-04IESSE081.jpg\" alt=\"\" width=\"600\" height=\"300\" srcset=\"https:\/\/agora.xtec.cat\/ies-santaeulalia\/wp-content\/uploads\/usu44\/2017\/07\/1998-04IESSE081.jpg 600w, https:\/\/agora.xtec.cat\/ies-santaeulalia\/wp-content\/uploads\/usu44\/2017\/07\/1998-04IESSE081-300x150.jpg 300w\" sizes=\"auto, (max-width: 600px) 100vw, 600px\" \/><\/p>\n<p style=\"text-align: justify;\">Al 2006, es comen\u00e7a a impartir cicles de la fam\u00edlia d\u2019imatge i so, amb el suport de l\u2019Ajuntament de Terrassa per donar empenta al projecte de la Ciutat Audiovisual. Al 2008 s\u2019inaugura el nou edifici que acollir\u00e0 aquests estudis, al carrer Badalona, dintre del Campus Professional Vallparad\u00eds.<\/p>\n<p style=\"text-align: justify;\">Amb el pas del temps, l\u2019oferta de formaci\u00f3 professional s\u2019ha anat ampliant, tot mantenint l\u2019educaci\u00f3 obligat\u00f2ria. En l\u2019actualitat, s\u2019imparteix\u00a0ESO, Batxillerat, PFI i cicles formatius, tant de Grau Mitj\u00e0 com de Grau Superior. En total, al centre comptem amb 7 fam\u00edlies professionals diferents:\u00a0 Administraci\u00f3 i gesti\u00f3,\u00a0Activitats\u00a0f\u00edsiques i esportives,\u00a0Comer\u00e7 i M\u00e0rqueting,\u00a0Electricitat i Electr\u00f2nica,\u00a0Energia i Aigua,\u00a0Instal\u00b7laci\u00f3 i Manteniment i\u00a0Imatge i so.<\/p>\n<p>&nbsp;<\/p>\n<p style=\"text-align: justify;\">\n","protected":false},"excerpt":{"rendered":"<p>Amb m\u00e9s de trenta anys d&#8217;hist\u00f2ria, l\u2019Institut Santa Eul\u00e0lia ha passat per diferents etapes. &nbsp; Al 1986, l\u2019institut es deia Can Jofresa i tenia una secci\u00f3 de formaci\u00f3 professional, l\u2019antiga FP. Amb els pas dels anys, i fent front a l\u2019alt \u00edndex de creixement de la poblaci\u00f3 en edat escolar, es va ampliar l\u2019espai creant [&hellip;]<\/p>\n","protected":false},"author":1,"featured_media":0,"parent":19,"menu_order":3,"comment_status":"closed","ping_status":"closed","template":"page-templates\/side-menu.php","meta":{"_bbp_topic_count":0,"_bbp_reply_count":0,"_bbp_total_topic_count":0,"_bbp_total_reply_count":0,"_bbp_voice_count":0,"_bbp_anonymous_reply_count":0,"_bbp_topic_count_hidden":0,"_bbp_reply_count_hidden":0,"_bbp_forum_subforum_count":0,"site-sidebar-layout":"default","site-content-layout":"","ast-site-content-layout":"","site-content-style":"default","site-sidebar-style":"default","ast-global-header-display":"","ast-banner-title-visibility":"","ast-main-header-display":"","ast-hfb-above-header-display":"","ast-hfb-below-header-display":"","ast-hfb-mobile-header-display":"","site-post-title":"","ast-breadcrumbs-content":"","ast-featured-img":"","footer-sml-layout":"","theme-transparent-header-meta":"","adv-header-id-meta":"","stick-header-meta":"","header-above-stick-meta":"","header-main-stick-meta":"","header-below-stick-meta":"","astra-migrate-meta-layouts":"default","ast-page-background-enabled":"default","ast-page-background-meta":{"desktop":{"background-color":"var(--ast-global-color-4)","background-image":"","background-repeat":"repeat","background-position":"center center","background-size":"auto","background-attachment":"scroll","background-type":"","background-media":"","overlay-type":"","overlay-color":"","overlay-opacity":"","overlay-gradient":""},"tablet":{"background-color":"","background-image":"","background-repeat":"repeat","background-position":"center center","background-size":"auto","background-attachment":"scroll","background-type":"","background-media":"","overlay-type":"","overlay-color":"","overlay-opacity":"","overlay-gradient":""},"mobile":{"background-color":"","background-image":"","background-repeat":"repeat","background-position":"center center","background-size":"auto","background-attachment":"scroll","background-type":"","background-media":"","overlay-type":"","overlay-color":"","overlay-opacity":"","overlay-gradient":""}},"ast-content-background-meta":{"desktop":{"background-color":"var(--ast-global-color-5)","background-image":"","background-repeat":"repeat","background-position":"center center","background-size":"auto","background-attachment":"scroll","background-type":"","background-media":"","overlay-type":"","overlay-color":"","overlay-opacity":"","overlay-gradient":""},"tablet":{"background-color":"var(--ast-global-color-5)","background-image":"","background-repeat":"repeat","background-position":"center center","background-size":"auto","background-attachment":"scroll","background-type":"","background-media":"","overlay-type":"","overlay-color":"","overlay-opacity":"","overlay-gradient":""},"mobile":{"background-color":"var(--ast-global-color-5)","background-image":"","background-repeat":"repeat","background-position":"center center","background-size":"auto","background-attachment":"scroll","background-type":"","background-media":"","overlay-type":"","overlay-color":"","overlay-opacity":"","overlay-gradient":""}},"footnotes":""},"class_list":["post-652","page","type-page","status-publish","hentry"],"post_mailing_queue_ids":[],"_links":{"self":[{"href":"https:\/\/agora.xtec.cat\/ies-santaeulalia\/wp-json\/wp\/v2\/pages\/652","targetHints":{"allow":["GET"]}}],"collection":[{"href":"https:\/\/agora.xtec.cat\/ies-santaeulalia\/wp-json\/wp\/v2\/pages"}],"about":[{"href":"https:\/\/agora.xtec.cat\/ies-santaeulalia\/wp-json\/wp\/v2\/types\/page"}],"author":[{"embeddable":true,"href":"https:\/\/agora.xtec.cat\/ies-santaeulalia\/wp-json\/wp\/v2\/users\/1"}],"replies":[{"embeddable":true,"href":"https:\/\/agora.xtec.cat\/ies-santaeulalia\/wp-json\/wp\/v2\/comments?post=652"}],"version-history":[{"count":4,"href":"https:\/\/agora.xtec.cat\/ies-santaeulalia\/wp-json\/wp\/v2\/pages\/652\/revisions"}],"predecessor-version":[{"id":8749,"href":"https:\/\/agora.xtec.cat\/ies-santaeulalia\/wp-json\/wp\/v2\/pages\/652\/revisions\/8749"}],"up":[{"embeddable":true,"href":"https:\/\/agora.xtec.cat\/ies-santaeulalia\/wp-json\/wp\/v2\/pages\/19"}],"wp:attachment":[{"href":"https:\/\/agora.xtec.cat\/ies-santaeulalia\/wp-json\/wp\/v2\/media?parent=652"}],"curies":[{"name":"wp","href":"https:\/\/api.w.org\/{rel}","templated":true}]}}