{"id":5856,"date":"2022-06-07T10:56:30","date_gmt":"2022-06-07T08:56:30","guid":{"rendered":"https:\/\/agora.xtec.cat\/ies-santaeulalia\/?page_id=5856"},"modified":"2026-02-05T10:41:36","modified_gmt":"2026-02-05T09:41:36","slug":"certificat-de-nivell-de-catala","status":"publish","type":"page","link":"https:\/\/agora.xtec.cat\/ies-santaeulalia\/secretaria\/certificat-de-nivell-de-catala\/","title":{"rendered":"Certificat de nivell de catal\u00e0"},"content":{"rendered":"<h3><strong>Sol\u00b7licitud de certificat d&#8217;equival\u00e8ncia de nivell de catal\u00e0<br \/>\n<\/strong><\/h3>\n<p>Tots els centres p\u00fablics d&#8217;Educaci\u00f3 Secund\u00e0ria de Catalunya poden expedir certificats d&#8217;equival\u00e8ncia del nivell de\u00a0Catal\u00e0\u00a0a l&#8217;alumnat que ho sol\u00b7liciti i compleixi les condicions establertes per la normativa. En cap cas es podr\u00e0 fer en aquells alumnes que hagin obtingut l&#8217;ESO en una Escola d&#8217;Adults.<\/p>\n<div><\/div>\n<ul>\n<li>La persona interessada ha d\u2019emplenar\u00a0la\u00a0<strong><a href=\"https:\/\/drive.google.com\/file\/d\/1DWV6UAzFBInfxquwMsnegGhU27MwLDdd\/view?usp=sharing\" target=\"_blank\" rel=\"noopener\"><u>sol\u00b7licitud<\/u><\/a>\u00a0<\/strong>i adjuntar <strong><span style=\"text-decoration: underline;\">la documentaci\u00f3 requerida<\/span><\/strong>. Podeu consultar a la taula de sota o al <a href=\"https:\/\/drive.google.com\/file\/d\/1TrAehvSAs3m9Nt1_LQXA8PGP3hSRYNEH\/view?usp=sharing\" target=\"_blank\" rel=\"noopener\">seg\u00fcent document\u00a0<\/a>.<\/li>\n<li>Cal entregar-ho a la Secretaria del centre o a trav\u00e9s del correu <a href=\"mailto:certificats@santaeulalia.cat\">certificats<span class=\"\">@santaeulalia.cat<\/span><\/a><\/li>\n<\/ul>\n<table width=\"671\">\n<tbody>\n<tr>\n<td colspan=\"3\" width=\"671\"><strong>\u00a0<\/strong><strong>NIVELL B2<\/strong><\/td>\n<\/tr>\n<tr>\n<td width=\"123\"><strong>\u00a0<\/strong><strong>ESTUDIS<\/strong><\/td>\n<td width=\"302\"><strong>\u00a0<\/strong><strong>REQUISITS: haver <u>cursat<\/u> a Catalunya la mat\u00e8ria Llengua Catalana en:<\/strong><\/td>\n<td width=\"246\"><strong>\u00a0<\/strong><strong>DOCUMENTACI\u00d3 QUE CAL PRESENTAR<\/strong><\/td>\n<\/tr>\n<tr>\n<td width=\"123\"><strong>EGB<\/strong><\/td>\n<td width=\"302\">\u00b7\u00a0\u00a0\u00a0\u00a0\u00a0\u00a0\u00a0\u00a0 Totalitat de l\u2019EGB<\/td>\n<td width=\"246\">\u00b7\u00a0\u00a0\u00a0\u00a0\u00a0\u00a0\u00a0\u00a0 DNI\u00b7\u00a0\u00a0\u00a0\u00a0\u00a0\u00a0\u00a0\u00a0 Llibre d\u2019EGB<\/td>\n<\/tr>\n<tr>\n<td width=\"123\"><strong>FP1<\/strong><\/td>\n<td width=\"302\">\u00b7\u00a0\u00a0\u00a0\u00a0\u00a0\u00a0\u00a0\u00a0 Totalitat de l\u2019EGB\u00b7\u00a0\u00a0\u00a0\u00a0\u00a0\u00a0\u00a0\u00a0 Totalitat de FP1<\/td>\n<td width=\"246\">\u00b7\u00a0\u00a0\u00a0\u00a0\u00a0\u00a0\u00a0\u00a0 DNI\u00b7\u00a0\u00a0\u00a0\u00a0\u00a0\u00a0\u00a0\u00a0 Llibre d\u2019EGB<\/p>\n<p>\u00b7\u00a0\u00a0\u00a0\u00a0\u00a0\u00a0\u00a0\u00a0 Certificat de la FP1<\/td>\n<\/tr>\n<tr>\n<td width=\"123\"><strong>\u00a0<\/strong><strong>ESO<\/strong><\/p>\n<p><strong>\u00a0<\/strong><\/td>\n<td width=\"302\">\u00b7\u00a0\u00a0\u00a0\u00a0\u00a0\u00a0\u00a0\u00a0 M\u00ednim de 4 cursos de prim\u00e0ria en centres d\u2019Arag\u00f3\u00b7\u00a0\u00a0\u00a0\u00a0\u00a0\u00a0\u00a0\u00a0 Totalitat de l\u2019ESO<\/td>\n<td width=\"246\">\u00b7\u00a0\u00a0\u00a0\u00a0\u00a0\u00a0\u00a0\u00a0 DNI\u00b7\u00a0\u00a0\u00a0\u00a0\u00a0\u00a0\u00a0\u00a0 Llibre de Prim\u00e0ria i Secund\u00e0ria<\/td>\n<\/tr>\n<tr>\n<td colspan=\"3\" width=\"671\"><strong>\u00a0<\/strong><strong>NIVELL C1<\/strong><\/td>\n<\/tr>\n<tr>\n<td width=\"123\"><strong>\u00a0<\/strong><strong>ESTUDIS<\/strong><\/td>\n<td width=\"302\"><strong>\u00a0<\/strong><strong>REQUISITS: haver <u>cursat<\/u> a Catalunya la mat\u00e8ria Llengua Catalana en:<\/strong><\/td>\n<td width=\"246\"><strong>\u00a0<\/strong><strong>DOCUMENTACI\u00d3 QUE CAL PRESENTAR<\/strong><\/td>\n<\/tr>\n<tr>\n<td width=\"123\"><strong>\u00a0<\/strong><strong>\u00a0<\/strong><\/p>\n<p><strong>ESO<\/strong><\/td>\n<td width=\"302\">\u00b7\u00a0\u00a0\u00a0\u00a0\u00a0\u00a0\u00a0\u00a0 3 Cursos qualsevols de prim\u00e0ria\u00b7\u00a0\u00a0\u00a0\u00a0\u00a0\u00a0\u00a0\u00a0 Totalitat de l\u2019ESO: a partir del 2007\/2008 <u>cursada i aprovada la mat\u00e8ria de Llengua Catalana<\/u><\/p>\n<p><em>(el t\u00edtol de l\u2019ESO no garanteix tenir la mat\u00e8ria aprovada)<\/em><\/td>\n<td width=\"246\">\u00b7\u00a0\u00a0\u00a0\u00a0\u00a0\u00a0\u00a0\u00a0 DNI\u00b7\u00a0\u00a0\u00a0\u00a0\u00a0\u00a0\u00a0\u00a0 Llibre de Prim\u00e0ria<\/p>\n<p>\u00b7\u00a0\u00a0\u00a0\u00a0\u00a0\u00a0\u00a0\u00a0 Llibre d\u2019ESO<\/td>\n<\/tr>\n<tr>\n<td width=\"123\"><strong>\u00a0<\/strong><strong>BATXILLERAT<\/strong><\/p>\n<p><strong>(LOGSE)<\/strong><\/td>\n<td width=\"302\">\u00b7\u00a0\u00a0\u00a0\u00a0\u00a0\u00a0\u00a0\u00a0 3 cursos qualsevols de prim\u00e0ria\u00b7\u00a0\u00a0\u00a0\u00a0\u00a0\u00a0\u00a0\u00a0 5 cursos qualsevols entre l\u2019ESO i Batxillerat on la <u>mat\u00e8ria de Llengua Catalana estigui cursada<\/u><\/td>\n<td width=\"246\">\u00b7\u00a0\u00a0\u00a0\u00a0\u00a0\u00a0\u00a0\u00a0 DNI\u00b7\u00a0\u00a0\u00a0\u00a0\u00a0\u00a0\u00a0\u00a0 Llibre de prim\u00e0ria<\/p>\n<p>\u00b7\u00a0\u00a0\u00a0\u00a0\u00a0\u00a0\u00a0\u00a0 Llibre d\u2019ESO<\/p>\n<p>\u00b7\u00a0\u00a0\u00a0\u00a0\u00a0\u00a0\u00a0\u00a0 Llibre de Batxillerat<\/td>\n<\/tr>\n<tr>\n<td width=\"123\"><strong>\u00a0<\/strong><strong>BATXILLERAT<\/strong><\/p>\n<p><strong>(BUP)<\/strong><\/td>\n<td width=\"302\">\u00b7\u00a0\u00a0\u00a0\u00a0\u00a0\u00a0\u00a0\u00a0 Totalitat de l\u2019EGB\u00b7\u00a0\u00a0\u00a0\u00a0\u00a0\u00a0\u00a0\u00a0 Totalitat del BUP<\/p>\n<p>(a partir del 1978\/79)<\/td>\n<td width=\"246\">\u00b7\u00a0\u00a0\u00a0\u00a0\u00a0\u00a0\u00a0\u00a0 DNI\u00b7\u00a0\u00a0\u00a0\u00a0\u00a0\u00a0\u00a0\u00a0 Llibre d\u2019EGB<\/p>\n<p>\u00b7\u00a0\u00a0\u00a0\u00a0\u00a0\u00a0\u00a0\u00a0 Llibre de BUP<\/td>\n<\/tr>\n<tr>\n<td width=\"123\"><strong>\u00a0<\/strong><strong>FP2<\/strong><\/td>\n<td width=\"302\">\u00b7\u00a0\u00a0\u00a0\u00a0\u00a0\u00a0\u00a0\u00a0 Totalitat l\u2019EGB\u00b7\u00a0\u00a0\u00a0\u00a0\u00a0\u00a0\u00a0\u00a0 Totalitat de FP1<\/p>\n<p>\u00b7\u00a0\u00a0\u00a0\u00a0\u00a0\u00a0\u00a0\u00a0 Totalitat de FP2<\/p>\n<p>(a partir del 78\/19)<\/td>\n<td width=\"246\">\u00b7\u00a0\u00a0\u00a0\u00a0\u00a0\u00a0\u00a0\u00a0 DNI\u00b7\u00a0\u00a0\u00a0\u00a0\u00a0\u00a0\u00a0\u00a0 Llibre d\u2019EGB<\/p>\n<p>\u00b7\u00a0\u00a0\u00a0\u00a0\u00a0\u00a0\u00a0\u00a0 Certificat de qualificacions dels cursos de FP1 i FP2<\/td>\n<\/tr>\n<\/tbody>\n<\/table>\n<div><\/div>\n<h4>M\u00c9S INFORMACI\u00d3:<\/h4>\n<div><\/div>\n<div>\n<ul>\n<li>En cas de no disposar dels llibres d\u2019escolaritat, es pot demanar un certificat de qualificacions als centres on s\u2019han cursat els estudis.<\/li>\n<li>Escolaritzaci\u00f3 complerta a Catalunya (des de l\u2019EGB i Prim\u00e0ria)<\/li>\n<li>No haver estat exempt de catal\u00e0<\/li>\n<li>Nascuts al 1972 i l\u2019inici d\u2019escolaritzaci\u00f3 a partir del curs 1978-79<\/li>\n<li>Si has nascut abans de 1972 i vols obtenir el certificat, has de dirigir-te al<\/li>\n<\/ul>\n<p><em>Departament d\u2019Educaci\u00f3 &#8211; Normalitzaci\u00f3 ling\u00fc\u00edstica<\/em><\/p>\n<p><em>93.551.69.00 \/ 93.400.69.00<\/em><\/p>\n<p><em>Via Augusta 202 de Barcelona<\/em><\/p>\n<ul>\n<li>Si has obtingut l\u2019ESO a l\u2019Escola d\u2019Adults has d\u2019anar all\u00e0 a tramitar el certificat.<\/li>\n<\/ul>\n<\/div>\n<div><img loading=\"lazy\" decoding=\"async\" class=\"aligncenter wp-image-5621 size-medium\" src=\"https:\/\/agora.xtec.cat\/ies-santaeulalia\/wp-content\/uploads\/usu44\/2022\/04\/235842-300x300.png\" alt=\"\" width=\"300\" height=\"300\" srcset=\"https:\/\/agora.xtec.cat\/ies-santaeulalia\/wp-content\/uploads\/usu44\/2022\/04\/235842-300x300.png 300w, https:\/\/agora.xtec.cat\/ies-santaeulalia\/wp-content\/uploads\/usu44\/2022\/04\/235842-150x150.png 150w, https:\/\/agora.xtec.cat\/ies-santaeulalia\/wp-content\/uploads\/usu44\/2022\/04\/235842.png 512w\" sizes=\"auto, (max-width: 300px) 100vw, 300px\" \/><\/div>\n<div><\/div>\n<div>informaci\u00f3 actualitzada: 09\/06\/2022<\/div>\n","protected":false},"excerpt":{"rendered":"<p>Sol\u00b7licitud de certificat d&#8217;equival\u00e8ncia de nivell de catal\u00e0 Tots els centres p\u00fablics d&#8217;Educaci\u00f3 Secund\u00e0ria de Catalunya poden expedir certificats d&#8217;equival\u00e8ncia del nivell de\u00a0Catal\u00e0\u00a0a l&#8217;alumnat que ho sol\u00b7liciti i compleixi les condicions establertes per la normativa. En cap cas es podr\u00e0 fer en aquells alumnes que hagin obtingut l&#8217;ESO en una Escola d&#8217;Adults. La persona interessada [&hellip;]<\/p>\n","protected":false},"author":1,"featured_media":0,"parent":81,"menu_order":9,"comment_status":"closed","ping_status":"closed","template":"","meta":{"_bbp_topic_count":0,"_bbp_reply_count":0,"_bbp_total_topic_count":0,"_bbp_total_reply_count":0,"_bbp_voice_count":0,"_bbp_anonymous_reply_count":0,"_bbp_topic_count_hidden":0,"_bbp_reply_count_hidden":0,"_bbp_forum_subforum_count":0,"site-sidebar-layout":"default","site-content-layout":"","ast-site-content-layout":"default","site-content-style":"default","site-sidebar-style":"default","ast-global-header-display":"","ast-banner-title-visibility":"","ast-main-header-display":"","ast-hfb-above-header-display":"","ast-hfb-below-header-display":"","ast-hfb-mobile-header-display":"","site-post-title":"","ast-breadcrumbs-content":"","ast-featured-img":"","footer-sml-layout":"","theme-transparent-header-meta":"","adv-header-id-meta":"","stick-header-meta":"","header-above-stick-meta":"","header-main-stick-meta":"","header-below-stick-meta":"","astra-migrate-meta-layouts":"set","ast-page-background-enabled":"default","ast-page-background-meta":{"desktop":{"background-color":"var(--ast-global-color-4)","background-image":"","background-repeat":"repeat","background-position":"center center","background-size":"auto","background-attachment":"scroll","background-type":"","background-media":"","overlay-type":"","overlay-color":"","overlay-opacity":"","overlay-gradient":""},"tablet":{"background-color":"","background-image":"","background-repeat":"repeat","background-position":"center center","background-size":"auto","background-attachment":"scroll","background-type":"","background-media":"","overlay-type":"","overlay-color":"","overlay-opacity":"","overlay-gradient":""},"mobile":{"background-color":"","background-image":"","background-repeat":"repeat","background-position":"center center","background-size":"auto","background-attachment":"scroll","background-type":"","background-media":"","overlay-type":"","overlay-color":"","overlay-opacity":"","overlay-gradient":""}},"ast-content-background-meta":{"desktop":{"background-color":"var(--ast-global-color-5)","background-image":"","background-repeat":"repeat","background-position":"center center","background-size":"auto","background-attachment":"scroll","background-type":"","background-media":"","overlay-type":"","overlay-color":"","overlay-opacity":"","overlay-gradient":""},"tablet":{"background-color":"var(--ast-global-color-5)","background-image":"","background-repeat":"repeat","background-position":"center center","background-size":"auto","background-attachment":"scroll","background-type":"","background-media":"","overlay-type":"","overlay-color":"","overlay-opacity":"","overlay-gradient":""},"mobile":{"background-color":"var(--ast-global-color-5)","background-image":"","background-repeat":"repeat","background-position":"center center","background-size":"auto","background-attachment":"scroll","background-type":"","background-media":"","overlay-type":"","overlay-color":"","overlay-opacity":"","overlay-gradient":""}},"footnotes":""},"class_list":["post-5856","page","type-page","status-publish","hentry"],"post_mailing_queue_ids":[],"_links":{"self":[{"href":"https:\/\/agora.xtec.cat\/ies-santaeulalia\/wp-json\/wp\/v2\/pages\/5856","targetHints":{"allow":["GET"]}}],"collection":[{"href":"https:\/\/agora.xtec.cat\/ies-santaeulalia\/wp-json\/wp\/v2\/pages"}],"about":[{"href":"https:\/\/agora.xtec.cat\/ies-santaeulalia\/wp-json\/wp\/v2\/types\/page"}],"author":[{"embeddable":true,"href":"https:\/\/agora.xtec.cat\/ies-santaeulalia\/wp-json\/wp\/v2\/users\/1"}],"replies":[{"embeddable":true,"href":"https:\/\/agora.xtec.cat\/ies-santaeulalia\/wp-json\/wp\/v2\/comments?post=5856"}],"version-history":[{"count":4,"href":"https:\/\/agora.xtec.cat\/ies-santaeulalia\/wp-json\/wp\/v2\/pages\/5856\/revisions"}],"predecessor-version":[{"id":10444,"href":"https:\/\/agora.xtec.cat\/ies-santaeulalia\/wp-json\/wp\/v2\/pages\/5856\/revisions\/10444"}],"up":[{"embeddable":true,"href":"https:\/\/agora.xtec.cat\/ies-santaeulalia\/wp-json\/wp\/v2\/pages\/81"}],"wp:attachment":[{"href":"https:\/\/agora.xtec.cat\/ies-santaeulalia\/wp-json\/wp\/v2\/media?parent=5856"}],"curies":[{"name":"wp","href":"https:\/\/api.w.org\/{rel}","templated":true}]}}