{"id":5347,"date":"2022-02-15T11:08:04","date_gmt":"2022-02-15T10:08:04","guid":{"rendered":"https:\/\/agora.xtec.cat\/ies-santaeulalia\/?page_id=5347"},"modified":"2025-07-07T12:25:11","modified_gmt":"2025-07-07T10:25:11","slug":"economia-social-solidaria-i-cooperativa","status":"publish","type":"page","link":"https:\/\/agora.xtec.cat\/ies-santaeulalia\/serveis\/economia-social-solidaria-i-cooperativa\/","title":{"rendered":"Economia Social, Solid\u00e0ria i cooperativa"},"content":{"rendered":"\n<p>Aquest projecte vol impulsar, mitjan\u00e7ant la col.laboraci\u00f3 de diversos agents socials i educatius de la ciutat, el coneixement de l&#8217;Economia Social, Solid\u00e0ria i Cooperativa entre el nostre alumnat.<\/p>\n\n\n\n<p>Partim de la base que des dels plans d\u2019estudis dels nostres Instituts i escoles es contemplen mat\u00e8ries o m\u00f2duls professionals molt relacionats amb l\u2019Economia per\u00f2 amb molt poc aprofundiment a la vessant Social, Solid\u00e0ria i Cooperativa. \u00c9s per aix\u00f2 que realitzem activitats i tallers educatius, al llarg del curs, vinculats a la Terrassa Cooperativa, la cita anual de la ciutat amb el cooperativisme i l&#8217;economia social.<\/p>\n\n\n\n<p>Actualment estem dissenyant una eina moodle d&#8217;intercanvi d&#8217;experi\u00e8ncies educatives pel professorat i alumnat dels diversos instituts i escoles participants del projecte del qual ara mateix forma part l&#8217;INS Santa Eul\u00e0lia, l&#8217;INS Montserrat Roig, L&#8217;INS Egara, L&#8217;INS Can Roca, L&#8217;escola Vedruna i Creixen Terrassa.<\/p>\n\n\n\n<figure class=\"wp-block-image alignright is-resized has-custom-border is-style-rounded\" style=\"margin-top:0;margin-bottom:0\"><img loading=\"lazy\" decoding=\"async\" width=\"300\" height=\"221\" src=\"https:\/\/agora.xtec.cat\/ies-santaeulalia\/wp-content\/uploads\/usu44\/2022\/02\/Moodle-1-300x221.jpg\" alt=\"\" class=\"wp-image-5349\" style=\"border-width:12px;border-radius:69px;width:494px;height:auto\" srcset=\"https:\/\/agora.xtec.cat\/ies-santaeulalia\/wp-content\/uploads\/usu44\/2022\/02\/Moodle-1-300x221.jpg 300w, https:\/\/agora.xtec.cat\/ies-santaeulalia\/wp-content\/uploads\/usu44\/2022\/02\/Moodle-1-1024x754.jpg 1024w, https:\/\/agora.xtec.cat\/ies-santaeulalia\/wp-content\/uploads\/usu44\/2022\/02\/Moodle-1-768x565.jpg 768w, https:\/\/agora.xtec.cat\/ies-santaeulalia\/wp-content\/uploads\/usu44\/2022\/02\/Moodle-1.jpg 1251w\" sizes=\"auto, (max-width: 300px) 100vw, 300px\" \/><\/figure>\n\n\n\n<ul class=\"wp-block-list\">\n<li>Not\u00edcies publicades<\/li>\n<\/ul>\n\n\n\n<div>Noticia 1:\u00a0<a href=\"https:\/\/agora.xtec.cat\/ies-santaeulalia\/portada\/taller-sobre-els-valors-del-cooperativisme-i-leconomia-social\/\" target=\"_blank\" rel=\"noopener\" data-saferedirecturl=\"https:\/\/www.google.com\/url?q=https:\/\/agora.xtec.cat\/ies-santaeulalia\/portada\/taller-sobre-els-valors-del-cooperativisme-i-leconomia-social\/&amp;source=gmail&amp;ust=1645005875899000&amp;usg=AOvVaw2hFWsT3EQGkfG3qxQwG735\">https:\/\/agora.xtec.cat\/ies-<wbr \/>santaeulalia\/portada\/taller-<wbr \/>sobre-els-valors-del-<wbr \/>cooperativisme-i-leconomia-<wbr \/>social\/<\/a><\/div>\n\n\n\n<div>\u00a0<\/div>\n\n\n\n<div>Noticia 2:<a href=\"https:\/\/agora.xtec.cat\/ies-santaeulalia\/portada\/1a-trobada-dalumnes-pel-foment-de-leconomia-social-i-solidaria-a-les-aules\/\" target=\"_blank\" rel=\"noopener\" data-saferedirecturl=\"https:\/\/www.google.com\/url?q=https:\/\/agora.xtec.cat\/ies-santaeulalia\/portada\/1a-trobada-dalumnes-pel-foment-de-leconomia-social-i-solidaria-a-les-aules\/&amp;source=gmail&amp;ust=1645005875899000&amp;usg=AOvVaw0QugSX2MVB2lnhZlILQ_Ad\">https:\/\/agora.xtec.cat\/ies-<wbr>santaeulalia\/portada\/1a-<wbr>trobada-dalumnes-pel-foment-<wbr>de-leconomia-social-i-<wbr>solidaria-a-les-aules\/<\/a><\/div>\n\n\n\n<div>\u00a0<\/div>\n\n\n\n<div>Noticia 3:&nbsp;<a href=\"https:\/\/agora.xtec.cat\/ies-santaeulalia\/general\/signatura-del-conveni-per-la-formacio-deconomia-social-solidaria-i-cooperativa\/\" target=\"_blank\" rel=\"noopener\" data-saferedirecturl=\"https:\/\/www.google.com\/url?q=https:\/\/agora.xtec.cat\/ies-santaeulalia\/general\/signatura-del-conveni-per-la-formacio-deconomia-social-solidaria-i-cooperativa\/&amp;source=gmail&amp;ust=1645005875899000&amp;usg=AOvVaw0u4mQezzQFScvwpJO4HiEn\">https:\/\/agora.xtec.cat\/ies-<wbr>santaeulalia\/general\/<wbr>signatura-del-conveni-per-la-<wbr>formacio-deconomia-social-<wbr>solidaria-i-cooperativa\/<\/a><\/div>\n\n\n\n<div>&nbsp;<\/div>\n\n\n\n<div>Not\u00edcia 4:\u00a0<a href=\"https:\/\/agora.xtec.cat\/ies-santaeulalia\/portada\/5a-edicio-de-la-terrassa-cooperativa\/\" target=\"_blank\" rel=\"noopener\" data-saferedirecturl=\"https:\/\/www.google.com\/url?q=https:\/\/agora.xtec.cat\/ies-santaeulalia\/portada\/5a-edicio-de-la-terrassa-cooperativa\/&amp;source=gmail&amp;ust=1645005875899000&amp;usg=AOvVaw3xyZBQAk1VtXVshbLIOb0o\">https:\/\/agora.xtec.cat\/ies-<wbr \/>santaeulalia\/portada\/5a-<wbr \/>edicio-de-la-terrassa-<wbr \/>cooperativa\/<\/a><\/div>\n\n\n\n<div>&nbsp;<\/div>\n\n\n\n<div>Not\u00edcia 5:<a href=\"https:\/\/agora.xtec.cat\/ies-santaeulalia\/portada\/participacio-alumnat-cfgs-agbo-cfgm-ag10-a-la-diada-internacional-per-la-justicia-social\/\" target=\"_blank\" rel=\"noopener\" data-saferedirecturl=\"https:\/\/www.google.com\/url?q=https:\/\/agora.xtec.cat\/ies-santaeulalia\/portada\/participacio-alumnat-cfgs-agbo-cfgm-ag10-a-la-diada-internacional-per-la-justicia-social\/&amp;source=gmail&amp;ust=1645005875899000&amp;usg=AOvVaw1ZS7rs8o1z4kJ5EVFumURx\">https:\/\/agora.xtec.cat\/ies-<wbr \/>santaeulalia\/portada\/<wbr \/>participacio-alumnat-cfgs-<wbr \/>agbo-cfgm-ag10-a-la-diada-<wbr \/>internacional-per-la-justicia-<wbr \/>social\/<\/a><\/div>\n\n\n\n<div>&nbsp;<\/div>\n\n\n\n<div>Noticia 6:<a href=\"https:\/\/agora.xtec.cat\/ies-santaeulalia\/portada\/jornades-dintercooperacio-educativa\/\" target=\"_blank\" rel=\"noopener\" data-saferedirecturl=\"https:\/\/www.google.com\/url?q=https:\/\/agora.xtec.cat\/ies-santaeulalia\/portada\/jornades-dintercooperacio-educativa\/&amp;source=gmail&amp;ust=1645005875899000&amp;usg=AOvVaw0WAcpKlF39DFlJNH77NTbX\">https:\/\/agora.xtec.cat\/ies-<wbr>santaeulalia\/portada\/jornades-<wbr>dintercooperacio-educativa\/<\/a><\/div>\n\n\n\n<div>&nbsp;<\/div>\n\n\n\n<div>Noticia 7:\u00a0<a href=\"https:\/\/agora.xtec.cat\/ies-santaeulalia\/general\/lalumnat-de-2n-curs-de-gestio-administrativa-participa-a-la-jornada-dintercooperacio-educativa-de-terrassa\/\" target=\"_blank\" rel=\"noopener\" data-saferedirecturl=\"https:\/\/www.google.com\/url?q=https:\/\/agora.xtec.cat\/ies-santaeulalia\/general\/lalumnat-de-2n-curs-de-gestio-administrativa-participa-a-la-jornada-dintercooperacio-educativa-de-terrassa\/&amp;source=gmail&amp;ust=1645005875899000&amp;usg=AOvVaw2LKmjKCKr66dU9UkF3pvpk\">https:\/\/agora.xtec.cat\/ies-<wbr \/>santaeulalia\/general\/lalumnat-<wbr \/>de-2n-curs-de-gestio-<wbr \/>administrativa-participa-a-la-<wbr \/>jornada-dintercooperacio-<wbr \/>educativa-de-terrassa\/<\/a><\/div>\n\n\n\n<p><\/p>\n","protected":false},"excerpt":{"rendered":"<p>Aquest projecte vol impulsar, mitjan\u00e7ant la col.laboraci\u00f3 de diversos agents socials i educatius de la ciutat, el coneixement de l&#8217;Economia Social, Solid\u00e0ria i Cooperativa entre el nostre alumnat. Partim de la base que des dels plans d\u2019estudis dels nostres Instituts i escoles es contemplen mat\u00e8ries o m\u00f2duls professionals molt relacionats amb l\u2019Economia per\u00f2 amb molt [&hellip;]<\/p>\n","protected":false},"author":1,"featured_media":0,"parent":63,"menu_order":0,"comment_status":"closed","ping_status":"closed","template":"","meta":{"_bbp_topic_count":0,"_bbp_reply_count":0,"_bbp_total_topic_count":0,"_bbp_total_reply_count":0,"_bbp_voice_count":0,"_bbp_anonymous_reply_count":0,"_bbp_topic_count_hidden":0,"_bbp_reply_count_hidden":0,"_bbp_forum_subforum_count":0,"site-sidebar-layout":"default","site-content-layout":"","ast-site-content-layout":"default","site-content-style":"default","site-sidebar-style":"default","ast-global-header-display":"","ast-banner-title-visibility":"","ast-main-header-display":"","ast-hfb-above-header-display":"","ast-hfb-below-header-display":"","ast-hfb-mobile-header-display":"","site-post-title":"","ast-breadcrumbs-content":"","ast-featured-img":"","footer-sml-layout":"","theme-transparent-header-meta":"","adv-header-id-meta":"","stick-header-meta":"","header-above-stick-meta":"","header-main-stick-meta":"","header-below-stick-meta":"","astra-migrate-meta-layouts":"set","ast-page-background-enabled":"default","ast-page-background-meta":{"desktop":{"background-color":"var(--ast-global-color-4)","background-image":"","background-repeat":"repeat","background-position":"center center","background-size":"auto","background-attachment":"scroll","background-type":"","background-media":"","overlay-type":"","overlay-color":"","overlay-opacity":"","overlay-gradient":""},"tablet":{"background-color":"","background-image":"","background-repeat":"repeat","background-position":"center center","background-size":"auto","background-attachment":"scroll","background-type":"","background-media":"","overlay-type":"","overlay-color":"","overlay-opacity":"","overlay-gradient":""},"mobile":{"background-color":"","background-image":"","background-repeat":"repeat","background-position":"center center","background-size":"auto","background-attachment":"scroll","background-type":"","background-media":"","overlay-type":"","overlay-color":"","overlay-opacity":"","overlay-gradient":""}},"ast-content-background-meta":{"desktop":{"background-color":"var(--ast-global-color-5)","background-image":"","background-repeat":"repeat","background-position":"center center","background-size":"auto","background-attachment":"scroll","background-type":"","background-media":"","overlay-type":"","overlay-color":"","overlay-opacity":"","overlay-gradient":""},"tablet":{"background-color":"var(--ast-global-color-5)","background-image":"","background-repeat":"repeat","background-position":"center center","background-size":"auto","background-attachment":"scroll","background-type":"","background-media":"","overlay-type":"","overlay-color":"","overlay-opacity":"","overlay-gradient":""},"mobile":{"background-color":"var(--ast-global-color-5)","background-image":"","background-repeat":"repeat","background-position":"center center","background-size":"auto","background-attachment":"scroll","background-type":"","background-media":"","overlay-type":"","overlay-color":"","overlay-opacity":"","overlay-gradient":""}},"footnotes":""},"class_list":["post-5347","page","type-page","status-publish","hentry"],"post_mailing_queue_ids":[],"_links":{"self":[{"href":"https:\/\/agora.xtec.cat\/ies-santaeulalia\/wp-json\/wp\/v2\/pages\/5347","targetHints":{"allow":["GET"]}}],"collection":[{"href":"https:\/\/agora.xtec.cat\/ies-santaeulalia\/wp-json\/wp\/v2\/pages"}],"about":[{"href":"https:\/\/agora.xtec.cat\/ies-santaeulalia\/wp-json\/wp\/v2\/types\/page"}],"author":[{"embeddable":true,"href":"https:\/\/agora.xtec.cat\/ies-santaeulalia\/wp-json\/wp\/v2\/users\/1"}],"replies":[{"embeddable":true,"href":"https:\/\/agora.xtec.cat\/ies-santaeulalia\/wp-json\/wp\/v2\/comments?post=5347"}],"version-history":[{"count":6,"href":"https:\/\/agora.xtec.cat\/ies-santaeulalia\/wp-json\/wp\/v2\/pages\/5347\/revisions"}],"predecessor-version":[{"id":9789,"href":"https:\/\/agora.xtec.cat\/ies-santaeulalia\/wp-json\/wp\/v2\/pages\/5347\/revisions\/9789"}],"up":[{"embeddable":true,"href":"https:\/\/agora.xtec.cat\/ies-santaeulalia\/wp-json\/wp\/v2\/pages\/63"}],"wp:attachment":[{"href":"https:\/\/agora.xtec.cat\/ies-santaeulalia\/wp-json\/wp\/v2\/media?parent=5347"}],"curies":[{"name":"wp","href":"https:\/\/api.w.org\/{rel}","templated":true}]}}