{"id":5060,"date":"2021-11-09T12:49:01","date_gmt":"2021-11-09T11:49:01","guid":{"rendered":"https:\/\/agora.xtec.cat\/ies-santaeulalia\/?page_id=5060"},"modified":"2025-12-18T17:35:55","modified_gmt":"2025-12-18T16:35:55","slug":"aula-tecnologica-ateca-nextgenerationeu","status":"publish","type":"page","link":"https:\/\/agora.xtec.cat\/ies-santaeulalia\/serveis\/aula-tecnologica-ateca-nextgenerationeu\/","title":{"rendered":"Aula Tecnol\u00f2gica ATECA (NextGenerationEU)"},"content":{"rendered":"\n<p>&nbsp;<\/p>\n\n\n\n<p>&nbsp;<\/p>\n\n\n\n<h2 class=\"wp-block-heading\">Aula Ateca \/ IMATGE I SO \/ 2025<\/h2>\n\n\n\n<div class=\"wp-block-media-text is-stacked-on-mobile\"><figure class=\"wp-block-media-text__media\"><img loading=\"lazy\" decoding=\"async\" width=\"1000\" height=\"461\" src=\"https:\/\/agora.xtec.cat\/ies-santaeulalia\/wp-content\/uploads\/usu44\/2025\/11\/IMG20251120141317-1.jpg\" alt=\"\" class=\"wp-image-10267 size-full\" srcset=\"https:\/\/agora.xtec.cat\/ies-santaeulalia\/wp-content\/uploads\/usu44\/2025\/11\/IMG20251120141317-1.jpg 1000w, https:\/\/agora.xtec.cat\/ies-santaeulalia\/wp-content\/uploads\/usu44\/2025\/11\/IMG20251120141317-1-300x138.jpg 300w, https:\/\/agora.xtec.cat\/ies-santaeulalia\/wp-content\/uploads\/usu44\/2025\/11\/IMG20251120141317-1-768x354.jpg 768w\" sizes=\"auto, (max-width: 1000px) 100vw, 1000px\" \/><\/figure><div class=\"wp-block-media-text__content\">\n<p><\/p>\n\n\n\n<p>2025, El departament d&#8217;imatge i so posa en marxa l&#8217;Aula Ateca amb material audiovisual, amb possibilitats per fer podcast, il\u00b7luminaci\u00f3 espectacular, realitzaci\u00f3 TV, producci\u00f3 virtual a petita escala i so immersiu.<\/p>\n<\/div><\/div>\n\n\n\n<p><\/p>\n\n\n\n<p>El nou aula s\u2019ha concebut com un entorn avan\u00e7at de creaci\u00f3 audiovisual, dotat de tecnologia d\u2019\u00faltima generaci\u00f3 que permetr\u00e0 als estudiants desenvolupar compet\u00e8ncies clau per al seu futur professional.<br>Entre els seus equipaments destaquen:<br>Equipament de gravaci\u00f3 de podcasts, completament equipat amb sistemes professionals d\u2019\u00e0udio.<br>Ledwall de 3\u00d72 metres que permetr\u00e0 les pr\u00e0ctiques de producci\u00f3 virtual per televisi\u00f3.<br>Estructura per a retransmissi\u00f3 en v\u00eddeo via streaming amb c\u00e0meres robotitzades PTZ, que permet produir contingut en directe amb est\u00e0ndards propis del sector audiovisual.<\/p>\n\n\n\n<hr class=\"wp-block-separator has-alpha-channel-opacity\"\/>\n\n\n\n<p><\/p>\n\n\n\n<h2 class=\"wp-block-heading\">Aula Ateca \/ Manteniment i instal\u00b7lacions \/ 2021<\/h2>\n\n\n\n<div class=\"wp-block-media-text is-stacked-on-mobile\"><figure class=\"wp-block-media-text__media\"><img loading=\"lazy\" decoding=\"async\" width=\"716\" height=\"535\" src=\"https:\/\/agora.xtec.cat\/ies-santaeulalia\/wp-content\/uploads\/usu44\/2025\/12\/2021-12-18-173328.png\" alt=\"\" class=\"wp-image-10370 size-full\" srcset=\"https:\/\/agora.xtec.cat\/ies-santaeulalia\/wp-content\/uploads\/usu44\/2025\/12\/2021-12-18-173328.png 716w, https:\/\/agora.xtec.cat\/ies-santaeulalia\/wp-content\/uploads\/usu44\/2025\/12\/2021-12-18-173328-300x224.png 300w\" sizes=\"auto, (max-width: 716px) 100vw, 716px\" \/><\/figure><div class=\"wp-block-media-text__content\">\n<p>2021. L\u2019Institut Santa Eul\u00e0lia va aconseguir un aprovisionament significatiu de material tecnol\u00f2gic destinat a donar resposta a la situaci\u00f3 plantejada per les necessitats de digitalitzaci\u00f3 de les estructures productives i del capital hum\u00e0, aix\u00ed com a la consolidaci\u00f3 del Pla de Modernitzaci\u00f3 de la Formaci\u00f3 Professional.<\/p>\n<\/div><\/div>\n\n\n\n<p><\/p>\n\n\n\n<p>Concretament es tracta d\u2019equips de simulaci\u00f3, entrenament i realitzaci\u00f3 de pr\u00e0ctiques relacionades amb la pneum\u00e0tica, electr\u00f2nica i sistemes de control (PLCs, manipuladors XY, equips de sens\u00f2rica, programari Fluidsim\u2026) El material en q\u00fcesti\u00f3 s\u2019ha ubicat a l\u2019Aula EPN (Aula d\u2019Electropneum\u00e0tica), a l\u2019edifici de Cicles Formatius.<\/p>\n\n\n\n<p>Aquesta dotaci\u00f3 de material tecnol\u00f2gic vol satisfer les necessitats educatives i formatives dels nostres alumnes. La digitalitzaci\u00f3 de l\u2019aprenentatge, entre d\u2019altres aspectes, forma part de les l\u00ednies estrat\u00e8giques del centre. Entenem que \u00e9s un valor afegit i necessari per afavorir la integraci\u00f3 del nostre alumnat en el m\u00f3n actual i, en el cas de l\u2019FP, tamb\u00e9 en el professional, que evoluciona r\u00e0pidament en aquest aspecte.<\/p>\n\n\n\n<p>Acci\u00f3 possible gr\u00e0cies a una dotaci\u00f3 econ\u00f2mica de Fons Social Europeu per a la tecnificaci\u00f3 i digitalitzaci\u00f3 d\u2019aules de FP.<\/p>\n\n\n\n<figure class=\"wp-block-image alignleft\"><img loading=\"lazy\" decoding=\"async\" width=\"979\" height=\"118\" src=\"https:\/\/agora.xtec.cat\/ies-santaeulalia\/wp-content\/uploads\/usu44\/2021\/11\/feu-1.png\" alt=\"\" class=\"wp-image-5056\" srcset=\"https:\/\/agora.xtec.cat\/ies-santaeulalia\/wp-content\/uploads\/usu44\/2021\/11\/feu-1.png 979w, https:\/\/agora.xtec.cat\/ies-santaeulalia\/wp-content\/uploads\/usu44\/2021\/11\/feu-1-300x36.png 300w, https:\/\/agora.xtec.cat\/ies-santaeulalia\/wp-content\/uploads\/usu44\/2021\/11\/feu-1-768x93.png 768w\" sizes=\"auto, (max-width: 979px) 100vw, 979px\" \/><\/figure>\n\n\n\n<p><\/p>\n\n\n\n<p>&nbsp;<\/p>\n\n\n\n<p>&nbsp;<\/p>\n\n\n\n<p>&nbsp;<\/p>\n\n\n\n<p>&nbsp;<\/p>\n","protected":false},"excerpt":{"rendered":"<p>&nbsp; &nbsp; Aula Ateca \/ IMATGE I SO \/ 2025 2025, El departament d&#8217;imatge i so posa en marxa l&#8217;Aula Ateca amb material audiovisual, amb possibilitats per fer podcast, il\u00b7luminaci\u00f3 espectacular, realitzaci\u00f3 TV, producci\u00f3 virtual a petita escala i so immersiu. El nou aula s\u2019ha concebut com un entorn avan\u00e7at de creaci\u00f3 audiovisual, dotat de [&hellip;]<\/p>\n","protected":false},"author":1,"featured_media":0,"parent":63,"menu_order":0,"comment_status":"closed","ping_status":"closed","template":"","meta":{"_bbp_topic_count":0,"_bbp_reply_count":0,"_bbp_total_topic_count":0,"_bbp_total_reply_count":0,"_bbp_voice_count":0,"_bbp_anonymous_reply_count":0,"_bbp_topic_count_hidden":0,"_bbp_reply_count_hidden":0,"_bbp_forum_subforum_count":0,"site-sidebar-layout":"default","site-content-layout":"","ast-site-content-layout":"default","site-content-style":"default","site-sidebar-style":"default","ast-global-header-display":"","ast-banner-title-visibility":"","ast-main-header-display":"","ast-hfb-above-header-display":"","ast-hfb-below-header-display":"","ast-hfb-mobile-header-display":"","site-post-title":"","ast-breadcrumbs-content":"","ast-featured-img":"","footer-sml-layout":"","theme-transparent-header-meta":"","adv-header-id-meta":"","stick-header-meta":"","header-above-stick-meta":"","header-main-stick-meta":"","header-below-stick-meta":"","astra-migrate-meta-layouts":"set","ast-page-background-enabled":"default","ast-page-background-meta":{"desktop":{"background-color":"var(--ast-global-color-4)","background-image":"","background-repeat":"repeat","background-position":"center center","background-size":"auto","background-attachment":"scroll","background-type":"","background-media":"","overlay-type":"","overlay-color":"","overlay-opacity":"","overlay-gradient":""},"tablet":{"background-color":"","background-image":"","background-repeat":"repeat","background-position":"center center","background-size":"auto","background-attachment":"scroll","background-type":"","background-media":"","overlay-type":"","overlay-color":"","overlay-opacity":"","overlay-gradient":""},"mobile":{"background-color":"","background-image":"","background-repeat":"repeat","background-position":"center center","background-size":"auto","background-attachment":"scroll","background-type":"","background-media":"","overlay-type":"","overlay-color":"","overlay-opacity":"","overlay-gradient":""}},"ast-content-background-meta":{"desktop":{"background-color":"var(--ast-global-color-5)","background-image":"","background-repeat":"repeat","background-position":"center center","background-size":"auto","background-attachment":"scroll","background-type":"","background-media":"","overlay-type":"","overlay-color":"","overlay-opacity":"","overlay-gradient":""},"tablet":{"background-color":"var(--ast-global-color-5)","background-image":"","background-repeat":"repeat","background-position":"center center","background-size":"auto","background-attachment":"scroll","background-type":"","background-media":"","overlay-type":"","overlay-color":"","overlay-opacity":"","overlay-gradient":""},"mobile":{"background-color":"var(--ast-global-color-5)","background-image":"","background-repeat":"repeat","background-position":"center center","background-size":"auto","background-attachment":"scroll","background-type":"","background-media":"","overlay-type":"","overlay-color":"","overlay-opacity":"","overlay-gradient":""}},"footnotes":""},"class_list":["post-5060","page","type-page","status-publish","hentry"],"post_mailing_queue_ids":[],"_links":{"self":[{"href":"https:\/\/agora.xtec.cat\/ies-santaeulalia\/wp-json\/wp\/v2\/pages\/5060","targetHints":{"allow":["GET"]}}],"collection":[{"href":"https:\/\/agora.xtec.cat\/ies-santaeulalia\/wp-json\/wp\/v2\/pages"}],"about":[{"href":"https:\/\/agora.xtec.cat\/ies-santaeulalia\/wp-json\/wp\/v2\/types\/page"}],"author":[{"embeddable":true,"href":"https:\/\/agora.xtec.cat\/ies-santaeulalia\/wp-json\/wp\/v2\/users\/1"}],"replies":[{"embeddable":true,"href":"https:\/\/agora.xtec.cat\/ies-santaeulalia\/wp-json\/wp\/v2\/comments?post=5060"}],"version-history":[{"count":5,"href":"https:\/\/agora.xtec.cat\/ies-santaeulalia\/wp-json\/wp\/v2\/pages\/5060\/revisions"}],"predecessor-version":[{"id":10372,"href":"https:\/\/agora.xtec.cat\/ies-santaeulalia\/wp-json\/wp\/v2\/pages\/5060\/revisions\/10372"}],"up":[{"embeddable":true,"href":"https:\/\/agora.xtec.cat\/ies-santaeulalia\/wp-json\/wp\/v2\/pages\/63"}],"wp:attachment":[{"href":"https:\/\/agora.xtec.cat\/ies-santaeulalia\/wp-json\/wp\/v2\/media?parent=5060"}],"curies":[{"name":"wp","href":"https:\/\/api.w.org\/{rel}","templated":true}]}}