{"id":4805,"date":"2021-10-07T18:29:37","date_gmt":"2021-10-07T16:29:37","guid":{"rendered":"https:\/\/agora.xtec.cat\/ies-santaeulalia\/?page_id=4805"},"modified":"2025-07-07T12:31:03","modified_gmt":"2025-07-07T10:31:03","slug":"us-del-software-gmao-de-lempresa-linx","status":"publish","type":"page","link":"https:\/\/agora.xtec.cat\/ies-santaeulalia\/serveis\/us-del-software-gmao-de-lempresa-linx\/","title":{"rendered":"\u00das del software GMAO de l&#8217;empresa LINX"},"content":{"rendered":"<p><img loading=\"lazy\" decoding=\"async\" class=\"size-medium wp-image-4806 alignnone\" src=\"https:\/\/agora.xtec.cat\/ies-santaeulalia\/wp-content\/uploads\/usu44\/2021\/10\/GMAO-de-lempresa-LINX-300x50.jpg\" alt=\"\" width=\"300\" height=\"50\" srcset=\"https:\/\/agora.xtec.cat\/ies-santaeulalia\/wp-content\/uploads\/usu44\/2021\/10\/GMAO-de-lempresa-LINX-300x50.jpg 300w, https:\/\/agora.xtec.cat\/ies-santaeulalia\/wp-content\/uploads\/usu44\/2021\/10\/GMAO-de-lempresa-LINX.jpg 761w\" sizes=\"auto, (max-width: 300px) 100vw, 300px\" \/><\/p>\n<p>GMAO significa Gesti\u00f3 de Manteniment Assistida per Ordinador. Es tracta d&#8217;un tipus de software que s&#8217;utilitza per a sistematitzar i centralitzar tota la informaci\u00f3 sobre la gesti\u00f3 del manteniment en una empresa. Aix\u00ed, mitjan\u00e7ant aquest programari es pot disposar d&#8217;un registre centralitzat de tots els actius i equips del que s\u00f3n responsables el departament de manteniment, tamb\u00e9 \u00e9s possible programar i realitzar un seguiment de les activitats de manteniment i disposar d&#8217;un registre detallat del treball que s&#8217;ha realitzat.<\/p>\n<p>Actualment al centre estem impartint el programari GMAO de l&#8217;empresa LINX als alumnes de 2\u00ba curs de CFGM de Manteniment electromec\u00e0nic i de CFGS Mecatr\u00f2nica industrial, mitjan\u00e7ant una llic\u00e8ncia educacional.<\/p>\n<p>A continuaci\u00f3 s&#8217;adjunta l&#8217;enlla\u00e7 al web de l&#8217;empresa LINX. <a href=\"https:\/\/www.gmaolinx.com\" target=\"_blank\" rel=\"noopener\">https:\/\/www.gmaolinx.com<\/a>\/<\/p>\n","protected":false},"excerpt":{"rendered":"<p>GMAO significa Gesti\u00f3 de Manteniment Assistida per Ordinador. Es tracta d&#8217;un tipus de software que s&#8217;utilitza per a sistematitzar i centralitzar tota la informaci\u00f3 sobre la gesti\u00f3 del manteniment en una empresa. Aix\u00ed, mitjan\u00e7ant aquest programari es pot disposar d&#8217;un registre centralitzat de tots els actius i equips del que s\u00f3n responsables el departament de [&hellip;]<\/p>\n","protected":false},"author":1,"featured_media":0,"parent":63,"menu_order":0,"comment_status":"closed","ping_status":"closed","template":"","meta":{"_bbp_topic_count":0,"_bbp_reply_count":0,"_bbp_total_topic_count":0,"_bbp_total_reply_count":0,"_bbp_voice_count":0,"_bbp_anonymous_reply_count":0,"_bbp_topic_count_hidden":0,"_bbp_reply_count_hidden":0,"_bbp_forum_subforum_count":0,"site-sidebar-layout":"default","site-content-layout":"","ast-site-content-layout":"default","site-content-style":"default","site-sidebar-style":"default","ast-global-header-display":"","ast-banner-title-visibility":"","ast-main-header-display":"","ast-hfb-above-header-display":"","ast-hfb-below-header-display":"","ast-hfb-mobile-header-display":"","site-post-title":"","ast-breadcrumbs-content":"","ast-featured-img":"","footer-sml-layout":"","theme-transparent-header-meta":"default","adv-header-id-meta":"","stick-header-meta":"","header-above-stick-meta":"","header-main-stick-meta":"","header-below-stick-meta":"","astra-migrate-meta-layouts":"set","ast-page-background-enabled":"default","ast-page-background-meta":{"desktop":{"background-color":"var(--ast-global-color-4)","background-image":"","background-repeat":"repeat","background-position":"center center","background-size":"auto","background-attachment":"scroll","background-type":"","background-media":"","overlay-type":"","overlay-color":"","overlay-opacity":"","overlay-gradient":""},"tablet":{"background-color":"","background-image":"","background-repeat":"repeat","background-position":"center center","background-size":"auto","background-attachment":"scroll","background-type":"","background-media":"","overlay-type":"","overlay-color":"","overlay-opacity":"","overlay-gradient":""},"mobile":{"background-color":"","background-image":"","background-repeat":"repeat","background-position":"center center","background-size":"auto","background-attachment":"scroll","background-type":"","background-media":"","overlay-type":"","overlay-color":"","overlay-opacity":"","overlay-gradient":""}},"ast-content-background-meta":{"desktop":{"background-color":"var(--ast-global-color-5)","background-image":"","background-repeat":"repeat","background-position":"center center","background-size":"auto","background-attachment":"scroll","background-type":"","background-media":"","overlay-type":"","overlay-color":"","overlay-opacity":"","overlay-gradient":""},"tablet":{"background-color":"var(--ast-global-color-5)","background-image":"","background-repeat":"repeat","background-position":"center center","background-size":"auto","background-attachment":"scroll","background-type":"","background-media":"","overlay-type":"","overlay-color":"","overlay-opacity":"","overlay-gradient":""},"mobile":{"background-color":"var(--ast-global-color-5)","background-image":"","background-repeat":"repeat","background-position":"center center","background-size":"auto","background-attachment":"scroll","background-type":"","background-media":"","overlay-type":"","overlay-color":"","overlay-opacity":"","overlay-gradient":""}},"footnotes":""},"class_list":["post-4805","page","type-page","status-publish","hentry"],"post_mailing_queue_ids":[],"_links":{"self":[{"href":"https:\/\/agora.xtec.cat\/ies-santaeulalia\/wp-json\/wp\/v2\/pages\/4805","targetHints":{"allow":["GET"]}}],"collection":[{"href":"https:\/\/agora.xtec.cat\/ies-santaeulalia\/wp-json\/wp\/v2\/pages"}],"about":[{"href":"https:\/\/agora.xtec.cat\/ies-santaeulalia\/wp-json\/wp\/v2\/types\/page"}],"author":[{"embeddable":true,"href":"https:\/\/agora.xtec.cat\/ies-santaeulalia\/wp-json\/wp\/v2\/users\/1"}],"replies":[{"embeddable":true,"href":"https:\/\/agora.xtec.cat\/ies-santaeulalia\/wp-json\/wp\/v2\/comments?post=4805"}],"version-history":[{"count":1,"href":"https:\/\/agora.xtec.cat\/ies-santaeulalia\/wp-json\/wp\/v2\/pages\/4805\/revisions"}],"predecessor-version":[{"id":4808,"href":"https:\/\/agora.xtec.cat\/ies-santaeulalia\/wp-json\/wp\/v2\/pages\/4805\/revisions\/4808"}],"up":[{"embeddable":true,"href":"https:\/\/agora.xtec.cat\/ies-santaeulalia\/wp-json\/wp\/v2\/pages\/63"}],"wp:attachment":[{"href":"https:\/\/agora.xtec.cat\/ies-santaeulalia\/wp-json\/wp\/v2\/media?parent=4805"}],"curies":[{"name":"wp","href":"https:\/\/api.w.org\/{rel}","templated":true}]}}