{"id":468,"date":"2017-04-21T14:24:25","date_gmt":"2017-04-21T12:24:25","guid":{"rendered":"http:\/\/agora.xtec.cat\/ies-santaeulalia\/?page_id=468"},"modified":"2022-07-25T11:47:37","modified_gmt":"2022-07-25T09:47:37","slug":"missio-visio-i-valors","status":"publish","type":"page","link":"https:\/\/agora.xtec.cat\/ies-santaeulalia\/linstitut\/missio-visio-i-valors\/","title":{"rendered":"Missi\u00f3, visi\u00f3 i valors"},"content":{"rendered":"<p>L&#8217;Institut Santa Eul\u00e0lia \u00e9s un institut p\u00fablic de Terrassa, situat a l&#8217;Avinguda de Santa Eul\u00e0lia, via que separa els barris de Can Palet i de Can Jofresa. La proced\u00e8ncia del nostre alumnat \u00e9s molt diversa: prov\u00e9 dels barris de Ca n&#8217;Anglada, Can Palet, Can Jofresa, Vilardell, Montserrat i Guadalhorce i pertanyen a universos socials, professionals, econ\u00f2mics i culturals molt distints. El nostre centre \u00e9s un centre integral, on conviuen els nivells educatius m\u00e9s variats: ESO, batxillerat, cicles formatius de grau mitj\u00e0 i de grau superior, i PFI (P<span class=\"st\">rogrames de formaci\u00f3 i inserci\u00f3<\/span>).<\/p>\n<p>&nbsp;<\/p>\n<p>&nbsp;<\/p>\n<p><img loading=\"lazy\" decoding=\"async\" class=\"size-full wp-image-6050 alignleft\" src=\"https:\/\/agora.xtec.cat\/ies-santaeulalia\/wp-content\/uploads\/usu44\/2022\/07\/missio.png\" alt=\"\" width=\"150\" height=\"150\" \/> <span lang=\"ES\">La <strong>MISSI\u00d3<\/strong> del nostre centre \u00e9s satisfer les necessitats educatives i formatives dels nostres alumnes que majorit\u00e0riament pertanyen a un entorn en situacions socioecon\u00f2miques i culturals molt desafavorides i agreujades en els \u00faltims anys per la conjuntura econ\u00f2mica, realitzant l\u2019acreditaci\u00f3, el seguiment i l\u2019orientaci\u00f3 necess\u00e0ria, per intentar assegurar-nos que tots els alumnes assoleixin una formaci\u00f3 com a persones i les compet\u00e8ncies que els permeti la incorporaci\u00f3 en el m\u00f3n laboral i\/o per continuar la seva formaci\u00f3.\u2028<\/span><\/p>\n<p>&nbsp;<\/p>\n<p>&nbsp;<\/p>\n<p>&nbsp;<\/p>\n<p><img loading=\"lazy\" decoding=\"async\" class=\"alignleft size-full wp-image-6049\" src=\"https:\/\/agora.xtec.cat\/ies-santaeulalia\/wp-content\/uploads\/usu44\/2022\/07\/futur.png\" alt=\"\" width=\"150\" height=\"150\" \/><\/p>\n<p><span lang=\"ES\" style=\"font-family: inherit; font-size: 1em;\">L<\/span><span lang=\"ES\" style=\"font-family: inherit; font-size: 1em;\">a <strong>VISI\u00d3<\/strong> del nostre centre treballa en la voluntat de prestar una formaci\u00f3 integral de l\u2019alumne. Aix\u00ed l\u2019Institut Santa Eul\u00e0lia vol esdevenir:\u2028<\/span><\/p>\n<div align=\"justify\">\n<ul>\n<li><span lang=\"ES\">Un institut que generi unes altes expectatives d\u2019\u00e8xit entre el seu alumnat i una autoestima positiva en les pr\u00f2pies possibilitats per enfrontar-se als reptes personals, acad\u00e8mics i\/o professionals que vulguin marcar-se.\u2028<\/span><\/li>\n<li><span lang=\"ES\">Un centre que asseguri les compet\u00e8ncies b\u00e0siques com a m\u00ednim i per a tothom a l\u2019educaci\u00f3 secund\u00e0ria obligat\u00f2ria.\u2028<\/span><\/li>\n<li><span lang=\"ES\">Un institut on l\u2019angl\u00e8s, tecnologies per a l\u2019aprenentatge i el coneixement (TAC) i l\u2019esport tinguin una atenci\u00f3 preferent en totes les seves etapes i un contingut curricular en la formaci\u00f3 professional que asseguri les compet\u00e8ncies necess\u00e0ries en concordan\u00e7a a les demandes del m\u00f3n empresarial, aix\u00ed com la formaci\u00f3 com a persona.<\/span><\/li>\n<li><span lang=\"ES\">Desenvolupar al m\u00e0xim el talent, les intel\u00b7lig\u00e8ncies m\u00faltiples de tots els alumnes per treure partit de les seves capacitats en el seu propi projecte de vida.<\/span><\/li>\n<li><span lang=\"ES\">Un \u00e0mbit on el clima relacional entre els membres de la comunitat educativa (<\/span><span lang=\"ES\">alumnat, <\/span><span lang=\"ES\">fam\u00edlies, professorat i empreses) afavoreixi la confian\u00e7a, la participaci\u00f3 i el respecte en el paper de cadasc\u00fa en el proc\u00e9s educatiu, on tothom es senti satisfet pels resultats obtinguts.\u2028<\/span><\/li>\n<\/ul>\n<\/div>\n<div align=\"justify\">\n<p>&nbsp;<\/p>\n<p><span lang=\"ES\"><img loading=\"lazy\" decoding=\"async\" class=\"size-full wp-image-6051 alignleft\" style=\"text-align: start;\" src=\"https:\/\/agora.xtec.cat\/ies-santaeulalia\/wp-content\/uploads\/usu44\/2022\/07\/valors.png\" alt=\"\" width=\"150\" height=\"150\" \/>Els <strong>VALORS<\/strong> que impulsem s\u00f3n el respecte, la responsabilitat, l\u2019empatia, el plaer d\u2019aprendre, el comprom\u00eds social, la millora personal cont\u00ednua, la participaci\u00f3 i l\u2019orgull de pert\u00e0nyer a l\u2019institut.<\/span><\/p>\n<\/div>\n<p>&nbsp;<\/p>\n<p>&nbsp;<\/p>\n<p>&nbsp;<\/p>\n<p>&nbsp;<\/p>\n","protected":false},"excerpt":{"rendered":"<p>L&#8217;Institut Santa Eul\u00e0lia \u00e9s un institut p\u00fablic de Terrassa, situat a l&#8217;Avinguda de Santa Eul\u00e0lia, via que separa els barris de Can Palet i de Can Jofresa. La proced\u00e8ncia del nostre alumnat \u00e9s molt diversa: prov\u00e9 dels barris de Ca n&#8217;Anglada, Can Palet, Can Jofresa, Vilardell, Montserrat i Guadalhorce i pertanyen a universos socials, professionals, [&hellip;]<\/p>\n","protected":false},"author":1,"featured_media":0,"parent":19,"menu_order":5,"comment_status":"closed","ping_status":"closed","template":"page-templates\/side-menu.php","meta":{"_bbp_topic_count":0,"_bbp_reply_count":0,"_bbp_total_topic_count":0,"_bbp_total_reply_count":0,"_bbp_voice_count":0,"_bbp_anonymous_reply_count":0,"_bbp_topic_count_hidden":0,"_bbp_reply_count_hidden":0,"_bbp_forum_subforum_count":0,"site-sidebar-layout":"default","site-content-layout":"","ast-site-content-layout":"","site-content-style":"default","site-sidebar-style":"default","ast-global-header-display":"","ast-banner-title-visibility":"","ast-main-header-display":"","ast-hfb-above-header-display":"","ast-hfb-below-header-display":"","ast-hfb-mobile-header-display":"","site-post-title":"","ast-breadcrumbs-content":"","ast-featured-img":"","footer-sml-layout":"","theme-transparent-header-meta":"","adv-header-id-meta":"","stick-header-meta":"","header-above-stick-meta":"","header-main-stick-meta":"","header-below-stick-meta":"","astra-migrate-meta-layouts":"default","ast-page-background-enabled":"default","ast-page-background-meta":{"desktop":{"background-color":"var(--ast-global-color-4)","background-image":"","background-repeat":"repeat","background-position":"center center","background-size":"auto","background-attachment":"scroll","background-type":"","background-media":"","overlay-type":"","overlay-color":"","overlay-opacity":"","overlay-gradient":""},"tablet":{"background-color":"","background-image":"","background-repeat":"repeat","background-position":"center center","background-size":"auto","background-attachment":"scroll","background-type":"","background-media":"","overlay-type":"","overlay-color":"","overlay-opacity":"","overlay-gradient":""},"mobile":{"background-color":"","background-image":"","background-repeat":"repeat","background-position":"center center","background-size":"auto","background-attachment":"scroll","background-type":"","background-media":"","overlay-type":"","overlay-color":"","overlay-opacity":"","overlay-gradient":""}},"ast-content-background-meta":{"desktop":{"background-color":"var(--ast-global-color-5)","background-image":"","background-repeat":"repeat","background-position":"center center","background-size":"auto","background-attachment":"scroll","background-type":"","background-media":"","overlay-type":"","overlay-color":"","overlay-opacity":"","overlay-gradient":""},"tablet":{"background-color":"var(--ast-global-color-5)","background-image":"","background-repeat":"repeat","background-position":"center center","background-size":"auto","background-attachment":"scroll","background-type":"","background-media":"","overlay-type":"","overlay-color":"","overlay-opacity":"","overlay-gradient":""},"mobile":{"background-color":"var(--ast-global-color-5)","background-image":"","background-repeat":"repeat","background-position":"center center","background-size":"auto","background-attachment":"scroll","background-type":"","background-media":"","overlay-type":"","overlay-color":"","overlay-opacity":"","overlay-gradient":""}},"footnotes":""},"class_list":["post-468","page","type-page","status-publish","hentry"],"post_mailing_queue_ids":[],"_links":{"self":[{"href":"https:\/\/agora.xtec.cat\/ies-santaeulalia\/wp-json\/wp\/v2\/pages\/468","targetHints":{"allow":["GET"]}}],"collection":[{"href":"https:\/\/agora.xtec.cat\/ies-santaeulalia\/wp-json\/wp\/v2\/pages"}],"about":[{"href":"https:\/\/agora.xtec.cat\/ies-santaeulalia\/wp-json\/wp\/v2\/types\/page"}],"author":[{"embeddable":true,"href":"https:\/\/agora.xtec.cat\/ies-santaeulalia\/wp-json\/wp\/v2\/users\/1"}],"replies":[{"embeddable":true,"href":"https:\/\/agora.xtec.cat\/ies-santaeulalia\/wp-json\/wp\/v2\/comments?post=468"}],"version-history":[{"count":3,"href":"https:\/\/agora.xtec.cat\/ies-santaeulalia\/wp-json\/wp\/v2\/pages\/468\/revisions"}],"predecessor-version":[{"id":6053,"href":"https:\/\/agora.xtec.cat\/ies-santaeulalia\/wp-json\/wp\/v2\/pages\/468\/revisions\/6053"}],"up":[{"embeddable":true,"href":"https:\/\/agora.xtec.cat\/ies-santaeulalia\/wp-json\/wp\/v2\/pages\/19"}],"wp:attachment":[{"href":"https:\/\/agora.xtec.cat\/ies-santaeulalia\/wp-json\/wp\/v2\/media?parent=468"}],"curies":[{"name":"wp","href":"https:\/\/api.w.org\/{rel}","templated":true}]}}