{"id":3758,"date":"2020-11-07T19:51:38","date_gmt":"2020-11-07T18:51:38","guid":{"rendered":"https:\/\/agora.xtec.cat\/ies-santaeulalia\/?page_id=3758"},"modified":"2026-02-05T10:45:12","modified_gmt":"2026-02-05T09:45:12","slug":"convalidacions-cf","status":"publish","type":"page","link":"https:\/\/agora.xtec.cat\/ies-santaeulalia\/secretaria\/convalidacions-cf\/","title":{"rendered":"Convalidacions"},"content":{"rendered":"<p>Si ets alumne\/a de cicles formatius de grau mitj\u00e0 o superior, aquesta informaci\u00f3 et pot interessar:<\/p>\n<p>A continuaci\u00f3 tens els 3 tipus de convalidacions segons quin sigui el teu cas.<\/p>\n<ul>\n<li>Convalidacions de tipus 1: directa, la resolc el centre.<\/li>\n<li>Convalidacions de tipus 2: singular, la resolc la direcci\u00f3 general de formaci\u00f3 professional.<\/li>\n<li>Convalidacions de tipus 3: SAR (procediments de reconeixement d\u2019experi\u00e8ncia laboral o Formaci\u00f3)<\/li>\n<\/ul>\n<p>En qualsevol de les 3, has de fer la sol\u00b7licitud mitjan\u00e7ant el seg\u00fcent document:<\/p>\n<p><strong>FORMULARI DE SOL\u00b7LICITUD<\/strong><\/p>\n<p>El per\u00edode per lliurar la documentaci\u00f3 \u00e9s <strong>entre el 16 de setembre i el 20 d&#8217;octubre del 2025.<\/strong><\/p>\n<p>Per a poder demanar una convalidaci\u00f3 s&#8217;ha d&#8217;estar matriculat del m\u00f2dul.<\/p>\n<p>Respecte els\u00a0estudis universitaris, si se sol\u00b7licita la convalidaci\u00f3 de m\u00f2duls, cal adjuntar: T\u00edtol o resguard del t\u00edtol o certificat\u00a0d\u2019estudis\u00a0inacabats, pla\u00a0d\u2019estudis\u00a0cursat i programes de les mat\u00e8ries cursades a la universitat, que es corresponen amb els m\u00f2duls que se sol\u00b7licita la convalidaci\u00f3.<\/p>\n<p><strong>Les convalidacions no es poden revertir<\/strong>, per tant abans de fer la sol\u00b7licitud heu de plantejar-vos b\u00e9 aquesta decisi\u00f3.<\/p>\n<p>Depenent del tipus de convalidaci\u00f3, aquestes es resolen al centre o a la direcci\u00f3 general d\u2019FP. Les convalidacions que es resolen en el centre s\u2019intentaren resoldre\u00a0 el m\u00e9s aviat possible, el termini de resoluci\u00f3 estar\u00e0 en funci\u00f3 del n\u00famero final de sol\u00b7licituds rebudes.<strong><br \/>\nFins que no arribi la seva resoluci\u00f3, es recomana a l\u2019alumnat l\u2019assist\u00e8ncia a classe.<\/strong><\/p>\n<p>Informaci\u00f3 actualitzada 18\/09\/25<\/p>\n","protected":false},"excerpt":{"rendered":"<p>Si ets alumne\/a de cicles formatius de grau mitj\u00e0 o superior, aquesta informaci\u00f3 et pot interessar: A continuaci\u00f3 tens els 3 tipus de convalidacions segons quin sigui el teu cas. Convalidacions de tipus 1: directa, la resolc el centre. Convalidacions de tipus 2: singular, la resolc la direcci\u00f3 general de formaci\u00f3 professional. Convalidacions de tipus [&hellip;]<\/p>\n","protected":false},"author":1,"featured_media":0,"parent":81,"menu_order":5,"comment_status":"closed","ping_status":"closed","template":"","meta":{"_bbp_topic_count":0,"_bbp_reply_count":0,"_bbp_total_topic_count":0,"_bbp_total_reply_count":0,"_bbp_voice_count":0,"_bbp_anonymous_reply_count":0,"_bbp_topic_count_hidden":0,"_bbp_reply_count_hidden":0,"_bbp_forum_subforum_count":0,"site-sidebar-layout":"default","site-content-layout":"","ast-site-content-layout":"default","site-content-style":"default","site-sidebar-style":"default","ast-global-header-display":"","ast-banner-title-visibility":"","ast-main-header-display":"","ast-hfb-above-header-display":"","ast-hfb-below-header-display":"","ast-hfb-mobile-header-display":"","site-post-title":"","ast-breadcrumbs-content":"","ast-featured-img":"","footer-sml-layout":"","theme-transparent-header-meta":"","adv-header-id-meta":"","stick-header-meta":"","header-above-stick-meta":"","header-main-stick-meta":"","header-below-stick-meta":"","astra-migrate-meta-layouts":"set","ast-page-background-enabled":"default","ast-page-background-meta":{"desktop":{"background-color":"var(--ast-global-color-4)","background-image":"","background-repeat":"repeat","background-position":"center center","background-size":"auto","background-attachment":"scroll","background-type":"","background-media":"","overlay-type":"","overlay-color":"","overlay-opacity":"","overlay-gradient":""},"tablet":{"background-color":"","background-image":"","background-repeat":"repeat","background-position":"center center","background-size":"auto","background-attachment":"scroll","background-type":"","background-media":"","overlay-type":"","overlay-color":"","overlay-opacity":"","overlay-gradient":""},"mobile":{"background-color":"","background-image":"","background-repeat":"repeat","background-position":"center center","background-size":"auto","background-attachment":"scroll","background-type":"","background-media":"","overlay-type":"","overlay-color":"","overlay-opacity":"","overlay-gradient":""}},"ast-content-background-meta":{"desktop":{"background-color":"var(--ast-global-color-5)","background-image":"","background-repeat":"repeat","background-position":"center center","background-size":"auto","background-attachment":"scroll","background-type":"","background-media":"","overlay-type":"","overlay-color":"","overlay-opacity":"","overlay-gradient":""},"tablet":{"background-color":"var(--ast-global-color-5)","background-image":"","background-repeat":"repeat","background-position":"center center","background-size":"auto","background-attachment":"scroll","background-type":"","background-media":"","overlay-type":"","overlay-color":"","overlay-opacity":"","overlay-gradient":""},"mobile":{"background-color":"var(--ast-global-color-5)","background-image":"","background-repeat":"repeat","background-position":"center center","background-size":"auto","background-attachment":"scroll","background-type":"","background-media":"","overlay-type":"","overlay-color":"","overlay-opacity":"","overlay-gradient":""}},"footnotes":""},"class_list":["post-3758","page","type-page","status-publish","hentry"],"post_mailing_queue_ids":[],"_links":{"self":[{"href":"https:\/\/agora.xtec.cat\/ies-santaeulalia\/wp-json\/wp\/v2\/pages\/3758","targetHints":{"allow":["GET"]}}],"collection":[{"href":"https:\/\/agora.xtec.cat\/ies-santaeulalia\/wp-json\/wp\/v2\/pages"}],"about":[{"href":"https:\/\/agora.xtec.cat\/ies-santaeulalia\/wp-json\/wp\/v2\/types\/page"}],"author":[{"embeddable":true,"href":"https:\/\/agora.xtec.cat\/ies-santaeulalia\/wp-json\/wp\/v2\/users\/1"}],"replies":[{"embeddable":true,"href":"https:\/\/agora.xtec.cat\/ies-santaeulalia\/wp-json\/wp\/v2\/comments?post=3758"}],"version-history":[{"count":6,"href":"https:\/\/agora.xtec.cat\/ies-santaeulalia\/wp-json\/wp\/v2\/pages\/3758\/revisions"}],"predecessor-version":[{"id":10445,"href":"https:\/\/agora.xtec.cat\/ies-santaeulalia\/wp-json\/wp\/v2\/pages\/3758\/revisions\/10445"}],"up":[{"embeddable":true,"href":"https:\/\/agora.xtec.cat\/ies-santaeulalia\/wp-json\/wp\/v2\/pages\/81"}],"wp:attachment":[{"href":"https:\/\/agora.xtec.cat\/ies-santaeulalia\/wp-json\/wp\/v2\/media?parent=3758"}],"curies":[{"name":"wp","href":"https:\/\/api.w.org\/{rel}","templated":true}]}}