{"id":3742,"date":"2020-11-07T19:29:42","date_gmt":"2020-11-07T18:29:42","guid":{"rendered":"https:\/\/agora.xtec.cat\/ies-santaeulalia\/?page_id=3742"},"modified":"2026-02-11T13:47:18","modified_gmt":"2026-02-11T12:47:18","slug":"impresos","status":"publish","type":"page","link":"https:\/\/agora.xtec.cat\/ies-santaeulalia\/secretaria\/impresos\/","title":{"rendered":"Impresos de sol\u00b7licitud"},"content":{"rendered":"<h5><\/h5>\n<h5>ELS DOCUMENTS S\u00d3N PDF&#8217;s EDITABLES<\/h5>\n<ul>\n<li><a href=\"https:\/\/documents.espai.educacio.gencat.cat\/FormularisModels\/CentresGestioAdministrativa\/A816.pdf\" target=\"_blank\" rel=\"noopener\">Sol\u00b7licitud del certificat d&#8217;equival\u00e8ncia de nivell de catal\u00e0<\/a><\/li>\n<li><a href=\"https:\/\/drive.google.com\/file\/d\/1ilTqA0fMc2OB8f1BRMEceoIkueKdhFqD\/view?usp=sharing\" target=\"_blank\" rel=\"noopener\">Inst\u00e0ncia o sol\u00b7licitud<\/a><\/li>\n<li><a href=\"https:\/\/drive.google.com\/file\/d\/1EoMjK_CKyKU0HelXkf6k7BIcJOFoDqYB\/view?usp=sharing\" target=\"_blank\" rel=\"noopener\">Sol\u00b7licitud de baixa acad\u00e8mica<\/a><\/li>\n<li><a href=\"https:\/\/drive.google.com\/file\/d\/1z5wEeU9oFRP9e-CFadskgePIrf286Qij\/view?usp=sharing\" target=\"_blank\" rel=\"noopener\">Autoritzaci\u00f3 de recollida de document<\/a><\/li>\n<li><a href=\"https:\/\/drive.google.com\/file\/d\/1WDQMykI47MeeYrwwqM6CCSCsr52rKiQD\/view?usp=sharing\" target=\"_blank\" rel=\"noopener\">Autoritzaci\u00f3 de recollida de T\u00edtol<\/a><\/li>\n<\/ul>\n<p>Informaci\u00f3 actualitzada 01\/09\/2026<\/p>\n","protected":false},"excerpt":{"rendered":"<p>ELS DOCUMENTS S\u00d3N PDF&#8217;s EDITABLES Sol\u00b7licitud del certificat d&#8217;equival\u00e8ncia de nivell de catal\u00e0 Inst\u00e0ncia o sol\u00b7licitud Sol\u00b7licitud de baixa acad\u00e8mica Autoritzaci\u00f3 de recollida de document Autoritzaci\u00f3 de recollida de T\u00edtol Informaci\u00f3 actualitzada 01\/09\/2026<\/p>\n","protected":false},"author":1,"featured_media":0,"parent":81,"menu_order":5,"comment_status":"closed","ping_status":"closed","template":"","meta":{"_bbp_topic_count":0,"_bbp_reply_count":0,"_bbp_total_topic_count":0,"_bbp_total_reply_count":0,"_bbp_voice_count":0,"_bbp_anonymous_reply_count":0,"_bbp_topic_count_hidden":0,"_bbp_reply_count_hidden":0,"_bbp_forum_subforum_count":0,"site-sidebar-layout":"default","site-content-layout":"","ast-site-content-layout":"default","site-content-style":"default","site-sidebar-style":"default","ast-global-header-display":"","ast-banner-title-visibility":"","ast-main-header-display":"","ast-hfb-above-header-display":"","ast-hfb-below-header-display":"","ast-hfb-mobile-header-display":"","site-post-title":"","ast-breadcrumbs-content":"","ast-featured-img":"","footer-sml-layout":"","theme-transparent-header-meta":"","adv-header-id-meta":"","stick-header-meta":"","header-above-stick-meta":"","header-main-stick-meta":"","header-below-stick-meta":"","astra-migrate-meta-layouts":"set","ast-page-background-enabled":"default","ast-page-background-meta":{"desktop":{"background-color":"var(--ast-global-color-4)","background-image":"","background-repeat":"repeat","background-position":"center center","background-size":"auto","background-attachment":"scroll","background-type":"","background-media":"","overlay-type":"","overlay-color":"","overlay-opacity":"","overlay-gradient":""},"tablet":{"background-color":"","background-image":"","background-repeat":"repeat","background-position":"center center","background-size":"auto","background-attachment":"scroll","background-type":"","background-media":"","overlay-type":"","overlay-color":"","overlay-opacity":"","overlay-gradient":""},"mobile":{"background-color":"","background-image":"","background-repeat":"repeat","background-position":"center center","background-size":"auto","background-attachment":"scroll","background-type":"","background-media":"","overlay-type":"","overlay-color":"","overlay-opacity":"","overlay-gradient":""}},"ast-content-background-meta":{"desktop":{"background-color":"var(--ast-global-color-5)","background-image":"","background-repeat":"repeat","background-position":"center center","background-size":"auto","background-attachment":"scroll","background-type":"","background-media":"","overlay-type":"","overlay-color":"","overlay-opacity":"","overlay-gradient":""},"tablet":{"background-color":"var(--ast-global-color-5)","background-image":"","background-repeat":"repeat","background-position":"center center","background-size":"auto","background-attachment":"scroll","background-type":"","background-media":"","overlay-type":"","overlay-color":"","overlay-opacity":"","overlay-gradient":""},"mobile":{"background-color":"var(--ast-global-color-5)","background-image":"","background-repeat":"repeat","background-position":"center center","background-size":"auto","background-attachment":"scroll","background-type":"","background-media":"","overlay-type":"","overlay-color":"","overlay-opacity":"","overlay-gradient":""}},"footnotes":""},"class_list":["post-3742","page","type-page","status-publish","hentry"],"post_mailing_queue_ids":[],"_links":{"self":[{"href":"https:\/\/agora.xtec.cat\/ies-santaeulalia\/wp-json\/wp\/v2\/pages\/3742","targetHints":{"allow":["GET"]}}],"collection":[{"href":"https:\/\/agora.xtec.cat\/ies-santaeulalia\/wp-json\/wp\/v2\/pages"}],"about":[{"href":"https:\/\/agora.xtec.cat\/ies-santaeulalia\/wp-json\/wp\/v2\/types\/page"}],"author":[{"embeddable":true,"href":"https:\/\/agora.xtec.cat\/ies-santaeulalia\/wp-json\/wp\/v2\/users\/1"}],"replies":[{"embeddable":true,"href":"https:\/\/agora.xtec.cat\/ies-santaeulalia\/wp-json\/wp\/v2\/comments?post=3742"}],"version-history":[{"count":5,"href":"https:\/\/agora.xtec.cat\/ies-santaeulalia\/wp-json\/wp\/v2\/pages\/3742\/revisions"}],"predecessor-version":[{"id":10492,"href":"https:\/\/agora.xtec.cat\/ies-santaeulalia\/wp-json\/wp\/v2\/pages\/3742\/revisions\/10492"}],"up":[{"embeddable":true,"href":"https:\/\/agora.xtec.cat\/ies-santaeulalia\/wp-json\/wp\/v2\/pages\/81"}],"wp:attachment":[{"href":"https:\/\/agora.xtec.cat\/ies-santaeulalia\/wp-json\/wp\/v2\/media?parent=3742"}],"curies":[{"name":"wp","href":"https:\/\/api.w.org\/{rel}","templated":true}]}}