{"id":2974,"date":"2020-04-18T00:00:55","date_gmt":"2020-04-17T22:00:55","guid":{"rendered":"https:\/\/agora.xtec.cat\/ies-santaeulalia\/?page_id=2974"},"modified":"2025-10-23T18:50:34","modified_gmt":"2025-10-23T16:50:34","slug":"programes-de-formacio-i-insercio","status":"publish","type":"page","link":"https:\/\/agora.xtec.cat\/ies-santaeulalia\/estudis\/programes-de-formacio-i-insercio\/","title":{"rendered":"Programes de Formaci\u00f3 i Inserci\u00f3 (PFI)"},"content":{"rendered":"<p>Actualment el nostre centre ofereix els seg\u00fcents PFI:<\/p>\n<ul>\n<li style=\"list-style-type: none;\">\n<ul>\n<li style=\"list-style-type: none;\">\n<ul>\n<li><span id=\"elements_trobats\"><a href=\"https:\/\/triaeducativa.gencat.cat\/ca\/fp\/pfi\/families-professionals\/administracio-gestio\/?p_id=2710&amp;estudi\" target=\"_blank\" rel=\"noopener\">Auxiliar d\u2019Activitats d\u2019oficina i en serveis administratius generals<\/a>\u00a0<\/span><\/li>\n<\/ul>\n<\/li>\n<\/ul>\n<\/li>\n<\/ul>\n<p><img decoding=\"async\" src=\"https:\/\/triaeducativa.gencat.cat\/.content\/icones\/fitxes\/icones-fitxes\/FPGM-FPGS-PFI-AdministracioIGestio.png?__scale=w:200,h:150,t:4\" \/><\/p>\n<ul>\n<li style=\"list-style-type: none;\">\n<ul>\n<li style=\"list-style-type: none;\">\n<ul>\n<li><a href=\"https:\/\/triaeducativa.gencat.cat\/ca\/fp\/pfi\/families-professionals\/comerc-marqueting\/?p_id=2770&amp;estudi\" target=\"_blank\" rel=\"noopener\">Auxiliar de Vendes, oficina i atenci\u00f3 al p\u00fablic<\/a><\/li>\n<\/ul>\n<\/li>\n<\/ul>\n<\/li>\n<\/ul>\n<p><img decoding=\"async\" src=\"https:\/\/triaeducativa.gencat.cat\/.content\/icones\/fitxes\/icones-fitxes\/FPGM-FPGS-PFI-ComerciMarqueting.png?__scale=w:200,h:150,t:4\" \/><\/p>\n<p>Altres informacions d&#8217;inter\u00e8s:<\/p>\n<ul>\n<li style=\"list-style-type: none;\">\n<ul>\n<li style=\"list-style-type: none;\">\n<ul>\n<li><a href=\"http:\/\/queestudiar.gencat.cat\/ca\/estudis\/pfi\/\">Informaci\u00f3 general dels Programes de Formaci\u00f3 i Inserci\u00f3<\/a><\/li>\n<li><a href=\"https:\/\/drive.google.com\/file\/d\/1VrG_YlSJMPKsPvbI3SSqw2S2gt6fFK1w\/view\" target=\"_blank\" rel=\"noopener\" data-saferedirecturl=\"https:\/\/www.google.com\/url?q=https:\/\/drive.google.com\/file\/d\/1VrG_YlSJMPKsPvbI3SSqw2S2gt6fFK1w\/view&amp;source=gmail&amp;ust=1683187043026000&amp;usg=AOvVaw0R4Lv8mfR_aOfti6X7s7ny\">Informaci\u00f3 general<\/a><\/li>\n<li><a href=\"https:\/\/drive.google.com\/file\/d\/1MEfAtW75DR_x1-4umCkABIYM_ZQHUah7\/view\" target=\"_blank\" rel=\"noopener\" data-saferedirecturl=\"https:\/\/www.google.com\/url?q=https:\/\/drive.google.com\/file\/d\/1MEfAtW75DR_x1-4umCkABIYM_ZQHUah7\/view&amp;source=gmail&amp;ust=1683187043026000&amp;usg=AOvVaw2F2hP9OrW_5NZPFFT-3SAa\">Fes un PFI!<\/a><\/li>\n<li><a href=\"https:\/\/view.genial.ly\/62386e003cfcce0011801d55\" target=\"_blank\" rel=\"noopener\">Informaci\u00f3 preinscripci\u00f3 general<\/a><\/li>\n<\/ul>\n<\/li>\n<\/ul>\n<\/li>\n<\/ul>\n<p>\u00a0<\/p>\n\n\n<figure class=\"wp-block-embed is-type-video is-provider-youtube wp-block-embed-youtube wp-embed-aspect-16-9 wp-has-aspect-ratio\"><div class=\"wp-block-embed__wrapper\">\n<div class=\"ast-oembed-container \" style=\"height: 100%;\"><iframe loading=\"lazy\" title=\"Els Programes de Formaci\u00f3 i Inserci\u00f3\" width=\"500\" height=\"281\" src=\"https:\/\/www.youtube.com\/embed\/UoTYt5EY-jQ?feature=oembed\" frameborder=\"0\" allow=\"accelerometer; autoplay; clipboard-write; encrypted-media; gyroscope; picture-in-picture; web-share\" referrerpolicy=\"strict-origin-when-cross-origin\" allowfullscreen><\/iframe><\/div>\n<\/div><\/figure>\n","protected":false},"excerpt":{"rendered":"<p>Actualment el nostre centre ofereix els seg\u00fcents PFI: Auxiliar d\u2019Activitats d\u2019oficina i en serveis administratius generals\u00a0 Auxiliar de Vendes, oficina i atenci\u00f3 al p\u00fablic Altres informacions d&#8217;inter\u00e8s: Informaci\u00f3 general dels Programes de Formaci\u00f3 i Inserci\u00f3 Informaci\u00f3 general Fes un PFI! Informaci\u00f3 preinscripci\u00f3 general \u00a0<\/p>\n","protected":false},"author":1,"featured_media":0,"parent":195,"menu_order":4,"comment_status":"closed","ping_status":"closed","template":"","meta":{"_bbp_topic_count":0,"_bbp_reply_count":0,"_bbp_total_topic_count":0,"_bbp_total_reply_count":0,"_bbp_voice_count":0,"_bbp_anonymous_reply_count":0,"_bbp_topic_count_hidden":0,"_bbp_reply_count_hidden":0,"_bbp_forum_subforum_count":0,"site-sidebar-layout":"default","site-content-layout":"","ast-site-content-layout":"default","site-content-style":"default","site-sidebar-style":"default","ast-global-header-display":"","ast-banner-title-visibility":"","ast-main-header-display":"","ast-hfb-above-header-display":"","ast-hfb-below-header-display":"","ast-hfb-mobile-header-display":"","site-post-title":"","ast-breadcrumbs-content":"","ast-featured-img":"","footer-sml-layout":"","theme-transparent-header-meta":"","adv-header-id-meta":"","stick-header-meta":"","header-above-stick-meta":"","header-main-stick-meta":"","header-below-stick-meta":"","astra-migrate-meta-layouts":"set","ast-page-background-enabled":"default","ast-page-background-meta":{"desktop":{"background-color":"var(--ast-global-color-4)","background-image":"","background-repeat":"repeat","background-position":"center center","background-size":"auto","background-attachment":"scroll","background-type":"","background-media":"","overlay-type":"","overlay-color":"","overlay-opacity":"","overlay-gradient":""},"tablet":{"background-color":"","background-image":"","background-repeat":"repeat","background-position":"center center","background-size":"auto","background-attachment":"scroll","background-type":"","background-media":"","overlay-type":"","overlay-color":"","overlay-opacity":"","overlay-gradient":""},"mobile":{"background-color":"","background-image":"","background-repeat":"repeat","background-position":"center center","background-size":"auto","background-attachment":"scroll","background-type":"","background-media":"","overlay-type":"","overlay-color":"","overlay-opacity":"","overlay-gradient":""}},"ast-content-background-meta":{"desktop":{"background-color":"var(--ast-global-color-5)","background-image":"","background-repeat":"repeat","background-position":"center center","background-size":"auto","background-attachment":"scroll","background-type":"","background-media":"","overlay-type":"","overlay-color":"","overlay-opacity":"","overlay-gradient":""},"tablet":{"background-color":"var(--ast-global-color-5)","background-image":"","background-repeat":"repeat","background-position":"center center","background-size":"auto","background-attachment":"scroll","background-type":"","background-media":"","overlay-type":"","overlay-color":"","overlay-opacity":"","overlay-gradient":""},"mobile":{"background-color":"var(--ast-global-color-5)","background-image":"","background-repeat":"repeat","background-position":"center center","background-size":"auto","background-attachment":"scroll","background-type":"","background-media":"","overlay-type":"","overlay-color":"","overlay-opacity":"","overlay-gradient":""}},"footnotes":""},"class_list":["post-2974","page","type-page","status-publish","hentry"],"post_mailing_queue_ids":[],"_links":{"self":[{"href":"https:\/\/agora.xtec.cat\/ies-santaeulalia\/wp-json\/wp\/v2\/pages\/2974","targetHints":{"allow":["GET"]}}],"collection":[{"href":"https:\/\/agora.xtec.cat\/ies-santaeulalia\/wp-json\/wp\/v2\/pages"}],"about":[{"href":"https:\/\/agora.xtec.cat\/ies-santaeulalia\/wp-json\/wp\/v2\/types\/page"}],"author":[{"embeddable":true,"href":"https:\/\/agora.xtec.cat\/ies-santaeulalia\/wp-json\/wp\/v2\/users\/1"}],"replies":[{"embeddable":true,"href":"https:\/\/agora.xtec.cat\/ies-santaeulalia\/wp-json\/wp\/v2\/comments?post=2974"}],"version-history":[{"count":6,"href":"https:\/\/agora.xtec.cat\/ies-santaeulalia\/wp-json\/wp\/v2\/pages\/2974\/revisions"}],"predecessor-version":[{"id":10119,"href":"https:\/\/agora.xtec.cat\/ies-santaeulalia\/wp-json\/wp\/v2\/pages\/2974\/revisions\/10119"}],"up":[{"embeddable":true,"href":"https:\/\/agora.xtec.cat\/ies-santaeulalia\/wp-json\/wp\/v2\/pages\/195"}],"wp:attachment":[{"href":"https:\/\/agora.xtec.cat\/ies-santaeulalia\/wp-json\/wp\/v2\/media?parent=2974"}],"curies":[{"name":"wp","href":"https:\/\/api.w.org\/{rel}","templated":true}]}}