{"id":2969,"date":"2020-04-17T23:54:19","date_gmt":"2020-04-17T21:54:19","guid":{"rendered":"https:\/\/agora.xtec.cat\/ies-santaeulalia\/?page_id=2969"},"modified":"2025-10-23T18:48:20","modified_gmt":"2025-10-23T16:48:20","slug":"eso","status":"publish","type":"page","link":"https:\/\/agora.xtec.cat\/ies-santaeulalia\/estudis\/eso\/","title":{"rendered":"ESO"},"content":{"rendered":"<p>Actualment, el centre disposa dels seg\u00fcents grups d&#8217;ESO:<\/p>\n<ul>\n<li><strong>2n ESO<\/strong>: Grup A (tutor\/a: CRISTINA MOYANO) \/ Grup B (tutor\/a: MARIA DEL MAR CUELLAS)<\/li>\n<li><strong>3r ESO<\/strong>: Grup A (tutor\/a: DAVID BADIA \/ Grup B (tutor\/a: MARTA MONTES\u00d3)<\/li>\n<li><strong>4t ESO<\/strong>: Grup A (tutor\/a: RAQUEL SUCARRATS) \/ Grup B (tutor\/a: SANDRA SOTO)<\/li>\n<li><strong>Aula d&#8217;Acollida<\/strong>: IVETTE PRAT \/ ELENA CATAL\u00c1N<\/li>\n<\/ul>\n<div class=\"ast-oembed-container \" style=\"height: 100%;\"><iframe loading=\"lazy\" title=\"Institut Santa Eul\u00e0lia (Terrassa) CORPORATIU\" width=\"500\" height=\"281\" src=\"https:\/\/www.youtube.com\/embed\/_x7xyK3IAkc?feature=oembed\" frameborder=\"0\" allow=\"accelerometer; autoplay; clipboard-write; encrypted-media; gyroscope; picture-in-picture; web-share\" referrerpolicy=\"strict-origin-when-cross-origin\" allowfullscreen><\/iframe><\/div>\n<p>Actualitzaci\u00f3: 12\/10\/2024<\/p>\n<p>Per a m\u00e9s informaci\u00f3 sobre Educaci\u00f3 Secund\u00e0ria Obligat\u00f2ria: <a href=\"http:\/\/queestudiar.gencat.cat\/ca\/estudis\/secundaria\/\" target=\"_blank\" rel=\"noopener noreferrer\">GENCAT.CAT<\/a><\/p>\n","protected":false},"excerpt":{"rendered":"<p>Actualment, el centre disposa dels seg\u00fcents grups d&#8217;ESO: 2n ESO: Grup A (tutor\/a: CRISTINA MOYANO) \/ Grup B (tutor\/a: MARIA DEL MAR CUELLAS) 3r ESO: Grup A (tutor\/a: DAVID BADIA \/ Grup B (tutor\/a: MARTA MONTES\u00d3) 4t ESO: Grup A (tutor\/a: RAQUEL SUCARRATS) \/ Grup B (tutor\/a: SANDRA SOTO) Aula d&#8217;Acollida: IVETTE PRAT \/ ELENA [&hellip;]<\/p>\n","protected":false},"author":1,"featured_media":0,"parent":195,"menu_order":1,"comment_status":"closed","ping_status":"closed","template":"","meta":{"_bbp_topic_count":0,"_bbp_reply_count":0,"_bbp_total_topic_count":0,"_bbp_total_reply_count":0,"_bbp_voice_count":0,"_bbp_anonymous_reply_count":0,"_bbp_topic_count_hidden":0,"_bbp_reply_count_hidden":0,"_bbp_forum_subforum_count":0,"site-sidebar-layout":"default","site-content-layout":"","ast-site-content-layout":"default","site-content-style":"default","site-sidebar-style":"default","ast-global-header-display":"","ast-banner-title-visibility":"","ast-main-header-display":"","ast-hfb-above-header-display":"","ast-hfb-below-header-display":"","ast-hfb-mobile-header-display":"","site-post-title":"","ast-breadcrumbs-content":"","ast-featured-img":"","footer-sml-layout":"","theme-transparent-header-meta":"","adv-header-id-meta":"","stick-header-meta":"","header-above-stick-meta":"","header-main-stick-meta":"","header-below-stick-meta":"","astra-migrate-meta-layouts":"set","ast-page-background-enabled":"default","ast-page-background-meta":{"desktop":{"background-color":"var(--ast-global-color-4)","background-image":"","background-repeat":"repeat","background-position":"center center","background-size":"auto","background-attachment":"scroll","background-type":"","background-media":"","overlay-type":"","overlay-color":"","overlay-opacity":"","overlay-gradient":""},"tablet":{"background-color":"","background-image":"","background-repeat":"repeat","background-position":"center center","background-size":"auto","background-attachment":"scroll","background-type":"","background-media":"","overlay-type":"","overlay-color":"","overlay-opacity":"","overlay-gradient":""},"mobile":{"background-color":"","background-image":"","background-repeat":"repeat","background-position":"center center","background-size":"auto","background-attachment":"scroll","background-type":"","background-media":"","overlay-type":"","overlay-color":"","overlay-opacity":"","overlay-gradient":""}},"ast-content-background-meta":{"desktop":{"background-color":"var(--ast-global-color-5)","background-image":"","background-repeat":"repeat","background-position":"center center","background-size":"auto","background-attachment":"scroll","background-type":"","background-media":"","overlay-type":"","overlay-color":"","overlay-opacity":"","overlay-gradient":""},"tablet":{"background-color":"var(--ast-global-color-5)","background-image":"","background-repeat":"repeat","background-position":"center center","background-size":"auto","background-attachment":"scroll","background-type":"","background-media":"","overlay-type":"","overlay-color":"","overlay-opacity":"","overlay-gradient":""},"mobile":{"background-color":"var(--ast-global-color-5)","background-image":"","background-repeat":"repeat","background-position":"center center","background-size":"auto","background-attachment":"scroll","background-type":"","background-media":"","overlay-type":"","overlay-color":"","overlay-opacity":"","overlay-gradient":""}},"footnotes":""},"class_list":["post-2969","page","type-page","status-publish","hentry"],"post_mailing_queue_ids":[],"_links":{"self":[{"href":"https:\/\/agora.xtec.cat\/ies-santaeulalia\/wp-json\/wp\/v2\/pages\/2969","targetHints":{"allow":["GET"]}}],"collection":[{"href":"https:\/\/agora.xtec.cat\/ies-santaeulalia\/wp-json\/wp\/v2\/pages"}],"about":[{"href":"https:\/\/agora.xtec.cat\/ies-santaeulalia\/wp-json\/wp\/v2\/types\/page"}],"author":[{"embeddable":true,"href":"https:\/\/agora.xtec.cat\/ies-santaeulalia\/wp-json\/wp\/v2\/users\/1"}],"replies":[{"embeddable":true,"href":"https:\/\/agora.xtec.cat\/ies-santaeulalia\/wp-json\/wp\/v2\/comments?post=2969"}],"version-history":[{"count":4,"href":"https:\/\/agora.xtec.cat\/ies-santaeulalia\/wp-json\/wp\/v2\/pages\/2969\/revisions"}],"predecessor-version":[{"id":10117,"href":"https:\/\/agora.xtec.cat\/ies-santaeulalia\/wp-json\/wp\/v2\/pages\/2969\/revisions\/10117"}],"up":[{"embeddable":true,"href":"https:\/\/agora.xtec.cat\/ies-santaeulalia\/wp-json\/wp\/v2\/pages\/195"}],"wp:attachment":[{"href":"https:\/\/agora.xtec.cat\/ies-santaeulalia\/wp-json\/wp\/v2\/media?parent=2969"}],"curies":[{"name":"wp","href":"https:\/\/api.w.org\/{rel}","templated":true}]}}