{"id":2932,"date":"2020-04-08T12:45:55","date_gmt":"2020-04-08T10:45:55","guid":{"rendered":"https:\/\/agora.xtec.cat\/ies-santaeulalia\/?page_id=2932"},"modified":"2025-10-15T09:19:55","modified_gmt":"2025-10-15T07:19:55","slug":"projecte-emocional-red-e-s-o","status":"publish","type":"page","link":"https:\/\/agora.xtec.cat\/ies-santaeulalia\/serveis\/projecte-emocional-red-e-s-o\/","title":{"rendered":"Projecte Emocional.reg (ESO)"},"content":{"rendered":"<p><strong>Presentaci\u00f3:<\/strong><\/p>\n<p><a href=\"https:\/\/www.emocionalreg.com\/\" target=\"_blank\" rel=\"noopener noreferrer\">www.emocionalreg.com<\/a><\/p>\n<header id=\"header\" class=\"header-narrow\" data-plugin-options=\"{'stickyEnabled': true, 'stickyEnableOnBoxed': true, 'stickyEnableOnMobile': true, 'stickyChangeLogo': false}\">\n<div class=\"header-body background-color-primary pt-none pb-none\">\n<div class=\"header-container container custom-position-initial\">\n<div class=\"header-row\">\n<div class=\"header-column\">\n<div class=\"header-row\">\n<div class=\"header-nav\"><\/div>\n<\/div>\n<\/div>\n<\/div>\n<\/div>\n<\/div>\n<\/header>\n<div class=\"main\" role=\"main\">\n<div id=\"landing_image\">\n<section id=\"home\">\n<div class=\"container\">\n<div class=\"row\">\n<div class=\"col-md-5 qienes\">\n<div class=\"col-md-10 col-md-offset-1\">\n<h2>Qui som<\/h2>\n<p class=\"mb-none \">Emocional.reg \u00e9s un projecte subvencionat per la Comissi\u00f3 Europea, la Diputaci\u00f3 de Barcelona, la Fundaci\u00f3 Itlimit i est\u00e0 coordinat per la Generalitat i l&#8217;Ajuntament de Terrassa. Aquest projecte consta d&#8217;un programa que t\u00e9 com a objectiu general, evitar la desregulaci\u00f3 emocional en l&#8217;adolesc\u00e8ncia, per evitar el desenvolupament de problemes relacionats amb la salut mental.<\/p>\n<p class=\"mb-none \">Dirigit pel psiquiatre reconegut i Cap de Servei de l&#8217;Hospital General de Catalunya, dr. Miquel Gasol, i el seu equip, van detectar necessitats que els tractaments convencionals no cobrien de forma integral.<\/p>\n<p>Actualment, s&#8217;est\u00e0 treballant amb alumnat d&#8217;ESO.<\/p>\n<\/div>\n<\/div>\n<\/div>\n<\/div>\n<\/section>\n<\/div>\n<\/div>\n<p><iframe loading=\"lazy\" src=\"https:\/\/www.youtube.com\/embed\/4BSu4eezT4U\" width=\"560\" height=\"315\" frameborder=\"0\"><\/iframe><\/p>\n<p><span style=\"color: #ff0000;\">___________________________________________<\/span><\/p>\n<p><strong>Explicaci\u00f3 del projecte<\/strong><br \/>\n<iframe loading=\"lazy\" src=\"https:\/\/www.youtube.com\/embed\/YOUszll4cOA\" width=\"560\" height=\"315\" frameborder=\"0\"><\/iframe><\/p>\n<p><span style=\"color: #ff0000;\">___________________________________________<\/span><\/p>\n<h2><a href=\"https:\/\/www.youtube.com\/watch?v=EhrnHhnDGJc&amp;list=PL3Eg6MgEy3eve-4vJ3Z_SV33XiHWNBkI-\" target=\"_blank\" rel=\"noopener noreferrer\">PLAYLIST A YOUTUBE:<\/a><\/h2>\n<p><strong>Psicoc\u00e0psula 1: Presentaci\u00f3<\/strong> .<br \/>\n<iframe loading=\"lazy\" src=\"https:\/\/www.youtube.com\/embed\/EhrnHhnDGJc\" width=\"560\" height=\"315\" frameborder=\"0\"><\/iframe><\/p>\n<p><span style=\"color: #ff0000;\">___________________________________________<\/span><\/p>\n<p><strong>Psicoc\u00e0psula 2<\/strong><br \/>\n<iframe loading=\"lazy\" src=\"https:\/\/www.youtube.com\/embed\/pExaqrZ5agw\" width=\"560\" height=\"315\" frameborder=\"0\"><\/iframe><\/p>\n<p><span style=\"color: #ff0000;\">___________________________________________<\/span><\/p>\n<p><strong>Psicoc\u00e0psula 3<\/strong><br \/>\n<iframe loading=\"lazy\" src=\"https:\/\/www.youtube.com\/embed\/gst2MHwdN8o\" width=\"560\" height=\"315\" frameborder=\"0\"><\/iframe><\/p>\n<p><span style=\"color: #ff0000;\">___________________________________________<\/span><\/p>\n<p><strong>Psicoc\u00e0psula 4<\/strong><br \/>\n<iframe loading=\"lazy\" src=\"https:\/\/www.youtube.com\/embed\/TTXWry7tLNQ\" width=\"560\" height=\"315\" frameborder=\"0\"><\/iframe><\/p>\n<p><span style=\"color: #ff0000;\">___________________________________________<\/span><\/p>\n<p><strong>Psicoc\u00e0psula 5<\/strong><br \/>\n<iframe loading=\"lazy\" src=\"https:\/\/www.youtube.com\/embed\/Q2B4T2sbLjs\" width=\"560\" height=\"315\" frameborder=\"0\"><\/iframe><\/p>\n<p><span style=\"color: #ff0000;\">___________________________________________<\/span><\/p>\n<p><strong>Psicoc\u00e0psula 6<\/strong><br \/>\n<iframe loading=\"lazy\" src=\"https:\/\/www.youtube.com\/embed\/3Z9Q3r-zTcQ\" width=\"560\" height=\"315\" frameborder=\"0\"><\/iframe><\/p>\n<p><span style=\"color: #ff0000;\">___________________________________________<\/span><\/p>\n<p><strong>Psicoc\u00e0psula 7<\/strong><br \/>\n<iframe loading=\"lazy\" src=\"https:\/\/www.youtube.com\/embed\/r6LzMOfKXhs\" width=\"560\" height=\"315\" frameborder=\"0\"><\/iframe><\/p>\n<p><span style=\"color: #ff0000;\">___________________________________________<\/span><\/p>\n<p><strong>Psicoc\u00e0psula 8<\/strong><br \/>\n<iframe loading=\"lazy\" src=\"https:\/\/www.youtube.com\/embed\/Xnd72HnLWr0\" width=\"560\" height=\"315\" frameborder=\"0\"><\/iframe><br \/>\n<span style=\"color: #ff0000;\">___________________________________________<\/span><\/p>\n<p><strong>Psicoc\u00e0psula 9<\/strong><br \/>\n<iframe loading=\"lazy\" src=\"https:\/\/www.youtube.com\/embed\/dbha8B2HW-w\" width=\"560\" height=\"315\" frameborder=\"0\"><\/iframe><br \/>\n<span style=\"color: #ff0000;\">___________________________________________<\/span><\/p>\n<p><strong>Psicoc\u00e0psula 10<\/strong><br \/>\n<iframe loading=\"lazy\" src=\"https:\/\/www.youtube.com\/embed\/V5a8TRcIaP4\" width=\"560\" height=\"315\" frameborder=\"0\"><\/iframe><br \/>\n<span style=\"color: #ff0000;\">___________________________________________<\/span><\/p>\n<p><strong>Psicoc\u00e0psula 11<\/strong><br \/>\n<iframe loading=\"lazy\" src=\"https:\/\/www.youtube.com\/embed\/21Gd1Kr22W0\" width=\"560\" height=\"315\" frameborder=\"0\"><\/iframe><br \/>\n<span style=\"color: #ff0000;\">___________________________________________<\/span><\/p>\n<p><strong>Psicoc\u00e0psula 12<\/strong><br \/>\n<iframe loading=\"lazy\" src=\"https:\/\/www.youtube.com\/embed\/OPEXVT2Asx8\" width=\"560\" height=\"315\" frameborder=\"0\"><\/iframe><br \/>\n<span style=\"color: #ff0000;\">___________________________________<\/span><\/p>\n<p><strong>Psicoc\u00e0psula 13<\/strong><\/p>\n<p><iframe loading=\"lazy\" src=\"https:\/\/www.youtube.com\/embed\/ORLHL1lnujQ\" width=\"560\" height=\"315\" frameborder=\"0\"><\/iframe><\/p>\n<div class=\"ast-oembed-container \" style=\"height: 100%;\"><iframe loading=\"lazy\" title=\"Psicoca\u0300psules - Experie\u0300ncies positives\" width=\"500\" height=\"281\" src=\"https:\/\/www.youtube.com\/embed\/2wzvMlevb7M?feature=oembed\" frameborder=\"0\" allow=\"accelerometer; autoplay; clipboard-write; encrypted-media; gyroscope; picture-in-picture; web-share\" referrerpolicy=\"strict-origin-when-cross-origin\" allowfullscreen><\/iframe><\/div>\n<div class=\"ast-oembed-container \" style=\"height: 100%;\"><iframe loading=\"lazy\" title=\"Psicoca\u0300psules - Ment sa\u0300via\" width=\"500\" height=\"281\" src=\"https:\/\/www.youtube.com\/embed\/HKzgehDJ9Lc?feature=oembed\" frameborder=\"0\" allow=\"accelerometer; autoplay; clipboard-write; encrypted-media; gyroscope; picture-in-picture; web-share\" referrerpolicy=\"strict-origin-when-cross-origin\" allowfullscreen><\/iframe><\/div>\n<div class=\"ast-oembed-container \" style=\"height: 100%;\"><iframe loading=\"lazy\" title=\"Psicoca\u0300psules - Manejo de pensamientos generados por la incertidumbre\" width=\"500\" height=\"281\" src=\"https:\/\/www.youtube.com\/embed\/IuUPwn4uwj4?feature=oembed\" frameborder=\"0\" allow=\"accelerometer; autoplay; clipboard-write; encrypted-media; gyroscope; picture-in-picture; web-share\" referrerpolicy=\"strict-origin-when-cross-origin\" allowfullscreen><\/iframe><\/div>\n<div class=\"ast-oembed-container \" style=\"height: 100%;\"><iframe loading=\"lazy\" title=\"Psicoca\u0300psules - Kintsugi\" width=\"500\" height=\"281\" src=\"https:\/\/www.youtube.com\/embed\/5CBXauBk2LM?feature=oembed\" frameborder=\"0\" allow=\"accelerometer; autoplay; clipboard-write; encrypted-media; gyroscope; picture-in-picture; web-share\" referrerpolicy=\"strict-origin-when-cross-origin\" allowfullscreen><\/iframe><\/div>\n<div class=\"ast-oembed-container \" style=\"height: 100%;\"><iframe loading=\"lazy\" title=\"Psicoca\u0300psules - Kintsugi\" width=\"500\" height=\"281\" src=\"https:\/\/www.youtube.com\/embed\/5CBXauBk2LM?feature=oembed\" frameborder=\"0\" allow=\"accelerometer; autoplay; clipboard-write; encrypted-media; gyroscope; picture-in-picture; web-share\" referrerpolicy=\"strict-origin-when-cross-origin\" allowfullscreen><\/iframe><\/div>\n<div class=\"ast-oembed-container \" style=\"height: 100%;\"><iframe loading=\"lazy\" title=\"Psicoca\u0300psules - Fortalezas humanas\" width=\"500\" height=\"281\" src=\"https:\/\/www.youtube.com\/embed\/38tP1bTwaSQ?feature=oembed\" frameborder=\"0\" allow=\"accelerometer; autoplay; clipboard-write; encrypted-media; gyroscope; picture-in-picture; web-share\" referrerpolicy=\"strict-origin-when-cross-origin\" allowfullscreen><\/iframe><\/div>\n<div class=\"ast-oembed-container \" style=\"height: 100%;\"><iframe loading=\"lazy\" title=\"Psicoca\u0300psules - Accio\u0301n opuesta\" width=\"500\" height=\"281\" src=\"https:\/\/www.youtube.com\/embed\/IilU2ZdWpLs?feature=oembed\" frameborder=\"0\" allow=\"accelerometer; autoplay; clipboard-write; encrypted-media; gyroscope; picture-in-picture; web-share\" referrerpolicy=\"strict-origin-when-cross-origin\" allowfullscreen><\/iframe><\/div>\n<div class=\"ast-oembed-container \" style=\"height: 100%;\"><iframe loading=\"lazy\" title=\"Psicoca\u0300psules - Higiene del son\" width=\"500\" height=\"281\" src=\"https:\/\/www.youtube.com\/embed\/hUpWK8BNL1k?feature=oembed\" frameborder=\"0\" allow=\"accelerometer; autoplay; clipboard-write; encrypted-media; gyroscope; picture-in-picture; web-share\" referrerpolicy=\"strict-origin-when-cross-origin\" allowfullscreen><\/iframe><\/div>\n<div class=\"ast-oembed-container \" style=\"height: 100%;\"><iframe loading=\"lazy\" title=\"Psicoca\u0300psules - Sant Jordi\" width=\"500\" height=\"281\" src=\"https:\/\/www.youtube.com\/embed\/FyL_6E5q6pM?feature=oembed\" frameborder=\"0\" allow=\"accelerometer; autoplay; clipboard-write; encrypted-media; gyroscope; picture-in-picture; web-share\" referrerpolicy=\"strict-origin-when-cross-origin\" allowfullscreen><\/iframe><\/div>\n<div class=\"ast-oembed-container \" style=\"height: 100%;\"><iframe loading=\"lazy\" title=\"Psicoca\u0300psules - Tolera\u0300ncia al malestar - TIP\" width=\"500\" height=\"281\" src=\"https:\/\/www.youtube.com\/embed\/N1M_gcDqGdE?feature=oembed\" frameborder=\"0\" allow=\"accelerometer; autoplay; clipboard-write; encrypted-media; gyroscope; picture-in-picture; web-share\" referrerpolicy=\"strict-origin-when-cross-origin\" allowfullscreen><\/iframe><\/div>\n<div class=\"ast-oembed-container \" style=\"height: 100%;\"><iframe loading=\"lazy\" title=\"Psicoca\u0300psules - Tolera\u0300ncia al malestar - Distraccio\u0301, canviar el moment i trobar un sentit\" width=\"500\" height=\"281\" src=\"https:\/\/www.youtube.com\/embed\/z8urS_GTrF8?feature=oembed\" frameborder=\"0\" allow=\"accelerometer; autoplay; clipboard-write; encrypted-media; gyroscope; picture-in-picture; web-share\" referrerpolicy=\"strict-origin-when-cross-origin\" allowfullscreen><\/iframe><\/div>\n<div class=\"ast-oembed-container \" style=\"height: 100%;\"><iframe loading=\"lazy\" title=\"Psicoca\u0300psules - Pensamientos distorsionados\" width=\"500\" height=\"281\" src=\"https:\/\/www.youtube.com\/embed\/855krXnnqVI?feature=oembed\" frameborder=\"0\" allow=\"accelerometer; autoplay; clipboard-write; encrypted-media; gyroscope; picture-in-picture; web-share\" referrerpolicy=\"strict-origin-when-cross-origin\" allowfullscreen><\/iframe><\/div>\n<div class=\"ast-oembed-container \" style=\"height: 100%;\"><iframe loading=\"lazy\" title=\"Psicoca\u0300psules - Resilie\u0300ncia familiar\" width=\"500\" height=\"281\" src=\"https:\/\/www.youtube.com\/embed\/WhgEdcCif44?feature=oembed\" frameborder=\"0\" allow=\"accelerometer; autoplay; clipboard-write; encrypted-media; gyroscope; picture-in-picture; web-share\" referrerpolicy=\"strict-origin-when-cross-origin\" allowfullscreen><\/iframe><\/div>\n<div class=\"ast-oembed-container \" style=\"height: 100%;\"><iframe loading=\"lazy\" title=\"Psicoca\u0300psules - Comprovar fets\" width=\"500\" height=\"281\" src=\"https:\/\/www.youtube.com\/embed\/iUZ2Ci2jdvM?feature=oembed\" frameborder=\"0\" allow=\"accelerometer; autoplay; clipboard-write; encrypted-media; gyroscope; picture-in-picture; web-share\" referrerpolicy=\"strict-origin-when-cross-origin\" allowfullscreen><\/iframe><\/div>\n<div class=\"ast-oembed-container \" style=\"height: 100%;\"><iframe loading=\"lazy\" title=\"Psicoca\u0300psules - Com gestionar el desconfinament\" width=\"500\" height=\"281\" src=\"https:\/\/www.youtube.com\/embed\/WIztPGIdTjI?feature=oembed\" frameborder=\"0\" allow=\"accelerometer; autoplay; clipboard-write; encrypted-media; gyroscope; picture-in-picture; web-share\" referrerpolicy=\"strict-origin-when-cross-origin\" allowfullscreen><\/iframe><\/div>\n<div class=\"ast-oembed-container \" style=\"height: 100%;\"><iframe loading=\"lazy\" title=\"Psicoca\u0300psules - Com gestionar el desconfinament\" width=\"500\" height=\"281\" src=\"https:\/\/www.youtube.com\/embed\/WIztPGIdTjI?feature=oembed\" frameborder=\"0\" allow=\"accelerometer; autoplay; clipboard-write; encrypted-media; gyroscope; picture-in-picture; web-share\" referrerpolicy=\"strict-origin-when-cross-origin\" allowfullscreen><\/iframe><\/div>\n<div class=\"ast-oembed-container \" style=\"height: 100%;\"><iframe loading=\"lazy\" title=\"Psicoca\u0300psules - Lloc segur\" width=\"500\" height=\"281\" src=\"https:\/\/www.youtube.com\/embed\/SnM8n0q8_vE?feature=oembed\" frameborder=\"0\" allow=\"accelerometer; autoplay; clipboard-write; encrypted-media; gyroscope; picture-in-picture; web-share\" referrerpolicy=\"strict-origin-when-cross-origin\" allowfullscreen><\/iframe><\/div>\n<div class=\"ast-oembed-container \" style=\"height: 100%;\"><iframe loading=\"lazy\" title=\"Psicoca\u0300psules - Pensaments distorsionats\" width=\"500\" height=\"281\" src=\"https:\/\/www.youtube.com\/embed\/aECZm5LQrsA?feature=oembed\" frameborder=\"0\" allow=\"accelerometer; autoplay; clipboard-write; encrypted-media; gyroscope; picture-in-picture; web-share\" referrerpolicy=\"strict-origin-when-cross-origin\" allowfullscreen><\/iframe><\/div>\n<div class=\"ast-oembed-container \" style=\"height: 100%;\"><iframe loading=\"lazy\" title=\"Psicoca\u0300psules - Peli\u0301culas en familia\" width=\"500\" height=\"281\" src=\"https:\/\/www.youtube.com\/embed\/rKevEoLMA38?feature=oembed\" frameborder=\"0\" allow=\"accelerometer; autoplay; clipboard-write; encrypted-media; gyroscope; picture-in-picture; web-share\" referrerpolicy=\"strict-origin-when-cross-origin\" allowfullscreen><\/iframe><\/div>\n<div class=\"ast-oembed-container \" style=\"height: 100%;\"><iframe loading=\"lazy\" title=\"Psicoca\u0300psules - Resum habilitats\" width=\"500\" height=\"281\" src=\"https:\/\/www.youtube.com\/embed\/B7sg9KelA9I?feature=oembed\" frameborder=\"0\" allow=\"accelerometer; autoplay; clipboard-write; encrypted-media; gyroscope; picture-in-picture; web-share\" referrerpolicy=\"strict-origin-when-cross-origin\" allowfullscreen><\/iframe><\/div>\n","protected":false},"excerpt":{"rendered":"<p>Presentaci\u00f3: www.emocionalreg.com Qui som Emocional.reg \u00e9s un projecte subvencionat per la Comissi\u00f3 Europea, la Diputaci\u00f3 de Barcelona, la Fundaci\u00f3 Itlimit i est\u00e0 coordinat per la Generalitat i l&#8217;Ajuntament de Terrassa. Aquest projecte consta d&#8217;un programa que t\u00e9 com a objectiu general, evitar la desregulaci\u00f3 emocional en l&#8217;adolesc\u00e8ncia, per evitar el desenvolupament de problemes relacionats amb [&hellip;]<\/p>\n","protected":false},"author":1,"featured_media":0,"parent":63,"menu_order":2,"comment_status":"closed","ping_status":"closed","template":"","meta":{"_bbp_topic_count":0,"_bbp_reply_count":0,"_bbp_total_topic_count":0,"_bbp_total_reply_count":0,"_bbp_voice_count":0,"_bbp_anonymous_reply_count":0,"_bbp_topic_count_hidden":0,"_bbp_reply_count_hidden":0,"_bbp_forum_subforum_count":0,"site-sidebar-layout":"default","site-content-layout":"","ast-site-content-layout":"default","site-content-style":"default","site-sidebar-style":"default","ast-global-header-display":"","ast-banner-title-visibility":"","ast-main-header-display":"","ast-hfb-above-header-display":"","ast-hfb-below-header-display":"","ast-hfb-mobile-header-display":"","site-post-title":"","ast-breadcrumbs-content":"","ast-featured-img":"","footer-sml-layout":"","theme-transparent-header-meta":"","adv-header-id-meta":"","stick-header-meta":"","header-above-stick-meta":"","header-main-stick-meta":"","header-below-stick-meta":"","astra-migrate-meta-layouts":"set","ast-page-background-enabled":"default","ast-page-background-meta":{"desktop":{"background-color":"var(--ast-global-color-4)","background-image":"","background-repeat":"repeat","background-position":"center center","background-size":"auto","background-attachment":"scroll","background-type":"","background-media":"","overlay-type":"","overlay-color":"","overlay-opacity":"","overlay-gradient":""},"tablet":{"background-color":"","background-image":"","background-repeat":"repeat","background-position":"center center","background-size":"auto","background-attachment":"scroll","background-type":"","background-media":"","overlay-type":"","overlay-color":"","overlay-opacity":"","overlay-gradient":""},"mobile":{"background-color":"","background-image":"","background-repeat":"repeat","background-position":"center center","background-size":"auto","background-attachment":"scroll","background-type":"","background-media":"","overlay-type":"","overlay-color":"","overlay-opacity":"","overlay-gradient":""}},"ast-content-background-meta":{"desktop":{"background-color":"var(--ast-global-color-5)","background-image":"","background-repeat":"repeat","background-position":"center center","background-size":"auto","background-attachment":"scroll","background-type":"","background-media":"","overlay-type":"","overlay-color":"","overlay-opacity":"","overlay-gradient":""},"tablet":{"background-color":"var(--ast-global-color-5)","background-image":"","background-repeat":"repeat","background-position":"center center","background-size":"auto","background-attachment":"scroll","background-type":"","background-media":"","overlay-type":"","overlay-color":"","overlay-opacity":"","overlay-gradient":""},"mobile":{"background-color":"var(--ast-global-color-5)","background-image":"","background-repeat":"repeat","background-position":"center center","background-size":"auto","background-attachment":"scroll","background-type":"","background-media":"","overlay-type":"","overlay-color":"","overlay-opacity":"","overlay-gradient":""}},"footnotes":""},"class_list":["post-2932","page","type-page","status-publish","hentry"],"post_mailing_queue_ids":[],"_links":{"self":[{"href":"https:\/\/agora.xtec.cat\/ies-santaeulalia\/wp-json\/wp\/v2\/pages\/2932","targetHints":{"allow":["GET"]}}],"collection":[{"href":"https:\/\/agora.xtec.cat\/ies-santaeulalia\/wp-json\/wp\/v2\/pages"}],"about":[{"href":"https:\/\/agora.xtec.cat\/ies-santaeulalia\/wp-json\/wp\/v2\/types\/page"}],"author":[{"embeddable":true,"href":"https:\/\/agora.xtec.cat\/ies-santaeulalia\/wp-json\/wp\/v2\/users\/1"}],"replies":[{"embeddable":true,"href":"https:\/\/agora.xtec.cat\/ies-santaeulalia\/wp-json\/wp\/v2\/comments?post=2932"}],"version-history":[{"count":4,"href":"https:\/\/agora.xtec.cat\/ies-santaeulalia\/wp-json\/wp\/v2\/pages\/2932\/revisions"}],"predecessor-version":[{"id":10075,"href":"https:\/\/agora.xtec.cat\/ies-santaeulalia\/wp-json\/wp\/v2\/pages\/2932\/revisions\/10075"}],"up":[{"embeddable":true,"href":"https:\/\/agora.xtec.cat\/ies-santaeulalia\/wp-json\/wp\/v2\/pages\/63"}],"wp:attachment":[{"href":"https:\/\/agora.xtec.cat\/ies-santaeulalia\/wp-json\/wp\/v2\/media?parent=2932"}],"curies":[{"name":"wp","href":"https:\/\/api.w.org\/{rel}","templated":true}]}}