{"id":2678,"date":"2019-10-15T11:12:32","date_gmt":"2019-10-15T09:12:32","guid":{"rendered":"https:\/\/agora.xtec.cat\/ies-santaeulalia\/?page_id=2678"},"modified":"2025-07-07T14:31:34","modified_gmt":"2025-07-07T12:31:34","slug":"eramus","status":"publish","type":"page","link":"https:\/\/agora.xtec.cat\/ies-santaeulalia\/eramus\/","title":{"rendered":"Erasmus+"},"content":{"rendered":"<div class=\"col-md-12 col-sm-12 col-xs-12 text-justify text-primary\">\n<table style=\"border-collapse: collapse; width: 100%;\">\n<tbody>\n<tr>\n<td style=\"width: 100%; background-color: #dee7fa; text-align: center;\"><a href=\"https:\/\/agora.xtec.cat\/ies-santaeulalia\/wp-content\/uploads\/usu44\/2021\/07\/Erasmus-Charter-for-Higher-Education.pdf\">Erasmus Charter for Higher Education<\/a><\/td>\n<\/tr>\n<\/tbody>\n<\/table>\n<p>Erasmus+ \u00e9s el programa europeu en els \u00e0mbits de l&#8217;educaci\u00f3, la formaci\u00f3, la joventut i l&#8217;esport per al per\u00edode 2021-2027.<\/p>\n<p>Erasmus+ \u00e9s el programa \u00fanic que tracta d&#8217;impulsar les perspectives laborals i el desenvolupament personal, a m\u00e9s d&#8217;ajudar als nostres sistemes d&#8217;educaci\u00f3, formaci\u00f3 i joventut a proporcionar un ensenyament i un aprenentatge que dotin les persones de les capacitats necess\u00e0ries per al mercat laboral i la societat actual i futura.<\/p>\n<p>A Espanya s\u00f3n dues les organitzacions designades com ag\u00e8ncies nacionals per a la gesti\u00f3 coordinada del programa Erasmus+: <strong>el Servei Espanyol per a la internacionalitzaci\u00f3 de l&#8217;Educaci\u00f3 (SEPIE)<\/strong>, per a l&#8217;\u00e0mbit de la\u00a0<em>educaci\u00f3 i la formaci\u00f3 <\/em>i l&#8217;Ag\u00e8ncia Nacional Espanyola (ANE), integrada a l&#8217;<strong>Institut de la Joventut (INJUVE)<\/strong>\u00a0per a l&#8217;\u00e0mbit\u00a0<em>joventut<\/em>. Les accions d&#8217;Erasmus+ Esport estan gestionades directament per la Comissi\u00f3 Europea a trav\u00e9s de la seua Ag\u00e8ncia Executiva en l&#8217;\u00e0mbit Educatiu, Audiovisual i Cultural (<a href=\"https:\/\/eacea.ec.europa.eu\/homepage_en\">EACEA<\/a>).<\/p>\n<p><a href=\"http:\/\/www.erasmusplus.gob.es\/\">http:\/\/www.erasmusplus.gob.es\/<\/a><\/p>\n<\/div>\n<p><img loading=\"lazy\" decoding=\"async\" class=\"alignleft wp-image-8674\" src=\"https:\/\/agora.xtec.cat\/ies-santaeulalia\/wp-content\/uploads\/usu44\/2024\/06\/ES_H_Cofinanciado_Union_Europea-1024x215.png\" alt=\"\" width=\"657\" height=\"138\" srcset=\"https:\/\/agora.xtec.cat\/ies-santaeulalia\/wp-content\/uploads\/usu44\/2024\/06\/ES_H_Cofinanciado_Union_Europea-1024x215.png 1024w, https:\/\/agora.xtec.cat\/ies-santaeulalia\/wp-content\/uploads\/usu44\/2024\/06\/ES_H_Cofinanciado_Union_Europea-300x63.png 300w, https:\/\/agora.xtec.cat\/ies-santaeulalia\/wp-content\/uploads\/usu44\/2024\/06\/ES_H_Cofinanciado_Union_Europea-768x161.png 768w, https:\/\/agora.xtec.cat\/ies-santaeulalia\/wp-content\/uploads\/usu44\/2024\/06\/ES_H_Cofinanciado_Union_Europea-1536x322.png 1536w, https:\/\/agora.xtec.cat\/ies-santaeulalia\/wp-content\/uploads\/usu44\/2024\/06\/ES_H_Cofinanciado_Union_Europea-2048x429.png 2048w\" sizes=\"auto, (max-width: 657px) 100vw, 657px\" \/><\/p>\n","protected":false},"excerpt":{"rendered":"<p>Erasmus Charter for Higher Education Erasmus+ \u00e9s el programa europeu en els \u00e0mbits de l&#8217;educaci\u00f3, la formaci\u00f3, la joventut i l&#8217;esport per al per\u00edode 2021-2027. Erasmus+ \u00e9s el programa \u00fanic que tracta d&#8217;impulsar les perspectives laborals i el desenvolupament personal, a m\u00e9s d&#8217;ajudar als nostres sistemes d&#8217;educaci\u00f3, formaci\u00f3 i joventut a proporcionar un ensenyament i [&hellip;]<\/p>\n","protected":false},"author":1,"featured_media":0,"parent":0,"menu_order":0,"comment_status":"closed","ping_status":"closed","template":"","meta":{"_bbp_topic_count":0,"_bbp_reply_count":0,"_bbp_total_topic_count":0,"_bbp_total_reply_count":0,"_bbp_voice_count":0,"_bbp_anonymous_reply_count":0,"_bbp_topic_count_hidden":0,"_bbp_reply_count_hidden":0,"_bbp_forum_subforum_count":0,"site-sidebar-layout":"default","site-content-layout":"","ast-site-content-layout":"default","site-content-style":"default","site-sidebar-style":"default","ast-global-header-display":"","ast-banner-title-visibility":"","ast-main-header-display":"","ast-hfb-above-header-display":"","ast-hfb-below-header-display":"","ast-hfb-mobile-header-display":"","site-post-title":"","ast-breadcrumbs-content":"","ast-featured-img":"","footer-sml-layout":"","theme-transparent-header-meta":"default","adv-header-id-meta":"","stick-header-meta":"","header-above-stick-meta":"","header-main-stick-meta":"","header-below-stick-meta":"","astra-migrate-meta-layouts":"set","ast-page-background-enabled":"default","ast-page-background-meta":{"desktop":{"background-color":"var(--ast-global-color-4)","background-image":"","background-repeat":"repeat","background-position":"center center","background-size":"auto","background-attachment":"scroll","background-type":"","background-media":"","overlay-type":"","overlay-color":"","overlay-opacity":"","overlay-gradient":""},"tablet":{"background-color":"","background-image":"","background-repeat":"repeat","background-position":"center center","background-size":"auto","background-attachment":"scroll","background-type":"","background-media":"","overlay-type":"","overlay-color":"","overlay-opacity":"","overlay-gradient":""},"mobile":{"background-color":"","background-image":"","background-repeat":"repeat","background-position":"center center","background-size":"auto","background-attachment":"scroll","background-type":"","background-media":"","overlay-type":"","overlay-color":"","overlay-opacity":"","overlay-gradient":""}},"ast-content-background-meta":{"desktop":{"background-color":"var(--ast-global-color-5)","background-image":"","background-repeat":"repeat","background-position":"center center","background-size":"auto","background-attachment":"scroll","background-type":"","background-media":"","overlay-type":"","overlay-color":"","overlay-opacity":"","overlay-gradient":""},"tablet":{"background-color":"var(--ast-global-color-5)","background-image":"","background-repeat":"repeat","background-position":"center center","background-size":"auto","background-attachment":"scroll","background-type":"","background-media":"","overlay-type":"","overlay-color":"","overlay-opacity":"","overlay-gradient":""},"mobile":{"background-color":"var(--ast-global-color-5)","background-image":"","background-repeat":"repeat","background-position":"center center","background-size":"auto","background-attachment":"scroll","background-type":"","background-media":"","overlay-type":"","overlay-color":"","overlay-opacity":"","overlay-gradient":""}},"footnotes":""},"class_list":["post-2678","page","type-page","status-publish","hentry"],"post_mailing_queue_ids":[],"_links":{"self":[{"href":"https:\/\/agora.xtec.cat\/ies-santaeulalia\/wp-json\/wp\/v2\/pages\/2678","targetHints":{"allow":["GET"]}}],"collection":[{"href":"https:\/\/agora.xtec.cat\/ies-santaeulalia\/wp-json\/wp\/v2\/pages"}],"about":[{"href":"https:\/\/agora.xtec.cat\/ies-santaeulalia\/wp-json\/wp\/v2\/types\/page"}],"author":[{"embeddable":true,"href":"https:\/\/agora.xtec.cat\/ies-santaeulalia\/wp-json\/wp\/v2\/users\/1"}],"replies":[{"embeddable":true,"href":"https:\/\/agora.xtec.cat\/ies-santaeulalia\/wp-json\/wp\/v2\/comments?post=2678"}],"version-history":[{"count":5,"href":"https:\/\/agora.xtec.cat\/ies-santaeulalia\/wp-json\/wp\/v2\/pages\/2678\/revisions"}],"predecessor-version":[{"id":9798,"href":"https:\/\/agora.xtec.cat\/ies-santaeulalia\/wp-json\/wp\/v2\/pages\/2678\/revisions\/9798"}],"wp:attachment":[{"href":"https:\/\/agora.xtec.cat\/ies-santaeulalia\/wp-json\/wp\/v2\/media?parent=2678"}],"curies":[{"name":"wp","href":"https:\/\/api.w.org\/{rel}","templated":true}]}}