{"id":2590,"date":"2019-09-04T10:47:35","date_gmt":"2019-09-04T08:47:35","guid":{"rendered":"http:\/\/agora.xtec.cat\/ies-santaeulalia\/?page_id=2590"},"modified":"2025-02-22T19:04:50","modified_gmt":"2025-02-22T18:04:50","slug":"aps-xarxa-omnia","status":"publish","type":"page","link":"https:\/\/agora.xtec.cat\/ies-santaeulalia\/serveis\/aprenentatge-i-servei\/aps-xarxa-omnia\/","title":{"rendered":"ApS Xarxa \u00d2mnia"},"content":{"rendered":"<p>El projecte APS Xarxa \u00d2mnia es fa des del curs 2018-2019 en col\u00b7laboraci\u00f3 amb el Punt \u00d2mnia Can Jofresa ubicat al Casal C\u00edvic Can Jofresa. \u00c9s una de les opcions de Servei Comunitari a la que pot optar l&#8217;alumnat que cursa 4t d&#8217;ESO i que est\u00e0 lligat amb l&#8217;optativa d&#8217;Inform\u00e0tica.<\/p>\n<p><span style=\"font-weight: 400;\">L\u2019objectiu d\u2019aquest projecte \u00e9s el treball comunitari i la\u00a0<\/span><span style=\"font-weight: 400;\">sensibilitzaci\u00f3 social dels joves estudiants amb diferents sectors poblacionals, aix\u00ed com un apropament per fomentar el treball en xarxa amb diferents entitats. L&#8217;alumnat treballa amb\u00a0<\/span><span style=\"font-weight: 400;\">dos grups d\u2019usuaris de l&#8217;\u00d2mnia Can Jofresa: el grup de dones (projecte Sefora) i\u00a0 amb un grup d\u2019adults (gent gran). \u00c9s en aquest segon grup on els joves fan un recolzament amb programes digitals, per exemple el de disseny en 3D per despr\u00e9s fer la creaci\u00f3 de la seva pr\u00f2pia pe\u00e7a. Amb el grup de dones es tracten temes m\u00e9s de caire social i del barri.<\/span><\/p>\n<p><img loading=\"lazy\" decoding=\"async\" class=\"wp-image-3177 alignleft\" src=\"https:\/\/agora.xtec.cat\/ies-santaeulalia\/wp-content\/uploads\/usu44\/2020\/05\/IMG_20200127_160316.zip-1024x768.jpg\" alt=\"\" width=\"664\" height=\"498\" srcset=\"https:\/\/agora.xtec.cat\/ies-santaeulalia\/wp-content\/uploads\/usu44\/2020\/05\/IMG_20200127_160316.zip-1024x768.jpg 1024w, https:\/\/agora.xtec.cat\/ies-santaeulalia\/wp-content\/uploads\/usu44\/2020\/05\/IMG_20200127_160316.zip-300x225.jpg 300w, https:\/\/agora.xtec.cat\/ies-santaeulalia\/wp-content\/uploads\/usu44\/2020\/05\/IMG_20200127_160316.zip-768x576.jpg 768w, https:\/\/agora.xtec.cat\/ies-santaeulalia\/wp-content\/uploads\/usu44\/2020\/05\/IMG_20200127_160316.zip-200x150.jpg 200w, https:\/\/agora.xtec.cat\/ies-santaeulalia\/wp-content\/uploads\/usu44\/2020\/05\/IMG_20200127_160316.zip.jpg 1632w\" sizes=\"auto, (max-width: 664px) 100vw, 664px\" \/><\/p>\n<p>&nbsp;<\/p>\n<p>&nbsp;<\/p>\n<p>&nbsp;<\/p>\n<p>&nbsp;<\/p>\n<p>&nbsp;<\/p>\n<p>&nbsp;<\/p>\n<p>&nbsp;<\/p>\n<p><a href=\"https:\/\/agora.xtec.cat\/ies-santaeulalia\/wp-content\/uploads\/usu44\/2020\/05\/IMG_20200130_160802.zip.jpg\"><img loading=\"lazy\" decoding=\"async\" class=\"alignnone wp-image-3179\" src=\"https:\/\/agora.xtec.cat\/ies-santaeulalia\/wp-content\/uploads\/usu44\/2020\/05\/IMG_20200130_160802.zip-1024x768.jpg\" alt=\"\" width=\"315\" height=\"236\" srcset=\"https:\/\/agora.xtec.cat\/ies-santaeulalia\/wp-content\/uploads\/usu44\/2020\/05\/IMG_20200130_160802.zip-1024x768.jpg 1024w, https:\/\/agora.xtec.cat\/ies-santaeulalia\/wp-content\/uploads\/usu44\/2020\/05\/IMG_20200130_160802.zip-300x225.jpg 300w, https:\/\/agora.xtec.cat\/ies-santaeulalia\/wp-content\/uploads\/usu44\/2020\/05\/IMG_20200130_160802.zip-768x576.jpg 768w, https:\/\/agora.xtec.cat\/ies-santaeulalia\/wp-content\/uploads\/usu44\/2020\/05\/IMG_20200130_160802.zip-200x150.jpg 200w, https:\/\/agora.xtec.cat\/ies-santaeulalia\/wp-content\/uploads\/usu44\/2020\/05\/IMG_20200130_160802.zip.jpg 1632w\" sizes=\"auto, (max-width: 315px) 100vw, 315px\" \/><\/a> <a href=\"https:\/\/agora.xtec.cat\/ies-santaeulalia\/wp-content\/uploads\/usu44\/2020\/05\/IMG_20200127_160529.zip.jpg\"><img loading=\"lazy\" decoding=\"async\" class=\"alignnone wp-image-3178\" src=\"https:\/\/agora.xtec.cat\/ies-santaeulalia\/wp-content\/uploads\/usu44\/2020\/05\/IMG_20200127_160529.zip-1024x768.jpg\" alt=\"\" width=\"315\" height=\"237\" srcset=\"https:\/\/agora.xtec.cat\/ies-santaeulalia\/wp-content\/uploads\/usu44\/2020\/05\/IMG_20200127_160529.zip-1024x768.jpg 1024w, https:\/\/agora.xtec.cat\/ies-santaeulalia\/wp-content\/uploads\/usu44\/2020\/05\/IMG_20200127_160529.zip-300x225.jpg 300w, https:\/\/agora.xtec.cat\/ies-santaeulalia\/wp-content\/uploads\/usu44\/2020\/05\/IMG_20200127_160529.zip-768x576.jpg 768w, https:\/\/agora.xtec.cat\/ies-santaeulalia\/wp-content\/uploads\/usu44\/2020\/05\/IMG_20200127_160529.zip-200x150.jpg 200w, https:\/\/agora.xtec.cat\/ies-santaeulalia\/wp-content\/uploads\/usu44\/2020\/05\/IMG_20200127_160529.zip.jpg 1632w\" sizes=\"auto, (max-width: 315px) 100vw, 315px\" \/><\/a><\/p>\n<p><em>Edici\u00f3 Maig 2020<\/em><\/p>\n","protected":false},"excerpt":{"rendered":"<p>El projecte APS Xarxa \u00d2mnia es fa des del curs 2018-2019 en col\u00b7laboraci\u00f3 amb el Punt \u00d2mnia Can Jofresa ubicat al Casal C\u00edvic Can Jofresa. \u00c9s una de les opcions de Servei Comunitari a la que pot optar l&#8217;alumnat que cursa 4t d&#8217;ESO i que est\u00e0 lligat amb l&#8217;optativa d&#8217;Inform\u00e0tica. L\u2019objectiu d\u2019aquest projecte \u00e9s el [&hellip;]<\/p>\n","protected":false},"author":1,"featured_media":0,"parent":9324,"menu_order":0,"comment_status":"closed","ping_status":"closed","template":"","meta":{"_bbp_topic_count":0,"_bbp_reply_count":0,"_bbp_total_topic_count":0,"_bbp_total_reply_count":0,"_bbp_voice_count":0,"_bbp_anonymous_reply_count":0,"_bbp_topic_count_hidden":0,"_bbp_reply_count_hidden":0,"_bbp_forum_subforum_count":0,"site-sidebar-layout":"default","site-content-layout":"","ast-site-content-layout":"","site-content-style":"default","site-sidebar-style":"default","ast-global-header-display":"","ast-banner-title-visibility":"","ast-main-header-display":"","ast-hfb-above-header-display":"","ast-hfb-below-header-display":"","ast-hfb-mobile-header-display":"","site-post-title":"","ast-breadcrumbs-content":"","ast-featured-img":"","footer-sml-layout":"","theme-transparent-header-meta":"","adv-header-id-meta":"","stick-header-meta":"","header-above-stick-meta":"","header-main-stick-meta":"","header-below-stick-meta":"","astra-migrate-meta-layouts":"default","ast-page-background-enabled":"default","ast-page-background-meta":{"desktop":{"background-color":"var(--ast-global-color-4)","background-image":"","background-repeat":"repeat","background-position":"center center","background-size":"auto","background-attachment":"scroll","background-type":"","background-media":"","overlay-type":"","overlay-color":"","overlay-opacity":"","overlay-gradient":""},"tablet":{"background-color":"","background-image":"","background-repeat":"repeat","background-position":"center center","background-size":"auto","background-attachment":"scroll","background-type":"","background-media":"","overlay-type":"","overlay-color":"","overlay-opacity":"","overlay-gradient":""},"mobile":{"background-color":"","background-image":"","background-repeat":"repeat","background-position":"center center","background-size":"auto","background-attachment":"scroll","background-type":"","background-media":"","overlay-type":"","overlay-color":"","overlay-opacity":"","overlay-gradient":""}},"ast-content-background-meta":{"desktop":{"background-color":"var(--ast-global-color-5)","background-image":"","background-repeat":"repeat","background-position":"center center","background-size":"auto","background-attachment":"scroll","background-type":"","background-media":"","overlay-type":"","overlay-color":"","overlay-opacity":"","overlay-gradient":""},"tablet":{"background-color":"var(--ast-global-color-5)","background-image":"","background-repeat":"repeat","background-position":"center center","background-size":"auto","background-attachment":"scroll","background-type":"","background-media":"","overlay-type":"","overlay-color":"","overlay-opacity":"","overlay-gradient":""},"mobile":{"background-color":"var(--ast-global-color-5)","background-image":"","background-repeat":"repeat","background-position":"center center","background-size":"auto","background-attachment":"scroll","background-type":"","background-media":"","overlay-type":"","overlay-color":"","overlay-opacity":"","overlay-gradient":""}},"footnotes":""},"class_list":["post-2590","page","type-page","status-publish","hentry"],"post_mailing_queue_ids":[],"_links":{"self":[{"href":"https:\/\/agora.xtec.cat\/ies-santaeulalia\/wp-json\/wp\/v2\/pages\/2590","targetHints":{"allow":["GET"]}}],"collection":[{"href":"https:\/\/agora.xtec.cat\/ies-santaeulalia\/wp-json\/wp\/v2\/pages"}],"about":[{"href":"https:\/\/agora.xtec.cat\/ies-santaeulalia\/wp-json\/wp\/v2\/types\/page"}],"author":[{"embeddable":true,"href":"https:\/\/agora.xtec.cat\/ies-santaeulalia\/wp-json\/wp\/v2\/users\/1"}],"replies":[{"embeddable":true,"href":"https:\/\/agora.xtec.cat\/ies-santaeulalia\/wp-json\/wp\/v2\/comments?post=2590"}],"version-history":[{"count":4,"href":"https:\/\/agora.xtec.cat\/ies-santaeulalia\/wp-json\/wp\/v2\/pages\/2590\/revisions"}],"predecessor-version":[{"id":3226,"href":"https:\/\/agora.xtec.cat\/ies-santaeulalia\/wp-json\/wp\/v2\/pages\/2590\/revisions\/3226"}],"up":[{"embeddable":true,"href":"https:\/\/agora.xtec.cat\/ies-santaeulalia\/wp-json\/wp\/v2\/pages\/9324"}],"wp:attachment":[{"href":"https:\/\/agora.xtec.cat\/ies-santaeulalia\/wp-json\/wp\/v2\/media?parent=2590"}],"curies":[{"name":"wp","href":"https:\/\/api.w.org\/{rel}","templated":true}]}}