{"id":2588,"date":"2019-09-04T10:47:07","date_gmt":"2019-09-04T08:47:07","guid":{"rendered":"http:\/\/agora.xtec.cat\/ies-santaeulalia\/?page_id=2588"},"modified":"2025-02-22T19:04:19","modified_gmt":"2025-02-22T18:04:19","slug":"aps-esportiu","status":"publish","type":"page","link":"https:\/\/agora.xtec.cat\/ies-santaeulalia\/serveis\/aprenentatge-i-servei\/aps-esportiu\/","title":{"rendered":"ApS Esportiu"},"content":{"rendered":"<p>El projecte de Servei Comunitari anomenat ApS Esportiu es fa des del curs 2018-2019 en col\u00b7laboraci\u00f3 amb el\u00a0<span style=\"color: #ff0000;\"><a href=\"http:\/\/www.ceterrassa.com\/\" target=\"_blank\" rel=\"noopener noreferrer\" data-saferedirecturl=\"https:\/\/www.google.com\/url?q=http:\/\/www.ceterrassa.com\/&amp;source=gmail&amp;ust=1591035893619000&amp;usg=AFQjCNF3ONni7XMOD9iZns5jWftMQ2B2aA\">Consell Esportiu del Vall\u00e8s Occidental<\/a>\u00a0<\/span>Terrassa (CEVOT). Aquest projecte, que es realitza des de l\u2019\u00e0rea d\u2019Educaci\u00f3 F\u00edsica, consisteix a promoure que el nostre alumnat participi en el voluntariat en diferents actes que se celebren al llarg del curs escolar a la nostra ciutat.<\/p>\n<p>Els actes on es desenvolupa la tasca de voluntariat dels nostres alumnes s\u00f3n: <span style=\"color: #ff0000;\">la Mitja Marat\u00f3 de Terrassa, el Cros de Terrassa, la Cursa de la Just\u00edcia Social, la Milla Modernista i l\u2019Egara Non Run.\u00a0<\/span>Abans d&#8217;anar a aquests actes els nostres estudiants reben formaci\u00f3 te\u00f2rica per part de t\u00e8cnics del CEVOT i dels organitzadors d&#8217;aquests esdeveniments esportius, fent que la seva opini\u00f3 sigui una aportaci\u00f3 a tenir en compte a l&#8217;hora del seu desenvolupament.<\/p>\n<p><em>Em va agradar l\u2019ApS que he fet! He estat de voluntari a dues curses; mai ho havia estat i, la veritat, \u00e9s que ha estat una experi\u00e8ncia molt bona. La recomano!\u00a0 <\/em><span style=\"text-decoration: underline;\">Mohamed Amin Boujnani<\/span><\/p>\n<p><em>Vaig fer de voluntari a dues curses. Em va agradar dues coses: ajudar a muntar la infraestructura i donar avituallament als corredors i corredores que hi participaven.<\/em> <span style=\"text-decoration: underline;\">Luka Sojo<\/span><\/p>\n<p><a href=\"https:\/\/agora.xtec.cat\/ies-santaeulalia\/wp-content\/uploads\/usu44\/2020\/05\/Cros-Terrassa-1-2-2.zip-1-e1590767534558.jpg\"><img loading=\"lazy\" decoding=\"async\" class=\"alignnone size-large wp-image-3188\" src=\"https:\/\/agora.xtec.cat\/ies-santaeulalia\/wp-content\/uploads\/usu44\/2020\/05\/Cros-Terrassa-1-2-2.zip-1-e1590767534558-1024x576.jpg\" alt=\"\" width=\"1024\" height=\"576\" srcset=\"https:\/\/agora.xtec.cat\/ies-santaeulalia\/wp-content\/uploads\/usu44\/2020\/05\/Cros-Terrassa-1-2-2.zip-1-e1590767534558-1024x576.jpg 1024w, https:\/\/agora.xtec.cat\/ies-santaeulalia\/wp-content\/uploads\/usu44\/2020\/05\/Cros-Terrassa-1-2-2.zip-1-e1590767534558-300x169.jpg 300w, https:\/\/agora.xtec.cat\/ies-santaeulalia\/wp-content\/uploads\/usu44\/2020\/05\/Cros-Terrassa-1-2-2.zip-1-e1590767534558-768x432.jpg 768w, https:\/\/agora.xtec.cat\/ies-santaeulalia\/wp-content\/uploads\/usu44\/2020\/05\/Cros-Terrassa-1-2-2.zip-1-e1590767534558.jpg 1885w\" sizes=\"auto, (max-width: 1024px) 100vw, 1024px\" \/><\/a><\/p>\n<p>Projecte en col\u00b7laboraci\u00f3 amb:<\/p>\n<p><a href=\"https:\/\/agora.xtec.cat\/ies-santaeulalia\/wp-content\/uploads\/usu44\/2020\/06\/Logo-Consell.png\"><img loading=\"lazy\" decoding=\"async\" class=\"alignnone  wp-image-3240\" src=\"https:\/\/agora.xtec.cat\/ies-santaeulalia\/wp-content\/uploads\/usu44\/2020\/06\/Logo-Consell-1024x398.png\" alt=\"\" width=\"311\" height=\"121\" srcset=\"https:\/\/agora.xtec.cat\/ies-santaeulalia\/wp-content\/uploads\/usu44\/2020\/06\/Logo-Consell-1024x398.png 1024w, https:\/\/agora.xtec.cat\/ies-santaeulalia\/wp-content\/uploads\/usu44\/2020\/06\/Logo-Consell-300x116.png 300w, https:\/\/agora.xtec.cat\/ies-santaeulalia\/wp-content\/uploads\/usu44\/2020\/06\/Logo-Consell-768x298.png 768w, https:\/\/agora.xtec.cat\/ies-santaeulalia\/wp-content\/uploads\/usu44\/2020\/06\/Logo-Consell.png 1826w\" sizes=\"auto, (max-width: 311px) 100vw, 311px\" \/><\/a><\/p>\n<p>&nbsp;<\/p>\n","protected":false},"excerpt":{"rendered":"<p>El projecte de Servei Comunitari anomenat ApS Esportiu es fa des del curs 2018-2019 en col\u00b7laboraci\u00f3 amb el\u00a0Consell Esportiu del Vall\u00e8s Occidental\u00a0Terrassa (CEVOT). Aquest projecte, que es realitza des de l\u2019\u00e0rea d\u2019Educaci\u00f3 F\u00edsica, consisteix a promoure que el nostre alumnat participi en el voluntariat en diferents actes que se celebren al llarg del curs escolar [&hellip;]<\/p>\n","protected":false},"author":1,"featured_media":0,"parent":9324,"menu_order":0,"comment_status":"closed","ping_status":"closed","template":"","meta":{"_bbp_topic_count":0,"_bbp_reply_count":0,"_bbp_total_topic_count":0,"_bbp_total_reply_count":0,"_bbp_voice_count":0,"_bbp_anonymous_reply_count":0,"_bbp_topic_count_hidden":0,"_bbp_reply_count_hidden":0,"_bbp_forum_subforum_count":0,"site-sidebar-layout":"default","site-content-layout":"","ast-site-content-layout":"","site-content-style":"default","site-sidebar-style":"default","ast-global-header-display":"","ast-banner-title-visibility":"","ast-main-header-display":"","ast-hfb-above-header-display":"","ast-hfb-below-header-display":"","ast-hfb-mobile-header-display":"","site-post-title":"","ast-breadcrumbs-content":"","ast-featured-img":"","footer-sml-layout":"","theme-transparent-header-meta":"","adv-header-id-meta":"","stick-header-meta":"","header-above-stick-meta":"","header-main-stick-meta":"","header-below-stick-meta":"","astra-migrate-meta-layouts":"default","ast-page-background-enabled":"default","ast-page-background-meta":{"desktop":{"background-color":"var(--ast-global-color-4)","background-image":"","background-repeat":"repeat","background-position":"center center","background-size":"auto","background-attachment":"scroll","background-type":"","background-media":"","overlay-type":"","overlay-color":"","overlay-opacity":"","overlay-gradient":""},"tablet":{"background-color":"","background-image":"","background-repeat":"repeat","background-position":"center center","background-size":"auto","background-attachment":"scroll","background-type":"","background-media":"","overlay-type":"","overlay-color":"","overlay-opacity":"","overlay-gradient":""},"mobile":{"background-color":"","background-image":"","background-repeat":"repeat","background-position":"center center","background-size":"auto","background-attachment":"scroll","background-type":"","background-media":"","overlay-type":"","overlay-color":"","overlay-opacity":"","overlay-gradient":""}},"ast-content-background-meta":{"desktop":{"background-color":"var(--ast-global-color-5)","background-image":"","background-repeat":"repeat","background-position":"center center","background-size":"auto","background-attachment":"scroll","background-type":"","background-media":"","overlay-type":"","overlay-color":"","overlay-opacity":"","overlay-gradient":""},"tablet":{"background-color":"var(--ast-global-color-5)","background-image":"","background-repeat":"repeat","background-position":"center center","background-size":"auto","background-attachment":"scroll","background-type":"","background-media":"","overlay-type":"","overlay-color":"","overlay-opacity":"","overlay-gradient":""},"mobile":{"background-color":"var(--ast-global-color-5)","background-image":"","background-repeat":"repeat","background-position":"center center","background-size":"auto","background-attachment":"scroll","background-type":"","background-media":"","overlay-type":"","overlay-color":"","overlay-opacity":"","overlay-gradient":""}},"footnotes":""},"class_list":["post-2588","page","type-page","status-publish","hentry"],"post_mailing_queue_ids":[],"_links":{"self":[{"href":"https:\/\/agora.xtec.cat\/ies-santaeulalia\/wp-json\/wp\/v2\/pages\/2588","targetHints":{"allow":["GET"]}}],"collection":[{"href":"https:\/\/agora.xtec.cat\/ies-santaeulalia\/wp-json\/wp\/v2\/pages"}],"about":[{"href":"https:\/\/agora.xtec.cat\/ies-santaeulalia\/wp-json\/wp\/v2\/types\/page"}],"author":[{"embeddable":true,"href":"https:\/\/agora.xtec.cat\/ies-santaeulalia\/wp-json\/wp\/v2\/users\/1"}],"replies":[{"embeddable":true,"href":"https:\/\/agora.xtec.cat\/ies-santaeulalia\/wp-json\/wp\/v2\/comments?post=2588"}],"version-history":[{"count":5,"href":"https:\/\/agora.xtec.cat\/ies-santaeulalia\/wp-json\/wp\/v2\/pages\/2588\/revisions"}],"predecessor-version":[{"id":9333,"href":"https:\/\/agora.xtec.cat\/ies-santaeulalia\/wp-json\/wp\/v2\/pages\/2588\/revisions\/9333"}],"up":[{"embeddable":true,"href":"https:\/\/agora.xtec.cat\/ies-santaeulalia\/wp-json\/wp\/v2\/pages\/9324"}],"wp:attachment":[{"href":"https:\/\/agora.xtec.cat\/ies-santaeulalia\/wp-json\/wp\/v2\/media?parent=2588"}],"curies":[{"name":"wp","href":"https:\/\/api.w.org\/{rel}","templated":true}]}}