{"id":2397,"date":"2019-06-20T10:11:48","date_gmt":"2019-06-20T08:11:48","guid":{"rendered":"http:\/\/agora.xtec.cat\/ies-santaeulalia\/?page_id=2397"},"modified":"2025-02-22T19:04:25","modified_gmt":"2025-02-22T18:04:25","slug":"programa-lecxit","status":"publish","type":"page","link":"https:\/\/agora.xtec.cat\/ies-santaeulalia\/serveis\/aprenentatge-i-servei\/programa-lecxit\/","title":{"rendered":"ApS LECXIT"},"content":{"rendered":"<div>\n<p dir=\"ltr\"><a href=\"https:\/\/lecxit.cat\/\" target=\"_blank\" rel=\"noopener noreferrer\">LECXIT<\/a> \u00e9s un projecte que t\u00e9 per objectiu incrementar l&#8217;\u00e8xit educatiu dels infants a trav\u00e9s del treball per la millora de la seva comprensi\u00f3 lectora i poder aconseguir l\u2019\u00e8xit lector. En aquest projecte d&#8217;Aprenentatge Servei (ApS) es fa un acompanyament en la lectura als infants de 3r de prim\u00e0ria de l&#8217;Escola Sala i Badrinas utilitzant diferents recursos per tal de fomentar el gust per la lectura. Un cop a la setmana anem a l&#8217;escola i interactuem amb la mateixa nena o el mateix nen ja que des d&#8217;un inici la mestra crea les parelles. Acabem fent diferents activitats directament o indirectament relacionades amb la comprensi\u00f3 lectora com s\u00f3n jocs de rol, escrivim i representem obres teatrals i fins i tot un dia vam anar a la biblioteca B3 del districte i vam fer una din\u00e0mica de lectura all\u00e0. Ens ho passem molt b\u00e9 sempre que anem a LECXIT.<\/p>\n<p dir=\"ltr\"><a href=\"https:\/\/agora.xtec.cat\/ies-santaeulalia\/wp-content\/uploads\/usu44\/2020\/05\/IMG_20200203_165206.zip.jpg\"><img loading=\"lazy\" decoding=\"async\" class=\"alignnone wp-image-3174\" src=\"https:\/\/agora.xtec.cat\/ies-santaeulalia\/wp-content\/uploads\/usu44\/2020\/05\/IMG_20200203_165206.zip-1024x768.jpg\" alt=\"\" width=\"439\" height=\"329\" srcset=\"https:\/\/agora.xtec.cat\/ies-santaeulalia\/wp-content\/uploads\/usu44\/2020\/05\/IMG_20200203_165206.zip-1024x768.jpg 1024w, https:\/\/agora.xtec.cat\/ies-santaeulalia\/wp-content\/uploads\/usu44\/2020\/05\/IMG_20200203_165206.zip-300x225.jpg 300w, https:\/\/agora.xtec.cat\/ies-santaeulalia\/wp-content\/uploads\/usu44\/2020\/05\/IMG_20200203_165206.zip-768x576.jpg 768w, https:\/\/agora.xtec.cat\/ies-santaeulalia\/wp-content\/uploads\/usu44\/2020\/05\/IMG_20200203_165206.zip-200x150.jpg 200w, https:\/\/agora.xtec.cat\/ies-santaeulalia\/wp-content\/uploads\/usu44\/2020\/05\/IMG_20200203_165206.zip.jpg 1632w\" sizes=\"auto, (max-width: 439px) 100vw, 439px\" \/><\/a><\/p>\n<p dir=\"ltr\"><span style=\"text-decoration: underline;\"><strong>Testimoni de l&#8217;experi\u00e8ncia curs 2019-2020<\/strong><\/span><\/p>\n<p dir=\"ltr\"><i>Crec que \u00e9s una experiencia que tothom hauria de viure, al comen\u00e7ament vas una mica perdut i has d&#8217;adaptar-te a tenir un bon vocabulari, tenir idees i seguir els consells que et van donant els professors. Quan vaig entrar i vaig con\u00e8ixer a la meva petita, vaig saber que seria una aventura a la qual aprendria moltes coses i em portaria molt bons records de la meva infantesa. He passat molts bons moments i les estones m&#8217;han ajudat molt a distreure&#8217;m una mica. Els nens ho han gaudit molt i els m\u00e9s grans tamb\u00e9. Ho recomano 100%. <\/i><span style=\"text-decoration: underline;\">Luc\u00eda Alarc\u00f3n Alcover\u00a0<\/span><\/p>\n<p dir=\"ltr\"><em>A la nostra edat (15-16 anys) pensem que ja no hi ha res que no pugui descol\u00b7locar-nos, per\u00f2 sempre hi haur\u00e0 encara que sigui la cosa m\u00e9s m\u00ednima que en mour\u00e0 i ens ensenyar\u00e0 alguna cosa segur\u00edssim. M&#8217;alegra que una d&#8217;aquestes coses hagi sigut el LECXIT. Sortia de casa amb ganes d&#8217;anar a veure els nens i passar una mitja hora llegint amb ells perqu\u00e8 era relaxant i ells t&#8217;explicaven hist\u00f2ries que et treuen un somriure. Tornaria a fer aquestprojecte sense cap dubte<\/em>. <span style=\"text-decoration: underline;\">Maria Felisa Yekue Ekua<\/span><\/p>\n<p dir=\"ltr\"><em>Ha estat una experi\u00e8ncia inoblidable. Sempre esperava que torn\u00e9s a arribaar dilluns per poder anar a veure la nena. Li recomano aquesta activitat a tot aquell que vulgui una experi\u00e8ncia \u00fanica perqu\u00e8 realment val la pena.\u00a0<\/em> \u00a0 \u00a0 \u00a0 <span style=\"text-decoration: underline;\">\u00a0Andrea Macias Oca\u00f1a<\/span><\/p>\n<\/div>\n<div><\/div>\n<div>\n<p dir=\"ltr\"><span style=\"text-decoration: underline;\"><strong>Testimoni de l&#8217;experi\u00e8ncia curs 2018-2019<\/strong><\/span><\/p>\n<p dir=\"ltr\">El primer dia ens vam con\u00e8ixer tots, i, com que sempre estem en parelles un gran i un petit, per fer aquestes parelles la professora ens va donar un paper a cadascuna (els grans de color vermell i els petits de color verd) i vam anar a la biblioteca de l\u2019escola. Els paper s&#8217;havien d&#8217;ajuntar, un gran i un petit, i formaven el t\u00edtol d\u2019un llibre, aix\u00ed que hav\u00edem de trobar el llibre i, acte seguit, la nostra parella. Va ser molt din\u00e0mic i divertit. Despr\u00e9s vam estar coneixent-nos, compartint gustos i aficions. I despr\u00e9s vam llegir una mica.<\/p>\n<p><img loading=\"lazy\" decoding=\"async\" class=\" wp-image-2392\" src=\"https:\/\/agora.xtec.cat\/ies-santaeulalia\/wp-content\/uploads\/usu44\/2019\/06\/IMG_20190423_165234.jpg\" alt=\"\" width=\"353\" height=\"471\" srcset=\"https:\/\/agora.xtec.cat\/ies-santaeulalia\/wp-content\/uploads\/usu44\/2019\/06\/IMG_20190423_165234.jpg 480w, https:\/\/agora.xtec.cat\/ies-santaeulalia\/wp-content\/uploads\/usu44\/2019\/06\/IMG_20190423_165234-225x300.jpg 225w\" sizes=\"auto, (max-width: 353px) 100vw, 353px\" \/><\/p>\n<p dir=\"ltr\">Al principi la relaci\u00f3 amb els nens i les nenes va ser una mica distant, per\u00f2 poc a poc ens hem anat coneixent m\u00e9s i, fins al dia d\u2019avui, tenim una relaci\u00f3 de confian\u00e7a tan forta amb els nostres nens que mai hauria pogut imaginar.<\/p>\n<\/div>\n<div>\n<p><strong>Les seves valoracions:<\/strong><\/p>\n<p dir=\"ltr\"><em>&#8220;Ha estat una experi\u00e8ncia inoblidable. M&#8217;agrada veure com els nens llegeixen i s&#8217;esforcen per superar-se cada dia. Jo tamb\u00e9 he apr\u00e8s molt d\u2019ells i els trobar\u00e9 a faltar.&#8221; <\/em><span style=\"text-decoration: underline;\">Janette Ruiz<\/span><\/p>\n<p dir=\"ltr\"><em>&#8220;\u00c9s gratificant viure l\u2019experi\u00e8ncia d\u2019estar amb nens i nenes que comparteixen amb tu una afici\u00f3, per\u00f2 amb la seva manera de viure-ho, el seu entusiasme i la seva diversi\u00f3. Al final els agafes estima.&#8221; <\/em><span style=\"text-decoration: underline;\">Paula M\u00e9ndez<\/span><\/p>\n<p dir=\"ltr\"><em>&#8220;Ha sigut molt satisfactori veure com la meva nena es superava a ella mateixa cada dia. Ha sigut un plaer poder ajudar als nens. Jo tamb\u00e9 he acabat aprenent del voluntariat. Ho tornaria a repetir encantada.&#8221; <\/em><span style=\"text-decoration: underline;\">Aisha Fall<\/span><\/p>\n<p dir=\"ltr\"><em>&#8220;Al principi ho fas amb por, no saps amb qu\u00e8 et trobar\u00e0s. Per\u00f2 un cop coneixes el que ser\u00e0 el teu nen fins al final, nom\u00e9s esperes que arribi la setmana que ve per tornar a veure al petit i ajudar-lo amb la lectura. Sense cap dubte puc dir que el voluntariat no nom\u00e9s repercuteix a la persona a la qual ajudes, si no que tamb\u00e9 et repercuteix a tu. M\u2019ha ajudat a cr\u00e9ixer com a persona i ha augmentar la meva creativitat, perqu\u00e8 els nens en tenen molta. Una experi\u00e8ncia que segurament no tornar\u00e9 a viure de la mateixa manera. I convido a que qualsevol persona es presenti com a voluntari, no se&#8217;n penedir\u00e0&#8221;\u00a0 <\/em><span style=\"text-decoration: underline;\">Nerea Laporta<\/span><\/p>\n<p dir=\"ltr\"><em>&#8220;A mi m\u2019ha agradat l\u2019experi\u00e8ncia perqu\u00e8 m\u2019ha recordat a quan jo era petita. Cada vegada que anava a l\u2019escola disfrutava molt, veure com els nens i nenes tenien tanta imaginaci\u00f3, que no s&#8217;avorreixen amb res i que sempre tenien un somriure. Crec que per aix\u00f2 i m\u00e9s coses val la pena participar a LECXIT.&#8221;\u00a0 <\/em><span style=\"text-decoration: underline;\">Angie G\u00f3mez<\/span><\/p>\n<p dir=\"ltr\"><em>&#8220;M\u2019ha agradat molt l\u2019experi\u00e8ncia. Era molt divertit, m\u2019agraden les activitats que fem amb els nens. S\u00e9 que els nens han apr\u00e8s molt i jo tamb\u00e9. Gr\u00e0cies per aquesta experi\u00e8ncia.&#8221; <\/em><span style=\"text-decoration: underline;\">Samia El Hayari<\/span><\/p>\n<p dir=\"ltr\"><span id=\"m_6799798228211804892gmail-docs-internal-guid-6f36a214-7fff-6a7c-58d0-0625b89256a0\"><em>&#8220;Ha sigut una experi\u00e8ncia que ens dona valors que podem fer servir en un futur. Es una experi\u00e8ncia molt xula i recomanable tant per la meva part com per la part dels nens<\/em>.&#8221; <\/span><span style=\"text-decoration: underline;\"><span id=\"m_6799798228211804892gmail-docs-internal-guid-6f36a214-7fff-6a7c-58d0-0625b89256a0\">Jihane Boulaich<\/span><\/span><\/p>\n<p dir=\"ltr\"><iframe loading=\"lazy\" src=\"\/\/www.youtube.com\/embed\/OTzr37f_PWw\" width=\"560\" height=\"314\"><\/iframe><\/p>\n<p dir=\"ltr\"><a href=\"https:\/\/agora.xtec.cat\/ies-santaeulalia\/wp-content\/uploads\/usu44\/2019\/06\/Cloenda_LECXIT_DdT_020519.pdf\"><strong>LECXIT als mitjans- maig 2019 (DIARI DE TERRASSA):<\/strong><\/a><\/p>\n<p dir=\"ltr\">El programa LECXIT est\u00e0 associat a:<\/p>\n<p dir=\"ltr\"><a href=\"https:\/\/agora.xtec.cat\/ies-santaeulalia\/wp-content\/uploads\/usu44\/2020\/06\/lecxit.jpg\"><img loading=\"lazy\" decoding=\"async\" class=\"alignnone  wp-image-3246\" src=\"https:\/\/agora.xtec.cat\/ies-santaeulalia\/wp-content\/uploads\/usu44\/2020\/06\/lecxit.jpg\" alt=\"\" width=\"144\" height=\"144\" srcset=\"https:\/\/agora.xtec.cat\/ies-santaeulalia\/wp-content\/uploads\/usu44\/2020\/06\/lecxit.jpg 709w, https:\/\/agora.xtec.cat\/ies-santaeulalia\/wp-content\/uploads\/usu44\/2020\/06\/lecxit-150x150.jpg 150w, https:\/\/agora.xtec.cat\/ies-santaeulalia\/wp-content\/uploads\/usu44\/2020\/06\/lecxit-300x300.jpg 300w\" sizes=\"auto, (max-width: 144px) 100vw, 144px\" \/> \u00a0 \u00a0 \u00a0 \u00a0 \u00a0 <\/a><a href=\"https:\/\/agora.xtec.cat\/ies-santaeulalia\/wp-content\/uploads\/usu44\/2020\/06\/pla-educatiu.jpg\"><img loading=\"lazy\" decoding=\"async\" class=\"alignnone  wp-image-3247\" src=\"https:\/\/agora.xtec.cat\/ies-santaeulalia\/wp-content\/uploads\/usu44\/2020\/06\/pla-educatiu-1024x650.jpg\" alt=\"\" width=\"205\" height=\"130\" srcset=\"https:\/\/agora.xtec.cat\/ies-santaeulalia\/wp-content\/uploads\/usu44\/2020\/06\/pla-educatiu-1024x650.jpg 1024w, https:\/\/agora.xtec.cat\/ies-santaeulalia\/wp-content\/uploads\/usu44\/2020\/06\/pla-educatiu-300x191.jpg 300w, https:\/\/agora.xtec.cat\/ies-santaeulalia\/wp-content\/uploads\/usu44\/2020\/06\/pla-educatiu-768x488.jpg 768w, https:\/\/agora.xtec.cat\/ies-santaeulalia\/wp-content\/uploads\/usu44\/2020\/06\/pla-educatiu.jpg 1625w\" sizes=\"auto, (max-width: 205px) 100vw, 205px\" \/><\/a><\/p>\n<p dir=\"ltr\">\n<\/div>\n","protected":false},"excerpt":{"rendered":"<p>LECXIT \u00e9s un projecte que t\u00e9 per objectiu incrementar l&#8217;\u00e8xit educatiu dels infants a trav\u00e9s del treball per la millora de la seva comprensi\u00f3 lectora i poder aconseguir l\u2019\u00e8xit lector. En aquest projecte d&#8217;Aprenentatge Servei (ApS) es fa un acompanyament en la lectura als infants de 3r de prim\u00e0ria de l&#8217;Escola Sala i Badrinas utilitzant [&hellip;]<\/p>\n","protected":false},"author":1,"featured_media":0,"parent":9324,"menu_order":0,"comment_status":"closed","ping_status":"closed","template":"","meta":{"_bbp_topic_count":0,"_bbp_reply_count":0,"_bbp_total_topic_count":0,"_bbp_total_reply_count":0,"_bbp_voice_count":0,"_bbp_anonymous_reply_count":0,"_bbp_topic_count_hidden":0,"_bbp_reply_count_hidden":0,"_bbp_forum_subforum_count":0,"site-sidebar-layout":"default","site-content-layout":"","ast-site-content-layout":"","site-content-style":"default","site-sidebar-style":"default","ast-global-header-display":"","ast-banner-title-visibility":"","ast-main-header-display":"","ast-hfb-above-header-display":"","ast-hfb-below-header-display":"","ast-hfb-mobile-header-display":"","site-post-title":"","ast-breadcrumbs-content":"","ast-featured-img":"","footer-sml-layout":"","theme-transparent-header-meta":"","adv-header-id-meta":"","stick-header-meta":"","header-above-stick-meta":"","header-main-stick-meta":"","header-below-stick-meta":"","astra-migrate-meta-layouts":"default","ast-page-background-enabled":"default","ast-page-background-meta":{"desktop":{"background-color":"var(--ast-global-color-4)","background-image":"","background-repeat":"repeat","background-position":"center center","background-size":"auto","background-attachment":"scroll","background-type":"","background-media":"","overlay-type":"","overlay-color":"","overlay-opacity":"","overlay-gradient":""},"tablet":{"background-color":"","background-image":"","background-repeat":"repeat","background-position":"center center","background-size":"auto","background-attachment":"scroll","background-type":"","background-media":"","overlay-type":"","overlay-color":"","overlay-opacity":"","overlay-gradient":""},"mobile":{"background-color":"","background-image":"","background-repeat":"repeat","background-position":"center center","background-size":"auto","background-attachment":"scroll","background-type":"","background-media":"","overlay-type":"","overlay-color":"","overlay-opacity":"","overlay-gradient":""}},"ast-content-background-meta":{"desktop":{"background-color":"var(--ast-global-color-5)","background-image":"","background-repeat":"repeat","background-position":"center center","background-size":"auto","background-attachment":"scroll","background-type":"","background-media":"","overlay-type":"","overlay-color":"","overlay-opacity":"","overlay-gradient":""},"tablet":{"background-color":"var(--ast-global-color-5)","background-image":"","background-repeat":"repeat","background-position":"center center","background-size":"auto","background-attachment":"scroll","background-type":"","background-media":"","overlay-type":"","overlay-color":"","overlay-opacity":"","overlay-gradient":""},"mobile":{"background-color":"var(--ast-global-color-5)","background-image":"","background-repeat":"repeat","background-position":"center center","background-size":"auto","background-attachment":"scroll","background-type":"","background-media":"","overlay-type":"","overlay-color":"","overlay-opacity":"","overlay-gradient":""}},"footnotes":""},"class_list":["post-2397","page","type-page","status-publish","hentry"],"post_mailing_queue_ids":[],"_links":{"self":[{"href":"https:\/\/agora.xtec.cat\/ies-santaeulalia\/wp-json\/wp\/v2\/pages\/2397","targetHints":{"allow":["GET"]}}],"collection":[{"href":"https:\/\/agora.xtec.cat\/ies-santaeulalia\/wp-json\/wp\/v2\/pages"}],"about":[{"href":"https:\/\/agora.xtec.cat\/ies-santaeulalia\/wp-json\/wp\/v2\/types\/page"}],"author":[{"embeddable":true,"href":"https:\/\/agora.xtec.cat\/ies-santaeulalia\/wp-json\/wp\/v2\/users\/1"}],"replies":[{"embeddable":true,"href":"https:\/\/agora.xtec.cat\/ies-santaeulalia\/wp-json\/wp\/v2\/comments?post=2397"}],"version-history":[{"count":4,"href":"https:\/\/agora.xtec.cat\/ies-santaeulalia\/wp-json\/wp\/v2\/pages\/2397\/revisions"}],"predecessor-version":[{"id":3248,"href":"https:\/\/agora.xtec.cat\/ies-santaeulalia\/wp-json\/wp\/v2\/pages\/2397\/revisions\/3248"}],"up":[{"embeddable":true,"href":"https:\/\/agora.xtec.cat\/ies-santaeulalia\/wp-json\/wp\/v2\/pages\/9324"}],"wp:attachment":[{"href":"https:\/\/agora.xtec.cat\/ies-santaeulalia\/wp-json\/wp\/v2\/media?parent=2397"}],"curies":[{"name":"wp","href":"https:\/\/api.w.org\/{rel}","templated":true}]}}