{"id":2324,"date":"2019-06-05T09:22:22","date_gmt":"2019-06-05T07:22:22","guid":{"rendered":"http:\/\/agora.xtec.cat\/ies-santaeulalia\/?page_id=2324"},"modified":"2026-03-17T13:38:13","modified_gmt":"2026-03-17T12:38:13","slug":"infocf","status":"publish","type":"page","link":"https:\/\/agora.xtec.cat\/ies-santaeulalia\/linstitut\/infocf\/","title":{"rendered":"Tutors\/es Cicles formatius 25-26"},"content":{"rendered":"\n<p>Els cicles formatius de les diferents fam\u00edlies professionals que podeu cursar al Santa Eul\u00e0lia s\u00f3n els seg\u00fcents (amb els tutors\/es de grup):<\/p>\n\n\n\n<figure class=\"wp-block-table alignleft\"><table class=\"has-black-color has-cyan-bluish-gray-background-color has-text-color has-background has-link-color has-fixed-layout\"><tbody><tr><td colspan=\"2\"><br><h5><span style=\"color: #ffffff;\">Fam\u00edlia Energia i Aigua (EA)&nbsp;<\/span><\/h5><\/td><td><br><h5><span style=\"color: #ffffff;\">Tutor\/a:<\/span><\/h5><\/td><\/tr><tr><td>Grau Superior<\/td><td><span style=\"color: #333333;\"><a href=\"https:\/\/agora.xtec.cat\/ies-santaeulalia\/cf-grau-mitja\/gs-energies-renovables\/\" target=\"_blank\" rel=\"noopener\">EAC0 &#8211; Energies renovables <\/a>&nbsp; &nbsp;<\/span><\/td><td>DADID BORRULL (1r Curs) \/&nbsp; LLOREN\u00c7 MAR\u00cdN (2n Curs)<\/td><\/tr><\/tbody><\/table><\/figure>\n\n\n\n<figure class=\"wp-block-table  alignleft\"><table class=\"has-cyan-bluish-gray-background-color has-background has-fixed-layout\"><tbody><tr><td colspan=\"2\"><br><h5><span style=\"color: #ffffff;\">Fam\u00edlia Activitats f\u00edsiques i esportives (AE)<\/span><\/h5><\/td><td><br><h5><span style=\"color: #ffffff;\">Tutors\/es:<br><\/span><\/h5><\/td><\/tr><tr><td><strong>Grau Mitj\u00e0<\/strong><\/td><td><a href=\"https:\/\/agora.xtec.cat\/ies-santaeulalia\/cf-grau-mitja-2\/gm-guia-medi-natural-temps-de-lleure\/\"><span style=\"color: #333333;\">AE10 &#8211; Guia en el Medi Natural i de Temps de Lleure<\/span><\/a><\/td><td>SERGI GARCIA (Grup A-1r) \/ CRISTIAN VALLB\u00c9 (Grup B-1r) NOEMI SOLANO (Grup A-2n) \/ JORDINA MASSAGUER (Grup B-2n)<\/td><\/tr><tr><td><strong>Grau Superior<\/strong><\/td><td><a style=\"color: #333333;\" href=\"https:\/\/agora.xtec.cat\/ies-santaeulalia\/estudis\/cf-grau-mitja\/gs-animacio-dactivitats-fisiques-i-esportives\/\"><span style=\"color: #333333;\">AEA0 &#8211; Ensenyament i animaci\u00f3 socioesportiva<\/span><\/a><\/td><td>VICTORIA NAVARRO (1r Curs) \/ ANA LATORRE (2n Curs)<\/td><\/tr><tr><td><strong>Grau Superior<\/strong><\/td><td><a style=\"color: #333333;\" href=\"https:\/\/agora.xtec.cat\/ies-santaeulalia\/estudis\/cf-grau-mitja\/cfgs-condicionament-fisic-cfps-aeb0\/\"><span style=\"color: #333333;\">AEB0 &#8211; Condicionament f\u00edsic<\/span><\/a><\/td><td>MARC ALAVEDRA (1r Curs) \/ INMA PEREZ (2n Curs)<\/td><\/tr><\/tbody><\/table><\/figure>\n\n\n\n<figure class=\"wp-block-table  alignleft\"><table class=\"has-cyan-bluish-gray-background-color has-background has-fixed-layout\"><tbody><tr><td colspan=\"2\">\n<h5><span style=\"color: #ffffff;\">Fam\u00edlia Administraci\u00f3 i gesti\u00f3 (AG)<\/span><\/h5>\n<\/td><td>\n<h5><span style=\"color: #ffffff;\">Tutors\/es:<br><\/span><\/h5>\n<\/td><\/tr><tr><td>Grau Mitj\u00e0<\/td><td><a style=\"color: #333333;\" href=\"https:\/\/agora.xtec.cat\/ies-santaeulalia\/estudis\/cf-grau-mitja-2\/gestio-administrativa\/\"><span style=\"color: #333333;\">AG10 &#8211; Gesti\u00f3 administrativa<\/span><\/a><\/td><td>JOSEP ORIOL (1r Curs) \/ CARLES MORANTE (2n Curs)<\/td><\/tr><tr><td>Grau Mitj\u00e0<\/td><td><span style=\"color: #333333;\">AG10 &#8211; Gesti\u00f3 administrativa (\u00e0mbit sanitari)<\/span><\/td><td>MARTA GALLARDO (1r curs) \/ PABLO MOLINER (2n curs)<\/td><\/tr><tr><td>Grau Superior<\/td><td><a style=\"color: #333333;\" href=\"https:\/\/agora.xtec.cat\/ies-santaeulalia\/estudis\/cf-grau-mitja\/gs-administracio-i-finances\/\"><span style=\"color: #333333;\">AGB0 &#8211; Administraci\u00f3 i finances<\/span><\/a><\/td><td><span style=\"color: #333333;\">H\u00c9CTOR BRUALLA (1r Curs) \/ ROSA M\u00aa DE ARCOS (2n Curs)<br><\/span><\/td><\/tr><\/tbody><\/table><\/figure>\n\n\n\n<figure class=\"wp-block-table  alignleft\"><table class=\"has-cyan-bluish-gray-background-color has-background has-fixed-layout\"><tbody><tr><td colspan=\"2\">\n<h5><span style=\"color: #ffffff;\">Fam\u00edlia Electricitat i electr\u00f2nica (EE)<\/span><\/h5>\n<\/td><td>\n<h5><span style=\"color: #ffffff;\">Tutors\/es:<br><\/span><\/h5>\n<\/td><\/tr><tr><td>Grau Mitj\u00e0<\/td><td><a href=\"https:\/\/agora.xtec.cat\/ies-santaeulalia\/estudis\/cf-grau-mitja-2\/installacions-electriques-i-automatiques\/\"><span style=\"color: #333333;\">EE10 &#8211; Instal\u00b7lacions el\u00e8ctriques i autom\u00e0tiques<\/span><\/a><\/td><td>MIGUEL RUIZ (1r Curs) \/ TONI ACEVEDO (2n)<\/td><\/tr><tr><td>Grau Superior<\/td><td><a style=\"color: #333333;\" href=\"https:\/\/agora.xtec.cat\/ies-santaeulalia\/estudis\/cf-grau-mitja\/gs-sistemes-electrotecnics-i-automatitzats\/\"><span style=\"color: #333333;\">EEA0 &#8211; Sistemes electrot\u00e8cnics i automatitzats<\/span><\/a><\/td><td>MAURICIO ARANCIBIA (1r Curs) \/ MANUEL MEIXIDE (2n)<\/td><\/tr><\/tbody><\/table><\/figure>\n\n\n\n<figure class=\"wp-block-table  alignleft\"><table class=\"has-cyan-bluish-gray-background-color has-background has-fixed-layout\"><tbody><tr><td colspan=\"2\">\n<h5><span style=\"color: #ffffff;\">Fam\u00edlia Instal\u00b7laci\u00f3 i manteniment (IM)<\/span><\/h5>\n<\/td><td>\n<h5><span style=\"color: #ffffff;\">Tutors\/es:<br><\/span><\/h5>\n<\/td><\/tr><tr><td>Grau Mitj\u00e0<\/td><td><a href=\"https:\/\/agora.xtec.cat\/ies-santaeulalia\/estudis\/cf-grau-mitja-2\/manteniment-electromecanic\/\"><span style=\"color: #333333;\">IM10 &#8211; Manteniment electromec\u00e0nic orientat a manteniment d&#8217;ascensors<\/span><\/a><\/td><td>ANTONIO MANUEL LEYVA (1r Curs) \/ PERE POLL (2n Curs)<\/td><\/tr><tr><td>Grau Mitj\u00e0<\/td><td><a href=\"https:\/\/agora.xtec.cat\/ies-santaeulalia\/estudis\/cf-grau-mitja-2\/installacions-de-produccio-de-calor\/\"><span style=\"color: #333333;\">IM20 &#8211; Instal\u00b7lacions de producci\u00f3 de calor orientat a instal\u00b7laci\u00f3 i manteniment de pisicines<\/span><\/a><\/td><td>JOS\u00c9 M\u00aa BERBEL (nom\u00e9s 2n Curs)<\/td><\/tr><tr><td>Grau Mitj\u00e0<\/td><td><a href=\"https:\/\/agora.xtec.cat\/ies-santaeulalia\/estudis\/cf-grau-mitja-2\/installacions-frigorifiques-i-de-climatitzacio\/\"><span style=\"color: #333333;\">IM30 &#8211; Instal\u00b7lacions frigor\u00edfiques i de climatitzaci\u00f3<\/span><\/a><\/td><td>ANDREU MARZAL I ORIOL MATABOSCH (1r Curs) \/ AUGUSTO GORRES (2n Curs)<\/td><\/tr><tr><td>Grau Superior<\/td><td><a style=\"color: #333333;\" href=\"https:\/\/agora.xtec.cat\/ies-santaeulalia\/estudis\/cf-grau-mitja\/gs-manteniment-dinstallacions-termiques-i-de-fluids\/\"><span style=\"color: #333333;\">IMA0 &#8211; Manteniment d&#8217;instal\u00b7lacions t\u00e8rmiques de fluids<\/span><\/a><\/td><td>CARLOS MU\u00d1OZ (1r Curs) \/ JORDI VIVES (2n)<\/td><\/tr><tr><td>Grau Superior<\/td><td><a href=\"https:\/\/agora.xtec.cat\/ies-santaeulalia\/estudis\/cf-grau-mitja\/gs-mecatronica-industrial\/\"><span style=\"color: #333333;\">IMC0 &#8211; Mecatr\u00f2nica industrial<\/span><\/a><\/td><td>QUIM EGEA(1r Curs) \/ JOS\u00c9 LUIS C\u00c1NOVAS (2n Curs)<\/td><\/tr><\/tbody><\/table><\/figure>\n\n\n\n<figure class=\"wp-block-table  alignleft\"><table class=\"has-cyan-bluish-gray-background-color has-background has-fixed-layout\"><tbody><tr><td colspan=\"2\">\n<h5><span style=\"color: #ffffff;\">Fam\u00edlia Imatge i so (IS)<\/span><\/h5>\n<\/td><td>\n<h5><span style=\"color: #ffffff;\">Tutors\/es:<br><\/span><\/h5>\n<\/td><\/tr><tr><td>Grau Mitj\u00e0<\/td><td><a href=\"https:\/\/agora.xtec.cat\/ies-santaeulalia\/estudis\/cf-grau-mitja-2\/video-discjoquei-i-so\/\"><span style=\"color: #333333;\">IS10 &#8211; V\u00eddeo, discj\u00f2quei i so<\/span><\/a><\/td><td>Mat\u00ed: LUC\u00cdA JIM\u00c9NEZ (1r Curs) \/ MARGARITA BORRULL (2n Curs)<br>Tarda: ROBERT LOPEZ (1r Curs) \/ ELENA ZAPATA (2n)<\/td><\/tr><tr><td>Grau Superior<\/td><td><a style=\"color: #333333;\" href=\"https:\/\/agora.xtec.cat\/ies-santaeulalia\/estudis\/cf-grau-mitja\/gs-illuminacio-captacio-i-tractament-dimatge\/\"><span style=\"color: #333333;\">ISB0 &#8211; Il\u00b7luminaci\u00f3, captaci\u00f3 i tractament d&#8217;imatge<\/span><\/a><\/td><td>MERITXELL CASTILLO (1r Curs) \/ MARIA JOSEP PEREZ (2n Curs)<\/td><\/tr><tr><td>Grau Superior<\/td><td><a style=\"color: #333333;\" href=\"https:\/\/agora.xtec.cat\/ies-santaeulalia\/estudis\/cf-grau-mitja\/realitzacio-de-projectes-audiovisuals-i-espectacles\/\"><span style=\"color: #333333;\">ISA0 &#8211; Realitzaci\u00f3 de projectes audiovisuals i espectacles<\/span><\/a><\/td><td>OSCAR MORALES (1r Curs) \/ FRANCESC VILA (2n)<\/td><\/tr><tr><td>Grau Superior<\/td><td><a href=\"https:\/\/agora.xtec.cat\/ies-santaeulalia\/estudis\/cf-grau-mitja\/produccio-daudiovisuals-i-despectacles\/\"><span style=\"color: #333333;\">ISD0 &#8211; Producci\u00f3 d&#8217;audiovisuals i espectacles<\/span><\/a><\/td><td>ANGEL QUEL (1r Curs) \/ \u00c1LVARO SCARPINO (2n)<\/td><\/tr><\/tbody><\/table><\/figure>\n\n\n\n<p>&nbsp;<\/p>\n\n\n\n<p>&nbsp;<\/p>\n\n\n\n<p>&nbsp;<\/p>\n\n\n\n<p>&nbsp;<\/p>\n\n\n\n<p>&nbsp;<\/p>\n\n\n\n<p>&nbsp;<\/p>\n\n\n\n<p>&nbsp;<\/p>\n\n\n\n<p>&nbsp;<\/p>\n\n\n\n<p>&nbsp;<\/p>\n\n\n\n<p>&nbsp;<\/p>\n\n\n\n<p>&nbsp;<\/p>\n\n\n\n<p>&nbsp;<\/p>\n\n\n\n<p>&nbsp;<\/p>\n\n\n\n<p>&nbsp;<\/p>\n\n\n\n<p>&nbsp;<\/p>\n\n\n\n<p>&nbsp;<\/p>\n\n\n\n<p>&nbsp;<\/p>\n\n\n\n<p>&nbsp;<\/p>\n\n\n\n<p>&nbsp;<\/p>\n\n\n\n<p>&nbsp;<\/p>\n\n\n\n<p>&nbsp;<\/p>\n\n\n\n<p>&nbsp;<\/p>\n\n\n\n<p>&nbsp;<\/p>\n\n\n\n<p>&nbsp;<\/p>\n\n\n\n<p>&nbsp;<\/p>\n\n\n\n<p>&nbsp;<\/p>\n\n\n\n<p>&nbsp;<\/p>\n\n\n\n<figure class=\"wp-block-image aligncenter is-resized wp-image-1533\"><img loading=\"lazy\" decoding=\"async\" width=\"1000\" height=\"563\" src=\"https:\/\/agora.xtec.cat\/ies-santaeulalia\/wp-content\/uploads\/usu44\/2018\/04\/IMG_20180414_163539.jpg\" alt=\"\" class=\"wp-image-1533\" style=\"width:700px;height:auto\" srcset=\"https:\/\/agora.xtec.cat\/ies-santaeulalia\/wp-content\/uploads\/usu44\/2018\/04\/IMG_20180414_163539.jpg 1000w, https:\/\/agora.xtec.cat\/ies-santaeulalia\/wp-content\/uploads\/usu44\/2018\/04\/IMG_20180414_163539-300x169.jpg 300w, https:\/\/agora.xtec.cat\/ies-santaeulalia\/wp-content\/uploads\/usu44\/2018\/04\/IMG_20180414_163539-768x432.jpg 768w\" sizes=\"auto, (max-width: 1000px) 100vw, 1000px\" \/><figcaption class=\"wp-element-caption\"><em>Alumnes de cicles formatius realitzant una instal\u00b7laci\u00f3 el\u00e8ctrica.<\/em><\/figcaption><\/figure>\n\n\n\n<p>La formaci\u00f3 professional capacita per a l&#8217;exercici qualificat de diverses professions i proporciona la formaci\u00f3 necess\u00e0ria per adquirir la compet\u00e8ncia professional i el coneixement propis de cada sector. La formaci\u00f3 professional s&#8217;organitza per&nbsp;<a href=\"http:\/\/queestudiar.gencat.cat\/ca\/estudis\/fp\/\"><strong>fam\u00edlies&nbsp;professionals<\/strong><\/a> que ordenen els ensenyaments en cicles des de <strong>grau mitj\u00e0<\/strong>&nbsp;o de<strong>&nbsp;grau superior<\/strong>; amb la superaci\u00f3 dels primers s&#8217;obt\u00e9 el t\u00edtol de t\u00e8cnic i amb la superaci\u00f3 dels segons el de t\u00e8cnic superior.<\/p>\n\n\n\n<p>Per altra banda, hi ha la possibilitat d&#8217;aconseguir&nbsp;<a href=\"https:\/\/serveiocupacio.gencat.cat\/ca\/millorar-el-perfil\/certificats-de-professionalitat\/\">certificats de professionalitat<\/a>&nbsp;reconeguts dintre del propi cicle. Els certificats de professionalitat s\u00f3n&nbsp;documents oficials que acrediten les compet\u00e8ncies professionals i garanteixen que la persona que l&#8217;obt\u00e9 t\u00e9 els coneixements, les habilitats i les aptituds per desenvolupar una activitat laboral d&#8217;acord amb les exig\u00e8ncies del mercat de treball. Cada certificat de professionalitat acredita una qualificaci\u00f3 professional del&nbsp;<a href=\"https:\/\/www.educacion.gob.es\/educa\/incual\/ice_catalogoWeb.html\" target=\"_blank\" rel=\"noopener noreferrer\">Cat\u00e0leg Nacional de Qualificacions <\/a><\/p>\n\n\n\n<p>La formaci\u00f3 professional \u00e9s una de les sortides al m\u00f3n laboral des de l&#8217;\u00e0mbit educatiu amb m\u00e9s probabilitats de trobar feina. Concretament al nostre centre <strong>s&#8217;imparteixen 3 de les 5 fam\u00edlies amb m\u00e9s demanda al mercat laboral.<\/strong><\/p>\n\n\n\n<p><em>&#8220;Referent al tipus de titulacions d&#8217;FP m\u00e9s demandades, les relacionades amb Administraci\u00f3 i Gesti\u00f3 de les empreses van ser les m\u00e9s exigides en les ofertes d&#8217;ocupaci\u00f3 (el 13% de totes les ofertes que requereixen aquests estudis), seguides d&#8217;aquelles que exigeixen t\u00edtols d&#8217;electricitat i electr\u00f2nica (7,7%), fabricaci\u00f3 de mec\u00e0nica (6,4%), inform\u00e0tica i telecomunicacions (4,3%) o instal\u00b7lacions i manteniment (4%).<\/em><\/p>\n\n\n\n<p class=\"has-text-align-center\"><a href=\"https:\/\/cincodias.elpais.com\/cincodias\/2019\/05\/30\/midinero\/1559215117_858928.html\">(&#8220;Cinco Dias&#8221;, art. &#8220;Las ofertas de empleo que exigen FP desbancan a las que piden estudios universitarios&#8221; 31\/5\/2019)<\/a><\/p>\n","protected":false},"excerpt":{"rendered":"<p>Els cicles formatius de les diferents fam\u00edlies professionals que podeu cursar al Santa Eul\u00e0lia s\u00f3n els seg\u00fcents (amb els tutors\/es de grup): Fam\u00edlia Energia i Aigua (EA)&nbsp; Tutor\/a: Grau Superior EAC0 &#8211; Energies renovables &nbsp; &nbsp; DADID BORRULL (1r Curs) \/&nbsp; LLOREN\u00c7 MAR\u00cdN (2n Curs) Fam\u00edlia Activitats f\u00edsiques i esportives (AE) Tutors\/es: Grau Mitj\u00e0 AE10 [&hellip;]<\/p>\n","protected":false},"author":1,"featured_media":0,"parent":19,"menu_order":3,"comment_status":"closed","ping_status":"closed","template":"","meta":{"_bbp_topic_count":0,"_bbp_reply_count":0,"_bbp_total_topic_count":0,"_bbp_total_reply_count":0,"_bbp_voice_count":0,"_bbp_anonymous_reply_count":0,"_bbp_topic_count_hidden":0,"_bbp_reply_count_hidden":0,"_bbp_forum_subforum_count":0,"site-sidebar-layout":"default","site-content-layout":"","ast-site-content-layout":"default","site-content-style":"default","site-sidebar-style":"default","ast-global-header-display":"","ast-banner-title-visibility":"","ast-main-header-display":"","ast-hfb-above-header-display":"","ast-hfb-below-header-display":"","ast-hfb-mobile-header-display":"","site-post-title":"","ast-breadcrumbs-content":"","ast-featured-img":"","footer-sml-layout":"","theme-transparent-header-meta":"","adv-header-id-meta":"","stick-header-meta":"","header-above-stick-meta":"","header-main-stick-meta":"","header-below-stick-meta":"","astra-migrate-meta-layouts":"set","ast-page-background-enabled":"default","ast-page-background-meta":{"desktop":{"background-color":"var(--ast-global-color-4)","background-image":"","background-repeat":"repeat","background-position":"center center","background-size":"auto","background-attachment":"scroll","background-type":"","background-media":"","overlay-type":"","overlay-color":"","overlay-opacity":"","overlay-gradient":""},"tablet":{"background-color":"","background-image":"","background-repeat":"repeat","background-position":"center center","background-size":"auto","background-attachment":"scroll","background-type":"","background-media":"","overlay-type":"","overlay-color":"","overlay-opacity":"","overlay-gradient":""},"mobile":{"background-color":"","background-image":"","background-repeat":"repeat","background-position":"center center","background-size":"auto","background-attachment":"scroll","background-type":"","background-media":"","overlay-type":"","overlay-color":"","overlay-opacity":"","overlay-gradient":""}},"ast-content-background-meta":{"desktop":{"background-color":"var(--ast-global-color-5)","background-image":"","background-repeat":"repeat","background-position":"center center","background-size":"auto","background-attachment":"scroll","background-type":"","background-media":"","overlay-type":"","overlay-color":"","overlay-opacity":"","overlay-gradient":""},"tablet":{"background-color":"var(--ast-global-color-5)","background-image":"","background-repeat":"repeat","background-position":"center center","background-size":"auto","background-attachment":"scroll","background-type":"","background-media":"","overlay-type":"","overlay-color":"","overlay-opacity":"","overlay-gradient":""},"mobile":{"background-color":"var(--ast-global-color-5)","background-image":"","background-repeat":"repeat","background-position":"center center","background-size":"auto","background-attachment":"scroll","background-type":"","background-media":"","overlay-type":"","overlay-color":"","overlay-opacity":"","overlay-gradient":""}},"footnotes":""},"class_list":["post-2324","page","type-page","status-publish","hentry"],"post_mailing_queue_ids":[],"_links":{"self":[{"href":"https:\/\/agora.xtec.cat\/ies-santaeulalia\/wp-json\/wp\/v2\/pages\/2324","targetHints":{"allow":["GET"]}}],"collection":[{"href":"https:\/\/agora.xtec.cat\/ies-santaeulalia\/wp-json\/wp\/v2\/pages"}],"about":[{"href":"https:\/\/agora.xtec.cat\/ies-santaeulalia\/wp-json\/wp\/v2\/types\/page"}],"author":[{"embeddable":true,"href":"https:\/\/agora.xtec.cat\/ies-santaeulalia\/wp-json\/wp\/v2\/users\/1"}],"replies":[{"embeddable":true,"href":"https:\/\/agora.xtec.cat\/ies-santaeulalia\/wp-json\/wp\/v2\/comments?post=2324"}],"version-history":[{"count":6,"href":"https:\/\/agora.xtec.cat\/ies-santaeulalia\/wp-json\/wp\/v2\/pages\/2324\/revisions"}],"predecessor-version":[{"id":10613,"href":"https:\/\/agora.xtec.cat\/ies-santaeulalia\/wp-json\/wp\/v2\/pages\/2324\/revisions\/10613"}],"up":[{"embeddable":true,"href":"https:\/\/agora.xtec.cat\/ies-santaeulalia\/wp-json\/wp\/v2\/pages\/19"}],"wp:attachment":[{"href":"https:\/\/agora.xtec.cat\/ies-santaeulalia\/wp-json\/wp\/v2\/media?parent=2324"}],"curies":[{"name":"wp","href":"https:\/\/api.w.org\/{rel}","templated":true}]}}