{"id":21,"date":"2014-09-17T16:14:14","date_gmt":"2014-09-17T14:14:14","guid":{"rendered":"http:\/\/agora.xtec.cat\/ies-santaeulalia\/?page_id=21"},"modified":"2021-11-03T13:33:25","modified_gmt":"2021-11-03T12:33:25","slug":"on-som","status":"publish","type":"page","link":"https:\/\/agora.xtec.cat\/ies-santaeulalia\/linstitut\/on-som\/","title":{"rendered":"On som i com arribar-hi"},"content":{"rendered":"<p style=\"color: #666666;\"><strong>L&#8217;Institut Santa Eul\u00e0lia t\u00e9 2 seus diferents per\u00f2 properes entre elles.<\/strong><\/p>\n<h4 style=\"color: #666666;\"><span style=\"color: #ff0000;\">EDIFICI ESO-BATX-CICLES INDUSTRIALS<\/span><\/h4>\n<p style=\"color: #666666;\">Avinguda Santa Eul\u00e0lia, 72. telf: 937314080,. 08223 Terrassa<\/p>\n<p><iframe loading=\"lazy\" src=\"https:\/\/www.google.com\/maps\/embed?pb=!1m18!1m12!1m3!1d2985.8536830596663!2d2.0181873155402177!3d41.55076519381362!2m3!1f0!2f0!3f0!3m2!1i1024!2i768!4f13.1!3m3!1m2!1s0x12a492fba86222cb%3A0xfd7cc6e108b2b3f7!2sInstitut+Santa+Eul%C3%A0lia!5e0!3m2!1sca!2ses!4v1492775529855\" width=\"600\" height=\"450\" frameborder=\"0\"><\/iframe><\/p>\n<p><strong>Com arribar-hi:<br \/>\n<\/strong><\/p>\n<ul>\n<li>TREN: FGC estaci\u00f3 RAMBLA i RENFE estaci\u00f3 NORD (combinaci\u00f3 amb bus).<\/li>\n<li>BUS: L\u00ednies L7, L8, L9 i L10.<\/li>\n<li>COTXE: C58 (sortida 19 <span class=\"renderable-component\"><span class=\"renderable-component-text renderable-component-text-not-line renderable-component-bold\">Est<\/span><\/span><span class=\"renderable-component\"><span class=\"renderable-component-text renderable-component-text-not-line\">\/<\/span><\/span><span class=\"renderable-component\"><span class=\"renderable-component-text renderable-component-text-not-line renderable-component-bold\">Pol\u00edgons Sud &#8211; CC Parc Vall\u00e8s)<\/span><\/span> i C16 (sortida 22).<\/li>\n<\/ul>\n<p>&nbsp;<\/p>\n<h3 style=\"color: #666666;\"><span style=\"color: #ff0000;\"><strong>EDIFICI CICLES D&#8217;IMATGE I SO<\/strong><\/span><\/h3>\n<p style=\"color: #666666;\">C\/ Badalona 1 Bis (Campus Professional Vallparad\u00eds). telf: 937836868. 08223 Terrassa<\/p>\n<p><iframe loading=\"lazy\" style=\"border: 0;\" tabindex=\"0\" src=\"https:\/\/www.google.com\/maps\/embed?pb=!1m18!1m12!1m3!1d718.5509614149812!2d2.0187055383490846!3d41.5499253276755!2m3!1f0!2f0!3f0!3m2!1i1024!2i768!4f13.1!3m3!1m2!1s0x12a492fa6bb185a7%3A0xfc2a6e75dddd9b22!2sInstituto%20Santa%20Eulalia%3A%20Ciclos%20Formativos%20Imagen%20y%20Sonido!5e0!3m2!1sca!2ses!4v1603908941169!5m2!1sca!2ses\" width=\"600\" height=\"450\" frameborder=\"0\" allowfullscreen=\"allowfullscreen\" aria-hidden=\"false\"><\/iframe><\/p>\n<p><strong>Com arribar-hi:<br \/>\n<\/strong><\/p>\n<ul>\n<li>TREN: FGC estaci\u00f3 RAMBLA i RENFE estaci\u00f3 NORD (combinaci\u00f3 amb bus).<\/li>\n<li>BUS: L\u00ednies L7, L8, L9 i L10.<\/li>\n<li>COTXE: C58 (sortida 19 <span class=\"renderable-component\"><span class=\"renderable-component-text renderable-component-text-not-line renderable-component-bold\">Est<\/span><\/span><span class=\"renderable-component\"><span class=\"renderable-component-text renderable-component-text-not-line\">\/<\/span><\/span><span class=\"renderable-component\"><span class=\"renderable-component-text renderable-component-text-not-line renderable-component-bold\">Pol\u00edgons Sud &#8211; CC Parc Vall\u00e8s)<\/span><\/span> i C16 (sortida 22).<\/li>\n<\/ul>\n<p><strong>Correus electr\u00f2nics de contacte<\/strong><span style=\"font-family: inherit;\" data-sheets-value=\"{&quot;1&quot;:2,&quot;2&quot;:&quot;direccio@santaeulalia.cat&quot;}\" data-sheets-userformat=\"{&quot;2&quot;:513,&quot;3&quot;:{&quot;1&quot;:0},&quot;12&quot;:0}\"><b>:<\/b><\/span><\/p>\n<ul>\n<li>Informaci\u00f3 secretaria:\u00a0<a href=\"mailto:secretaria@santaeulalia.cat\">secretaria@santaeulalia.cat<\/a><\/li>\n<li>Informaci\u00f3 general: <a href=\"mailto:info@santaeulalia.cat\" target=\"_blank\" rel=\"noopener noreferrer\">info@santaeulalia.cat<\/a><\/li>\n<\/ul>\n","protected":false},"excerpt":{"rendered":"<p>L&#8217;Institut Santa Eul\u00e0lia t\u00e9 2 seus diferents per\u00f2 properes entre elles. EDIFICI ESO-BATX-CICLES INDUSTRIALS Avinguda Santa Eul\u00e0lia, 72. telf: 937314080,. 08223 Terrassa Com arribar-hi: TREN: FGC estaci\u00f3 RAMBLA i RENFE estaci\u00f3 NORD (combinaci\u00f3 amb bus). BUS: L\u00ednies L7, L8, L9 i L10. COTXE: C58 (sortida 19 Est\/Pol\u00edgons Sud &#8211; CC Parc Vall\u00e8s) i C16 (sortida [&hellip;]<\/p>\n","protected":false},"author":1,"featured_media":0,"parent":19,"menu_order":1,"comment_status":"closed","ping_status":"closed","template":"page-templates\/side-menu.php","meta":{"_bbp_topic_count":0,"_bbp_reply_count":0,"_bbp_total_topic_count":0,"_bbp_total_reply_count":0,"_bbp_voice_count":0,"_bbp_anonymous_reply_count":0,"_bbp_topic_count_hidden":0,"_bbp_reply_count_hidden":0,"_bbp_forum_subforum_count":0,"site-sidebar-layout":"default","site-content-layout":"","ast-site-content-layout":"","site-content-style":"default","site-sidebar-style":"default","ast-global-header-display":"","ast-banner-title-visibility":"","ast-main-header-display":"","ast-hfb-above-header-display":"","ast-hfb-below-header-display":"","ast-hfb-mobile-header-display":"","site-post-title":"","ast-breadcrumbs-content":"","ast-featured-img":"","footer-sml-layout":"","theme-transparent-header-meta":"","adv-header-id-meta":"","stick-header-meta":"","header-above-stick-meta":"","header-main-stick-meta":"","header-below-stick-meta":"","astra-migrate-meta-layouts":"default","ast-page-background-enabled":"default","ast-page-background-meta":{"desktop":{"background-color":"var(--ast-global-color-4)","background-image":"","background-repeat":"repeat","background-position":"center center","background-size":"auto","background-attachment":"scroll","background-type":"","background-media":"","overlay-type":"","overlay-color":"","overlay-opacity":"","overlay-gradient":""},"tablet":{"background-color":"","background-image":"","background-repeat":"repeat","background-position":"center center","background-size":"auto","background-attachment":"scroll","background-type":"","background-media":"","overlay-type":"","overlay-color":"","overlay-opacity":"","overlay-gradient":""},"mobile":{"background-color":"","background-image":"","background-repeat":"repeat","background-position":"center center","background-size":"auto","background-attachment":"scroll","background-type":"","background-media":"","overlay-type":"","overlay-color":"","overlay-opacity":"","overlay-gradient":""}},"ast-content-background-meta":{"desktop":{"background-color":"var(--ast-global-color-5)","background-image":"","background-repeat":"repeat","background-position":"center center","background-size":"auto","background-attachment":"scroll","background-type":"","background-media":"","overlay-type":"","overlay-color":"","overlay-opacity":"","overlay-gradient":""},"tablet":{"background-color":"var(--ast-global-color-5)","background-image":"","background-repeat":"repeat","background-position":"center center","background-size":"auto","background-attachment":"scroll","background-type":"","background-media":"","overlay-type":"","overlay-color":"","overlay-opacity":"","overlay-gradient":""},"mobile":{"background-color":"var(--ast-global-color-5)","background-image":"","background-repeat":"repeat","background-position":"center center","background-size":"auto","background-attachment":"scroll","background-type":"","background-media":"","overlay-type":"","overlay-color":"","overlay-opacity":"","overlay-gradient":""}},"footnotes":""},"class_list":["post-21","page","type-page","status-publish","hentry"],"post_mailing_queue_ids":[],"_links":{"self":[{"href":"https:\/\/agora.xtec.cat\/ies-santaeulalia\/wp-json\/wp\/v2\/pages\/21","targetHints":{"allow":["GET"]}}],"collection":[{"href":"https:\/\/agora.xtec.cat\/ies-santaeulalia\/wp-json\/wp\/v2\/pages"}],"about":[{"href":"https:\/\/agora.xtec.cat\/ies-santaeulalia\/wp-json\/wp\/v2\/types\/page"}],"author":[{"embeddable":true,"href":"https:\/\/agora.xtec.cat\/ies-santaeulalia\/wp-json\/wp\/v2\/users\/1"}],"replies":[{"embeddable":true,"href":"https:\/\/agora.xtec.cat\/ies-santaeulalia\/wp-json\/wp\/v2\/comments?post=21"}],"version-history":[{"count":4,"href":"https:\/\/agora.xtec.cat\/ies-santaeulalia\/wp-json\/wp\/v2\/pages\/21\/revisions"}],"predecessor-version":[{"id":5036,"href":"https:\/\/agora.xtec.cat\/ies-santaeulalia\/wp-json\/wp\/v2\/pages\/21\/revisions\/5036"}],"up":[{"embeddable":true,"href":"https:\/\/agora.xtec.cat\/ies-santaeulalia\/wp-json\/wp\/v2\/pages\/19"}],"wp:attachment":[{"href":"https:\/\/agora.xtec.cat\/ies-santaeulalia\/wp-json\/wp\/v2\/media?parent=21"}],"curies":[{"name":"wp","href":"https:\/\/api.w.org\/{rel}","templated":true}]}}