{"id":559,"date":"2017-03-09T12:37:54","date_gmt":"2017-03-09T11:37:54","guid":{"rendered":"http:\/\/agora.xtec.cat\/ies-santa-eulalia\/?page_id=559"},"modified":"2025-09-09T10:52:25","modified_gmt":"2025-09-09T08:52:25","slug":"departament-de-musica","status":"publish","type":"page","link":"https:\/\/agora.xtec.cat\/ies-santa-eulalia\/linstitut\/departaments\/departament-de-musica\/","title":{"rendered":"M\u00fasica"},"content":{"rendered":"<p>En el Departament de d&#8217;Expressi\u00f3 Art\u00edstica (Dibuix i M\u00fasica), aquest curs formem part del departament, els\/les seg\u00fcents docents:<\/p>\n<p><strong>Professorat de m\u00fasica:<\/strong><\/p>\n<ul>\n<li><strong>Enrique S\u00e1nchez<\/strong><\/li>\n<\/ul>\n<p><strong>GUIA DE LES MAT\u00c8RIES<\/strong><\/p>\n<p><a href=\"https:\/\/drive.google.com\/file\/d\/1zOaC69pSPpCMedcNudBe6tzWHc-Lsjo2\/view?usp=drive_link\" target=\"_blank\" rel=\"noopener\">Guia de les mat\u00e8ria 1r ESO<\/a><\/p>\n<p><a href=\"https:\/\/drive.google.com\/file\/d\/1eTyGAmMnJyaozdo-4Cag4iQhtLj_AFVv\/view?usp=drive_link\" target=\"_blank\" rel=\"noopener\">Guia de la mat\u00e8ria 3r ESO<\/a><\/p>\n<p><strong>\u00a0<\/strong><\/p>\n<h2><a href=\"http:\/\/agora.xtec.cat\/ies-santa-eulalia\/categoria\/novetats-musica\/\" target=\"_blank\" rel=\"noopener\">ACTIVITATS<\/a><\/h2>\n<p><strong>\u00a0<\/strong><\/p>\n<p><a href=\"http:\/\/agora.xtec.cat\/ies-santa-eulalia\/categoria\/novetats-musica\/\"><img loading=\"lazy\" decoding=\"async\" class=\"irc_mi\" src=\"http:\/\/www.forumlibertas.com\/wp-content\/uploads\/2016\/11\/musica_y_placer.jpg\" alt=\"Resultat d'imatges de m\u00fasica\" width=\"250\" height=\"135\" \/><\/a><\/p>\n","protected":false},"excerpt":{"rendered":"<p>En el Departament de d&#8217;Expressi\u00f3 Art\u00edstica (Dibuix i M\u00fasica), aquest curs formem part del departament, els\/les seg\u00fcents docents:<br \/>\nProfessorat de m\u00fasica:<\/p>\n<ul>\n<li>Enrique S\u00e1nchez<\/li>\n<\/ul>\n<p>GUIA DE LES MAT\u00c8RIES<br \/>\n<a href=\"https:\/\/drive.google.com\/file\/d\/1zOaC69pSPpCMedcNudBe6tzWHc-Lsjo2\/view?usp=drive_link\" target=\"_blank\" rel=\"noopener\">Guia de les mat\u00e8ria 1r ESO<\/a><br \/>\n<a href=\"https:\/\/drive.google.com\/file\/d\/1eTyGAmMnJyaozdo-4Cag4iQhtLj_AFVv\/view?usp=drive_link\" target=\"_blank\" rel=\"noopener\">Guia de la mat\u00e8ria 3r ESO<\/a><br \/>\n\u00a0<br \/>\n<a href=\"http:\/\/agora.xtec.cat\/ies-santa-eulalia\/categoria\/novetats-musica\/\" target=\"_blank\" rel=\"noopener\">ACTIVITATS<\/a><br \/>\n\u00a0<br \/>\n<a href=\"http:\/\/agora.xtec.cat\/ies-santa-eulalia\/categoria\/novetats-musica\/\"><\/a><\/p>\n","protected":false},"author":1,"featured_media":0,"parent":528,"menu_order":0,"comment_status":"closed","ping_status":"closed","template":"page-templates\/side-menu.php","meta":{"_bbp_topic_count":0,"_bbp_reply_count":0,"_bbp_total_topic_count":0,"_bbp_total_reply_count":0,"_bbp_voice_count":0,"_bbp_anonymous_reply_count":0,"_bbp_topic_count_hidden":0,"_bbp_reply_count_hidden":0,"_bbp_forum_subforum_count":0,"footnotes":""},"class_list":["post-559","page","type-page","status-publish","hentry"],"post_mailing_queue_ids":[],"_links":{"self":[{"href":"https:\/\/agora.xtec.cat\/ies-santa-eulalia\/wp-json\/wp\/v2\/pages\/559","targetHints":{"allow":["GET"]}}],"collection":[{"href":"https:\/\/agora.xtec.cat\/ies-santa-eulalia\/wp-json\/wp\/v2\/pages"}],"about":[{"href":"https:\/\/agora.xtec.cat\/ies-santa-eulalia\/wp-json\/wp\/v2\/types\/page"}],"author":[{"embeddable":true,"href":"https:\/\/agora.xtec.cat\/ies-santa-eulalia\/wp-json\/wp\/v2\/users\/1"}],"replies":[{"embeddable":true,"href":"https:\/\/agora.xtec.cat\/ies-santa-eulalia\/wp-json\/wp\/v2\/comments?post=559"}],"version-history":[{"count":7,"href":"https:\/\/agora.xtec.cat\/ies-santa-eulalia\/wp-json\/wp\/v2\/pages\/559\/revisions"}],"predecessor-version":[{"id":13022,"href":"https:\/\/agora.xtec.cat\/ies-santa-eulalia\/wp-json\/wp\/v2\/pages\/559\/revisions\/13022"}],"up":[{"embeddable":true,"href":"https:\/\/agora.xtec.cat\/ies-santa-eulalia\/wp-json\/wp\/v2\/pages\/528"}],"wp:attachment":[{"href":"https:\/\/agora.xtec.cat\/ies-santa-eulalia\/wp-json\/wp\/v2\/media?parent=559"}],"curies":[{"name":"wp","href":"https:\/\/api.w.org\/{rel}","templated":true}]}}