{"id":545,"date":"2017-03-09T12:22:14","date_gmt":"2017-03-09T11:22:14","guid":{"rendered":"http:\/\/agora.xtec.cat\/ies-santa-eulalia\/?page_id=545"},"modified":"2025-09-17T10:22:10","modified_gmt":"2025-09-17T08:22:10","slug":"departament-de-fisica-i-quimica","status":"publish","type":"page","link":"https:\/\/agora.xtec.cat\/ies-santa-eulalia\/linstitut\/departaments\/departament-de-fisica-i-quimica\/","title":{"rendered":"F\u00edsica i Qu\u00edmica"},"content":{"rendered":"<p>En el Departament de F\u00edsica i Qu\u00edmica, aquest curs formem part del departament, els\/les seg\u00fcents docents:<\/p>\n<ul>\n<li><strong>Alessia Mart\u00ednez\u00a0<\/strong><strong>(Cap de Departament)<\/strong><\/li>\n<li><strong>N\u00faria L\u00f3pez\u00a0<\/strong><\/li>\n<li><strong>Esther Castell\u00f3<\/strong><\/li>\n<li><strong>Marcel Skoumal<\/strong><\/li>\n<\/ul>\n<p><strong>Guies de la mat\u00e8ria per cursos:<\/strong><\/p>\n<p>ESO:<\/p>\n<p><span style=\"color: #000000;\"><a href=\"https:\/\/drive.google.com\/file\/d\/1YBECH358LLF8eNIuTmpv11Rzmy18KsQ7\/view?usp=drive_link\" target=\"_blank\" rel=\"noopener\">Guia de la mat\u00e8ria de F\u00edsica i Qu\u00edmica de 2n d&#8217;ESO\u00a0<\/a>\u00a0\u00a0\u00a0\u00a0\u00a0\u00a0\u00a0\u00a0\u00a0<\/span><br \/>\n<span style=\"color: #000000;\"><a href=\"https:\/\/drive.google.com\/file\/d\/1O7tX7GtNxxODB7d_j0a1F_M4l8PlGYmL\/view?usp=drive_link\" target=\"_blank\" rel=\"noopener\">Guia de la mat\u00e8ria de F\u00edsica i Qu\u00edmica de 3r d&#8217;ESO<\/a>\u00a0\u00a0\u00a0\u00a0\u00a0\u00a0\u00a0\u00a0\u00a0\u00a0\u00a0<\/span><br \/>\n<span style=\"color: #000000;\"><a href=\"https:\/\/drive.google.com\/file\/d\/1--su1AA6NacsZkxxa6B9IGgJtAenhfj0\/view?usp=drive_link\" target=\"_blank\" rel=\"noopener\">Guia de la mat\u00e8ria de F\u00edsica i Qu\u00edmica de 4t d&#8217;ESO<\/a>\u00a0<\/span><\/p>\n<p>Batxillerat:<\/p>\n<p><span style=\"color: #000000;\"><a href=\"https:\/\/drive.google.com\/file\/d\/1HG1rmUShz2SXjv6jPkLbS6fl4yFYfgA7\/view?usp=drive_link\" target=\"_blank\" rel=\"noopener\">Guia de la mat\u00e8ria de F\u00edsica de 1r de Batx\u00a0<\/a>\u00a0\u00a0\u00a0<\/span><br \/>\n<span style=\"color: #000000;\"><a href=\"https:\/\/drive.google.com\/file\/d\/1c_HV0Qv0C7s8IRa7-m-T0_c2GrCHwnsF\/view?usp=drive_link\" target=\"_blank\" rel=\"noopener\">Guia de la mat\u00e8ria de Qu\u00edmica de 1r de Batx<\/a>\u00a0\u00a0\u00a0\u00a0\u00a0<\/span><br \/>\n<span style=\"color: #000000;\"><a href=\"https:\/\/drive.google.com\/file\/d\/1UtEUMLMQFYu_kkZA8wC4S4P5hFEr31ok\/view?usp=drive_link\" target=\"_blank\" rel=\"noopener\">Guia de la mat\u00e8ria de F\u00edsica de 2n de Batx\u00a0<\/a>\u00a0\u00a0\u00a0<\/span><br \/>\n<span style=\"color: #000000;\"><a href=\"https:\/\/drive.google.com\/file\/d\/1jwI_uq05yfDGuqdQTTPFXGU7wz6fH6gh\/view?usp=drive_link\" target=\"_blank\" rel=\"noopener\">Guia de la mat\u00e8ria de Qu\u00edmica de 2n de Batx<\/a><\/span><\/p>\n<p><a href=\"https:\/\/drive.google.com\/file\/d\/1jI9gXPHIkOvwdJiF25OtcZ0IVU55pbD5\/view?usp=drive_link\" target=\"_blank\" rel=\"noopener\">Guia de la mat\u00e8ria de Reptes Cient\u00edfics FQ 1r de Batx<\/a><\/p>\n<p>&nbsp;<\/p>\n<h2><strong>\u00a0 \u00a0 \u00a0 \u00a0 \u00a0 \u00a0 \u00a0 \u00a0 \u00a0\u00a0 <a href=\"http:\/\/agora.xtec.cat\/ies-santa-eulalia\/categoria\/novetats-fisica-i-quimica\/\">ACTIVITATS<\/a><\/strong><\/h2>\n<p><a href=\"http:\/\/agora.xtec.cat\/ies-santa-eulalia\/categoria\/novetats-fisica-i-quimica\/\"><img decoding=\"async\" src=\"https:\/\/encrypted-tbn0.gstatic.com\/images?q=tbn:ANd9GcSQMvnwBP8xVrNth2yDeOtsWnGZsGp2JJJxhM0eOi78nXrZ-NWV\" alt=\"Resultat d'imatges de f\u00edsica i qu\u00edmica\" \/><\/a><\/p>\n","protected":false},"excerpt":{"rendered":"<p>En el Departament de F\u00edsica i Qu\u00edmica, aquest curs formem part del departament, els\/les seg\u00fcents docents:<\/p>\n<ul>\n<li>Alessia Mart\u00ednez\u00a0(Cap de Departament)<\/li>\n<li>N\u00faria L\u00f3pez\u00a0<\/li>\n<li>Esther Castell\u00f3<\/li>\n<li>Marcel Skoumal<\/li>\n<\/ul>\n<p>Guies de la mat\u00e8ria per cursos:<br \/>\nESO:<br \/>\n<a href=\"https:\/\/drive.google.com\/file\/d\/1YBECH358LLF8eNIuTmpv11Rzmy18KsQ7\/view?usp=drive_link\" target=\"_blank\" rel=\"noopener\">Guia de la mat\u00e8ria de F\u00edsica i Qu\u00edmica de 2n d&#8217;ESO\u00a0<\/a>\u00a0\u00a0\u00a0\u00a0\u00a0\u00a0\u00a0\u00a0\u00a0<br \/>\n<a href=\"https:\/\/drive.google.com\/file\/d\/1O7tX7GtNxxODB7d_j0a1F_M4l8PlGYmL\/view?usp=drive_link\" target=\"_blank\" rel=\"noopener\">Guia de la&hellip;  <a href=\"https:\/\/agora.xtec.cat\/ies-santa-eulalia\/linstitut\/departaments\/departament-de-fisica-i-quimica\/\" title=\"Read F\u00edsica i Qu\u00edmica\">Llegeix m\u00e9s\u00bb<\/a><\/p>\n","protected":false},"author":1,"featured_media":0,"parent":528,"menu_order":0,"comment_status":"closed","ping_status":"closed","template":"page-templates\/side-menu.php","meta":{"_bbp_topic_count":0,"_bbp_reply_count":0,"_bbp_total_topic_count":0,"_bbp_total_reply_count":0,"_bbp_voice_count":0,"_bbp_anonymous_reply_count":0,"_bbp_topic_count_hidden":0,"_bbp_reply_count_hidden":0,"_bbp_forum_subforum_count":0,"footnotes":""},"class_list":["post-545","page","type-page","status-publish","hentry"],"post_mailing_queue_ids":[],"_links":{"self":[{"href":"https:\/\/agora.xtec.cat\/ies-santa-eulalia\/wp-json\/wp\/v2\/pages\/545","targetHints":{"allow":["GET"]}}],"collection":[{"href":"https:\/\/agora.xtec.cat\/ies-santa-eulalia\/wp-json\/wp\/v2\/pages"}],"about":[{"href":"https:\/\/agora.xtec.cat\/ies-santa-eulalia\/wp-json\/wp\/v2\/types\/page"}],"author":[{"embeddable":true,"href":"https:\/\/agora.xtec.cat\/ies-santa-eulalia\/wp-json\/wp\/v2\/users\/1"}],"replies":[{"embeddable":true,"href":"https:\/\/agora.xtec.cat\/ies-santa-eulalia\/wp-json\/wp\/v2\/comments?post=545"}],"version-history":[{"count":6,"href":"https:\/\/agora.xtec.cat\/ies-santa-eulalia\/wp-json\/wp\/v2\/pages\/545\/revisions"}],"predecessor-version":[{"id":13059,"href":"https:\/\/agora.xtec.cat\/ies-santa-eulalia\/wp-json\/wp\/v2\/pages\/545\/revisions\/13059"}],"up":[{"embeddable":true,"href":"https:\/\/agora.xtec.cat\/ies-santa-eulalia\/wp-json\/wp\/v2\/pages\/528"}],"wp:attachment":[{"href":"https:\/\/agora.xtec.cat\/ies-santa-eulalia\/wp-json\/wp\/v2\/media?parent=545"}],"curies":[{"name":"wp","href":"https:\/\/api.w.org\/{rel}","templated":true}]}}