{"id":535,"date":"2017-03-09T12:16:50","date_gmt":"2017-03-09T11:16:50","guid":{"rendered":"http:\/\/agora.xtec.cat\/ies-santa-eulalia\/?page_id=535"},"modified":"2025-09-12T11:11:12","modified_gmt":"2025-09-12T09:11:12","slug":"departament-de-llengua-castellana-i-literatura","status":"publish","type":"page","link":"https:\/\/agora.xtec.cat\/ies-santa-eulalia\/linstitut\/departaments\/departament-de-llengua-castellana-i-literatura\/","title":{"rendered":"Llengua castellana i Literatura"},"content":{"rendered":"<p>En el Departament de Llengua i Literatura castellana, aquest curs formem part del departament, els\/les seg\u00fcents docents:<\/p>\n<ul style=\"list-style-type: square;\">\n<li><strong>M\u00f3nica Hurtado \u00a0(Cap de Departament)<\/strong><\/li>\n<li><strong>Montse Bueno<\/strong><\/li>\n<li><b>Sandra Pino<\/b><\/li>\n<li><strong>Xavier Osorio<\/strong><\/li>\n<li><strong>Carlos Pascual<\/strong><\/li>\n<\/ul>\n<p>A continuaci\u00f3 podeu consultar la guia de la mat\u00e8ria pel que fa tant als cursos de l&#8217;ESO com al batxillerat:<\/p>\n<p>&nbsp;<\/p>\n<table style=\"border-collapse: collapse; width: 62.925%; height: 316px;\" border=\"1\">\n<tbody>\n<tr style=\"height: 30px;\">\n<td style=\"width: 210.838%; height: 30px; text-align: center;\" colspan=\"10\"><strong>Guies de la mat\u00e8ria<\/strong><\/td>\n<\/tr>\n<tr style=\"height: 30px;\">\n<td style=\"width: 33.3333%; height: 120px; text-align: center;\" rowspan=\"4\"><strong>ESO<\/strong><\/td>\n<td style=\"width: 21.6682%; height: 30px; text-align: center;\">1r d&#8217;ESO<\/td>\n<td style=\"width: 155.837%; height: 30px;\" colspan=\"8\"><a href=\"https:\/\/drive.google.com\/file\/d\/1x8hzD7uSOUi-i2MRta98d8rYBPq4Pzh-\/view?usp=drive_link\" target=\"_blank\" rel=\"noopener\">Guia de la mat\u00e8ria de Castell\u00e0 de 1r d\u2019ESO<\/a><\/td>\n<\/tr>\n<tr style=\"height: 30px;\">\n<td style=\"width: 21.6682%; height: 30px; text-align: center;\">2n d&#8217;ESO<\/td>\n<td style=\"width: 155.837%; height: 30px;\" colspan=\"8\"><a href=\"https:\/\/drive.google.com\/file\/d\/11J8DelVRG3g3kw7-NhqiZJ2t47qxUPhj\/view?usp=drive_link\" target=\"_blank\" rel=\"noopener\">Guia de la mat\u00e8ria de Castell\u00e0 de 2n d\u2019ESO<\/a><\/td>\n<\/tr>\n<tr style=\"height: 30px;\">\n<td style=\"width: 21.6682%; height: 30px; text-align: center;\">3r d&#8217;ESO<\/td>\n<td style=\"width: 155.837%; height: 30px;\" colspan=\"8\"><a href=\"https:\/\/drive.google.com\/file\/d\/12W_FCOmYnQOByiZUFWLNe9U7cHLw8R7s\/view?usp=drive_link\" target=\"_blank\" rel=\"noopener\">Guia de la mat\u00e8ria de Castell\u00e0 de 3r d\u2019ESO<\/a><\/td>\n<\/tr>\n<tr style=\"height: 30px;\">\n<td style=\"width: 21.6682%; height: 30px; text-align: center;\">4t d&#8217;ESO<\/td>\n<td style=\"width: 155.837%; height: 30px;\" colspan=\"8\"><a href=\"https:\/\/drive.google.com\/file\/d\/1wX_JWl7fLzumYFnGvT17ncPEQor2VEO2\/view?usp=drive_link\" target=\"_blank\" rel=\"noopener\">Guia de la mat\u00e8ria de Castell\u00e0 de 4t d\u2019ESO<\/a><\/td>\n<\/tr>\n<tr style=\"height: 30px;\">\n<td style=\"width: 33.3333%; height: 120px; text-align: center;\" rowspan=\"4\"><b>BATXILLERAT<\/b><br \/>\n<b><br \/>\n<\/b><\/td>\n<td style=\"height: 30px; text-align: center; width: 21.6682%;\" rowspan=\"2\">1r de BATXILLERAT<\/td>\n<td style=\"height: 30px; width: 155.837%;\" colspan=\"8\"><a href=\"https:\/\/drive.google.com\/file\/d\/1W52swA0VUmfsIVPh9O5oj3IFJMWWvDiu\/view?usp=drive_link\" target=\"_blank\" rel=\"noopener\">Guia de la mat\u00e8ria de Castell\u00e0 de 1r Batxillerat<\/a><\/td>\n<\/tr>\n<tr>\n<td colspan=\"8\"><a href=\"https:\/\/drive.google.com\/file\/d\/1wQWF2haScSKwPdcAKZiecQaxeTHMAAWX\/view?usp=drive_link\" target=\"_blank\" rel=\"noopener\">Guia de la mat\u00e8ria de Creaci\u00f3 Liter\u00e0ria<\/a><\/td>\n<\/tr>\n<tr>\n<td style=\"text-align: center; width: 21.6682%;\">1r de BATXILLERAT<\/td>\n<td style=\"width: 155.837%;\" colspan=\"8\"><a href=\"https:\/\/drive.google.com\/file\/d\/1BduXqDlLEQrlAPBOsU4681SVfdR855pg\/view?usp=drive_link\">Guia de la mat\u00e8ria de Literatura Universal<\/a><\/td>\n<\/tr>\n<tr style=\"height: 30px;\">\n<td style=\"text-align: center; width: 21.6682%;\">2n de BATXILLERAT<\/td>\n<td colspan=\"8\"><a href=\"https:\/\/drive.google.com\/file\/d\/1I3GH1xNF0EodftsQPrV-PA-fkqXubT-t\/view?usp=drive_link\" target=\"_blank\" rel=\"noopener\">Guia de la mat\u00e8ria de Castell\u00e0 de 2n de Batxillerat<\/a><\/td>\n<\/tr>\n<\/tbody>\n<\/table>\n<p>&nbsp;<\/p>\n<p>Aquest curs portem a terme dos projectes de molta envergadura i repercussi\u00f3. Si feu click a les imatges, podreu accedir a una breu descripci\u00f3 dels mateixos:<\/p>\n<p><a href=\"https:\/\/agora.xtec.cat\/ies-santa-eulalia\/departaments\/departament-de-llengua-castellana-i-literatura\/first-literary-dates\/\"><img loading=\"lazy\" decoding=\"async\" class=\"alignnone size-full wp-image-4145\" src=\"https:\/\/agora.xtec.cat\/ies-santa-eulalia\/wp-content\/uploads\/usu1612\/2019\/04\/first-literacy-dates.jpg\" alt=\"\" width=\"445\" height=\"441\" srcset=\"https:\/\/agora.xtec.cat\/ies-santa-eulalia\/wp-content\/uploads\/usu1612\/2019\/04\/first-literacy-dates.jpg 445w, https:\/\/agora.xtec.cat\/ies-santa-eulalia\/wp-content\/uploads\/usu1612\/2019\/04\/first-literacy-dates-150x150.jpg 150w, https:\/\/agora.xtec.cat\/ies-santa-eulalia\/wp-content\/uploads\/usu1612\/2019\/04\/first-literacy-dates-300x297.jpg 300w\" sizes=\"auto, (max-width: 445px) 100vw, 445px\" \/><\/a><a href=\"https:\/\/agora.xtec.cat\/ies-santa-eulalia\/departaments\/departament-de-llengua-castellana-i-literatura\/cartas-de-ida-y-vuelta\/\"><img loading=\"lazy\" decoding=\"async\" class=\"alignnone wp-image-4149\" src=\"https:\/\/agora.xtec.cat\/ies-santa-eulalia\/wp-content\/uploads\/usu1612\/2019\/04\/carta.jpg\" alt=\"\" width=\"432\" height=\"432\" srcset=\"https:\/\/agora.xtec.cat\/ies-santa-eulalia\/wp-content\/uploads\/usu1612\/2019\/04\/carta.jpg 330w, https:\/\/agora.xtec.cat\/ies-santa-eulalia\/wp-content\/uploads\/usu1612\/2019\/04\/carta-150x150.jpg 150w, https:\/\/agora.xtec.cat\/ies-santa-eulalia\/wp-content\/uploads\/usu1612\/2019\/04\/carta-300x300.jpg 300w\" sizes=\"auto, (max-width: 432px) 100vw, 432px\" \/><\/a><\/p>\n<p>&nbsp;<\/p>\n<p>Finalment, us convidem a donar un cop d&#8217;ull a les moltes sortides, tallers i activitats que realitzem al llarg de cada curs i que complementen l&#8217;aprenentatge en llengua castellana dels nostres alumnes:<\/p>\n<h2 style=\"text-align: center;\"><a href=\"https:\/\/agora.xtec.cat\/ies-santa-eulalia\/categoria\/activitats-castella\/\">ACTIVITATS<\/a><\/h2>\n<p>&nbsp;<\/p>\n","protected":false},"excerpt":{"rendered":"<p>En el Departament de Llengua i Literatura castellana, aquest curs formem part del departament, els\/les seg\u00fcents docents:<\/p>\n<ul style=\"list-style-type: square;\">\n<li>M\u00f3nica Hurtado \u00a0(Cap de Departament)<\/li>\n<li>Montse Bueno<\/li>\n<li>Sandra Pino<\/li>\n<li>Xavier Osorio<\/li>\n<li>Carlos Pascual<\/li>\n<\/ul>\n<p>A continuaci\u00f3 podeu consultar la guia de la mat\u00e8ria pel que fa tant als cursos de l&#8217;ESO com al&hellip;  <a href=\"https:\/\/agora.xtec.cat\/ies-santa-eulalia\/linstitut\/departaments\/departament-de-llengua-castellana-i-literatura\/\" title=\"Read Llengua castellana i Literatura\">Llegeix m\u00e9s\u00bb<\/a><\/p>\n","protected":false},"author":1,"featured_media":0,"parent":528,"menu_order":0,"comment_status":"closed","ping_status":"closed","template":"page-templates\/side-menu.php","meta":{"_bbp_topic_count":0,"_bbp_reply_count":0,"_bbp_total_topic_count":0,"_bbp_total_reply_count":0,"_bbp_voice_count":0,"_bbp_anonymous_reply_count":0,"_bbp_topic_count_hidden":0,"_bbp_reply_count_hidden":0,"_bbp_forum_subforum_count":0,"footnotes":""},"class_list":["post-535","page","type-page","status-publish","hentry"],"post_mailing_queue_ids":[],"_links":{"self":[{"href":"https:\/\/agora.xtec.cat\/ies-santa-eulalia\/wp-json\/wp\/v2\/pages\/535","targetHints":{"allow":["GET"]}}],"collection":[{"href":"https:\/\/agora.xtec.cat\/ies-santa-eulalia\/wp-json\/wp\/v2\/pages"}],"about":[{"href":"https:\/\/agora.xtec.cat\/ies-santa-eulalia\/wp-json\/wp\/v2\/types\/page"}],"author":[{"embeddable":true,"href":"https:\/\/agora.xtec.cat\/ies-santa-eulalia\/wp-json\/wp\/v2\/users\/1"}],"replies":[{"embeddable":true,"href":"https:\/\/agora.xtec.cat\/ies-santa-eulalia\/wp-json\/wp\/v2\/comments?post=535"}],"version-history":[{"count":6,"href":"https:\/\/agora.xtec.cat\/ies-santa-eulalia\/wp-json\/wp\/v2\/pages\/535\/revisions"}],"predecessor-version":[{"id":13043,"href":"https:\/\/agora.xtec.cat\/ies-santa-eulalia\/wp-json\/wp\/v2\/pages\/535\/revisions\/13043"}],"up":[{"embeddable":true,"href":"https:\/\/agora.xtec.cat\/ies-santa-eulalia\/wp-json\/wp\/v2\/pages\/528"}],"wp:attachment":[{"href":"https:\/\/agora.xtec.cat\/ies-santa-eulalia\/wp-json\/wp\/v2\/media?parent=535"}],"curies":[{"name":"wp","href":"https:\/\/api.w.org\/{rel}","templated":true}]}}