{"id":4966,"date":"2019-10-08T21:30:00","date_gmt":"2019-10-08T19:30:00","guid":{"rendered":"http:\/\/agora.xtec.cat\/ies-santa-eulalia\/?page_id=4966"},"modified":"2021-06-18T10:52:47","modified_gmt":"2021-06-18T08:52:47","slug":"sortides-i-activitats","status":"publish","type":"page","link":"https:\/\/agora.xtec.cat\/ies-santa-eulalia\/com-treballem\/sortides-i-activitats\/","title":{"rendered":"Sortides i activitats"},"content":{"rendered":"<p>A continuaci\u00f3 podeu consultar les diferents sortides i activitats que realitzem a l&#8217;institut.<\/p>\n<table style=\"height: 106px; width: 799px;\" width=\"681\">\n<tbody>\n<tr style=\"height: 106px;\">\n<td style=\"width: 19px; height: 106px; border-style: hidden; text-align: center;\"><\/td>\n<td style=\"width: 347.219px; background-color: #62b854; text-align: center;\">\n<h2><a href=\"https:\/\/agora.xtec.cat\/ies-santa-eulalia\/com-treballem\/sortides-i-activitats\/sortides-per-cursos\/\"><span style=\"color: #ffffff;\"><strong>SORTIDES A REALITZAR DURANT EL CURS<\/strong><\/span><\/a><\/h2>\n<\/td>\n<td style=\"width: 19px; height: 106px; border-style: hidden; text-align: center;\"><\/td>\n<td style=\"width: 380.234px; background-color: #cf7a25; text-align: center;\">\n<h2><a href=\"https:\/\/agora.xtec.cat\/ies-santa-eulalia\/com-treballem\/sortides-i-activitats\/colonies-i-sortides\/\"><span style=\"color: #ffffff;\"><strong>CR\u00c8DITS DE S\u00cdNTESI, COL\u00d2NIES I FINAL DE CURS<\/strong><\/span><\/a><\/h2>\n<\/td>\n<td style=\"width: 19.5469px; border-style: hidden; text-align: center;\"><\/td>\n<\/tr>\n<\/tbody>\n<\/table>\n<p>&nbsp;<\/p>\n","protected":false},"excerpt":{"rendered":"<p>A continuaci\u00f3 podeu consultar les diferents sortides i activitats que realitzem a l&#8217;institut.<\/p>\n<p><a href=\"https:\/\/agora.xtec.cat\/ies-santa-eulalia\/com-treballem\/sortides-i-activitats\/sortides-per-cursos\/\">SORTIDES A REALITZAR DURANT EL CURS<\/a><\/p>\n<p><a href=\"https:\/\/agora.xtec.cat\/ies-santa-eulalia\/com-treballem\/sortides-i-activitats\/colonies-i-sortides\/\">CR\u00c8DITS DE S\u00cdNTESI, COL\u00d2NIES I FINAL DE CURS<\/a><\/p>\n<p>&nbsp;<\/p>\n","protected":false},"author":1,"featured_media":0,"parent":4822,"menu_order":0,"comment_status":"closed","ping_status":"closed","template":"page-templates\/side-menu.php","meta":{"_bbp_topic_count":0,"_bbp_reply_count":0,"_bbp_total_topic_count":0,"_bbp_total_reply_count":0,"_bbp_voice_count":0,"_bbp_anonymous_reply_count":0,"_bbp_topic_count_hidden":0,"_bbp_reply_count_hidden":0,"_bbp_forum_subforum_count":0,"footnotes":""},"class_list":["post-4966","page","type-page","status-publish","hentry"],"post_mailing_queue_ids":[],"_links":{"self":[{"href":"https:\/\/agora.xtec.cat\/ies-santa-eulalia\/wp-json\/wp\/v2\/pages\/4966","targetHints":{"allow":["GET"]}}],"collection":[{"href":"https:\/\/agora.xtec.cat\/ies-santa-eulalia\/wp-json\/wp\/v2\/pages"}],"about":[{"href":"https:\/\/agora.xtec.cat\/ies-santa-eulalia\/wp-json\/wp\/v2\/types\/page"}],"author":[{"embeddable":true,"href":"https:\/\/agora.xtec.cat\/ies-santa-eulalia\/wp-json\/wp\/v2\/users\/1"}],"replies":[{"embeddable":true,"href":"https:\/\/agora.xtec.cat\/ies-santa-eulalia\/wp-json\/wp\/v2\/comments?post=4966"}],"version-history":[{"count":4,"href":"https:\/\/agora.xtec.cat\/ies-santa-eulalia\/wp-json\/wp\/v2\/pages\/4966\/revisions"}],"predecessor-version":[{"id":7803,"href":"https:\/\/agora.xtec.cat\/ies-santa-eulalia\/wp-json\/wp\/v2\/pages\/4966\/revisions\/7803"}],"up":[{"embeddable":true,"href":"https:\/\/agora.xtec.cat\/ies-santa-eulalia\/wp-json\/wp\/v2\/pages\/4822"}],"wp:attachment":[{"href":"https:\/\/agora.xtec.cat\/ies-santa-eulalia\/wp-json\/wp\/v2\/media?parent=4966"}],"curies":[{"name":"wp","href":"https:\/\/api.w.org\/{rel}","templated":true}]}}