{"id":4748,"date":"2019-07-06T08:48:44","date_gmt":"2019-07-06T06:48:44","guid":{"rendered":"http:\/\/agora.xtec.cat\/ies-santa-eulalia\/?page_id=4748"},"modified":"2026-03-13T12:22:19","modified_gmt":"2026-03-13T11:22:19","slug":"portada_estiu","status":"publish","type":"page","link":"https:\/\/agora.xtec.cat\/ies-santa-eulalia\/","title":{"rendered":"Portada_estiu"},"content":{"rendered":"<h1 style=\"text-align: center;\"><span style=\"color: #008000;\">Benvin<\/span><span style=\"color: #008000;\">guts al nostre <\/span><span style=\"color: #ff6600;\">institut<\/span>!<\/h1>\n<h2 style=\"text-align: center;\"><span style=\"color: #b469ff;\">&#8220;El COPEM&#8221;\/ l&#8217;INS Santa Eul\u00e0lia per un futur millor:<\/span><br \/><span style=\"color: #b469ff;\">amb igualtats, cooperatiu i sostenible<\/span><\/h2>\n\n<div class=\"wp-block-image\">\n<figure class=\"aligncenter size-large\"><a href=\"https:\/\/agora.xtec.cat\/ies-santa-eulalia\/wp-content\/uploads\/usu1612\/2026\/03\/2.jpg\"><img loading=\"lazy\" decoding=\"async\" width=\"819\" height=\"1024\" src=\"https:\/\/agora.xtec.cat\/ies-santa-eulalia\/wp-content\/uploads\/usu1612\/2026\/03\/2-819x1024.jpg\" alt=\"\" class=\"wp-image-13586\" srcset=\"https:\/\/agora.xtec.cat\/ies-santa-eulalia\/wp-content\/uploads\/usu1612\/2026\/03\/2-819x1024.jpg 819w, https:\/\/agora.xtec.cat\/ies-santa-eulalia\/wp-content\/uploads\/usu1612\/2026\/03\/2-240x300.jpg 240w, https:\/\/agora.xtec.cat\/ies-santa-eulalia\/wp-content\/uploads\/usu1612\/2026\/03\/2-768x960.jpg 768w, https:\/\/agora.xtec.cat\/ies-santa-eulalia\/wp-content\/uploads\/usu1612\/2026\/03\/2.jpg 1080w\" sizes=\"auto, (max-width: 819px) 100vw, 819px\" \/><\/a><\/figure><\/div>\n\n\n<p class=\"has-text-align-center has-large-font-size\">PREINSCRIPCI\u00d3 2026<\/p>\n\n\n\n<p>Aqu\u00ed podeu anar veient la informaci\u00f3 relativa al proc\u00e9s de preinscripci\u00f3 i matriculaci\u00f3 per 1r ESO<\/p>\n\n\n\n<p class=\"has-text-align-center has-large-font-size\">Del 22 al 30 de juny de 2026: matriculaci\u00f3 ESO<\/p>\n\n\n\n<p> 3 de mar\u00e7 de 2026: oferta inicial de places escolars. Us adjuntem l\u2019<a href=\"https:\/\/drive.google.com\/file\/d\/1EVSXt6a3_llEY0IXICoMLZBTbN1cIQSE\/view?usp=sharing\" data-type=\"link\" data-id=\"https:\/\/drive.google.com\/file\/d\/1EVSXt6a3_llEY0IXICoMLZBTbN1cIQSE\/view?usp=sharing\">oferta inicial de places<\/a>&nbsp;\u2013 amb data 3 de mar\u00e7<\/p>\n\n\n\n<p>Del 6 al 18 de mar\u00e7 de 2026 (a partir de les 9 hores): presentaci\u00f3 de sol\u00b7licituds<\/p>\n\n\n\n<p>Fins al 19 de mar\u00e7 de 2026: presentaci\u00f3 de documentaci\u00f3<\/p>\n\n\n\n<p>15 d\u2019abril de 2026:&nbsp;llista de sol\u00b7licituds amb puntuaci\u00f3 provisional<\/p>\n\n\n\n<p>Del 15 al 20 d\u2019abril de 2026: presentaci\u00f3 de reclamacions<\/p>\n\n\n\n<p>23 d&#8217;abril de 2026:&nbsp;llista de sol\u00b7licituds amb la puntuaci\u00f3 un cop resoltes les reclamacions<\/p>\n\n\n\n<p>28 d&#8217;abril de 2026: sorteig per resoldre les sol\u00b7licituds de preinscripci\u00f3 empatades en punts<\/p>\n\n\n\n<p>29 d&#8217;abril de 2026:&nbsp;publicaci\u00f3 de la llista ordenada<\/p>\n\n\n\n<p>De l&#8217;1 al 3 de juny de 2026: ampliaci\u00f3 de peticions de preinscripci\u00f3 per a alumnes sense pla\u00e7a assignada a cap centre<\/p>\n\n\n\n<p>10 de juny de 2026: oferta final de places escolars<\/p>\n\n\n\n<p>10 de juny de 2026:&nbsp;llista d\u2019alumnes admesos&nbsp;i&nbsp;llista d\u2019espera<\/p>\n\n\n\n<p>Del 10 al 12 de juny de 2026: reclamacions a les llistes d&#8217;alumnes amb pla\u00e7a assignada davant la comissi\u00f3 de garanties d&#8217;admissi\u00f3 (CGA)<\/p>\n\n\n\n\n\n<p><\/p>\n","protected":false},"excerpt":{"rendered":"<p>Benvinguts al nostre institut!<br \/>\n&#8220;El COPEM&#8221;\/ l&#8217;INS Santa Eul\u00e0lia per un futur millor:amb igualtats, cooperatiu i sostenible<\/p>\n<p><a href=\"https:\/\/agora.xtec.cat\/ies-santa-eulalia\/wp-content\/uploads\/usu1612\/2026\/03\/2.jpg\"><\/a><\/p>\n<p>PREINSCRIPCI\u00d3 2026<\/p>\n<p>Aqu\u00ed podeu anar veient la informaci\u00f3 relativa al proc\u00e9s de preinscripci\u00f3 i matriculaci\u00f3 per 1r ESO<\/p>\n<p>Del 22 al 30 de juny de 2026: matriculaci\u00f3 ESO<\/p>\n<p> 3 de mar\u00e7&hellip;  <a href=\"https:\/\/agora.xtec.cat\/ies-santa-eulalia\/\" title=\"Read Portada_estiu\">Llegeix m\u00e9s\u00bb<\/a><\/p>\n","protected":false},"author":1,"featured_media":0,"parent":7,"menu_order":0,"comment_status":"closed","ping_status":"closed","template":"page-templates\/front-page.php","meta":{"_bbp_topic_count":0,"_bbp_reply_count":0,"_bbp_total_topic_count":0,"_bbp_total_reply_count":0,"_bbp_voice_count":0,"_bbp_anonymous_reply_count":0,"_bbp_topic_count_hidden":0,"_bbp_reply_count_hidden":0,"_bbp_forum_subforum_count":0,"footnotes":""},"class_list":["post-4748","page","type-page","status-publish","hentry"],"post_mailing_queue_ids":[],"_links":{"self":[{"href":"https:\/\/agora.xtec.cat\/ies-santa-eulalia\/wp-json\/wp\/v2\/pages\/4748","targetHints":{"allow":["GET"]}}],"collection":[{"href":"https:\/\/agora.xtec.cat\/ies-santa-eulalia\/wp-json\/wp\/v2\/pages"}],"about":[{"href":"https:\/\/agora.xtec.cat\/ies-santa-eulalia\/wp-json\/wp\/v2\/types\/page"}],"author":[{"embeddable":true,"href":"https:\/\/agora.xtec.cat\/ies-santa-eulalia\/wp-json\/wp\/v2\/users\/1"}],"replies":[{"embeddable":true,"href":"https:\/\/agora.xtec.cat\/ies-santa-eulalia\/wp-json\/wp\/v2\/comments?post=4748"}],"version-history":[{"count":6,"href":"https:\/\/agora.xtec.cat\/ies-santa-eulalia\/wp-json\/wp\/v2\/pages\/4748\/revisions"}],"predecessor-version":[{"id":13652,"href":"https:\/\/agora.xtec.cat\/ies-santa-eulalia\/wp-json\/wp\/v2\/pages\/4748\/revisions\/13652"}],"up":[{"embeddable":true,"href":"https:\/\/agora.xtec.cat\/ies-santa-eulalia\/wp-json\/wp\/v2\/pages\/7"}],"wp:attachment":[{"href":"https:\/\/agora.xtec.cat\/ies-santa-eulalia\/wp-json\/wp\/v2\/media?parent=4748"}],"curies":[{"name":"wp","href":"https:\/\/api.w.org\/{rel}","templated":true}]}}